{"id":7815,"date":"2018-07-18T19:40:08","date_gmt":"2018-07-18T21:40:08","guid":{"rendered":"http:\/\/lagh-univ.dz\/economie-formation-licence\/"},"modified":"2020-09-24T06:30:59","modified_gmt":"2020-09-24T08:30:59","slug":"economie-formation-licence","status":"publish","type":"page","link":"http:\/\/lagh-univ.dz\/fr\/economie-formation-licence\/","title":{"rendered":"Offres de formation &#8211; licence &#8211;"},"content":{"rendered":"<pre id=\"tw-target-text\" class=\"tw-data-text tw-text-large XcVN5d tw-ta\" data-placeholder=\"Traduction\"><strong><span lang=\"fr\" style=\"color: #000000;font-family: 'Book Antiqua', Palatino;font-size: 14pt\"><span style=\"color: #000080;font-size: 18pt\">D\u00e9partement des finances et de la comptabilit\u00e9\r\n<\/span>\r\nComptabilit\u00e9 et recouvrement\r\n\r\nFinancement bancaire et d'assurance\r\n\r\nFinance d'entreprise\r\n\r\nComptabilit\u00e9 et audit\r\n\r\ncomptabilit\u00e9 et finance\r\n\r\n \r\n\r\n<span style=\"color: #000080;font-size: 18pt\">D\u00e9partement des sciences commerciales\r\n<\/span>\r\ncommerce international.\r\n\r\ncommercialisation.\r\n\r\n \r\n\r\n<span style=\"color: #000080;font-size: 18pt\">D\u00e9partement des sciences \u00e9conomiques\r\n<\/span>\r\nUne \u00e9conomie mon\u00e9taire et bancaire\r\n\r\n \r\n\r\n<span style=\"color: #000080;font-size: 18pt\">D\u00e9partement des sciences de gestion\r\n<\/span>\r\nAdministration des affaires\r\n\r\nadministration financi\u00e8re\r\n\r\nGestion budg\u00e9taire<\/span><\/strong><\/pre>\n","protected":false},"excerpt":{"rendered":"<p>D\u00e9partement des finances et de la comptabilit\u00e9 Comptabilit\u00e9 et recouvrement Financement bancaire et d&rsquo;assurance Finance d&rsquo;entreprise Comptabilit\u00e9 et audit comptabilit\u00e9 et finance D\u00e9partement des sciences commerciales commerce international. commercialisation. D\u00e9partement des sciences \u00e9conomiques Une \u00e9conomie mon\u00e9taire et bancaire D\u00e9partement des sciences de gestion Administration des affaires administration financi\u00e8re Gestion budg\u00e9taire<\/p>\n","protected":false},"author":8,"featured_media":0,"parent":0,"menu_order":0,"comment_status":"closed","ping_status":"closed","template":"","meta":{"_exactmetrics_skip_tracking":false,"_exactmetrics_sitenote_active":false,"_exactmetrics_sitenote_note":"","_exactmetrics_sitenote_category":0,"footnotes":""},"coauthors":[526],"class_list":["post-7815","page","type-page","status-publish","hentry"],"_links":{"self":[{"href":"http:\/\/lagh-univ.dz\/fr\/wp-json\/wp\/v2\/pages\/7815","targetHints":{"allow":["GET"]}}],"collection":[{"href":"http:\/\/lagh-univ.dz\/fr\/wp-json\/wp\/v2\/pages"}],"about":[{"href":"http:\/\/lagh-univ.dz\/fr\/wp-json\/wp\/v2\/types\/page"}],"author":[{"embeddable":true,"href":"http:\/\/lagh-univ.dz\/fr\/wp-json\/wp\/v2\/users\/8"}],"replies":[{"embeddable":true,"href":"http:\/\/lagh-univ.dz\/fr\/wp-json\/wp\/v2\/comments?post=7815"}],"version-history":[{"count":4,"href":"http:\/\/lagh-univ.dz\/fr\/wp-json\/wp\/v2\/pages\/7815\/revisions"}],"predecessor-version":[{"id":35469,"href":"http:\/\/lagh-univ.dz\/fr\/wp-json\/wp\/v2\/pages\/7815\/revisions\/35469"}],"wp:attachment":[{"href":"http:\/\/lagh-univ.dz\/fr\/wp-json\/wp\/v2\/media?parent=7815"}],"wp:term":[{"taxonomy":"author","embeddable":true,"href":"http:\/\/lagh-univ.dz\/fr\/wp-json\/wp\/v2\/coauthors?post=7815"}],"curies":[{"name":"wp","href":"https:\/\/api.w.org\/{rel}","templated":true}]}}