{"id":7832,"date":"2018-07-18T19:29:03","date_gmt":"2018-07-18T21:29:03","guid":{"rendered":"http:\/\/lagh-univ.dz\/economie-post-graduation-service-de-relation-et-cooperation-externe\/"},"modified":"2020-09-24T07:12:28","modified_gmt":"2020-09-24T09:12:28","slug":"economie-post-graduation-service-de-relation-et-cooperation-externe","status":"publish","type":"page","link":"http:\/\/lagh-univ.dz\/fr\/economie-post-graduation-service-de-relation-et-cooperation-externe\/","title":{"rendered":"service de la coop\u00e9ration et des relations ext\u00e9rieures"},"content":{"rendered":"<p><strong><span style=\"text-decoration: underline\"><span style=\"font-size: 18pt;font-family: 'Book Antiqua', Palatino;color: #ff0000;text-decoration: underline\">service de la coop\u00e9ration et des relations ext\u00e9rieures<\/span><\/span><\/strong><\/p>\n<p>&nbsp;<\/p>\n<p><strong><span style=\"font-size: 14pt;font-family: 'Book Antiqua', Palatino;color: #000000\"> Initier des partenariats avec les secteurs sociaux et \u00e9conomiques<\/span><\/strong><\/p>\n<p>&nbsp;<\/p>\n<p><strong><span style=\"font-size: 14pt;font-family: 'Book Antiqua', Palatino;color: #000000\"> Initier des actions pour stimuler et soutenir la coop\u00e9ration entre les universit\u00e9s nationales et internationales<\/span><\/strong><\/p>\n<p>&nbsp;<\/p>\n<p><strong><span style=\"font-size: 14pt;font-family: 'Book Antiqua', Palatino;color: #000000\"> Mise en place de programmes d&rsquo;am\u00e9lioration de niveau et renouvellement de l&rsquo;information des enseignants.<\/span><\/strong><\/p>\n","protected":false},"excerpt":{"rendered":"<p>service de la coop\u00e9ration et des relations ext\u00e9rieures &nbsp; Initier des partenariats avec les secteurs sociaux et \u00e9conomiques &nbsp; Initier des actions pour stimuler et soutenir la coop\u00e9ration entre les universit\u00e9s nationales et internationales &nbsp; Mise en place de programmes d&rsquo;am\u00e9lioration de niveau et renouvellement de l&rsquo;information des enseignants.<\/p>\n","protected":false},"author":8,"featured_media":0,"parent":0,"menu_order":0,"comment_status":"closed","ping_status":"closed","template":"elementor_header_footer","meta":{"_exactmetrics_skip_tracking":false,"_exactmetrics_sitenote_active":false,"_exactmetrics_sitenote_note":"","_exactmetrics_sitenote_category":0,"footnotes":""},"coauthors":[526],"class_list":["post-7832","page","type-page","status-publish","hentry"],"_links":{"self":[{"href":"http:\/\/lagh-univ.dz\/fr\/wp-json\/wp\/v2\/pages\/7832","targetHints":{"allow":["GET"]}}],"collection":[{"href":"http:\/\/lagh-univ.dz\/fr\/wp-json\/wp\/v2\/pages"}],"about":[{"href":"http:\/\/lagh-univ.dz\/fr\/wp-json\/wp\/v2\/types\/page"}],"author":[{"embeddable":true,"href":"http:\/\/lagh-univ.dz\/fr\/wp-json\/wp\/v2\/users\/8"}],"replies":[{"embeddable":true,"href":"http:\/\/lagh-univ.dz\/fr\/wp-json\/wp\/v2\/comments?post=7832"}],"version-history":[{"count":4,"href":"http:\/\/lagh-univ.dz\/fr\/wp-json\/wp\/v2\/pages\/7832\/revisions"}],"predecessor-version":[{"id":35485,"href":"http:\/\/lagh-univ.dz\/fr\/wp-json\/wp\/v2\/pages\/7832\/revisions\/35485"}],"wp:attachment":[{"href":"http:\/\/lagh-univ.dz\/fr\/wp-json\/wp\/v2\/media?parent=7832"}],"wp:term":[{"taxonomy":"author","embeddable":true,"href":"http:\/\/lagh-univ.dz\/fr\/wp-json\/wp\/v2\/coauthors?post=7832"}],"curies":[{"name":"wp","href":"https:\/\/api.w.org\/{rel}","templated":true}]}}