{"id":7840,"date":"2018-07-18T19:54:41","date_gmt":"2018-07-18T21:54:41","guid":{"rendered":"http:\/\/lagh-univ.dz\/economie-graduation-service-denseignement-et-evaluation\/"},"modified":"2020-09-23T08:03:22","modified_gmt":"2020-09-23T10:03:22","slug":"economie-graduation-service-denseignement-et-evaluation","status":"publish","type":"page","link":"http:\/\/lagh-univ.dz\/fr\/economie-graduation-service-denseignement-et-evaluation\/","title":{"rendered":"D\u00e9partement Statistiques, Information et Orientation"},"content":{"rendered":"<pre id=\"tw-target-text\" class=\"tw-data-text tw-text-large XcVN5d tw-ta\" data-placeholder=\"Traduction\"><strong><span lang=\"fr\" style=\"font-family: 'Book Antiqua', Palatino;font-size: 14pt;color: #000000\"><span style=\"text-decoration: underline\"><span style=\"color: #ff0000;text-decoration: underline;font-size: 18pt\">Facult\u00e9 des sciences \u00e9conomiques, commerciales et de gestion\r\n<\/span>\r\n<span style=\"color: #0000ff;text-decoration: underline\">M:<\/span><\/span><span style=\"color: #0000ff\">\r\n\r\nChef du D\u00e9partement Statistiques, Information et Orientation<\/span>\r\n\r\nLieu: Doyen du Coll\u00e8ge\r\n\r\nLes principales t\u00e2ches du D\u00e9partement de l'\u00e9ducation et de l'\u00e9valuation sont les suivantes:\r\n\r\nSuivi des pr\u00e9paratifs des portes ouvertes pour les nouveaux bacheliers \u00abbrochures, panneaux\u00bb.\r\nSuivi et revue de la base de donn\u00e9es p\u00e9dagogique des coll\u00e9giens.\r\nSuivi et revue des diff\u00e9rentes statistiques scolaires des coll\u00e9giens.\r\nPr\u00e9parer le r\u00e9sultat final des statistiques des \u00e9tudiants universitaires.\r\nCoordination et suivi des d\u00e9partements de formation et d'\u00e9valuation du suivi des facult\u00e9s.\r\nPr\u00e9paration du guide du coll\u00e8ge.<\/span><\/strong><\/pre>\n","protected":false},"excerpt":{"rendered":"<p>Facult\u00e9 des sciences \u00e9conomiques, commerciales et de gestion M: Chef du D\u00e9partement Statistiques, Information et Orientation Lieu: Doyen du Coll\u00e8ge Les principales t\u00e2ches du D\u00e9partement de l&rsquo;\u00e9ducation et de l&rsquo;\u00e9valuation sont les suivantes: Suivi des pr\u00e9paratifs des portes ouvertes pour les nouveaux bacheliers \u00abbrochures, panneaux\u00bb. Suivi et revue de la base de donn\u00e9es p\u00e9dagogique des [&hellip;]<\/p>\n","protected":false},"author":8,"featured_media":0,"parent":0,"menu_order":0,"comment_status":"closed","ping_status":"closed","template":"elementor_header_footer","meta":{"_exactmetrics_skip_tracking":false,"_exactmetrics_sitenote_active":false,"_exactmetrics_sitenote_note":"","_exactmetrics_sitenote_category":0,"footnotes":""},"coauthors":[526],"class_list":["post-7840","page","type-page","status-publish","hentry"],"_links":{"self":[{"href":"http:\/\/lagh-univ.dz\/fr\/wp-json\/wp\/v2\/pages\/7840","targetHints":{"allow":["GET"]}}],"collection":[{"href":"http:\/\/lagh-univ.dz\/fr\/wp-json\/wp\/v2\/pages"}],"about":[{"href":"http:\/\/lagh-univ.dz\/fr\/wp-json\/wp\/v2\/types\/page"}],"author":[{"embeddable":true,"href":"http:\/\/lagh-univ.dz\/fr\/wp-json\/wp\/v2\/users\/8"}],"replies":[{"embeddable":true,"href":"http:\/\/lagh-univ.dz\/fr\/wp-json\/wp\/v2\/comments?post=7840"}],"version-history":[{"count":4,"href":"http:\/\/lagh-univ.dz\/fr\/wp-json\/wp\/v2\/pages\/7840\/revisions"}],"predecessor-version":[{"id":35366,"href":"http:\/\/lagh-univ.dz\/fr\/wp-json\/wp\/v2\/pages\/7840\/revisions\/35366"}],"wp:attachment":[{"href":"http:\/\/lagh-univ.dz\/fr\/wp-json\/wp\/v2\/media?parent=7840"}],"wp:term":[{"taxonomy":"author","embeddable":true,"href":"http:\/\/lagh-univ.dz\/fr\/wp-json\/wp\/v2\/coauthors?post=7840"}],"curies":[{"name":"wp","href":"https:\/\/api.w.org\/{rel}","templated":true}]}}