{"id":7846,"date":"2018-07-18T19:43:11","date_gmt":"2018-07-18T19:43:11","guid":{"rendered":"http:\/\/lagh-univ.dz\/economie-graduation-service-des-statistiques\/"},"modified":"2019-02-27T08:19:37","modified_gmt":"2019-02-27T10:19:37","slug":"economie-graduation-service-des-statistiques","status":"publish","type":"page","link":"http:\/\/lagh-univ.dz\/fr\/economie-formation\/economie-graduation-service-des-statistiques\/","title":{"rendered":"Economie- Graduation-service des statistiques"},"content":{"rendered":"<p dir=\"ltr\" style=\"text-align: justify;\"><span style=\"font-family: Book Antiqua,Palatino; font-size: 14pt; color: #000000;\"><strong>Chef de service scolarit\u00e9 : Ali HEBBICHE<\/strong><\/span><\/p>\n<p dir=\"ltr\" style=\"text-align: justify;\"><span style=\"font-family: Book Antiqua,Palatino; font-size: 14pt; color: #000000;\"><strong>Facult\u00e9 des sciences \u00e9conomiques, commerciales et des sciences de gestion<\/strong><\/span><\/p>\n<p dir=\"ltr\" style=\"text-align: justify;\"><span style=\"font-family: Book Antiqua,Palatino; font-size: 14pt; color: #000000;\"><strong><em>Lieu<\/em><\/strong> <strong>:<\/strong> <em>Bloc<\/em> <em>du<\/em> <em>Doyen<\/em><\/span><\/p>\n<p dir=\"ltr\" style=\"text-align: justify;\"><span style=\"font-family: Book Antiqua,Palatino; font-size: 14pt; color: #000000;\">E-mail:<\/span><\/p>\n<p dir=\"ltr\" style=\"text-align: justify;\"><span style=\"font-family: Book Antiqua,Palatino; font-size: 14pt; color: #000000;\">Tel:<\/span><\/p>\n<p dir=\"ltr\" style=\"text-align: justify;\"><span style=\"font-family: Book Antiqua,Palatino; font-size: 14pt; color: #000000;\"><strong>\u00a0<\/strong><\/span><\/p>\n<p dir=\"ltr\" style=\"text-align: justify;\"><span style=\"font-family: Book Antiqua,Palatino; font-size: 14pt; color: #000000;\">Vous \u00eates charg\u00e9s des taches suivantes :<\/span><\/p>\n<ul dir=\"ltr\" style=\"text-align: justify;\">\n<li><span style=\"font-family: Book Antiqua,Palatino; font-size: 14pt; color: #000000;\">les inscriptions de nouveaux bacheliers.<\/span><\/li>\n<li><span style=\"font-family: Book Antiqua,Palatino; font-size: 14pt; color: #000000;\">Les transferts pour les d\u00e9sireux.<\/span><\/li>\n<li><span style=\"font-family: Book Antiqua,Palatino; font-size: 14pt; color: #000000;\">La r\u00e9vision de la base de donn\u00e9es relative au service national.<\/span><\/li>\n<li><span style=\"font-family: Book Antiqua,Palatino; font-size: 14pt; color: #000000;\">Le suivi de la situation des \u00e9tudiants \u00e9trangers.<\/span><\/li>\n<li><span style=\"font-family: Book Antiqua,Palatino; font-size: 14pt; color: #000000;\">La pr\u00e9paration aux inscriptions de la nouvelle ann\u00e9e universitaire (nouveaux bacheliers).<\/span><\/li>\n<\/ul>\n<p dir=\"ltr\" style=\"text-align: justify;\"><span style=\"font-family: Book Antiqua,Palatino; font-size: 14pt; color: #000000;\"><strong>Service enseignement et \u00e9valuation<\/strong><\/span><\/p>\n<p dir=\"ltr\" style=\"text-align: justify;\"><span style=\"font-family: Book Antiqua,Palatino; font-size: 14pt; color: #000000;\"><strong>Chef de service enseignement et \u00e9valuation: Meftah GHAZAL<\/strong><\/span><\/p>\n<p dir=\"ltr\" style=\"text-align: justify;\"><span style=\"font-family: Book Antiqua,Palatino; font-size: 14pt; color: #000000;\"><strong>Facult\u00e9 des sciences \u00e9conomiques, commerciales et des sciences de gestion<\/strong><\/span><\/p>\n<p dir=\"ltr\" style=\"text-align: justify;\"><span style=\"font-family: Book Antiqua,Palatino; font-size: 14pt; color: #000000;\"><strong>\u00a0<\/strong><\/span><\/p>\n<p dir=\"ltr\" style=\"text-align: justify;\"><span style=\"font-family: Book Antiqua,Palatino; font-size: 14pt; color: #000000;\">Vos taches sont comme suit\u00a0:<\/span><\/p>\n<ul dir=\"ltr\" style=\"text-align: justify;\">\n<li><span style=\"font-family: Book Antiqua,Palatino; font-size: 14pt; color: #000000;\">La r\u00e9vision des rapports et des PV p\u00e9dagogiques transmis par les chefs de d\u00e9partement, le responsable de fili\u00e8re, et le responsable de sp\u00e9cialit\u00e9.<\/span><\/li>\n<li><span style=\"font-family: Book Antiqua,Palatino; font-size: 14pt; color: #000000;\">La r\u00e9vision et le contr\u00f4le de la conformit\u00e9 des programmes (unit\u00e9s, fili\u00e8res, et ses coefficients et ses soldes) avec les offres de formation pour toutes les sp\u00e9cialit\u00e9s et tous les niveaux.<\/span><\/li>\n<li><span style=\"font-family: Book Antiqua,Palatino; font-size: 14pt; color: #000000;\">La r\u00e9vision et le contr\u00f4le des PV de d\u00e9lib\u00e9ration des r\u00e9sultats.<\/span><\/li>\n<li><span style=\"font-family: Book Antiqua,Palatino; font-size: 14pt; color: #000000;\">Le suivi du bon fonctionnement des examens.<\/span><\/li>\n<li><span style=\"font-family: Book Antiqua,Palatino; font-size: 14pt; color: #000000;\">L\u2019orientation des nouveaux bacheliers.<\/span><\/li>\n<\/ul>\n<p dir=\"ltr\" style=\"text-align: justify;\"><span style=\"font-family: Book Antiqua,Palatino; font-size: 14pt; color: #000000;\"><strong>\u00a0<\/strong><\/span><\/p>\n<p dir=\"ltr\" style=\"text-align: justify;\"><span style=\"font-family: Book Antiqua,Palatino; font-size: 14pt; color: #000000;\"><strong>Service des statistiques de l\u2019orientation et de l\u2019information.<\/strong><\/span><\/p>\n<p dir=\"ltr\" style=\"text-align: justify;\"><span style=\"font-family: Book Antiqua,Palatino; font-size: 14pt; color: #000000;\"><strong>\u00a0<\/strong><\/span><\/p>\n<p dir=\"ltr\" style=\"text-align: justify;\"><span style=\"font-family: Book Antiqua,Palatino; font-size: 14pt; color: #000000;\"><strong>Chef de service des statistiques de l\u2019orientation et de l\u2019information.<\/strong><\/span><\/p>\n<p dir=\"ltr\" style=\"text-align: justify;\"><span style=\"font-family: Book Antiqua,Palatino; font-size: 14pt; color: #000000;\"><strong>Facult\u00e9 des sciences \u00e9conomiques, commerciales et des sciences de gestion<\/strong><\/span><\/p>\n<p dir=\"ltr\" style=\"text-align: justify;\"><span style=\"font-family: Book Antiqua,Palatino; font-size: 14pt; color: #000000;\"><strong><em>Lieu<\/em><\/strong> <strong>:<\/strong> <em>Bloc<\/em> <em>du<\/em> <em>Doyen<\/em><\/span><\/p>\n<p dir=\"ltr\" style=\"text-align: justify;\"><span style=\"font-family: Book Antiqua,Palatino; font-size: 14pt; color: #000000;\">E-mail:<\/span><\/p>\n<p dir=\"ltr\" style=\"text-align: justify;\"><span style=\"font-family: Book Antiqua,Palatino; font-size: 14pt; color: #000000;\">Tel:<\/span><\/p>\n<p dir=\"ltr\" style=\"text-align: justify;\"><span style=\"font-family: Book Antiqua,Palatino; font-size: 14pt; color: #000000;\">Vous \u00eates charg\u00e9s des taches suivantes :<\/span><\/p>\n<ul dir=\"ltr\">\n<li style=\"text-align: justify;\"><span style=\"font-family: Book Antiqua,Palatino; font-size: 14pt; color: #000000;\">Suivi des pr\u00e9paratifs des portes ouvertes pour les titulaires du nouveau dipl\u00f4me de baccalaur\u00e9at \u00ab\u00a0brochures, assiettes\u00a0\u00bb.<\/span><\/li>\n<li style=\"text-align: justify;\"><span style=\"font-family: Book Antiqua,Palatino; font-size: 14pt; color: #000000;\">Faites un suivi et passez en revue la base de donn\u00e9es p\u00e9dagogique pour les \u00e9tudiants.<\/span><\/li>\n<li style=\"text-align: justify;\"><span style=\"font-family: Book Antiqua,Palatino; font-size: 14pt; color: #000000;\">Faites un suivi et passez en revue les diff\u00e9rentes statistiques p\u00e9dagogiques sur les \u00e9tudiants.<\/span><\/li>\n<li style=\"text-align: justify;\"><span style=\"font-family: Book Antiqua,Palatino; font-size: 14pt; color: #000000;\">Pr\u00e9paration du r\u00e9sultat final des statistiques des \u00e9tudiants.<\/span><\/li>\n<li style=\"text-align: justify;\"><span style=\"font-family: Book Antiqua,Palatino; font-size: 14pt; color: #000000;\">Coordination et suivi des int\u00e9r\u00eats de la formation continue et de l&rsquo;\u00e9valuation du coll\u00e8ge.<\/span><\/li>\n<li style=\"text-align: justify;\"><span style=\"font-family: Book Antiqua,Palatino; font-size: 14pt; color: #000000;\">Pr\u00e9paration du Guide de la facult\u00e9<\/span>.<\/li>\n<\/ul>\n","protected":false},"excerpt":{"rendered":"<p>Chef de service scolarit\u00e9 : Ali HEBBICHE Facult\u00e9 des sciences \u00e9conomiques, commerciales et des sciences de gestion Lieu : Bloc du Doyen E-mail: Tel: \u00a0 Vous \u00eates charg\u00e9s des taches suivantes : les inscriptions de nouveaux bacheliers. Les transferts pour les d\u00e9sireux. La r\u00e9vision de la base de donn\u00e9es relative au service national. Le suivi [&hellip;]<\/p>\n","protected":false},"author":8,"featured_media":0,"parent":7817,"menu_order":0,"comment_status":"closed","ping_status":"closed","template":"elementor_header_footer","meta":{"_exactmetrics_skip_tracking":false,"_exactmetrics_sitenote_active":false,"_exactmetrics_sitenote_note":"","_exactmetrics_sitenote_category":0,"footnotes":""},"coauthors":[524,213],"class_list":["post-7846","page","type-page","status-publish","hentry"],"_links":{"self":[{"href":"http:\/\/lagh-univ.dz\/fr\/wp-json\/wp\/v2\/pages\/7846","targetHints":{"allow":["GET"]}}],"collection":[{"href":"http:\/\/lagh-univ.dz\/fr\/wp-json\/wp\/v2\/pages"}],"about":[{"href":"http:\/\/lagh-univ.dz\/fr\/wp-json\/wp\/v2\/types\/page"}],"author":[{"embeddable":true,"href":"http:\/\/lagh-univ.dz\/fr\/wp-json\/wp\/v2\/users\/8"}],"replies":[{"embeddable":true,"href":"http:\/\/lagh-univ.dz\/fr\/wp-json\/wp\/v2\/comments?post=7846"}],"version-history":[{"count":5,"href":"http:\/\/lagh-univ.dz\/fr\/wp-json\/wp\/v2\/pages\/7846\/revisions"}],"predecessor-version":[{"id":14220,"href":"http:\/\/lagh-univ.dz\/fr\/wp-json\/wp\/v2\/pages\/7846\/revisions\/14220"}],"up":[{"embeddable":true,"href":"http:\/\/lagh-univ.dz\/fr\/wp-json\/wp\/v2\/pages\/7817"}],"wp:attachment":[{"href":"http:\/\/lagh-univ.dz\/fr\/wp-json\/wp\/v2\/media?parent=7846"}],"wp:term":[{"taxonomy":"author","embeddable":true,"href":"http:\/\/lagh-univ.dz\/fr\/wp-json\/wp\/v2\/coauthors?post=7846"}],"curies":[{"name":"wp","href":"https:\/\/api.w.org\/{rel}","templated":true}]}}