{"id":7850,"date":"2018-07-18T19:25:34","date_gmt":"2018-07-18T19:25:34","guid":{"rendered":"http:\/\/lagh-univ.dz\/economie-graduation-mot-de-vice-doyen\/"},"modified":"2020-02-09T14:31:21","modified_gmt":"2020-02-09T16:31:21","slug":"economie-graduation-mot-de-vice-doyen","status":"publish","type":"page","link":"http:\/\/lagh-univ.dz\/fr\/economie-graduation-mot-de-vice-doyen\/","title":{"rendered":"Economie- Graduation-mot de vice doyen"},"content":{"rendered":"<p dir=\"ltr\" style=\"text-align: justify\"><span style=\"font-family: Book Antiqua,Palatino;font-size: 14pt;color: #000000\">Vice Doyen Charg\u00e9 des \u00e9tudes et des Questions Li\u00e9es aux \u00e9tudiants<\/span><\/p>\n<p dir=\"ltr\" style=\"text-align: justify\"><span style=\"font-family: 'Book Antiqua', Palatino;font-size: 14pt;color: #000080\"><em>Vice<\/em> <em>Doyen<\/em> : <em>Dr. ABDELHADI MESSAOUDI<\/em> <\/span><\/p>\n<p dir=\"ltr\" style=\"text-align: justify\"><span style=\"font-family: Book Antiqua,Palatino;font-size: 14pt;color: #000000\"><em>Lieu<\/em> : <em>Bloc<\/em> <em>du<\/em> <em>Doyen<\/em><\/span><\/p>\n<p dir=\"ltr\" style=\"text-align: justify\"><span style=\"font-family: Book Antiqua,Palatino;font-size: 14pt;color: #000000\"><em>E<\/em>&#8211;<em>mail<\/em>: <a style=\"color: #000000\" href=\"mailto:a.messaoudi@Lagh-univ.dz\"><em>a.messaoudi@Lagh-univ.dz<\/em><\/a><\/span><\/p>\n<p dir=\"ltr\" style=\"text-align: justify\"><span style=\"font-family: Book Antiqua,Palatino;font-size: 14pt;color: #000000\"><em>Tel: <\/em><\/span><\/p>\n<p dir=\"ltr\" style=\"text-align: justify\"><span style=\"font-family: Book Antiqua,Palatino;font-size: 14pt;color: #000000\">Vous ai le plaisir de vous pr\u00e9senter un bref aper\u00e7u sur les structures et les fonctions p\u00e9dagogiques appartenant au vice doyen charg\u00e9 des questions li\u00e9es aux \u00e9tudiants qui rev\u00eatent une grande importance en m\u00eame temps pour l\u2019enseignant et l\u2019\u00e9tudiant par ce qu\u2019elles ont un rapport direct avec l\u2019enseignement, l\u2019\u00e9valuation et les dipl\u00f4mes.<\/span><\/p>\n<p dir=\"ltr\" style=\"text-align: justify\"><span style=\"font-family: Book Antiqua,Palatino;font-size: 14pt;color: #000000\">L\u2019installation du vice doyen est du \u00e0 la transformation de l\u2019institut \u00e0 une facult\u00e9 conform\u00e9ment au d\u00e9cret ex\u00e9cutif n\u00b010-198 paru en 2010, modifiant et compl\u00e9tant le d\u00e9cret ex\u00e9cutif n\u00b001-270 du 18\/09\/2001.<\/span><\/p>\n<p dir=\"ltr\" style=\"text-align: justify\"><span style=\"font-family: Book Antiqua,Palatino;font-size: 14pt;color: #000000\"> Le vice doyen charg\u00e9 des \u00e9tudes et des questions li\u00e9es aux \u00e9tudiants a pour fonctions\u00a0:<\/span><\/p>\n<ul style=\"text-align: justify\">\n<li><span style=\"font-family: Book Antiqua,Palatino;font-size: 14pt;color: #000000\">D\u2019assurer les inscriptions et le suivi des \u00e9tudiants en graduation.<\/span><\/li>\n<li><span style=\"font-family: Book Antiqua,Palatino;font-size: 14pt;color: #000000\">Le suivi de d\u00e9roulement des activit\u00e9s d\u2019enseignement et de prendre ou de proposer au doyen toute mesure en vue de leur am\u00e9lioration.<\/span><\/li>\n<li><span style=\"font-family: Book Antiqua,Palatino;font-size: 14pt;color: #000000\">De tenir le fichier nominatif et statistique des \u00e9tudiants.<\/span><\/li>\n<li><span style=\"font-family: Book Antiqua,Palatino;font-size: 14pt;color: #000000\">De recueillir, traiter et diffuser l\u2019information p\u00e9dagogique au profit des \u00e9tudiants.<\/span><\/li>\n<\/ul>\n<p dir=\"ltr\" style=\"text-align: justify\"><span style=\"font-family: Book Antiqua,Palatino;font-size: 14pt;color: #000000\">Le vice doyen charg\u00e9 des \u00e9tudes et des questions li\u00e9es aux \u00e9tudiants est assist\u00e9 par\u00a0:<\/span><\/p>\n<ul style=\"text-align: justify\">\n<li><span style=\"font-family: Book Antiqua,Palatino;font-size: 14pt;color: #000000\">Le service de la scolarit\u00e9,<\/span><\/li>\n<li><span style=\"font-family: Book Antiqua,Palatino;font-size: 14pt;color: #000000\">Le service des enseignements et de l\u2019\u00e9valuation,<\/span><\/li>\n<li><span style=\"font-family: Book Antiqua,Palatino;font-size: 14pt;color: #000000\">Le service des statistiques de l\u2019orientation et de l\u2019information.<\/span><\/li>\n<\/ul>\n<p dir=\"ltr\" style=\"text-align: justify\"><span style=\"font-family: Book Antiqua,Palatino;font-size: 14pt;color: #000000\">Le vice doyen et l\u2019ensemble du personnel plac\u00e9 sous son autorit\u00e9 visent \u00e0 am\u00e9liorer les conditions d\u2019enseignement et \u00e0 promouvoir l\u2019enseignement de la facult\u00e9, en devenant une cellule de liaison dont son objectif est de surmonter les difficult\u00e9s, et de r\u00e9pondre aux attentes p\u00e9dagogiques et de participer efficacement \u00e0 la promotion de notre facult\u00e9 et par cons\u00e9quent mettre aux normes internationales le syst\u00e8me d\u2019enseignement Alg\u00e9rien.<\/span><\/p>\n<p dir=\"ltr\" style=\"text-align: justify\"><span style=\"font-family: Book Antiqua,Palatino;font-size: 14pt;color: #000000\">\u00a0\u00a0\u00a0\u00a0<\/span><\/p>\n<p dir=\"ltr\" style=\"text-align: justify\"><span style=\"font-family: 'Book Antiqua', Palatino;font-size: 14pt;color: #000080\"><em> Docteur ABDELHADI MESSAOUDI<\/em><\/span><\/p>\n<p dir=\"ltr\" style=\"text-align: justify\"><span style=\"font-family: Book Antiqua,Palatino;font-size: 14pt;color: #000000\">vice doyen charg\u00e9 des \u00e9tudes et des questions li\u00e9es aux \u00e9tudiants<\/span><\/p>\n<p dir=\"ltr\" style=\"text-align: justify\"><span style=\"font-family: Book Antiqua,Palatino;font-size: 14pt;color: #000000\"><em>Facult\u00e9 des sciences \u00e9conomiques, commerciales et des sciences de gestion <\/em><\/span><\/p>\n<p dir=\"ltr\" style=\"text-align: justify\"><span style=\"font-family: Book Antiqua,Palatino;font-size: 14pt;color: #000000\"><em>Email\u00a0: <\/em><a style=\"color: #000000\" href=\"mailto:a.messaoudi@Lagh-univ.dz\"><em>a.messaoudi@Lagh-univ.dz<\/em><\/a><\/span><\/p>\n","protected":false},"excerpt":{"rendered":"<p>Vice Doyen Charg\u00e9 des \u00e9tudes et des Questions Li\u00e9es aux \u00e9tudiants Vice Doyen : Dr. ABDELHADI MESSAOUDI Lieu : Bloc du Doyen E&#8211;mail: a.messaoudi@Lagh-univ.dz Tel: Vous ai le plaisir de vous pr\u00e9senter un bref aper\u00e7u sur les structures et les fonctions p\u00e9dagogiques appartenant au vice doyen charg\u00e9 des questions li\u00e9es aux \u00e9tudiants qui rev\u00eatent une [&hellip;]<\/p>\n","protected":false},"author":24,"featured_media":0,"parent":0,"menu_order":0,"comment_status":"closed","ping_status":"closed","template":"elementor_header_footer","meta":{"_exactmetrics_skip_tracking":false,"_exactmetrics_sitenote_active":false,"_exactmetrics_sitenote_note":"","_exactmetrics_sitenote_category":0,"footnotes":""},"coauthors":[213],"class_list":["post-7850","page","type-page","status-publish","hentry"],"_links":{"self":[{"href":"http:\/\/lagh-univ.dz\/fr\/wp-json\/wp\/v2\/pages\/7850","targetHints":{"allow":["GET"]}}],"collection":[{"href":"http:\/\/lagh-univ.dz\/fr\/wp-json\/wp\/v2\/pages"}],"about":[{"href":"http:\/\/lagh-univ.dz\/fr\/wp-json\/wp\/v2\/types\/page"}],"author":[{"embeddable":true,"href":"http:\/\/lagh-univ.dz\/fr\/wp-json\/wp\/v2\/users\/24"}],"replies":[{"embeddable":true,"href":"http:\/\/lagh-univ.dz\/fr\/wp-json\/wp\/v2\/comments?post=7850"}],"version-history":[{"count":8,"href":"http:\/\/lagh-univ.dz\/fr\/wp-json\/wp\/v2\/pages\/7850\/revisions"}],"predecessor-version":[{"id":24506,"href":"http:\/\/lagh-univ.dz\/fr\/wp-json\/wp\/v2\/pages\/7850\/revisions\/24506"}],"wp:attachment":[{"href":"http:\/\/lagh-univ.dz\/fr\/wp-json\/wp\/v2\/media?parent=7850"}],"wp:term":[{"taxonomy":"author","embeddable":true,"href":"http:\/\/lagh-univ.dz\/fr\/wp-json\/wp\/v2\/coauthors?post=7850"}],"curies":[{"name":"wp","href":"https:\/\/api.w.org\/{rel}","templated":true}]}}