{"id":7864,"date":"2018-07-18T19:03:02","date_gmt":"2018-07-18T21:03:02","guid":{"rendered":"http:\/\/lagh-univ.dz\/economie-faculte-conseil-scientifque\/"},"modified":"2020-09-28T08:51:52","modified_gmt":"2020-09-28T10:51:52","slug":"economie-faculte-conseil-scientifque","status":"publish","type":"page","link":"http:\/\/lagh-univ.dz\/fr\/economie-faculte-conseil-scientifque\/","title":{"rendered":"Conseil Scientifiquede de la Facult\u00e9 des Sciences Economiques, Commerciales et des Sciences de Gestion"},"content":{"rendered":"<p><span style=\"text-decoration: underline\"><strong><span style=\"color: #ff0000;font-size: 18pt;font-family: 'Book Antiqua', Palatino;text-decoration: underline\">Conseil Scientifiquede de la Facult\u00e9 des Sciences Economiques, Commerciales et des Sciences de Gestion<\/span><\/strong><\/span><\/p>\n<p>&nbsp;<\/p>\n<p><strong><span style=\"font-size: 14pt;font-family: 'Book Antiqua', Palatino;color: #000000\"><span style=\"color: #0000ff\">Bourennan Ibrahim<\/span>\u00a0 \u00a0 \u00a0 \u00a0 \u00a0 \u00a0 \u00a0 \u00a0 \u00a0 \u00a0 \u00a0 \u00a0 \u00a0 \u00a0 \u00a0 \u00a0 \u00a0 \u00a0 \u00a0 \u00a0 \u00a0 \u00a0 \u00a0 \u00a0 \u00a0 \u00a0 \u00a0 \u00a0 \u00a0 \u00a0 \u00a0 \u00a0 \u00a0 \u00a0 \u00a0 \u00a0 \u00a0 \u00a0 \u00a0Pr\u00e9sident du Conseil Scientifique<\/span><\/strong><\/p>\n<p><strong><span style=\"font-size: 14pt;font-family: 'Book Antiqua', Palatino;color: #000000\"><span style=\"color: #0000ff\">Djaamat Tahar<\/span>\u00a0 \u00a0 \u00a0\u00a0Doyen de la Facult\u00e9 des Sciences Economiques, Commerciales et des Sciences de Gestion.\u00a0\u00a0 \u00a0\u00a0<\/span><\/strong><\/p>\n<p><strong><span style=\"font-size: 14pt;font-family: 'Book Antiqua', Palatino;color: #000000\"><span style=\"color: #0000ff\">Ben Oun Tayeb<\/span>\u00a0 \u00a0 \u00a0 \u00a0 \u00a0 \u00a0 \u00a0 \u00a0 \u00a0 \u00a0 \u00a0 \u00a0 \u00a0 Vice Doyen charg\u00e9 de Post-Graduation, Recherche Scientifique et Relations Ext\u00e9rieures (P.G.R.S.R.E)\u00a0 \u00a0 \u00a0<\/span><\/strong><\/p>\n<p><strong><span style=\"font-size: 14pt;font-family: 'Book Antiqua', Palatino;color: #000000\"><span style=\"color: #0000ff\">Abdelhadi messoudi<\/span>\u00a0 \u00a0 \u00a0 \u00a0 \u00a0 \u00a0 \u00a0 \u00a0 \u00a0 \u00a0 \u00a0 \u00a0 \u00a0 \u00a0 \u00a0 \u00a0 \u00a0Vice Doyen charg\u00e9 des Etudes et des Questions li\u00e9es aux Etudiants<\/span><\/strong><\/p>\n<p><strong><span style=\"font-size: 14pt;font-family: 'Book Antiqua', Palatino;color: #000000\"><span style=\"color: #0000ff\">Baadach Tahar<\/span>\u00a0 \u00a0 \u00a0 \u00a0 \u00a0 \u00a0 \u00a0 \u00a0 \u00a0 \u00a0 \u00a0 \u00a0 \u00a0 \u00a0 \u00a0 \u00a0 \u00a0 \u00a0 \u00a0 \u00a0 \u00a0 \u00a0 \u00a0 \u00a0 \u00a0 \u00a0 \u00a0 \u00a0 \u00a0 \u00a0 \u00a0 \u00a0Chef de D\u00e9partement des Sciences de Gestion<\/span><\/strong><\/p>\n<p><strong><span style=\"font-size: 14pt;font-family: 'Book Antiqua', Palatino;color: #000000\"><span style=\"color: #0000ff\">Abirat lakhdar<\/span>\u00a0 \u00a0 \u00a0 \u00a0 \u00a0 \u00a0 \u00a0 \u00a0 \u00a0 \u00a0 \u00a0 \u00a0 \u00a0 \u00a0 \u00a0 \u00a0 \u00a0 \u00a0 \u00a0 \u00a0 \u00a0 \u00a0 \u00a0 \u00a0 \u00a0 \u00a0 \u00a0 \u00a0 \u00a0 \u00a0 \u00a0 \u00a0 \u00a0 \u00a0 \u00a0 \u00a0 \u00a0 \u00a0 \u00a0 Chef de D\u00e9partement Tronc Commun<\/span><\/strong><\/p>\n<p><strong><span style=\"font-size: 14pt;font-family: 'Book Antiqua', Palatino;color: #000000\"><span style=\"color: #0000ff\">Moukhtari abdeljebar\u00a0<\/span> \u00a0 \u00a0 \u00a0 \u00a0 \u00a0 \u00a0 \u00a0 \u00a0 \u00a0 \u00a0 \u00a0 \u00a0 \u00a0 \u00a0 \u00a0 \u00a0 \u00a0 \u00a0 \u00a0 \u00a0 \u00a0 Chef de D\u00e9partement des Sciences Commerciales<\/span><\/strong><\/p>\n<p><strong><span style=\"font-size: 14pt;font-family: 'Book Antiqua', Palatino;color: #000000\"><span style=\"color: #0000ff\">Ben terbeh Ben terbeh<\/span>\u00a0 \u00a0 \u00a0 \u00a0 \u00a0 \u00a0 \u00a0 \u00a0 \u00a0 \u00a0 \u00a0 \u00a0 \u00a0 \u00a0 \u00a0 \u00a0 \u00a0 \u00a0 \u00a0 \u00a0 \u00a0 \u00a0 \u00a0Chef de D\u00e9partement des Sciences Economiques<\/span><\/strong><\/p>\n<p><strong><span style=\"font-size: 14pt;font-family: 'Book Antiqua', Palatino;color: #000000\"><span style=\"color: #0000ff\">Makhloufi Tahar<\/span>\u00a0 \u00a0 \u00a0 \u00a0 \u00a0 \u00a0 \u00a0 \u00a0 \u00a0 \u00a0 \u00a0 \u00a0 \u00a0 \u00a0 \u00a0 \u00a0 \u00a0 \u00a0 \u00a0 \u00a0 \u00a0 \u00a0 \u00a0 \u00a0 \u00a0 \u00a0 \u00a0Chef de D\u00e9partement des Sciences Financi\u00e8res Et Comptabilit\u00e9<\/span><\/strong><\/p>\n<p><strong><span style=\"font-size: 14pt;font-family: 'Book Antiqua', Palatino;color: #000000\"><span style=\"color: #0000ff\">Hamdi abou kacem<\/span>\u00a0 \u00a0 \u00a0 \u00a0 \u00a0 \u00a0 \u00a0 \u00a0 \u00a0 Pr\u00e9sident du Comit\u00e9 Scientifique du D\u00e9partement des Sciences de Gestion<\/span><\/strong><\/p>\n<p><strong><span style=\"font-size: 14pt;font-family: 'Book Antiqua', Palatino;color: #000000\"><span style=\"color: #0000ff\">Miloud zed elkher<\/span>\u00a0 \u00a0 \u00a0 \u00a0 \u00a0 \u00a0 \u00a0 \u00a0 \u00a0 \u00a0 \u00a0 \u00a0 \u00a0Pr\u00e9sident du Comit\u00e9 Scientifique du D\u00e9partement des Sciences Commerciales<\/span><\/strong><\/p>\n<p><strong><span style=\"font-size: 14pt;font-family: 'Book Antiqua', Palatino;color: #000000\"><span style=\"color: #0000ff\">Taibi hamza<\/span>\u00a0 \u00a0 \u00a0 \u00a0 \u00a0 \u00a0 \u00a0 \u00a0 \u00a0 \u00a0 \u00a0 \u00a0 \u00a0 \u00a0 \u00a0 \u00a0 \u00a0 \u00a0 Pr\u00e9sident du Comit\u00e9 Scientifique du D\u00e9partement des Sciences Economiques<\/span><\/strong><\/p>\n<p><strong><span style=\"font-size: 14pt;font-family: 'Book Antiqua', Palatino;color: #000000\"><span style=\"color: #0000ff\">Ramdani Laala<\/span>\u00a0 \u00a0 \u00a0 Pr\u00e9sident du Comit\u00e9 Scientifique du D\u00e9partement des Sciences Financi\u00e8res et Comptabilit\u00e9<\/span><\/strong><\/p>\n<p><strong><span style=\"font-size: 14pt;font-family: 'Book Antiqua', Palatino;color: #000000\"><span style=\"color: #0000ff\">Soufrani Aicha<\/span>\u00a0 \u00a0 \u00a0 \u00a0 \u00a0 \u00a0 \u00a0 \u00a0 \u00a0 Repr\u00e9sentante des Ma\u00eetres Conf\u00e9renciers du D\u00e9partement des Sciences de Gestion<\/span><\/strong><\/p>\n<p><strong><span style=\"font-size: 14pt;font-family: 'Book Antiqua', Palatino;color: #000000\"><span style=\"color: #0000ff\">Chetatha Aicha<\/span>\u00a0 \u00a0 \u00a0 \u00a0 \u00a0 \u00a0 \u00a0 \u00a0 \u00a0 Repr\u00e9sentante des Ma\u00eetres Conf\u00e9renciers du D\u00e9partement des Sciences de Gestion\u00a0\u00a0<\/span><\/strong><\/p>\n<p><strong><span style=\"font-size: 14pt;font-family: 'Book Antiqua', Palatino;color: #000000\">\u00a0 \u00a0 \u00a0<\/span><\/strong><\/p>\n<p><strong><span style=\"font-size: 14pt;font-family: 'Book Antiqua', Palatino;color: #000000\"><span style=\"color: #0000ff\">Moukhtari Abdeljabar\u00a0<\/span> \u00a0 \u00a0 \u00a0Repr\u00e9sentant des Ma\u00eetres Conf\u00e9renciers du D\u00e9partement des Sciences Commerciales<\/span><\/strong><\/p>\n<p><strong><span style=\"font-size: 14pt;font-family: 'Book Antiqua', Palatino;color: #000000\"><span style=\"color: #0000ff\">Farhi mouhamed<\/span>\u00a0 \u00a0 \u00a0 \u00a0 \u00a0 \u00a0 \u00a0 \u00a0 \u00a0Repr\u00e9sentant des Ma\u00eetres Conf\u00e9renciers du D\u00e9partement des Sciences Commerciales<\/span><\/strong><\/p>\n<p><strong><span style=\"font-size: 14pt;font-family: 'Book Antiqua', Palatino;color: #000000\"><span style=\"color: #0000ff\">Aid rezkallah\u00a0<\/span> \u00a0 \u00a0 \u00a0 \u00a0 \u00a0 \u00a0 \u00a0 \u00a0 \u00a0 \u00a0 \u00a0 \u00a0 \u00a0 \u00a0 Repr\u00e9sentant des Ma\u00eetres Assistants du D\u00e9partement des Sciences Economiques<\/span><\/strong><\/p>\n<p><strong><span style=\"font-size: 14pt;font-family: 'Book Antiqua', Palatino;color: #000000\"><span style=\"color: #0000ff\">Baadach Tahar<\/span>\u00a0 \u00a0 \u00a0 \u00a0 \u00a0 \u00a0 \u00a0 \u00a0 \u00a0 \u00a0 \u00a0 \u00a0 \u00a0 \u00a0 Repr\u00e9sentant des Ma\u00eetres Assistants du D\u00e9partement des Sciences Economiques<\/span><\/strong><\/p>\n<p><strong><span style=\"font-size: 14pt;font-family: 'Book Antiqua', Palatino;color: #000000\"><span style=\"color: #0000ff\">Ben thabeut allal<\/span>\u00a0 \u00a0 \u00a0 \u00a0 \u00a0 \u00a0 \u00a0 \u00a0 \u00a0Repr\u00e9sentant des Ma\u00eetres Conf\u00e9renciers du D\u00e9partement des Sciences Financi\u00e8res et Comptabilit\u00e9<\/span><\/strong><\/p>\n<p><strong><span style=\"font-size: 14pt;font-family: 'Book Antiqua', Palatino;color: #000000\"><span style=\"color: #0000ff\">kirch Abdelkader<\/span>\u00a0 \u00a0 \u00a0 \u00a0 \u00a0 \u00a0 \u00a0 \u00a0 Repr\u00e9sentant des Ma\u00eetres Conf\u00e9renciers du D\u00e9partement des Sciences Commerciales<\/span><\/strong><\/p>\n<p><strong><span style=\"font-size: 14pt;font-family: 'Book Antiqua', Palatino;color: #000000\"><span style=\"color: #0000ff\">Kouidri mohamed<\/span>\u00a0 \u00a0 \u00a0 \u00a0 \u00a0 \u00a0 \u00a0 \u00a0 \u00a0 \u00a0 \u00a0 \u00a0 \u00a0 \u00a0 \u00a0 \u00a0 \u00a0 \u00a0 \u00a0 \u00a0 \u00a0 \u00a0Directeur du Laboratoire des Sciences Economiques et Gestion<\/span><\/strong><\/p>\n<p><strong><span style=\"font-size: 14pt;font-family: 'Book Antiqua', Palatino;color: #000000\"><span style=\"color: #0000ff\">Maamar krobba<\/span>\u00a0 \u00a0 \u00a0 \u00a0 \u00a0 \u00a0 \u00a0 \u00a0 \u00a0 \u00a0 \u00a0 \u00a0 \u00a0 \u00a0 \u00a0 \u00a0 \u00a0 \u00a0 \u00a0 \u00a0 \u00a0 \u00a0 \u00a0 \u00a0 \u00a0 \u00a0Directeur du Laboratoire Etudes de D\u00e9veloppement Economique<\/span><\/strong><\/p>\n<p>&nbsp;<\/p>\n<p><span style=\"text-decoration: underline\"><span style=\"font-size: 18pt\"><strong><span style=\"font-family: 'Book Antiqua', Palatino;color: #000080;text-decoration: underline\">Pr\u00e9rogatives du Conseil Scientifique\u00a0:<\/span><\/strong><\/span><\/span><\/p>\n<p><strong><span style=\"font-size: 14pt;font-family: 'Book Antiqua', Palatino;color: #000000\">Le Conseil Scientifique, outre le doyen de la facult\u00e9, est compos\u00e9 des membres suivants\u00a0: <\/span><\/strong><br \/>\n<strong><span style=\"font-size: 14pt;font-family: 'Book Antiqua', Palatino;color: #000000\">\u2022 Chefs de d\u00e9partements\u00a0;<\/span><\/strong><br \/>\n<strong><span style=\"font-size: 14pt;font-family: 'Book Antiqua', Palatino;color: #000000\">\u2022 Pr\u00e9sidents des comit\u00e9s scientifiques d\u00e9partementaux\u00a0;<\/span><\/strong><br \/>\n<strong><span style=\"font-size: 14pt;font-family: 'Book Antiqua', Palatino;color: #000000\">\u2022 Le ou les directeurs des unit\u00e9s de recherche, le cas \u00e9ch\u00e9ant\u00a0;<\/span><\/strong><br \/>\n<strong><span style=\"font-size: 14pt;font-family: 'Book Antiqua', Palatino;color: #000000\">\u2022 Un repr\u00e9sentant \u00e9lu des enseignants de chaque d\u00e9partement.<\/span><\/strong><\/p>\n<p>&nbsp;<\/p>\n<p><strong><span style=\"color: #000000;font-size: 14pt;font-family: 'Book Antiqua', Palatino\">Le Conseil Scientifique se prononce sur ce qui suit\u00a0:<\/span><\/strong><\/p>\n<p><strong><span style=\"font-size: 14pt;font-family: 'Book Antiqua', Palatino;color: #000000\">\u2022 L\u2019organisation des formations et leurs contenus\u00a0;<\/span><\/strong><\/p>\n<p><strong><span style=\"font-size: 14pt;font-family: 'Book Antiqua', Palatino;color: #000000\">\u2022 L\u2019organisation des travaux de recherche\u00a0;<\/span><\/strong><\/p>\n<p><span style=\"font-size: 14pt;color: #000000\"><strong><span style=\"font-family: 'Book Antiqua', Palatino\">\u2022 Les suggestions de logiciels de recherche\u00a0;<\/span><\/strong><\/span><\/p>\n<p><strong><span style=\"font-size: 14pt;font-family: 'Book Antiqua', Palatino;color: #000000\">\u2022 Les propositions d&rsquo;ouverture, de renouvellement et \/ ou de fermeture de la post-graduation et d\u00e9termination du nombre de postes \u00e0 pourvoir\u00a0;<\/span><\/strong><\/p>\n<p><strong><span style=\"font-size: 14pt;font-family: 'Book Antiqua', Palatino;color: #000000\">\u2022 Les r\u00e9sultats de la formation post-graduation, les sp\u00e9cifications des enseignants et types de besoins\u00a0;<\/span><\/strong><\/p>\n<p><strong><span style=\"font-size: 14pt;font-family: 'Book Antiqua', Palatino;color: #000000\">\u2022 Publications de la facult\u00e9 et organisation des manifestations scientifiques\u00a0;<\/span><\/strong><\/p>\n<p><strong><span style=\"font-size: 14pt;font-family: 'Book Antiqua', Palatino;color: #000000\">\u2022 L\u2019accr\u00e9ditation des th\u00e8mes de recherche propos\u00e9s par les \u00e9tudiants de troisi\u00e8me cycle\u00a0;<\/span><\/strong><\/p>\n<p><strong><span style=\"font-size: 14pt;font-family: 'Book Antiqua', Palatino;color: #000000\">\u2022 Le suivi des th\u00e8ses en post-graduation et examen p\u00e9riodique de leurs \u00e9volution\u00a0;<\/span><\/strong><\/p>\n<p><strong><span style=\"font-size: 14pt;font-family: 'Book Antiqua', Palatino;color: #000000\">\u2022 Les suggestions de comit\u00e9s de soutenance de m\u00e9moires et de th\u00e8ses de post-graduation\u00a0;<\/span><\/strong><\/p>\n<p><strong><span style=\"font-size: 14pt;font-family: 'Book Antiqua', Palatino;color: #000000\">\u2022 L\u2019\u00e9tude des r\u00e9sultats des activit\u00e9s p\u00e9dagogiques et scientifiques de la facult\u00e9, transmise par le doyen au recteur de l&rsquo;universit\u00e9, accompagn\u00e9e de ses avis et recommandations\u00a0;<\/span><\/strong><\/p>\n<p><strong><span style=\"font-size: 14pt;font-family: 'Book Antiqua', Palatino;color: #000000\">\u2022 Enfin, le conseil peut \u00eatre notifi\u00e9 de toute autre probl\u00e9matique, li\u00e9e \u00e0 l&rsquo;aspect p\u00e9dagogique ou scientifique, pr\u00e9sent\u00e9e par le doyen.<\/span><\/strong><\/p>\n","protected":false},"excerpt":{"rendered":"<p>Conseil Scientifiquede de la Facult\u00e9 des Sciences Economiques, Commerciales et des Sciences de Gestion &nbsp; Bourennan Ibrahim\u00a0 \u00a0 \u00a0 \u00a0 \u00a0 \u00a0 \u00a0 \u00a0 \u00a0 \u00a0 \u00a0 \u00a0 \u00a0 \u00a0 \u00a0 \u00a0 \u00a0 \u00a0 \u00a0 \u00a0 \u00a0 \u00a0 \u00a0 \u00a0 \u00a0 \u00a0 \u00a0 \u00a0 \u00a0 \u00a0 \u00a0 \u00a0 \u00a0 \u00a0 \u00a0 \u00a0 \u00a0 \u00a0 \u00a0Pr\u00e9sident [&hellip;]<\/p>\n","protected":false},"author":8,"featured_media":0,"parent":0,"menu_order":0,"comment_status":"closed","ping_status":"closed","template":"","meta":{"_exactmetrics_skip_tracking":false,"_exactmetrics_sitenote_active":false,"_exactmetrics_sitenote_note":"","_exactmetrics_sitenote_category":0,"footnotes":""},"coauthors":[526],"class_list":["post-7864","page","type-page","status-publish","hentry"],"_links":{"self":[{"href":"http:\/\/lagh-univ.dz\/fr\/wp-json\/wp\/v2\/pages\/7864","targetHints":{"allow":["GET"]}}],"collection":[{"href":"http:\/\/lagh-univ.dz\/fr\/wp-json\/wp\/v2\/pages"}],"about":[{"href":"http:\/\/lagh-univ.dz\/fr\/wp-json\/wp\/v2\/types\/page"}],"author":[{"embeddable":true,"href":"http:\/\/lagh-univ.dz\/fr\/wp-json\/wp\/v2\/users\/8"}],"replies":[{"embeddable":true,"href":"http:\/\/lagh-univ.dz\/fr\/wp-json\/wp\/v2\/comments?post=7864"}],"version-history":[{"count":5,"href":"http:\/\/lagh-univ.dz\/fr\/wp-json\/wp\/v2\/pages\/7864\/revisions"}],"predecessor-version":[{"id":35569,"href":"http:\/\/lagh-univ.dz\/fr\/wp-json\/wp\/v2\/pages\/7864\/revisions\/35569"}],"wp:attachment":[{"href":"http:\/\/lagh-univ.dz\/fr\/wp-json\/wp\/v2\/media?parent=7864"}],"wp:term":[{"taxonomy":"author","embeddable":true,"href":"http:\/\/lagh-univ.dz\/fr\/wp-json\/wp\/v2\/coauthors?post=7864"}],"curies":[{"name":"wp","href":"https:\/\/api.w.org\/{rel}","templated":true}]}}