{"id":7917,"date":"2018-07-21T11:29:31","date_gmt":"2018-07-21T13:29:31","guid":{"rendered":"http:\/\/lagh-univ.dz\/economie-departement-gestion-administration\/"},"modified":"2020-02-22T08:17:40","modified_gmt":"2020-02-22T10:17:40","slug":"economie-departement-gestion-administration","status":"publish","type":"page","link":"http:\/\/lagh-univ.dz\/fr\/economie-departement-gestion-administration\/","title":{"rendered":"L\u2019administration du d\u00e9partement SG"},"content":{"rendered":"<p style=\"text-align: left\"><strong><span style=\"font-size: 18pt;color: #ff0000;font-family: 'Book Antiqua', Palatino\">L\u2019administration du d\u00e9partement SG<\/span><\/strong><\/p>\n<p style=\"text-align: left\"><strong><span style=\"font-size: 14pt;color: #000000;font-family: 'Book Antiqua', Palatino\">Le D\u00e9partement des sciences de gestion comprend les services suivants:<\/span><\/strong><\/p>\n<ol style=\"text-align: left\">\n<li><strong><span style=\"font-size: 14pt;color: #000000;font-family: 'Book Antiqua', Palatino\"><span style=\"color: #000080\"> Le Chef de d\u00e9partement<\/span> <\/span><\/strong><\/li>\n<\/ol>\n<p style=\"text-align: left\"><strong><span style=\"font-size: 14pt;color: #000000;font-family: 'Book Antiqua', Palatino\">Le chef du d\u00e9partement exerce plusieurs t\u00e2ches, dont la plus importante est d&rsquo;assurer le bon fonctionnement et la r\u00e9gularit\u00e9 de ses services. Il est de la responsabilit\u00e9 du chef de d\u00e9partement de suivre le suivi p\u00e9dagogique des sp\u00e9cialit\u00e9s ouvertes en termes d&rsquo;assurer l&rsquo;enseignement des offres de formation ainsi que le respect des emplois du temps programm\u00e9s. Il s&rsquo;occupe \u00e9galement de conduire les examens programm\u00e9s dans les sp\u00e9cialit\u00e9s selon le calendrier fix\u00e9 par le Doyenn\u00e9. Il s&rsquo;occupe \u00e9galement des d\u00e9lib\u00e9rations et de leur bon d\u00e9roulement. Il d\u00e9coule \u00e9galement des pouvoirs du chef de d\u00e9partement de certifier les attestations provisoires de fin d&rsquo;\u00e9tudes avec la co-signature du doyen et du recteur de l&rsquo;universit\u00e9, ainsi que l\u2019approbation des relev\u00e9s de notes des \u00e9tudiants.<\/span><\/strong><\/p>\n<ol style=\"text-align: left\" start=\"2\">\n<li><strong><span style=\"font-size: 14pt;color: #000000;font-family: 'Book Antiqua', Palatino\"><span style=\"color: #000080\"> L&rsquo;adjoint du chef de d\u00e9partement<\/span> <\/span><\/strong><\/li>\n<\/ol>\n<p style=\"text-align: left\"><strong><span style=\"font-size: 14pt;color: #000000;font-family: 'Book Antiqua', Palatino\">L&rsquo;adjoint au chef de d\u00e9partement assiste le chef de d\u00e9partement dans l&rsquo;accomplissement des t\u00e2ches p\u00e9dagogiques du d\u00e9partement. Il fixe les emplois du temps et s&rsquo;assure qu&rsquo;ils sont respect\u00e9s. Il coordonne \u00e9galement avec le chef de d\u00e9partement et les chefs de sp\u00e9cialit\u00e9s pour l&rsquo;attribution des modules aux enseignants. L&rsquo;adjoint au chef de d\u00e9partement supervise directement le service de scolarit\u00e9 et le service de l\u2019enseignement et d&rsquo;\u00e9valuation. Il veille \u00e9galement au bon d\u00e9roulement du processus des soutenances des promotions de master et leur programmation.<\/span><\/strong><\/p>\n<ol style=\"text-align: left\" start=\"3\">\n<li><strong><span style=\"font-size: 14pt;color: #000000;font-family: 'Book Antiqua', Palatino\"><span style=\"color: #000080\"> Le service de scolarit\u00e9<\/span> <\/span><\/strong><\/li>\n<\/ol>\n<p style=\"text-align: left\"><strong><span style=\"font-size: 14pt;color: #000000;font-family: 'Book Antiqua', Palatino\">Le service de scolarit\u00e9 poursuit directement tous les processus d&rsquo;inscription des \u00e9tudiants et les cong\u00e9s acad\u00e9miques, ainsi que les \u00e9tudiants abandons. Il \u00e9tudie \u00e9galement les dossiers de r\u00e9int\u00e9gration des \u00e9tudiants. En plus de ces t\u00e2ches, le chef du service de scolarit\u00e9 s&rsquo;occupe de pr\u00e9parer les statistiques relatives aux \u00e9tudiants, de pr\u00e9parer les listes des \u00e9tudiants de l&rsquo;\u00e9valuation continue et les PV. de notes des examens, ainsi que de superviser les annonces concernant les dossiers administratifs\u00a0 des \u00e9tudiants.<\/span><\/strong><\/p>\n<ol style=\"text-align: left\" start=\"4\">\n<li><strong><span style=\"font-size: 14pt;color: #000080;font-family: 'Book Antiqua', Palatino\"> Le service de l\u2019enseignement et de l&rsquo;\u00e9valuation<\/span><\/strong><\/li>\n<\/ol>\n<p style=\"text-align: left\"><strong><span style=\"font-size: 14pt;color: #000000;font-family: 'Book Antiqua', Palatino\">Le service de l\u2019enseignement et de l&rsquo;\u00e9valuation est charg\u00e9 de saisir des notes. Il veille \u00e9galement sur le suivi direct de la plateforme Progres FVE, \u00e0 travers laquelle les PVs. de d\u00e9lib\u00e9ration se pr\u00e9parent, et rend compte de tout ce qui pourrait entraver le bon d\u00e9roulement du processus de d\u00e9lib\u00e9ration. Le service de l\u2019enseignement et de l&rsquo;\u00e9valuation assure le suivi des op\u00e9rations de saisie des notes, la pr\u00e9paration les PVs. De d\u00e9lib\u00e9ration, les relev\u00e9s de notes, et enfin les attestations provisoires de fin d&rsquo;\u00e9tudes.<\/span><\/strong><\/p>\n<p><img fetchpriority=\"high\" decoding=\"async\" class=\"alignnone size-full wp-image-29837\" src=\"http:\/\/lagh-univ.dz\/wp-content\/uploads\/2020\/02\/Capture-1.jpg\" alt=\"\" width=\"823\" height=\"547\" srcset=\"http:\/\/lagh-univ.dz\/wp-content\/uploads\/2020\/02\/Capture-1.jpg 823w, http:\/\/lagh-univ.dz\/wp-content\/uploads\/2020\/02\/Capture-1-300x199.jpg 300w, http:\/\/lagh-univ.dz\/wp-content\/uploads\/2020\/02\/Capture-1-768x510.jpg 768w\" sizes=\"(max-width: 823px) 100vw, 823px\" \/><\/p>\n","protected":false},"excerpt":{"rendered":"<p>L\u2019administration du d\u00e9partement SG Le D\u00e9partement des sciences de gestion comprend les services suivants: Le Chef de d\u00e9partement Le chef du d\u00e9partement exerce plusieurs t\u00e2ches, dont la plus importante est d&rsquo;assurer le bon fonctionnement et la r\u00e9gularit\u00e9 de ses services. Il est de la responsabilit\u00e9 du chef de d\u00e9partement de suivre le suivi p\u00e9dagogique des [&hellip;]<\/p>\n","protected":false},"author":8,"featured_media":0,"parent":0,"menu_order":0,"comment_status":"closed","ping_status":"closed","template":"elementor_header_footer","meta":{"_exactmetrics_skip_tracking":false,"_exactmetrics_sitenote_active":false,"_exactmetrics_sitenote_note":"","_exactmetrics_sitenote_category":0,"footnotes":""},"coauthors":[526],"class_list":["post-7917","page","type-page","status-publish","hentry"],"_links":{"self":[{"href":"http:\/\/lagh-univ.dz\/fr\/wp-json\/wp\/v2\/pages\/7917","targetHints":{"allow":["GET"]}}],"collection":[{"href":"http:\/\/lagh-univ.dz\/fr\/wp-json\/wp\/v2\/pages"}],"about":[{"href":"http:\/\/lagh-univ.dz\/fr\/wp-json\/wp\/v2\/types\/page"}],"author":[{"embeddable":true,"href":"http:\/\/lagh-univ.dz\/fr\/wp-json\/wp\/v2\/users\/8"}],"replies":[{"embeddable":true,"href":"http:\/\/lagh-univ.dz\/fr\/wp-json\/wp\/v2\/comments?post=7917"}],"version-history":[{"count":6,"href":"http:\/\/lagh-univ.dz\/fr\/wp-json\/wp\/v2\/pages\/7917\/revisions"}],"predecessor-version":[{"id":29881,"href":"http:\/\/lagh-univ.dz\/fr\/wp-json\/wp\/v2\/pages\/7917\/revisions\/29881"}],"wp:attachment":[{"href":"http:\/\/lagh-univ.dz\/fr\/wp-json\/wp\/v2\/media?parent=7917"}],"wp:term":[{"taxonomy":"author","embeddable":true,"href":"http:\/\/lagh-univ.dz\/fr\/wp-json\/wp\/v2\/coauthors?post=7917"}],"curies":[{"name":"wp","href":"https:\/\/api.w.org\/{rel}","templated":true}]}}