{"id":8426,"date":"2018-07-12T21:54:44","date_gmt":"2018-07-12T21:54:44","guid":{"rendered":"http:\/\/lagh-univ.dz\/vr-grad-reglement-interieur-de-luniversite\/"},"modified":"2025-11-02T15:15:16","modified_gmt":"2025-11-02T14:15:16","slug":"vr-grad-reglement-interieur-de-luniversite","status":"publish","type":"page","link":"http:\/\/lagh-univ.dz\/fr\/vr-grad-vice-rectorat\/vr-grad-reglement-interieur-de-luniversite\/","title":{"rendered":"VR grad-R\u00e8glement int\u00e9rieur de l&rsquo;universit\u00e9"},"content":{"rendered":"<p><a href=\"http:\/\/lagh-univ.dz\/\"><br \/>\n\t\t\t\t\t\t\t<img decoding=\"async\" width=\"396\" height=\"75\" src=\"http:\/\/lagh-univ.dz\/wp-content\/uploads\/2025\/11\/s5_logo-1.png\" alt=\"\" srcset=\"http:\/\/lagh-univ.dz\/wp-content\/uploads\/2025\/11\/s5_logo-1.png 396w, http:\/\/lagh-univ.dz\/wp-content\/uploads\/2025\/11\/s5_logo-1-300x57.png 300w\" sizes=\"(max-width: 396px) 100vw, 396px\" \/>\t\t\t\t\t\t\t\t<\/a><br \/>\n\t\t\t\t\t<a href=\"https:\/\/www.facebook.com\/laghuniv.dz\" target=\"_blank\"><br \/>\n\t\t\t\t\t\tFacebook<br \/>\n\t\t\t\t\t\t\t\t\t\t\t<\/a><br \/>\n\t\t\t\t\t<a href=\"https:\/\/www.youtube.com\/@universite_de_laghouat\" target=\"_blank\"><br \/>\n\t\t\t\t\t\tYoutube<br \/>\n\t\t\t\t\t\t\t\t\t\t\t<\/a><\/p>\n<p dir=\"ltr\"><strong>R\u00c8GLEMENT INT\u00c9RIEUR DE L\u2019UNIVERSIT\u00c9<\/strong><\/p>\n<p dir=\"ltr\"><div class='w3eden'><!-- WPDM Link Template: Default Template ( Old ) -->\n\n\n<div class=\"wpdm-link-template link-template-default\" >\n\n    <div class=\"media\">\n        <div class=\"mr-3\"><img decoding=\"async\" class=\"wpdm_icon\" alt=\"Ic\u00f4ne\"   src=\"http:\/\/lagh-univ.dz\/wp-content\/plugins\/download-manager\/assets\/file-type-icons\/pdf.svg\" \/><\/div>\n        <div class=\"media-body\">\n            <div>\n                <strong class=\"package-title\">R\u00e8glement int\u00e9rieur de l'universit\u00e9<\/strong> | 0.04 KB\n            <\/div>\n            <a class='wpdm-download-link download-on-click btn btn-primary btn-xs' rel='nofollow' href='#' data-downloadurl=\"http:\/\/lagh-univ.dz\/fr\/download\/reglement-interieur-de-luniversite\/?wpdmdl=16711&refresh=69d5059e8e97f1775568286\">T\u00e9l\u00e9charger<\/a>\n        <\/div>\n\n    <\/div>\n    <div style=\"clear: both\"><\/div>\n<\/div>\n<div style=\"clear: both\"><\/div>\n\n<\/div><\/p>\n<p dir=\"ltr\">\n<p dir=\"ltr\"><strong>CHARTE D&rsquo;ETHIQUE et DEONTOLOGIE<\/strong><\/p>\n<p dir=\"ltr\">\n<p dir=\"ltr\"><a href=\"http:\/\/lagh-univ.dz\/wp-content\/uploads\/2024\/01\/Charte_du_Conseil-02-08-2023-Fr.pdf\" class=\"pdfemb-viewer\" style=\"\" data-width=\"max\" data-height=\"max\" data-mobile-width=\"500\"  data-scrollbar=\"vertical\" data-download=\"on\" data-tracking=\"on\" data-newwindow=\"on\" data-pagetextbox=\"off\" data-scrolltotop=\"off\" data-startzoom=\"100\" data-startfpzoom=\"100\" data-toolbar=\"both\" data-toolbar-fixed=\"on\">Charte_du_Conseil-02-08-2023-Fr<br\/><\/a><\/p>\n","protected":false},"excerpt":{"rendered":"<p>Facebook Youtube R\u00c8GLEMENT INT\u00c9RIEUR DE L\u2019UNIVERSIT\u00c9 CHARTE D&rsquo;ETHIQUE et DEONTOLOGIE<\/p>\n","protected":false},"author":20,"featured_media":54681,"parent":8420,"menu_order":0,"comment_status":"closed","ping_status":"closed","template":"elementor_header_footer","meta":{"_exactmetrics_skip_tracking":false,"_exactmetrics_sitenote_active":false,"_exactmetrics_sitenote_note":"","_exactmetrics_sitenote_category":0,"footnotes":""},"coauthors":[535],"class_list":["post-8426","page","type-page","status-publish","has-post-thumbnail","hentry"],"_links":{"self":[{"href":"http:\/\/lagh-univ.dz\/fr\/wp-json\/wp\/v2\/pages\/8426","targetHints":{"allow":["GET"]}}],"collection":[{"href":"http:\/\/lagh-univ.dz\/fr\/wp-json\/wp\/v2\/pages"}],"about":[{"href":"http:\/\/lagh-univ.dz\/fr\/wp-json\/wp\/v2\/types\/page"}],"author":[{"embeddable":true,"href":"http:\/\/lagh-univ.dz\/fr\/wp-json\/wp\/v2\/users\/20"}],"replies":[{"embeddable":true,"href":"http:\/\/lagh-univ.dz\/fr\/wp-json\/wp\/v2\/comments?post=8426"}],"version-history":[{"count":12,"href":"http:\/\/lagh-univ.dz\/fr\/wp-json\/wp\/v2\/pages\/8426\/revisions"}],"predecessor-version":[{"id":70322,"href":"http:\/\/lagh-univ.dz\/fr\/wp-json\/wp\/v2\/pages\/8426\/revisions\/70322"}],"up":[{"embeddable":true,"href":"http:\/\/lagh-univ.dz\/fr\/wp-json\/wp\/v2\/pages\/8420"}],"wp:featuredmedia":[{"embeddable":true,"href":"http:\/\/lagh-univ.dz\/fr\/wp-json\/wp\/v2\/media\/54681"}],"wp:attachment":[{"href":"http:\/\/lagh-univ.dz\/fr\/wp-json\/wp\/v2\/media?parent=8426"}],"wp:term":[{"taxonomy":"author","embeddable":true,"href":"http:\/\/lagh-univ.dz\/fr\/wp-json\/wp\/v2\/coauthors?post=8426"}],"curies":[{"name":"wp","href":"https:\/\/api.w.org\/{rel}","templated":true}]}}