{"id":8430,"date":"2018-07-12T21:58:27","date_gmt":"2018-07-12T21:58:27","guid":{"rendered":"http:\/\/lagh-univ.dz\/vr-grad-inscription-et-reinscription\/"},"modified":"2025-11-02T15:15:21","modified_gmt":"2025-11-02T14:15:21","slug":"vr-grad-inscription-et-reinscription","status":"publish","type":"page","link":"http:\/\/lagh-univ.dz\/fr\/vr-grad-vice-rectorat\/vr-grad-inscription-et-reinscription\/","title":{"rendered":"VR grad-Inscription et r\u00c3\u00a9inscription"},"content":{"rendered":"<p><a href=\"http:\/\/lagh-univ.dz\/\"><br \/>\n\t\t\t\t\t\t\t<img decoding=\"async\" width=\"396\" height=\"75\" src=\"http:\/\/lagh-univ.dz\/wp-content\/uploads\/2025\/11\/s5_logo-1.png\" alt=\"\" srcset=\"http:\/\/lagh-univ.dz\/wp-content\/uploads\/2025\/11\/s5_logo-1.png 396w, http:\/\/lagh-univ.dz\/wp-content\/uploads\/2025\/11\/s5_logo-1-300x57.png 300w\" sizes=\"(max-width: 396px) 100vw, 396px\" \/>\t\t\t\t\t\t\t\t<\/a><br \/>\n\t\t\t\t\t<a href=\"https:\/\/www.facebook.com\/laghuniv.dz\" target=\"_blank\"><br \/>\n\t\t\t\t\t\tFacebook<br \/>\n\t\t\t\t\t\t\t\t\t\t\t<\/a><br \/>\n\t\t\t\t\t<a href=\"https:\/\/www.youtube.com\/@universite_de_laghouat\" target=\"_blank\"><br \/>\n\t\t\t\t\t\tYoutube<br \/>\n\t\t\t\t\t\t\t\t\t\t\t<\/a><\/p>\n<p dir=\"ltr\" style=\"text-align: center\"><strong>Inscription et r\u00e9inscription<\/strong><\/p>\n<p dir=\"ltr\">\n<p dir=\"ltr\">\n<p dir=\"ltr\"><strong>\u00a01- CONDITIONS GENERALES:<\/strong><\/p>\n<ul dir=\"ltr\">\n<li dir=\"ltr\" style=\"text-align: justify\">La pr\u00e9paration d\u2019un dipl\u00f4me universitaire est subordonn\u00e9e \u00e0 une inscription r\u00e9guli\u00e8re de l\u2019\u00e9tudiant.<\/li>\n<li dir=\"ltr\" style=\"text-align: justify\">L\u2019inscription aux \u00e9tudes universitaires \u00e0 l\u2019universit\u00e9 de Laghouat est ouverte aux titulaires du baccalaur\u00e9at Alg\u00e9rien ou d\u2019un dipl\u00f4me \u00e9tranger reconnu \u00e9quivalent. Les s\u00e9ries ainsi que les moyennes requises pour l\u2019inscription dans chaque fili\u00e8re ou domaine de formation sont d\u00e9finies avant chaque session d\u2019inscription par une <strong>circulaire minist\u00e9rielle<\/strong>. Il n\u2019est admis aucune inscription en dehors des crit\u00e8res et d\u00e9lais communiqu\u00e9s aux postulants.<\/li>\n<li dir=\"ltr\" style=\"text-align: justify\">L\u2019inscription aux \u00e9tudes universitaires en vue de l\u2019obtention du dipl\u00f4me de <strong>Master<\/strong> est ouverte aux titulaires d\u2019une licence (nouveau r\u00e9gime L.M.D.) ou d\u2019un dipl\u00f4me reconnu \u00e9quivalent;<\/li>\n<li style=\"text-align: justify\">L\u2019inscription ou la r\u00e9inscription des \u00e9tudiants est prise pour une seule ann\u00e9e d\u2019\u00e9tude. L\u2019\u00e9tudiant doit se r\u00e9inscrire pour chaque ann\u00e9e universitaire selon le calendrier \u00e9tabli par les services de la scolarit\u00e9 de l\u2019\u00e9tablissement\u00a0;<\/li>\n<li style=\"text-align: justify\">L\u2019\u00e9tudiant doit s\u2019acquitter des droits d\u2019inscription pour chaque ann\u00e9e universitaire selon le calendrier \u00e9tabli par les services de la scolarit\u00e9.<\/li>\n<li style=\"text-align: justify\"><strong>L\u2019inscription devient d\u00e9finitive<\/strong> d\u00e8s que le paiement des frais d\u2019inscription\u00a0est effectu\u00e9 en ligne\u00a0 via le lien <strong>https:\/\/progres.mesrs.dz\/webetu<\/strong> par la carte <strong>Edahabia<\/strong> du bachelier ou d\u2019un de ses parents (confirmation instantan\u00e9e de l\u2019inscription),<\/li>\n<li style=\"text-align: justify\">Lors de l\u2019inscription d\u00e9finitive, il est d\u00e9livr\u00e9 \u00e0 l\u2019\u00e9tudiant un <strong>certificat de scolarit\u00e9<\/strong> ainsi qu\u2019une <strong>carte d\u2019\u00e9tudiant<\/strong> qui peut lui \u00eatre r\u00e9clam\u00e9e \u00e0 tout moment au sein de l\u2019\u00e9tablissement, particuli\u00e8rement lors des examens. Cette carte est actualis\u00e9e ou renouvel\u00e9e chaque ann\u00e9e par les services concern\u00e9s.<\/li>\n<\/ul>\n<hr \/>\n<p dir=\"ltr\" style=\"text-align: justify\"><strong>N.B<\/strong><strong>. Un bachelier ne peut b\u00e9n\u00e9ficier que d\u2019une seule inscription universitaire m\u00eame s\u2019il est titulaire de plusieurs baccalaur\u00e9ats, et ce, au sein du m\u00eame \u00e9tablissement ou dans tout autre \u00e9tablissement de l\u2019enseignement sup\u00e9rieur.<\/strong><\/p>\n<hr \/>\n<p>&nbsp;<\/p>\n<p dir=\"ltr\" style=\"text-align: justify\"><strong>\u00a02- ORIENTATION VERS LES FILIERES DE FORMATION:<\/strong><\/p>\n<p dir=\"ltr\" style=\"text-align: justify\">L\u2019orientation de nouveaux bacheliers vers les domaines et fili\u00e8res de formation se fait sur la base des quatre param\u00e8tres suivants :<br \/>\n\u2022 La s\u00e9rie et les r\u00e9sultats obtenus au baccalaur\u00e9at (<strong>Moyenne pond\u00e9r\u00e9e calcul\u00e9e*<\/strong> ou moyenne g\u00e9n\u00e9rale obtenue au baccalaur\u00e9at, selon le domaine ou la fili\u00e8re d\u2019inscription et des conditions compl\u00e9mentaires dans certains cas lorsqu\u2019elles existent);<br \/>\n\u2022 Les v\u0153ux exprim\u00e9s par le titulaire du baccalaur\u00e9at ;<br \/>\n\u2022 Les capacit\u00e9s d\u2019accueil des \u00e9tablissements d\u2019enseignement et de formation sup\u00e9rieurs;<\/p>\n<p dir=\"ltr\">\u2022\u00a0Les circonscriptions g\u00e9ographiques.<\/p>\n<hr \/>\n<p dir=\"ltr\" style=\"text-align: justify\">(*) <strong>Moyenne pond\u00e9r\u00e9e calcul\u00e9e<\/strong> : c\u2019est la moyenne entre la moyenne g\u00e9n\u00e9rale obtenue au baccalaur\u00e9at, affect\u00e9e d\u2019un coefficient, et la ou les note(s) de la ou des mati\u00e8re(s) \u00ab\u00a0essentielle(s)\u00a0\u00bb.<\/p>\n<hr \/>\n<ul style=\"list-style-type: disc\">\n<li dir=\"ltr\" style=\"text-align: justify\">Les sites internet d\u00e9di\u00e9s aux pr\u00e9inscriptions de nouveaux bacheliers:\u00a0 Les op\u00e9rations des pr\u00e9inscriptions se font exclusivement en ligne. Pour effectuer ces op\u00e9rations, deux sites internet sont mis \u00e0 la disposition des nouveaux bacheliers :<\/li>\n<\/ul>\n<h2 dir=\"ltr\" style=\"text-align: center\"><strong>http:\/\/www.mesrs.dz<\/strong><br \/>\n<strong>http:\/\/www.orientation.esi.dz<\/strong><\/h2>\n<p><a href=\"http:\/\/lagh-univ.dz\/wp-content\/uploads\/2024\/01\/inscription-2.jpg\"><img fetchpriority=\"high\" decoding=\"async\" src=\"http:\/\/lagh-univ.dz\/wp-content\/uploads\/2024\/01\/inscription-2-300x191.jpg\" alt=\"\" width=\"472\" height=\"301\" \/><\/a><\/p>\n<p dir=\"ltr\" style=\"text-align: justify\">le candidat a acc\u00e8s par le biais des sites internet d\u00e9di\u00e9s, \u00e0 la liste des formations assur\u00e9es en pr\u00e9sentiel et \u00e0 distance qui lui sont autoris\u00e9es. Parmi ces formations autoris\u00e9es, le candidat doit remplir une fiche de v\u0153ux qui doit comporter, par ordre de pr\u00e9f\u00e9rence, six (06) choix au minimum \u00e0 dix (10) choix au maximum. <strong>Dans sa fiche de v\u0153ux, le titulaire du baccalaur\u00e9at doit mentionner, parmi ses choix, au moins, deux parcours de formation de Licence \u00e0 recrutement local ou r\u00e9gional dispens\u00e9s dans un \u00e9tablissement d\u2019enseignement sup\u00e9rieur.<\/strong><\/p>\n<h2 dir=\"ltr\" style=\"text-align: justify\"><\/h2>\n<p dir=\"ltr\"><strong>\u00a0 \u00a0 3- LES FORMATIONS ASSUREES A l&rsquo;UNIVERSITE DE LAGHOUAT:<\/strong><\/p>\n<p dir=\"ltr\">\n<p dir=\"ltr\">L&rsquo;universit\u00e9 de Laghouat assure les formations en :<\/p>\n<p dir=\"ltr\"><a href=\"http:\/\/lagh-univ.dz\/wp-content\/uploads\/2024\/02\/Formations-UATL.jpg\"><img decoding=\"async\" src=\"http:\/\/lagh-univ.dz\/wp-content\/uploads\/2024\/02\/Formations-UATL.jpg\" alt=\"\" width=\"898\" height=\"903\" \/><\/a><\/p>\n<p dir=\"ltr\" style=\"text-align: center\"><strong>Copie de la Circulaire relative \u00e0 la pr\u00e9inscription et l&rsquo;orientation des bacheliers 2023:<\/strong><\/p>\n<p dir=\"ltr\" style=\"text-align: center\"><a href=\"http:\/\/lagh-univ.dz\/wp-content\/uploads\/2024\/01\/Circulaire-NB-04-07-2023-Fr.pdf\" class=\"pdfemb-viewer\" style=\"\" data-width=\"max\" data-height=\"max\" data-mobile-width=\"500\"  data-scrollbar=\"vertical\" data-download=\"on\" data-tracking=\"on\" data-newwindow=\"on\" data-pagetextbox=\"off\" data-scrolltotop=\"off\" data-startzoom=\"100\" data-startfpzoom=\"100\" data-toolbar=\"both\" data-toolbar-fixed=\"on\">Circulaire NB 04-07-2023 (Fr)<br\/><\/a><\/p>\n<p dir=\"ltr\">\n<p dir=\"ltr\">\n<p dir=\"ltr\"><strong>\u00a0 3- Inscription des cas particuliers:<\/strong><\/p>\n<p dir=\"ltr\"><strong>\u00a0 \u00a0<\/strong><\/p>\n<hr \/>\n<p dir=\"ltr\"><strong>\u00a0 \u00a0 \u00a0 3-1 Inscription des candidats alg\u00e9riens titulaires d\u2019un baccalaur\u00e9at \u00e9tranger:<\/strong><\/p>\n<hr \/>\n<p dir=\"ltr\">Les Alg\u00e9riens titulaires d\u2019un baccalaur\u00e9at \u00e9tranger doivent, avant toute inscription dans un \u00e9tablissement universitaire, proc\u00e9der \u00e0 une demande d\u2019\u00e9quivalence en ligne de leur dipl\u00f4me sur le lien suivant : <\/p>\n<p dir=\"ltr\" style=\"text-align: center\"><strong>https:\/\/progres.mesrs.dz\/webequivalence\/ <\/strong><\/p>\n<p dir=\"ltr\">Une fois l\u2019attestation d\u2019\u00e9quivalence d\u00e9livr\u00e9e, les bacheliers peuvent formuler leur candidature, en cr\u00e9ant un compte sur la plateforme PROGRES \u00a0\u00bb alg\u00e9rien titulaire d\u2019un baccalaur\u00e9at \u00e9tranger \u00a0\u00bb :<\/p>\n<p dir=\"ltr\" style=\"text-align: center\"><strong>https:\/\/progres.mesrs.dz\/bac-etrangers<\/strong><\/p>\n<p dir=\"ltr\"> Le bachelier obtient alors un num\u00e9ro d\u2019inscription qui commence par les caract\u00e8res alphanum\u00e9riques (<strong>9DZA) <\/strong>suivis d\u2019un num\u00e9ro s\u00e9quentiel (<strong>9DZAXXXX)<\/strong>.<\/p>\n<p dir=\"ltr\"><strong>\u00a0<\/strong><\/p>\n<hr \/>\n<p dir=\"ltr\"><strong>\u00a0 \u00a0 \u00a03-2 Inscription des candidats internationaux boursiers du gouvernement alg\u00e9rien:<\/strong><\/p>\n<hr \/>\n<p dir=\"ltr\" style=\"text-align: justify\">Les candidats internationaux boursiers du gouvernement alg\u00e9rien, dans le cadre de la coop\u00e9ration internationale ou les enfants de diplomates accr\u00e9dit\u00e9s en Alg\u00e9rie titulaires d\u2019un baccalaur\u00e9at \u00e9tranger et les candidats internationaux titulaires d\u2019un baccalaur\u00e9at alg\u00e9rien, souhaitant postuler pour une inscription universitaire en Alg\u00e9rie, doivent imp\u00e9rativement introduire leur demande via les canaux diplomatiques. Leur dossier de candidature passe par trois \u00e9tapes essentielles \u00e0 travers la plateforme PROGRES :<br \/>\n\u2022 <strong>Equivalence (pour les d\u00e9tenteurs d\u2019un baccalaur\u00e9at \u00e9tranger):<\/strong> Le dossier du bachelier est scann\u00e9 puis introduit par les repr\u00e9sentations diplomatiques sur la plateforme PROGRES (interface \u00e9tudiants internationaux) : <strong>https:\/\/progres.mesrs.dz\/international-students<\/strong><br \/>\nPour le baccalaur\u00e9at \u00e9tranger, <strong>une attestation d\u2019\u00e9quivalence<\/strong> sera d\u00e9livr\u00e9e dans le cas d\u2019une \u00e9valuation positive du dossier.<br \/>\n\u2022 <strong>Orientation<\/strong>: Le bachelier exprime six (06) choix, \u00e0 la suite desquels il est orient\u00e9 selon les conditions p\u00e9dagogiques de l\u2019ann\u00e9e d\u2019obtention de son baccalaur\u00e9at et dans le respect des quotas par sp\u00e9cialit\u00e9, offerts par l\u2019Alg\u00e9rie \u00e0 chaque pays. Dans le cas o\u00f9 aucun de ses choix n\u2019est satisfait, il sera automatiquement orient\u00e9 vers une formation en fonction de ses r\u00e9sultats et des conditions d\u2019acc\u00e8s.<\/p>\n<p dir=\"ltr\"><strong> <a href=\"http:\/\/lagh-univ.dz\/wp-content\/uploads\/2024\/02\/bc6dc48b743dc5d013b1abaebd2faed2-1611222804.jpg\"><img loading=\"lazy\" decoding=\"async\" src=\"http:\/\/lagh-univ.dz\/wp-content\/uploads\/2024\/02\/bc6dc48b743dc5d013b1abaebd2faed2-1611222804-1024x575.jpg\" alt=\"\" width=\"1024\" height=\"575\" \/><\/a><\/strong><\/p>\n<hr \/>\n<p dir=\"ltr\"><strong>\u00a0 \u00a0 3-3 Alg\u00e9riens titulaires d\u2019un baccalaur\u00e9at ant\u00e9rieur \u00e0 l&rsquo;ann\u00e9e en cours:<\/strong><\/p>\n<hr \/>\n<p dir=\"ltr\" style=\"text-align: justify\">Les candidats titulaires d\u2019un baccalaur\u00e9at alg\u00e9rien obtenu <strong>ant\u00e9rieurement \u00e0 l&rsquo;ann\u00e9e en cours<\/strong> et n\u2019ayant <strong>pris aucune inscription universitaire depuis l\u2019obtention de leur baccalaur\u00e9at<\/strong> d\u00e9posent \u00e0 partir de la premi\u00e8re semaine du mois de septembre une demande d\u2019inscription aupr\u00e8s d\u2019un \u00e9tablissement de l\u2019enseignement sup\u00e9rieur, selon <strong>les conditions p\u00e9dagogiques et la moyenne minimale d\u2019acc\u00e8s \u00e0 un domaine de formation ou \u00e0 la fili\u00e8re de l\u2019ann\u00e9e d\u2019obtention de leur baccalaur\u00e9at<\/strong> et ce dans la limite des places p\u00e9dagogiques disponibles.<\/p>\n<p dir=\"ltr\">\n","protected":false},"excerpt":{"rendered":"<p>Facebook Youtube Inscription et r\u00e9inscription \u00a01- CONDITIONS GENERALES: La pr\u00e9paration d\u2019un dipl\u00f4me universitaire est subordonn\u00e9e \u00e0 une inscription r\u00e9guli\u00e8re de l\u2019\u00e9tudiant. L\u2019inscription aux \u00e9tudes universitaires \u00e0 l\u2019universit\u00e9 de Laghouat est ouverte aux titulaires du baccalaur\u00e9at Alg\u00e9rien ou d\u2019un dipl\u00f4me \u00e9tranger reconnu \u00e9quivalent. Les s\u00e9ries ainsi que les moyennes requises pour l\u2019inscription dans chaque fili\u00e8re ou [&hellip;]<\/p>\n","protected":false},"author":20,"featured_media":0,"parent":8420,"menu_order":0,"comment_status":"closed","ping_status":"closed","template":"elementor_header_footer","meta":{"_exactmetrics_skip_tracking":false,"_exactmetrics_sitenote_active":false,"_exactmetrics_sitenote_note":"","_exactmetrics_sitenote_category":0,"footnotes":""},"coauthors":[535],"class_list":["post-8430","page","type-page","status-publish","hentry"],"_links":{"self":[{"href":"http:\/\/lagh-univ.dz\/fr\/wp-json\/wp\/v2\/pages\/8430","targetHints":{"allow":["GET"]}}],"collection":[{"href":"http:\/\/lagh-univ.dz\/fr\/wp-json\/wp\/v2\/pages"}],"about":[{"href":"http:\/\/lagh-univ.dz\/fr\/wp-json\/wp\/v2\/types\/page"}],"author":[{"embeddable":true,"href":"http:\/\/lagh-univ.dz\/fr\/wp-json\/wp\/v2\/users\/20"}],"replies":[{"embeddable":true,"href":"http:\/\/lagh-univ.dz\/fr\/wp-json\/wp\/v2\/comments?post=8430"}],"version-history":[{"count":28,"href":"http:\/\/lagh-univ.dz\/fr\/wp-json\/wp\/v2\/pages\/8430\/revisions"}],"predecessor-version":[{"id":70325,"href":"http:\/\/lagh-univ.dz\/fr\/wp-json\/wp\/v2\/pages\/8430\/revisions\/70325"}],"up":[{"embeddable":true,"href":"http:\/\/lagh-univ.dz\/fr\/wp-json\/wp\/v2\/pages\/8420"}],"wp:attachment":[{"href":"http:\/\/lagh-univ.dz\/fr\/wp-json\/wp\/v2\/media?parent=8430"}],"wp:term":[{"taxonomy":"author","embeddable":true,"href":"http:\/\/lagh-univ.dz\/fr\/wp-json\/wp\/v2\/coauthors?post=8430"}],"curies":[{"name":"wp","href":"https:\/\/api.w.org\/{rel}","templated":true}]}}