{"id":8432,"date":"2018-07-12T21:58:42","date_gmt":"2018-07-12T21:58:42","guid":{"rendered":"http:\/\/lagh-univ.dz\/vr-grad-transfert-externe-et-changement-de-filiere\/"},"modified":"2025-11-02T15:15:26","modified_gmt":"2025-11-02T14:15:26","slug":"vr-grad-transfert-externe-et-changement-de-filiere","status":"publish","type":"page","link":"http:\/\/lagh-univ.dz\/fr\/vr-grad-vice-rectorat\/vr-grad-transfert-externe-et-changement-de-filiere\/","title":{"rendered":"VR grad-Transfert externe et changement de fili\u00e8re"},"content":{"rendered":"<p><a href=\"http:\/\/lagh-univ.dz\/\"><br \/>\n\t\t\t\t\t\t\t<img decoding=\"async\" width=\"396\" height=\"75\" src=\"http:\/\/lagh-univ.dz\/wp-content\/uploads\/2025\/11\/s5_logo-1.png\" alt=\"\" srcset=\"http:\/\/lagh-univ.dz\/wp-content\/uploads\/2025\/11\/s5_logo-1.png 396w, http:\/\/lagh-univ.dz\/wp-content\/uploads\/2025\/11\/s5_logo-1-300x57.png 300w\" sizes=\"(max-width: 396px) 100vw, 396px\" \/>\t\t\t\t\t\t\t\t<\/a><br \/>\n\t\t\t\t\t<a href=\"https:\/\/www.facebook.com\/laghuniv.dz\" target=\"_blank\"><br \/>\n\t\t\t\t\t\tFacebook<br \/>\n\t\t\t\t\t\t\t\t\t\t\t<\/a><br \/>\n\t\t\t\t\t<a href=\"https:\/\/www.youtube.com\/@universite_de_laghouat\" target=\"_blank\"><br \/>\n\t\t\t\t\t\tYoutube<br \/>\n\t\t\t\t\t\t\t\t\t\t\t<\/a><\/p>\n<h2 dir=\"ltr\"><\/h2>\n<h2 dir=\"ltr\" style=\"text-align: center\">TRANSFERT EXTERNE ET CHANGEMENT DE FILI\u00c8RE<\/h2>\n<p style=\"text-align: center\"><strong>ET INSCRPTION POUR UN DEUXIEME DIPLOME<\/strong><\/p>\n<p>&nbsp;<br \/>\n<strong>1- Pour les nouveaux bacheliers:<\/strong><br \/>\nLes demandes de changement de fili\u00e8re d&rsquo;orientation se font exclusivement en ligne via le lien:<\/p>\n<p style=\"text-align: center\"><strong>https:\/\/progres.mesrs.dz\/webetu\/<\/strong><\/p>\n<p>&nbsp;<br \/>\n<a href=\"http:\/\/lagh-univ.dz\/wp-content\/uploads\/2024\/07\/Transfert.jpg\"><img fetchpriority=\"high\" decoding=\"async\" src=\"http:\/\/lagh-univ.dz\/wp-content\/uploads\/2024\/07\/Transfert.jpg\" alt=\"\" width=\"462\" height=\"223\" \/><\/a><br \/>\n&nbsp;<\/p>\n<p style=\"text-align: justify\"><strong>N.B.<\/strong> La d\u00e9cision d&rsquo;acceptation ou de rejet de la demande est soumise \u00e0 l\u2019avis de l\u2019\u00e9tablissement d\u2019accueil et l&rsquo;\u00e9tablissement d&rsquo;origine, cet avis est prononc\u00e9 en se r\u00e9f\u00e9rant <strong>\u00e0 la disponibilit\u00e9 des places p\u00e9dagogiques<\/strong> et aux conditions d\u2019acc\u00e8s \u00e0 la fili\u00e8re demand\u00e9e conform\u00e9ment \u00e0 la circulaire minist\u00e9rielle de l\u2019ann\u00e9e d\u2019obtention du baccalaur\u00e9at et \u00e0 <strong>la moyenne minimale d&rsquo;acc\u00e8s \u00e0 la fili\u00e8re<\/strong>.<\/p>\n<p>&nbsp;<br \/>\n&nbsp;<br \/>\n<strong>2- Pour les anciens inscrits:<\/strong><br \/>\n&nbsp;<\/p>\n<p style=\"text-align: justify\">Les demandes de changement de fili\u00e8re sont \u00e0 d\u00e9poser au niveau de la structure d&rsquo;accueil (Facult\u00e9s\/Institut). Le dossier comporte:<\/p>\n<p>1- L&rsquo;attestation d&rsquo;inscription de l&rsquo;ann\u00e9e en cours (le cas \u00e9ch\u00e9ant de l&rsquo;ann\u00e9e pr\u00e9c\u00e9dente);<br \/>\n2- Les relev\u00e9s de notes des ann\u00e9es d&rsquo;\u00e9tudes ant\u00e9rieures;<br \/>\n3- Une copie du relev\u00e9 de note du baccalaur\u00e9at;<br \/>\n4- Attestation de bonne conduite;<br \/>\n5- Formulaire de demande de transfert (<strong>\u00e0 t\u00e9l\u00e9charger ci-dessous<\/strong>).<br \/>\n&nbsp;<\/p>\n<p style=\"text-align: center\">Formulaire de transfert interne: <strong><a href=\"http:\/\/lagh-univ.dz\/wp-content\/uploads\/2024\/02\/Fiche-Transfert-Interne-modifiee2-.docx\">Fiche Transfert Interne<\/a><\/strong><\/p>\n<p style=\"text-align: center\">Formulaire de transfert externe : <strong><a href=\"http:\/\/lagh-univ.dz\/wp-content\/uploads\/2024\/02\/Fiche-Transfert-Externe-modifiee-.docx\">Fiche Transfert Externe<\/a><\/strong><\/p>\n<p>&nbsp;<br \/>\n&nbsp;<\/p>\n<hr \/>\n<p style=\"text-align: justify\">La d\u00e9cision d&rsquo;acceptation ou de rejet de la demande est soumise \u00e0 l\u2019avis de la structure d\u2019accueil (Facult\u00e9). Cet avis est prononc\u00e9 en se r\u00e9f\u00e9rant \u00e0 la <strong>disponibilit\u00e9 des places p\u00e9dagogiques<\/strong> et <strong>aux conditions d\u2019acc\u00e8s \u00e0 la fili\u00e8re demand\u00e9e conform\u00e9ment \u00e0 la circulaire minist\u00e9rielle de l\u2019ann\u00e9e d\u2019obtention du baccalaur\u00e9at et \u00e0 la moyenne minimale d&rsquo;acc\u00e8s \u00e0 la fili\u00e8re<\/strong>. De plus, l&rsquo;\u00e9tudiant ne doit pas avoir plus d&rsquo;un redoublement dans ses \u00e9tudes ant\u00e9rieures.<\/p>\n<hr \/>\n<p>&nbsp;<br \/>\n&nbsp;<\/p>\n<p dir=\"ltr\"><strong>3- DEMANDE D&rsquo;INSCRIPTION POUR UN DEUXI\u00c8ME DIPL\u00d4ME:<\/strong><\/p>\n<p dir=\"ltr\">\n<p dir=\"ltr\" style=\"text-align: justify\">Les titulaires d&rsquo;un premier dipl\u00f4me de graduation <strong>depuis plus de 05<\/strong> ann\u00e9es <strong>peuvent<\/strong> postuler \u00e0 une inscription pour la pr\u00e9paration d&rsquo;un <strong>deuxi\u00e8me dipl\u00f4me de graduation<\/strong>\u00a0selon les conditions p\u00e9dagogiques et la moyenne minimale d\u2019acc\u00e8s \u00e0 la fili\u00e8re de formation de <strong>l\u2019ann\u00e9e <\/strong><strong>d\u2019obtention du baccalaur\u00e9at,<\/strong> et ce, dans <strong>la limite des places p\u00e9dagogiques <\/strong><strong>disponibles<\/strong>. Les demandes sont \u00e0 d\u00e9poser au niveau des services de la scolarit\u00e9 du Vice Rectorat charg\u00e9 de la p\u00e9dagogie\u00a0 <strong>au plus tard le 15 septembre de chaque ann\u00e9e universitaire<\/strong>. Le Dossier comporte les pi\u00e8ces suivante:<\/p>\n<p dir=\"ltr\">\u00a0 \u00a0 \u00a0 \u00a0 \u00a0<strong>1-<\/strong> Le formulaire de demande d&rsquo;inscription pour un 2\u00e8me dipl\u00f4me:\u00a0 <strong><a style=\"color: #0000ff\" href=\"http:\/\/lagh-univ.dz\/wp-content\/uploads\/2024\/02\/Formulaire-inscription-2eme-diplome.docx\">Formulaire inscription 2\u00e8me dipl\u00f4me (t\u00e9l\u00e9charger)<\/a><\/strong><\/p>\n<p dir=\"ltr\">\u00a0 \u00a0 \u00a0 \u00a0 <strong>2-<\/strong> Une copie du 1er dipl\u00f4me de graduation;<\/p>\n<p dir=\"ltr\">\u00a0 \u00a0 \u00a0 \u00a0 <strong>3-<\/strong> Une Copie du relev\u00e9 de note du baccalaur\u00e9at (<strong>en Recto\/Verso<\/strong>);<\/p>\n<p dir=\"ltr\">\u00a0 \u00a0 \u00a0 \u00a0 <strong>4-<\/strong> Les bacheliers hors circonscription g\u00e9ographique doivent munir une attestation justificatif de mutation de poste et de changement de r\u00e9sidence.\n<\/p>\n<p dir=\"ltr\">\n<p dir=\"ltr\"><strong>4- Moyennes minimales d&rsquo;acc\u00e8s aux diff\u00e9rentes formations agr\u00e9\u00e9es \u00e0 l&rsquo;UATL selon l&rsquo;ann\u00e9e du Baccalaur\u00e9at:<\/strong><\/p>\n<p dir=\"ltr\">\n<p dir=\"ltr\">Fichier des moyennes minimales d&rsquo;acc\u00e8s aux domaines et fili\u00e8res de formation \u00e0 l&rsquo;Universit\u00e9 de Laghouat des titulaires de baccalaur\u00e9ats des ann\u00e9es 2010 \u00e0 2023 <\/p>\n<p dir=\"ltr\">\n<p dir=\"ltr\" style=\"text-align: center\"><a style=\"color: #0000ff\" href=\"http:\/\/lagh-univ.dz\/wp-content\/uploads\/2024\/07\/Moyennes-minimales-UATL-2010-2023.docx\">Moyennes minimales UATL 2010-2023<\/a><\/p>\n","protected":false},"excerpt":{"rendered":"<p>Facebook Youtube TRANSFERT EXTERNE ET CHANGEMENT DE FILI\u00c8RE ET INSCRPTION POUR UN DEUXIEME DIPLOME &nbsp; 1- Pour les nouveaux bacheliers: Les demandes de changement de fili\u00e8re d&rsquo;orientation se font exclusivement en ligne via le lien: https:\/\/progres.mesrs.dz\/webetu\/ &nbsp; &nbsp; N.B. La d\u00e9cision d&rsquo;acceptation ou de rejet de la demande est soumise \u00e0 l\u2019avis de l\u2019\u00e9tablissement d\u2019accueil [&hellip;]<\/p>\n","protected":false},"author":20,"featured_media":0,"parent":8420,"menu_order":0,"comment_status":"closed","ping_status":"closed","template":"elementor_header_footer","meta":{"_exactmetrics_skip_tracking":false,"_exactmetrics_sitenote_active":false,"_exactmetrics_sitenote_note":"","_exactmetrics_sitenote_category":0,"footnotes":""},"coauthors":[535],"class_list":["post-8432","page","type-page","status-publish","hentry"],"_links":{"self":[{"href":"http:\/\/lagh-univ.dz\/fr\/wp-json\/wp\/v2\/pages\/8432","targetHints":{"allow":["GET"]}}],"collection":[{"href":"http:\/\/lagh-univ.dz\/fr\/wp-json\/wp\/v2\/pages"}],"about":[{"href":"http:\/\/lagh-univ.dz\/fr\/wp-json\/wp\/v2\/types\/page"}],"author":[{"embeddable":true,"href":"http:\/\/lagh-univ.dz\/fr\/wp-json\/wp\/v2\/users\/20"}],"replies":[{"embeddable":true,"href":"http:\/\/lagh-univ.dz\/fr\/wp-json\/wp\/v2\/comments?post=8432"}],"version-history":[{"count":13,"href":"http:\/\/lagh-univ.dz\/fr\/wp-json\/wp\/v2\/pages\/8432\/revisions"}],"predecessor-version":[{"id":70328,"href":"http:\/\/lagh-univ.dz\/fr\/wp-json\/wp\/v2\/pages\/8432\/revisions\/70328"}],"up":[{"embeddable":true,"href":"http:\/\/lagh-univ.dz\/fr\/wp-json\/wp\/v2\/pages\/8420"}],"wp:attachment":[{"href":"http:\/\/lagh-univ.dz\/fr\/wp-json\/wp\/v2\/media?parent=8432"}],"wp:term":[{"taxonomy":"author","embeddable":true,"href":"http:\/\/lagh-univ.dz\/fr\/wp-json\/wp\/v2\/coauthors?post=8432"}],"curies":[{"name":"wp","href":"https:\/\/api.w.org\/{rel}","templated":true}]}}