{"id":8442,"date":"2018-07-12T22:00:44","date_gmt":"2018-07-12T22:00:44","guid":{"rendered":"http:\/\/lagh-univ.dz\/vr-grad-legalisation-et-authentification-des-documents-pedagogiques\/"},"modified":"2025-11-02T15:15:52","modified_gmt":"2025-11-02T14:15:52","slug":"vr-grad-legalisation-et-authentification-des-documents-pedagogiques","status":"publish","type":"page","link":"http:\/\/lagh-univ.dz\/fr\/vr-grad-vice-rectorat\/vr-grad-legalisation-et-authentification-des-documents-pedagogiques\/","title":{"rendered":"VR grad-L\u00e9galisation et authentification des documents p\u00e9dagogiques"},"content":{"rendered":"<p><a href=\"http:\/\/lagh-univ.dz\/\"><br \/>\n\t\t\t\t\t\t\t<img decoding=\"async\" width=\"396\" height=\"75\" src=\"http:\/\/lagh-univ.dz\/wp-content\/uploads\/2025\/11\/s5_logo-1.png\" alt=\"\" srcset=\"http:\/\/lagh-univ.dz\/wp-content\/uploads\/2025\/11\/s5_logo-1.png 396w, http:\/\/lagh-univ.dz\/wp-content\/uploads\/2025\/11\/s5_logo-1-300x57.png 300w\" sizes=\"(max-width: 396px) 100vw, 396px\" \/>\t\t\t\t\t\t\t\t<\/a><br \/>\n\t\t\t\t\t<a href=\"https:\/\/www.facebook.com\/laghuniv.dz\" target=\"_blank\"><br \/>\n\t\t\t\t\t\tFacebook<br \/>\n\t\t\t\t\t\t\t\t\t\t\t<\/a><br \/>\n\t\t\t\t\t<a href=\"https:\/\/www.youtube.com\/@universite_de_laghouat\" target=\"_blank\"><br \/>\n\t\t\t\t\t\tYoutube<br \/>\n\t\t\t\t\t\t\t\t\t\t\t<\/a><\/p>\n<h2 dir=\"ltr\" style=\"text-align: center;\">[su_spacer size=\u00a0\u00bb20&Prime;]<\/h2>\n<h2 dir=\"ltr\" style=\"text-align: center;\">L\u00c9GALISATION ET AUTHENTIFICATION DES DOCUMENTS P\u00c9DAGOGIQUES<\/h2>\n<p>[su_spacer size=\u00a0\u00bb20&Prime;]<br \/>\n<b>\u00a0<\/b><\/p>\n<ul>\n<li style=\"text-align: justify;\">L\u2019\u00e9tudiant peut demander une copie l\u00e9galis\u00e9e conforme \u00e0 la copie originale de tout document p\u00e9dagogique se trouvant au niveau des services du Vice-Rectorat.<\/li>\n<li style=\"text-align: justify;\">L\u2019authentification des documents p\u00e9dagogiques est une op\u00e9ration purement discr\u00e8te qui se fait suite \u00e0 une demande de l\u2019administration ayant re\u00e7u le document.<\/li>\n<\/ul>\n<p style=\"text-align: justify;\"><b>N.B<\/b>\u00a0: En cas de perte des documents p\u00e9dagogiques, une d\u00e9claration de perte \u00e9tablie au commissariat ou \u00e0 la gendarmerie nationale sera n\u00e9cessaire pour l\u2019obtention d\u2019un duplicata qui ne peut, en aucun cas, \u00eatre renouvel\u00e9.<\/p>\n","protected":false},"excerpt":{"rendered":"<p>Facebook Youtube [su_spacer size=\u00a0\u00bb20&Prime;] L\u00c9GALISATION ET AUTHENTIFICATION DES DOCUMENTS P\u00c9DAGOGIQUES [su_spacer size=\u00a0\u00bb20&Prime;] \u00a0 L\u2019\u00e9tudiant peut demander une copie l\u00e9galis\u00e9e conforme \u00e0 la copie originale de tout document p\u00e9dagogique se trouvant au niveau des services du Vice-Rectorat. L\u2019authentification des documents p\u00e9dagogiques est une op\u00e9ration purement discr\u00e8te qui se fait suite \u00e0 une demande de l\u2019administration ayant [&hellip;]<\/p>\n","protected":false},"author":20,"featured_media":0,"parent":8420,"menu_order":0,"comment_status":"closed","ping_status":"closed","template":"elementor_header_footer","meta":{"_exactmetrics_skip_tracking":false,"_exactmetrics_sitenote_active":false,"_exactmetrics_sitenote_note":"","_exactmetrics_sitenote_category":0,"footnotes":""},"coauthors":[535],"class_list":["post-8442","page","type-page","status-publish","hentry"],"_links":{"self":[{"href":"http:\/\/lagh-univ.dz\/fr\/wp-json\/wp\/v2\/pages\/8442","targetHints":{"allow":["GET"]}}],"collection":[{"href":"http:\/\/lagh-univ.dz\/fr\/wp-json\/wp\/v2\/pages"}],"about":[{"href":"http:\/\/lagh-univ.dz\/fr\/wp-json\/wp\/v2\/types\/page"}],"author":[{"embeddable":true,"href":"http:\/\/lagh-univ.dz\/fr\/wp-json\/wp\/v2\/users\/20"}],"replies":[{"embeddable":true,"href":"http:\/\/lagh-univ.dz\/fr\/wp-json\/wp\/v2\/comments?post=8442"}],"version-history":[{"count":6,"href":"http:\/\/lagh-univ.dz\/fr\/wp-json\/wp\/v2\/pages\/8442\/revisions"}],"predecessor-version":[{"id":70343,"href":"http:\/\/lagh-univ.dz\/fr\/wp-json\/wp\/v2\/pages\/8442\/revisions\/70343"}],"up":[{"embeddable":true,"href":"http:\/\/lagh-univ.dz\/fr\/wp-json\/wp\/v2\/pages\/8420"}],"wp:attachment":[{"href":"http:\/\/lagh-univ.dz\/fr\/wp-json\/wp\/v2\/media?parent=8442"}],"wp:term":[{"taxonomy":"author","embeddable":true,"href":"http:\/\/lagh-univ.dz\/fr\/wp-json\/wp\/v2\/coauthors?post=8442"}],"curies":[{"name":"wp","href":"https:\/\/api.w.org\/{rel}","templated":true}]}}