{"id":8446,"date":"2018-07-12T21:55:34","date_gmt":"2018-07-12T21:55:34","guid":{"rendered":"http:\/\/lagh-univ.dz\/vr-grad-decrets-executives\/"},"modified":"2024-05-06T11:29:51","modified_gmt":"2024-05-06T10:29:51","slug":"vr-grad-decrets-executives","status":"publish","type":"page","link":"http:\/\/lagh-univ.dz\/fr\/vr-grad-vice-rectorat\/vr-grad-decrets-executives\/","title":{"rendered":"VR grad-D\u00e9crets executifs"},"content":{"rendered":"<p dir=\"ltr\"><span style=\"font-family: 'Book Antiqua', Palatino;font-size: 14pt\">D\u00c9CRETS EX\u00c9CUTIFS<\/span><\/p>\n<p dir=\"ltr\"><div class='w3eden'><!-- WPDM Link Template: Default Template ( Old ) -->\n\n\n<div class=\"wpdm-link-template link-template-default\" >\n\n    <div class=\"media\">\n        <div class=\"mr-3\"><img decoding=\"async\" class=\"wpdm_icon\" alt=\"Ic\u00f4ne\"   src=\"http:\/\/lagh-univ.dz\/wp-content\/plugins\/download-manager\/assets\/file-type-icons\/pdf.svg\" \/><\/div>\n        <div class=\"media-body\">\n            <div>\n                <strong class=\"package-title\">D\u00e9cret ex\u00e9cutif n\u00b0 08-265 du 19 ao\u00fbt 2008 portant r\u00e9gime des \u00e9tudes en vue de l\u2019obtention du dipl\u00f4me de licence, du dipl\u00f4me de master et du dipl\u00f4me de doctorat<\/strong> | 0.04 KB\n            <\/div>\n            <a class='wpdm-download-link download-on-click btn btn-primary btn-xs' rel='nofollow' href='#' data-downloadurl=\"http:\/\/lagh-univ.dz\/fr\/download\/decret-executif-n-08-265-du-19-aout-2008-portant-regime-des-etudes-en-vue-de-lobtention-du-diplome-de-licence-du-diplome-de-master-et-du-diplome-de-doctorat\/?wpdmdl=16716&refresh=69e542a1081e61776632481\">T\u00e9l\u00e9charger<\/a>\n        <\/div>\n\n    <\/div>\n    <div style=\"clear: both\"><\/div>\n<\/div>\n<div style=\"clear: both\"><\/div>\n\n<\/div><\/p>\n<p dir=\"ltr\"><div class='w3eden'><!-- WPDM Link Template: Default Template ( Old ) -->\n\n\n<div class=\"wpdm-link-template link-template-default\" >\n\n    <div class=\"media\">\n        <div class=\"mr-3\"><img decoding=\"async\" class=\"wpdm_icon\" alt=\"Ic\u00f4ne\"   src=\"http:\/\/lagh-univ.dz\/wp-content\/plugins\/download-manager\/assets\/file-type-icons\/pdf.svg\" \/><\/div>\n        <div class=\"media-body\">\n            <div>\n                <strong class=\"package-title\">D\u00e9cret ex\u00e9cutif n\u00b0 03-279 du 23 ao\u00fbt 2003 fixant les missions et les r\u00e8gles particuli\u00e8res d'organisation et de fonctionnement de l'universit\u00e9<\/strong> | 0.04 KB\n            <\/div>\n            <a class='wpdm-download-link download-on-click btn btn-primary btn-xs' rel='nofollow' href='#' data-downloadurl=\"http:\/\/lagh-univ.dz\/fr\/download\/decret-executif-n-03-279-du-23-aout-2003-fixant-les-missions-et-les-regles-particulieres-dorganisation-et-de-fonctionnement-de-luniversite\/?wpdmdl=16719&refresh=69e542a10ef491776632481\">T\u00e9l\u00e9charger<\/a>\n        <\/div>\n\n    <\/div>\n    <div style=\"clear: both\"><\/div>\n<\/div>\n<div style=\"clear: both\"><\/div>\n\n<\/div><\/p>\n<p dir=\"ltr\"><div class='w3eden'><!-- WPDM Link Template: Default Template ( Old ) -->\n\n\n<div class=\"wpdm-link-template link-template-default\" >\n\n    <div class=\"media\">\n        <div class=\"mr-3\"><img decoding=\"async\" class=\"wpdm_icon\" alt=\"Ic\u00f4ne\"   src=\"http:\/\/lagh-univ.dz\/wp-content\/plugins\/download-manager\/assets\/file-type-icons\/pdf.svg\" \/><\/div>\n        <div class=\"media-body\">\n            <div>\n                <strong class=\"package-title\">D\u00e9cret ex\u00e9cutif n\u00b0 13-306 du 31 ao\u00fbt 2013 portant organisation des stages pratiques et en milieu professionnel \u00e0 l\u2019intention des \u00e9tudiants<\/strong> | 0.04 KB\n            <\/div>\n            <a class='wpdm-download-link download-on-click btn btn-primary btn-xs' rel='nofollow' href='#' data-downloadurl=\"http:\/\/lagh-univ.dz\/fr\/download\/decret-executif-n-13-306-du-31-aout-2013-portant-organisation-des-stages-pratiques-et-en-milieu-professionnel-a-lintention-des-etudiants\/?wpdmdl=16722&refresh=69e542a115d361776632481\">T\u00e9l\u00e9charger<\/a>\n        <\/div>\n\n    <\/div>\n    <div style=\"clear: both\"><\/div>\n<\/div>\n<div style=\"clear: both\"><\/div>\n\n<\/div><\/p>\n<p dir=\"ltr\"><div class='w3eden'><!-- WPDM Link Template: Default Template ( Old ) -->\n\n\n<div class=\"wpdm-link-template link-template-default\" >\n\n    <div class=\"media\">\n        <div class=\"mr-3\"><img decoding=\"async\" class=\"wpdm_icon\" alt=\"Ic\u00f4ne\"   src=\"http:\/\/lagh-univ.dz\/wp-content\/plugins\/download-manager\/assets\/file-type-icons\/pdf.svg\" \/><\/div>\n        <div class=\"media-body\">\n            <div>\n                <strong class=\"package-title\">D\u00e9cret ex\u00e9cutif n\u00b0 08-130 du 3 mai 2008 portant statut particulier de l\u0092enseignant chercheur<\/strong> | 0.04 KB\n            <\/div>\n            <a class='wpdm-download-link download-on-click btn btn-primary btn-xs' rel='nofollow' href='#' data-downloadurl=\"http:\/\/lagh-univ.dz\/fr\/download\/decret-executif-n-08-130-du-3-mai-2008-portant-statut-particulier-de-l%c2%92enseignant-chercheur\/?wpdmdl=16724&refresh=69e542a11cc0e1776632481\">T\u00e9l\u00e9charger<\/a>\n        <\/div>\n\n    <\/div>\n    <div style=\"clear: both\"><\/div>\n<\/div>\n<div style=\"clear: both\"><\/div>\n\n<\/div><\/p>\n<p dir=\"ltr\"><a href=\"http:\/\/lagh-univ.dz\/wp-content\/uploads\/2024\/05\/Decret-Regime-des-etudes-ES-2022-Fr.pdf\" class=\"pdfemb-viewer\" style=\"\" data-width=\"max\" data-height=\"max\" data-mobile-width=\"500\"  data-scrollbar=\"vertical\" data-download=\"on\" data-tracking=\"on\" data-newwindow=\"on\" data-pagetextbox=\"off\" data-scrolltotop=\"off\" data-startzoom=\"100\" data-startfpzoom=\"100\" data-toolbar=\"both\" data-toolbar-fixed=\"on\">D\u00e9cret R\u00e9gime des \u00e9tudes ES-2022-Fr<br\/><\/a><\/p>\n","protected":false},"excerpt":{"rendered":"<p>D\u00c9CRETS EX\u00c9CUTIFS<\/p>\n","protected":false},"author":20,"featured_media":0,"parent":8420,"menu_order":0,"comment_status":"closed","ping_status":"closed","template":"elementor_header_footer","meta":{"_exactmetrics_skip_tracking":false,"_exactmetrics_sitenote_active":false,"_exactmetrics_sitenote_note":"","_exactmetrics_sitenote_category":0,"footnotes":""},"coauthors":[535],"class_list":["post-8446","page","type-page","status-publish","hentry"],"_links":{"self":[{"href":"http:\/\/lagh-univ.dz\/fr\/wp-json\/wp\/v2\/pages\/8446","targetHints":{"allow":["GET"]}}],"collection":[{"href":"http:\/\/lagh-univ.dz\/fr\/wp-json\/wp\/v2\/pages"}],"about":[{"href":"http:\/\/lagh-univ.dz\/fr\/wp-json\/wp\/v2\/types\/page"}],"author":[{"embeddable":true,"href":"http:\/\/lagh-univ.dz\/fr\/wp-json\/wp\/v2\/users\/20"}],"replies":[{"embeddable":true,"href":"http:\/\/lagh-univ.dz\/fr\/wp-json\/wp\/v2\/comments?post=8446"}],"version-history":[{"count":12,"href":"http:\/\/lagh-univ.dz\/fr\/wp-json\/wp\/v2\/pages\/8446\/revisions"}],"predecessor-version":[{"id":59095,"href":"http:\/\/lagh-univ.dz\/fr\/wp-json\/wp\/v2\/pages\/8446\/revisions\/59095"}],"up":[{"embeddable":true,"href":"http:\/\/lagh-univ.dz\/fr\/wp-json\/wp\/v2\/pages\/8420"}],"wp:attachment":[{"href":"http:\/\/lagh-univ.dz\/fr\/wp-json\/wp\/v2\/media?parent=8446"}],"wp:term":[{"taxonomy":"author","embeddable":true,"href":"http:\/\/lagh-univ.dz\/fr\/wp-json\/wp\/v2\/coauthors?post=8446"}],"curies":[{"name":"wp","href":"https:\/\/api.w.org\/{rel}","templated":true}]}}