{"id":8450,"date":"2018-07-12T21:56:04","date_gmt":"2018-07-12T21:56:04","guid":{"rendered":"http:\/\/lagh-univ.dz\/vr-grad-formations\/"},"modified":"2024-05-08T16:26:20","modified_gmt":"2024-05-08T15:26:20","slug":"vr-grad-formations","status":"publish","type":"page","link":"http:\/\/lagh-univ.dz\/fr\/vr-grad-vice-rectorat\/vr-grad-formations\/","title":{"rendered":"VR grad-Formations"},"content":{"rendered":"<p>&nbsp;<\/p>\n<p>&nbsp;<\/p>\n<p>&nbsp;<\/p>\n<p>&nbsp;<\/p>\n<p style=\"text-align: center\"><span style=\"color: #339966\"><strong><span style=\"font-size: 18pt\">I- Organisation de la formation de premier et deuxi\u00e8me cycles<\/span><\/strong><\/span><\/p>\n<p>&nbsp;<\/p>\n<p><a href=\"http:\/\/lagh-univ.dz\/wp-content\/uploads\/2024\/05\/OF-FR1-1.png\"><img fetchpriority=\"high\" decoding=\"async\" class=\"aligncenter size-large wp-image-59327\" src=\"http:\/\/lagh-univ.dz\/wp-content\/uploads\/2024\/05\/OF-FR1-1-1024x750.png\" alt=\"\" width=\"1024\" height=\"750\" srcset=\"http:\/\/lagh-univ.dz\/wp-content\/uploads\/2024\/05\/OF-FR1-1-1024x750.png 1024w, http:\/\/lagh-univ.dz\/wp-content\/uploads\/2024\/05\/OF-FR1-1-300x220.png 300w, http:\/\/lagh-univ.dz\/wp-content\/uploads\/2024\/05\/OF-FR1-1-768x562.png 768w, http:\/\/lagh-univ.dz\/wp-content\/uploads\/2024\/05\/OF-FR1-1.png 1461w\" sizes=\"(max-width: 1024px) 100vw, 1024px\" \/><\/a><\/p>\n<p>&nbsp;<\/p>\n<p style=\"text-align: center\"><span style=\"font-size: 18pt\"><strong><span style=\"color: #339966\">II- Terminologies employ\u00e9es dans les offres formation<\/span><\/strong><\/span><\/p>\n<p>&nbsp;<\/p>\n<p><a href=\"http:\/\/lagh-univ.dz\/wp-content\/uploads\/2024\/05\/OF-FR2.png\"><img decoding=\"async\" class=\"aligncenter size-large wp-image-59315\" src=\"http:\/\/lagh-univ.dz\/wp-content\/uploads\/2024\/05\/OF-FR2-1024x705.png\" alt=\"\" width=\"1024\" height=\"705\" srcset=\"http:\/\/lagh-univ.dz\/wp-content\/uploads\/2024\/05\/OF-FR2-1024x705.png 1024w, http:\/\/lagh-univ.dz\/wp-content\/uploads\/2024\/05\/OF-FR2-300x206.png 300w, http:\/\/lagh-univ.dz\/wp-content\/uploads\/2024\/05\/OF-FR2-768x528.png 768w, http:\/\/lagh-univ.dz\/wp-content\/uploads\/2024\/05\/OF-FR2.png 1401w\" sizes=\"(max-width: 1024px) 100vw, 1024px\" \/><\/a><\/p>\n<p><a href=\"http:\/\/lagh-univ.dz\/wp-content\/uploads\/2024\/05\/OF-FR3.png\"><img decoding=\"async\" class=\"aligncenter size-large wp-image-59318\" src=\"http:\/\/lagh-univ.dz\/wp-content\/uploads\/2024\/05\/OF-FR3-1024x711.png\" alt=\"\" width=\"1024\" height=\"711\" srcset=\"http:\/\/lagh-univ.dz\/wp-content\/uploads\/2024\/05\/OF-FR3-1024x711.png 1024w, http:\/\/lagh-univ.dz\/wp-content\/uploads\/2024\/05\/OF-FR3-300x208.png 300w, http:\/\/lagh-univ.dz\/wp-content\/uploads\/2024\/05\/OF-FR3-768x533.png 768w, http:\/\/lagh-univ.dz\/wp-content\/uploads\/2024\/05\/OF-FR3.png 1438w\" sizes=\"(max-width: 1024px) 100vw, 1024px\" \/><\/a><\/p>\n<p><a href=\"http:\/\/lagh-univ.dz\/wp-content\/uploads\/2024\/05\/OF-FR4.png\"><img loading=\"lazy\" decoding=\"async\" class=\"aligncenter size-large wp-image-59321\" src=\"http:\/\/lagh-univ.dz\/wp-content\/uploads\/2024\/05\/OF-FR4-1024x589.png\" alt=\"\" width=\"1024\" height=\"589\" srcset=\"http:\/\/lagh-univ.dz\/wp-content\/uploads\/2024\/05\/OF-FR4-1024x589.png 1024w, http:\/\/lagh-univ.dz\/wp-content\/uploads\/2024\/05\/OF-FR4-300x172.png 300w, http:\/\/lagh-univ.dz\/wp-content\/uploads\/2024\/05\/OF-FR4-768x442.png 768w, http:\/\/lagh-univ.dz\/wp-content\/uploads\/2024\/05\/OF-FR4.png 1449w\" sizes=\"(max-width: 1024px) 100vw, 1024px\" \/><\/a><\/p>\n<p><a href=\"http:\/\/lagh-univ.dz\/wp-content\/uploads\/2024\/05\/OF-FR5.png\"><img loading=\"lazy\" decoding=\"async\" class=\"aligncenter size-large wp-image-59324\" src=\"http:\/\/lagh-univ.dz\/wp-content\/uploads\/2024\/05\/OF-FR5-1024x667.png\" alt=\"\" width=\"1024\" height=\"667\" srcset=\"http:\/\/lagh-univ.dz\/wp-content\/uploads\/2024\/05\/OF-FR5-1024x667.png 1024w, http:\/\/lagh-univ.dz\/wp-content\/uploads\/2024\/05\/OF-FR5-300x195.png 300w, http:\/\/lagh-univ.dz\/wp-content\/uploads\/2024\/05\/OF-FR5-768x500.png 768w, http:\/\/lagh-univ.dz\/wp-content\/uploads\/2024\/05\/OF-FR5.png 1425w\" sizes=\"(max-width: 1024px) 100vw, 1024px\" \/><\/a><\/p>\n<p>&nbsp;<\/p>\n<p>&nbsp;<\/p>\n<p style=\"text-align: center\"><span style=\"font-size: 18pt;font-family: Tahoma, Arial, Helvetica, sans-serif\"><span style=\"color: #339966\"><b>III- Syllabus des cours dispens\u00e9s en licence et en master \u00e0 l&rsquo;Universit\u00e9 de Laghouat<\/b><\/span><\/span><\/p>\n<p>&nbsp;<\/p>\n<p style=\"text-align: center\"><span style=\"font-size: 14pt\"><strong><a href=\"http:\/\/lagh-univ.dz\/wp-content\/uploads\/2023\/06\/syllabus%20des%20cours%20en%20ligne-20230625T135018Z-001.zip\">http:\/\/lagh-univ.dz\/wp-content\/uploads\/2023\/06\/syllabus%20des%20cours%20en%20ligne-20230625T135018Z-001.zip<\/a><\/strong><\/span><\/p>\n<p>&nbsp;<\/p>\n<p>&nbsp;<\/p>\n","protected":false},"excerpt":{"rendered":"<p>&nbsp; &nbsp; &nbsp; &nbsp; I- Organisation de la formation de premier et deuxi\u00e8me cycles &nbsp; &nbsp; II- Terminologies employ\u00e9es dans les offres formation &nbsp; &nbsp; &nbsp; III- Syllabus des cours dispens\u00e9s en licence et en master \u00e0 l&rsquo;Universit\u00e9 de Laghouat &nbsp; http:\/\/lagh-univ.dz\/wp-content\/uploads\/2023\/06\/syllabus%20des%20cours%20en%20ligne-20230625T135018Z-001.zip &nbsp; &nbsp;<\/p>\n","protected":false},"author":20,"featured_media":0,"parent":8420,"menu_order":0,"comment_status":"closed","ping_status":"closed","template":"elementor_header_footer","meta":{"_exactmetrics_skip_tracking":false,"_exactmetrics_sitenote_active":false,"_exactmetrics_sitenote_note":"","_exactmetrics_sitenote_category":0,"footnotes":""},"coauthors":[535],"class_list":["post-8450","page","type-page","status-publish","hentry"],"_links":{"self":[{"href":"http:\/\/lagh-univ.dz\/fr\/wp-json\/wp\/v2\/pages\/8450","targetHints":{"allow":["GET"]}}],"collection":[{"href":"http:\/\/lagh-univ.dz\/fr\/wp-json\/wp\/v2\/pages"}],"about":[{"href":"http:\/\/lagh-univ.dz\/fr\/wp-json\/wp\/v2\/types\/page"}],"author":[{"embeddable":true,"href":"http:\/\/lagh-univ.dz\/fr\/wp-json\/wp\/v2\/users\/20"}],"replies":[{"embeddable":true,"href":"http:\/\/lagh-univ.dz\/fr\/wp-json\/wp\/v2\/comments?post=8450"}],"version-history":[{"count":11,"href":"http:\/\/lagh-univ.dz\/fr\/wp-json\/wp\/v2\/pages\/8450\/revisions"}],"predecessor-version":[{"id":59333,"href":"http:\/\/lagh-univ.dz\/fr\/wp-json\/wp\/v2\/pages\/8450\/revisions\/59333"}],"up":[{"embeddable":true,"href":"http:\/\/lagh-univ.dz\/fr\/wp-json\/wp\/v2\/pages\/8420"}],"wp:attachment":[{"href":"http:\/\/lagh-univ.dz\/fr\/wp-json\/wp\/v2\/media?parent=8450"}],"wp:term":[{"taxonomy":"author","embeddable":true,"href":"http:\/\/lagh-univ.dz\/fr\/wp-json\/wp\/v2\/coauthors?post=8450"}],"curies":[{"name":"wp","href":"https:\/\/api.w.org\/{rel}","templated":true}]}}