{"id":8494,"date":"2018-07-13T18:40:05","date_gmt":"2018-07-13T18:40:05","guid":{"rendered":"http:\/\/lagh-univ.dz\/vrr-vice-rectorat\/"},"modified":"2019-11-03T13:45:05","modified_gmt":"2019-11-03T15:45:05","slug":"vrr-vice-rectorat","status":"publish","type":"page","link":"http:\/\/lagh-univ.dz\/fr\/vrr-presentation\/vrr-vice-rectorat\/","title":{"rendered":"VRR-Vice rectorat"},"content":{"rendered":"<div class=\"contentpaneopen_heading\">\n<div><\/div>\n<\/div>\n<div class=\"s5_contentwrapper\">\n<div dir=\"ltr\">\n<h2><span style=\"font-family: 'Book Antiqua', Palatino\"><b>Cr\u00e9ation\u00a0<\/b><b>:<\/b><\/span><\/h2>\n<p><span style=\"font-family: 'Book Antiqua', Palatino;font-size: 14pt\">Conform\u00e9ment au D\u00e9cret ex\u00e9cutif n\u00b010-198 du 15 Ramadhan 1431 correspondant au 25 aout 2010 modifiant et compl\u00e9tant le d\u00e9cret ex\u00e9cutif n\u00b0 01-270 du 30 Joumada\u00a0 Ethania 1422 correspondant au 18 septembre 2001 portant cr\u00e9ation de l\u2019Universit\u00e9 de Laghouat,\u00a0 ainsi que l\u2019article 25 du d\u00e9cret ex\u00e9cutif n\u00b0 03-279 du 24 Joumada Ethania 1424 correspondant au 23 aout 2003\u00a0, modifi\u00e9 et compl\u00e9t\u00e9, susvis\u00e9, le rectorat de l\u2019universit\u00e9 comprend,\u00a0(04) vice-rectorats dont le\u00a0<b>V<\/b>ice\u00a0<b>R<\/b>ectorat charg\u00e9\u00a0<strong>des Relations Ext\u00e9rieures, la Coop\u00e9ration, de l&rsquo;Animation et la Communication et des Manifestations Scientifiques (VRRE).<\/strong><b>\u00a0\u00a0<\/b><\/span><\/p>\n<p><span style=\"font-family: 'Book Antiqua', Palatino;font-size: 14pt\"><b>Organisation administrative<\/b><b>\u00a0<\/b><b><\/b><b><\/b><\/span><\/p>\n<p><span style=\"font-size: 14pt\"><span style=\"font-family: 'Book Antiqua', Palatino\">Le Vice Recteur\u00a0:\u00a0<b>Dr. DADOUNE Messaoud<img decoding=\"async\" class=\"alignright\" src=\"https:\/\/static.wixstatic.com\/media\/eeb9a0_9a51b9ae8ff84e54b6f53a9e70571f0c.jpg\/v1\/fill\/w_209,h_209,al_c,q_80,usm_0.66_1.00_0.01\/eeb9a0_9a51b9ae8ff84e54b6f53a9e70571f0c.webp\" alt=\"\" \/><\/b><\/span><\/span><\/p>\n<p><span style=\"font-size: 14pt\"><span style=\"font-family: 'Book Antiqua', Palatino\">Tel\/Fax\u00a0:\u00a0<strong>029 14 54 29<\/strong>\u00a0<strong>\u00a0\u00a0 \u00a0 \u00a0 \u00a0 \u00a0 \u00a0\u00a0<\/strong><\/span><\/span><\/p>\n<p><span style=\"font-family: 'Book Antiqua', Palatino;font-size: 14pt\"><strong>\u00a0 \u00a0 \u00a0 \u00a0 \u00a0 \u00a0 \u00a0 \u00a0 029\u00a014\u00a054 42<\/strong><\/span><\/p>\n<p><span style=\"font-family: 'Book Antiqua', Palatino;font-size: 14pt\">Poste<strong>\u00a0: 106<\/strong><\/span><\/p>\n<p><span style=\"font-family: 'Book Antiqua', Palatino;font-size: 14pt\">Email :<b>\u00a0<\/b> <span style=\"font-family: arabic-kufi\"><strong>m.dadoune@lagh-univ.dz<\/strong><\/span><\/span><\/p>\n<\/div>\n<\/div>\n<p>&nbsp;<\/p>\n<p>&nbsp;<\/p>\n","protected":false},"excerpt":{"rendered":"<p>Cr\u00e9ation\u00a0: Conform\u00e9ment au D\u00e9cret ex\u00e9cutif n\u00b010-198 du 15 Ramadhan 1431 correspondant au 25 aout 2010 modifiant et compl\u00e9tant le d\u00e9cret ex\u00e9cutif n\u00b0 01-270 du 30 Joumada\u00a0 Ethania 1422 correspondant au 18 septembre 2001 portant cr\u00e9ation de l\u2019Universit\u00e9 de Laghouat,\u00a0 ainsi que l\u2019article 25 du d\u00e9cret ex\u00e9cutif n\u00b0 03-279 du 24 Joumada Ethania 1424 correspondant au [&hellip;]<\/p>\n","protected":false},"author":3,"featured_media":0,"parent":8496,"menu_order":0,"comment_status":"closed","ping_status":"closed","template":"elementor_header_footer","meta":{"_exactmetrics_skip_tracking":false,"_exactmetrics_sitenote_active":false,"_exactmetrics_sitenote_note":"","_exactmetrics_sitenote_category":0,"footnotes":""},"coauthors":[216],"class_list":["post-8494","page","type-page","status-publish","hentry"],"_links":{"self":[{"href":"http:\/\/lagh-univ.dz\/fr\/wp-json\/wp\/v2\/pages\/8494","targetHints":{"allow":["GET"]}}],"collection":[{"href":"http:\/\/lagh-univ.dz\/fr\/wp-json\/wp\/v2\/pages"}],"about":[{"href":"http:\/\/lagh-univ.dz\/fr\/wp-json\/wp\/v2\/types\/page"}],"author":[{"embeddable":true,"href":"http:\/\/lagh-univ.dz\/fr\/wp-json\/wp\/v2\/users\/3"}],"replies":[{"embeddable":true,"href":"http:\/\/lagh-univ.dz\/fr\/wp-json\/wp\/v2\/comments?post=8494"}],"version-history":[{"count":5,"href":"http:\/\/lagh-univ.dz\/fr\/wp-json\/wp\/v2\/pages\/8494\/revisions"}],"predecessor-version":[{"id":16645,"href":"http:\/\/lagh-univ.dz\/fr\/wp-json\/wp\/v2\/pages\/8494\/revisions\/16645"}],"up":[{"embeddable":true,"href":"http:\/\/lagh-univ.dz\/fr\/wp-json\/wp\/v2\/pages\/8496"}],"wp:attachment":[{"href":"http:\/\/lagh-univ.dz\/fr\/wp-json\/wp\/v2\/media?parent=8494"}],"wp:term":[{"taxonomy":"author","embeddable":true,"href":"http:\/\/lagh-univ.dz\/fr\/wp-json\/wp\/v2\/coauthors?post=8494"}],"curies":[{"name":"wp","href":"https:\/\/api.w.org\/{rel}","templated":true}]}}