{"id":8502,"date":"2018-07-13T18:41:34","date_gmt":"2018-07-13T18:41:34","guid":{"rendered":"http:\/\/lagh-univ.dz\/vrr-service-de-lanimation-de-la-communication-et-des-manifestations-scientifiques\/"},"modified":"2025-11-02T14:38:42","modified_gmt":"2025-11-02T13:38:42","slug":"vrr-service-de-lanimation-de-la-communication-et-des-manifestations-scientifiques","status":"publish","type":"page","link":"http:\/\/lagh-univ.dz\/fr\/vrr-presentation\/vrr-service-de-lanimation-de-la-communication-et-des-manifestations-scientifiques\/","title":{"rendered":"\u0645\u0635\u0644\u062d\u0629 \u0627\u0644\u062a\u0646\u0634\u064a\u0637 \u0648 \u0627\u0644\u0627\u062a\u0635\u0627\u0644 \u0648 \u0627\u0644\u062a\u0638\u0627\u0647\u0631\u0627\u062a \u0627\u0644\u0639\u0644\u0645\u064a\u0629"},"content":{"rendered":"<p><a href=\"http:\/\/lagh-univ.dz\/\"><br \/>\n\t\t\t\t\t\t\t<img decoding=\"async\" width=\"396\" height=\"75\" src=\"http:\/\/lagh-univ.dz\/wp-content\/uploads\/2025\/11\/s5_logo-1.png\" alt=\"\" srcset=\"http:\/\/lagh-univ.dz\/wp-content\/uploads\/2025\/11\/s5_logo-1.png 396w, http:\/\/lagh-univ.dz\/wp-content\/uploads\/2025\/11\/s5_logo-1-300x57.png 300w\" sizes=\"(max-width: 396px) 100vw, 396px\" \/>\t\t\t\t\t\t\t\t<\/a><br \/>\n\t\t\t\t\t<a href=\"https:\/\/www.facebook.com\/laghuniv.dz\" target=\"_blank\"><br \/>\n\t\t\t\t\t\tFacebook<br \/>\n\t\t\t\t\t\t\t\t\t\t\t<\/a><br \/>\n\t\t\t\t\t<a href=\"https:\/\/www.youtube.com\/@universite_de_laghouat\" target=\"_blank\"><br \/>\n\t\t\t\t\t\tYoutube<br \/>\n\t\t\t\t\t\t\t\t\t\t\t<\/a><\/p>\n<h2 style=\"text-align: center;\">SERVICE DE L\u2019ANIMATION ET DE LA COMMUNICATION ET DES MANIFESTATIONS SCIENTIFIQUES<\/h2>\n<p><b>Chef de s\u00e9rvice : Hadbaoui Abdelhamid<\/b><br \/>\n<b>\u00a0<\/b><\/p>\n<pre>Le\u00a0<b>S<\/b>ervice de l\u2019<b>A<\/b>nimation et de la\u00a0<b>C<\/b>ommunication et des\u00a0\u00a0<b>M<\/b>anifestations\u00a0<b>S<\/b>cientifiq<wbr \/>ues est charg\u00e9 de\u00a0:<\/pre>\n<pre>-\u00a0\u00a0Veiller sur l\u2019organisation de toute manifestation scientifique \u00e0 l\u2019Universit\u00e9 de Laghouat,<\/pre>\n<pre>-\u00a0\u00a0Initier des actions d\u2019animation,<\/pre>\n<pre>-\u00a0\u00a0Organiser et suivre les stages de formation \u00e0 l\u2019\u00e9tranger,<\/pre>\n<pre>-\u00a0\u00a0Informer l\u2019ensemble des enseignants, des \u00e9tudiants et du personnel administratif et technique des \u00e9v\u00e9nements<\/pre><\/p>\n","protected":false},"excerpt":{"rendered":"<p>Facebook Youtube SERVICE DE L\u2019ANIMATION ET DE LA COMMUNICATION ET DES MANIFESTATIONS SCIENTIFIQUES Chef de s\u00e9rvice : Hadbaoui Abdelhamid \u00a0 Le\u00a0Service de l\u2019Animation et de la\u00a0Communication et des\u00a0\u00a0Manifestations\u00a0Scientifiques est charg\u00e9 de\u00a0: &#8211;\u00a0\u00a0Veiller sur l\u2019organisation de toute manifestation scientifique \u00e0 l\u2019Universit\u00e9 de Laghouat, &#8211;\u00a0\u00a0Initier des actions d\u2019animation, &#8211;\u00a0\u00a0Organiser et suivre les stages de formation \u00e0 l\u2019\u00e9tranger, [&hellip;]<\/p>\n","protected":false},"author":3,"featured_media":0,"parent":8496,"menu_order":0,"comment_status":"closed","ping_status":"closed","template":"elementor_header_footer","meta":{"_exactmetrics_skip_tracking":false,"_exactmetrics_sitenote_active":false,"_exactmetrics_sitenote_note":"","_exactmetrics_sitenote_category":0,"footnotes":""},"coauthors":[216],"class_list":["post-8502","page","type-page","status-publish","hentry"],"_links":{"self":[{"href":"http:\/\/lagh-univ.dz\/fr\/wp-json\/wp\/v2\/pages\/8502","targetHints":{"allow":["GET"]}}],"collection":[{"href":"http:\/\/lagh-univ.dz\/fr\/wp-json\/wp\/v2\/pages"}],"about":[{"href":"http:\/\/lagh-univ.dz\/fr\/wp-json\/wp\/v2\/types\/page"}],"author":[{"embeddable":true,"href":"http:\/\/lagh-univ.dz\/fr\/wp-json\/wp\/v2\/users\/3"}],"replies":[{"embeddable":true,"href":"http:\/\/lagh-univ.dz\/fr\/wp-json\/wp\/v2\/comments?post=8502"}],"version-history":[{"count":13,"href":"http:\/\/lagh-univ.dz\/fr\/wp-json\/wp\/v2\/pages\/8502\/revisions"}],"predecessor-version":[{"id":70045,"href":"http:\/\/lagh-univ.dz\/fr\/wp-json\/wp\/v2\/pages\/8502\/revisions\/70045"}],"up":[{"embeddable":true,"href":"http:\/\/lagh-univ.dz\/fr\/wp-json\/wp\/v2\/pages\/8496"}],"wp:attachment":[{"href":"http:\/\/lagh-univ.dz\/fr\/wp-json\/wp\/v2\/media?parent=8502"}],"wp:term":[{"taxonomy":"author","embeddable":true,"href":"http:\/\/lagh-univ.dz\/fr\/wp-json\/wp\/v2\/coauthors?post=8502"}],"curies":[{"name":"wp","href":"https:\/\/api.w.org\/{rel}","templated":true}]}}