{"id":8508,"date":"2018-07-13T18:42:49","date_gmt":"2018-07-13T18:42:49","guid":{"rendered":"http:\/\/lagh-univ.dz\/vrr-perf-enseignants\/"},"modified":"2025-11-02T14:39:10","modified_gmt":"2025-11-02T13:39:10","slug":"vrr-perf-enseignants","status":"publish","type":"page","link":"http:\/\/lagh-univ.dz\/fr\/vrr-presentation\/vrr-perf-enseignants\/","title":{"rendered":"\u062a\u062f\u0627\u0631\u064a\u0628 \u062a\u062d\u0633\u064a\u0646 \u0627\u0644\u0645\u0633\u062a\u0648\u0649 \u0628\u0627\u0644\u062e\u0627\u0631\u062c"},"content":{"rendered":"<p><a href=\"http:\/\/lagh-univ.dz\/\"><br \/>\n\t\t\t\t\t\t\t<img decoding=\"async\" width=\"396\" height=\"75\" src=\"http:\/\/lagh-univ.dz\/wp-content\/uploads\/2025\/11\/s5_logo-1.png\" alt=\"\" srcset=\"http:\/\/lagh-univ.dz\/wp-content\/uploads\/2025\/11\/s5_logo-1.png 396w, http:\/\/lagh-univ.dz\/wp-content\/uploads\/2025\/11\/s5_logo-1-300x57.png 300w\" sizes=\"(max-width: 396px) 100vw, 396px\" \/>\t\t\t\t\t\t\t\t<\/a><br \/>\n\t\t\t\t\t<a href=\"https:\/\/www.facebook.com\/laghuniv.dz\" target=\"_blank\"><br \/>\n\t\t\t\t\t\tFacebook<br \/>\n\t\t\t\t\t\t\t\t\t\t\t<\/a><br \/>\n\t\t\t\t\t<a href=\"https:\/\/www.youtube.com\/@universite_de_laghouat\" target=\"_blank\"><br \/>\n\t\t\t\t\t\tYoutube<br \/>\n\t\t\t\t\t\t\t\t\t\t\t<\/a><br \/>\n\t\t&nbsp;<\/p>\n<h2 style=\"text-align: center\"><strong>ENSEIGNANTS<\/strong><\/h2>\n<p>&nbsp;<\/p>\n<p dir=\"ltr\"><strong>Pr\u00e9ambule\u00a0<\/strong><\/p>\n<p dir=\"ltr\" style=\"text-align: justify\">Des stages de perfectionnement peuvent \u00eatre accord\u00e9s\u00a0 \u00e0 concurrence des cr\u00e9dits budg\u00e9taires ouverts \u00e0 ce titre au sein de l\u2019universit\u00e9 Amar Telidji de Laghouat, apr\u00e8s avis du conseil scientifique au profit des enseignants chercheurs justifiant d\u2019une inscription en doctorat, et les \u00e9tudiants non salari\u00e9s inscrits en doctorat , en 2\u00e9me\u00a0\u00a0 ann\u00e9e master ou magister\u00a0 conform\u00e9ment \u00e0 l\u2019article 36 de d\u00e9cret pr\u00e9sidentiel n\u00b014-196 du\u00a0 06 juillet 2014 portant organisation et gestion de la formation et de perfectionnement \u00e0 l\u2019\u00e9tranger . Le vice rectorat charg\u00e9 des Relations Ext\u00e9rieures proc\u00e8de au lancement de la session des stages aupr\u00e8s de toutes les facult\u00e9s et instituts de l\u2019universit\u00e9. Les enseignants et les \u00e9tudiants non salari\u00e9s inscrits en doctorat\u00a0 peuvent b\u00e9n\u00e9ficier d\u2019une participation \u00e0 des manifestations scientifiques d\u2019une dur\u00e9e n\u2019exc\u00e9dant pas sept (07) jours, pour la participation aux s\u00e9minaires et congr\u00e8s scientifiques s\u2019ils justifient d\u2019une invitation \u00e0 communiquer dans le cadre d\u2019un\u00a0 s\u00e9minaires ou congr\u00e8s scientifique \u00e0 caract\u00e8re international. Des s\u00e9jours scientifiques de haut niveau de courte dur\u00e9e sont organis\u00e9s \u00e0 l\u2019intention des enseignants chercheurs de rang magistral. L\u2019enseignant b\u00e9n\u00e9ficiant d\u2019un stage doit remettre son dossier de retour \u00e0 la fin de son stage au niveau du service concern\u00e9 de sa facult\u00e9. Une copie est imm\u00e9diatement transmise au vice rectorat charg\u00e9 des Relations Ext\u00e9rieures.<\/p>\n<p dir=\"ltr\">\n<h3 style=\"text-align: left\"><strong>Dossier de perfectionnement \u00e0 l\u2019\u00e9tranger<\/strong><\/h3>\n<p>&nbsp;<\/p>\n<p dir=\"ltr\">Stage de Perfectionnement \u00e0 l\u2019Etranger<\/p>\n<p dir=\"ltr\">\u00a0\u062a\u062f\u0627\u0631\u064a\u0628 \u062a\u062d\u0633\u064a\u0646 \u0627\u0644\u0645\u0633\u062a\u0648\u0649 \u0628\u0627\u0644\u062e\u0627\u0631\u062c\u00a0<\/p>\n<p dir=\"ltr\">Participation \u00e0 des Manifestations Scientifiques<\/p>\n<p dir=\"ltr\">\u0627\u0644\u0645\u0634\u0627\u0631\u0643\u0629 \u0641\u064a \u062a\u0638\u0627\u0647\u0631\u0629 \u0639\u0644\u0645\u064a\u0629<\/p>\n<p dir=\"ltr\">S\u00e9jour Scientifique de Haut Niveau<\/p>\n<p dir=\"ltr\">\u0627\u0642\u0627\u0645\u0629 \u0639\u0644\u0645\u064a\u0629 \u0630\u0627\u062a \u0645\u0633\u062a\u0648\u0649 \u0639\u0627\u0644\u064a<\/p>\n<p>&nbsp;<\/p>\n","protected":false},"excerpt":{"rendered":"<p>Facebook Youtube &nbsp; ENSEIGNANTS &nbsp; Pr\u00e9ambule\u00a0 Des stages de perfectionnement peuvent \u00eatre accord\u00e9s\u00a0 \u00e0 concurrence des cr\u00e9dits budg\u00e9taires ouverts \u00e0 ce titre au sein de l\u2019universit\u00e9 Amar Telidji de Laghouat, apr\u00e8s avis du conseil scientifique au profit des enseignants chercheurs justifiant d\u2019une inscription en doctorat, et les \u00e9tudiants non salari\u00e9s inscrits en doctorat , en [&hellip;]<\/p>\n","protected":false},"author":3,"featured_media":0,"parent":8496,"menu_order":0,"comment_status":"closed","ping_status":"closed","template":"elementor_header_footer","meta":{"_exactmetrics_skip_tracking":false,"_exactmetrics_sitenote_active":false,"_exactmetrics_sitenote_note":"","_exactmetrics_sitenote_category":0,"footnotes":""},"coauthors":[216],"class_list":["post-8508","page","type-page","status-publish","hentry"],"_links":{"self":[{"href":"http:\/\/lagh-univ.dz\/fr\/wp-json\/wp\/v2\/pages\/8508","targetHints":{"allow":["GET"]}}],"collection":[{"href":"http:\/\/lagh-univ.dz\/fr\/wp-json\/wp\/v2\/pages"}],"about":[{"href":"http:\/\/lagh-univ.dz\/fr\/wp-json\/wp\/v2\/types\/page"}],"author":[{"embeddable":true,"href":"http:\/\/lagh-univ.dz\/fr\/wp-json\/wp\/v2\/users\/3"}],"replies":[{"embeddable":true,"href":"http:\/\/lagh-univ.dz\/fr\/wp-json\/wp\/v2\/comments?post=8508"}],"version-history":[{"count":17,"href":"http:\/\/lagh-univ.dz\/fr\/wp-json\/wp\/v2\/pages\/8508\/revisions"}],"predecessor-version":[{"id":70048,"href":"http:\/\/lagh-univ.dz\/fr\/wp-json\/wp\/v2\/pages\/8508\/revisions\/70048"}],"up":[{"embeddable":true,"href":"http:\/\/lagh-univ.dz\/fr\/wp-json\/wp\/v2\/pages\/8496"}],"wp:attachment":[{"href":"http:\/\/lagh-univ.dz\/fr\/wp-json\/wp\/v2\/media?parent=8508"}],"wp:term":[{"taxonomy":"author","embeddable":true,"href":"http:\/\/lagh-univ.dz\/fr\/wp-json\/wp\/v2\/coauthors?post=8508"}],"curies":[{"name":"wp","href":"https:\/\/api.w.org\/{rel}","templated":true}]}}