{"id":8510,"date":"2018-07-13T18:43:08","date_gmt":"2018-07-13T18:43:08","guid":{"rendered":"http:\/\/lagh-univ.dz\/vrr-perf-etudiants\/"},"modified":"2025-11-02T14:39:18","modified_gmt":"2025-11-02T13:39:18","slug":"vrr-perf-etudiants","status":"publish","type":"page","link":"http:\/\/lagh-univ.dz\/fr\/vrr-presentation\/vrr-perf-etudiants\/","title":{"rendered":"VRR- Perf-Etudiants"},"content":{"rendered":"<p><a href=\"http:\/\/lagh-univ.dz\/\"><br \/>\n\t\t\t\t\t\t\t<img decoding=\"async\" width=\"396\" height=\"75\" src=\"http:\/\/lagh-univ.dz\/wp-content\/uploads\/2025\/11\/s5_logo-1.png\" alt=\"\" srcset=\"http:\/\/lagh-univ.dz\/wp-content\/uploads\/2025\/11\/s5_logo-1.png 396w, http:\/\/lagh-univ.dz\/wp-content\/uploads\/2025\/11\/s5_logo-1-300x57.png 300w\" sizes=\"(max-width: 396px) 100vw, 396px\" \/>\t\t\t\t\t\t\t\t<\/a><br \/>\n\t\t\t\t\t<a href=\"https:\/\/www.facebook.com\/laghuniv.dz\" target=\"_blank\"><br \/>\n\t\t\t\t\t\tFacebook<br \/>\n\t\t\t\t\t\t\t\t\t\t\t<\/a><br \/>\n\t\t\t\t\t<a href=\"https:\/\/www.youtube.com\/@universite_de_laghouat\" target=\"_blank\"><br \/>\n\t\t\t\t\t\tYoutube<br \/>\n\t\t\t\t\t\t\t\t\t\t\t<\/a><\/p>\n<h2 style=\"text-align: center\"><a href=\"http:\/\/lagh-univ.dz\/accueilf\/?page_id=1464\"><br \/>\n<\/a>ETUDIANTS<\/h2>\n<p dir=\"ltr\"><strong><u>Pr\u00e9ambule<\/u><\/strong><\/p>\n<p dir=\"ltr\" style=\"text-align: justify\">Conform\u00e9ment au d\u00e9cret pr\u00e9sidentiel n\u00b014-196 du\u00a0 06 juillet 2014 portant organisation et gestion de la formation et de perfectionnement \u00e0 l\u2019\u00e9tranger, les \u00e9tudiants non salari\u00e9s inscrits en doctorat , en 2 \u00e8me ann\u00e9e master ou magister\u00a0 peuvent b\u00e9n\u00e9ficier de stages de courte dur\u00e9e dans la limite des cr\u00e9dits disponibles au sein de l\u2019universit\u00e9.<\/p>\n<p dir=\"ltr\" style=\"text-align: justify\">Les \u00e9tudiants s\u00e9lectionn\u00e9s par les conseils scientifiques doivent remplir les conditions suivantes\u00a0:<\/p>\n<ul style=\"text-align: justify\">\n<li style=\"text-align: left\">Etre inscrit r\u00e9guli\u00e8rement en\u00a0 formation sup\u00e9rieure,<\/li>\n<li style=\"text-align: left\">Justifier d\u2019un th\u00e8me de recherche vis\u00e9 par l\u2019encadreur et d\u2019un \u00e9ch\u00e9ancier pr\u00e9cis des travaux,<\/li>\n<li style=\"text-align: left\">Justifier d\u2019une lettre d\u2019accueil originale d\u2019une institution de formation universitaire ou de recherche \u00e0 l\u2019\u00e9tranger ou invitation \u00e0 communiquer dans le cadre de participation \u00e0 des manifestations uniquement pour les \u00e9tudiants non salari\u00e9s inscrits en doctorat.<\/li>\n<\/ul>\n<p>&nbsp;<\/p>\n<ul style=\"list-style-type: disc\">\n<li style=\"text-align: justify\"><strong><u>Dossier de perfectionnement \u00e0 l\u2019\u00e9tranger<\/u><\/strong><\/li>\n<\/ul>\n<p style=\"text-align: left\">\u062a\u062f\u0627\u0631\u064a\u0628 \u062a\u062d\u0633\u064a\u0646 \u0627\u0644\u0645\u0633\u062a\u0648\u0649 \u0628\u0627\u0644\u062e\u0627\u0631\u062c \/ \u062f\u0643\u062a\u0648\u0631\u0627\u0647 D-LMD _ \u0645\u0627\u062c\u0633\u062a\u064a\u0631 _\u0645\u0627\u0633\u062a\u0631 _ \u0627\u0644\u0627\u0642\u0627\u0645\u0629 \u0641\u064a \u0627\u0644\u0639\u0644\u0648\u0645 \u0627\u0644\u0637\u0628\u064a\u0629<strong>\u00a0<\/strong><\/p>\n<p dir=\"ltr\"><strong>Stage de Perfectionnement \u00e0 l\u2019\u00e9tranger\/ Doctorat D-LMD_ Magister_Master_ R\u00e9sidanat en sciences m\u00e9dicales\u00a0<\/strong><\/p>\n<p dir=\"rtl\" style=\"text-align: left\">\u0627\u0644\u0645\u0634\u0627\u0631\u0643\u0629 \u0641\u064a \u062a\u0638\u0627\u0647\u0631\u0629 \u0639\u0644\u0645\u064a\u0629 \/ \u0627\u0644\u062f\u0643\u062a\u0648\u0631\u0627\u0647 LMD-D_\u0627\u0644\u0627\u0642\u0627\u0645\u0629 \u0641\u064a \u0627\u0644\u0639\u0644\u0648\u0645 \u0627\u0644\u0637\u0628\u064a\u0629<\/p>\n<p dir=\"ltr\"><strong>Participation \u00e0 des manifestations scientifiques \/ Doctorat D-LMD_ R\u00e9sidanat en sciences m\u00e9dicales\u00a0<\/strong><\/p>\n<p dir=\"ltr\">\n","protected":false},"excerpt":{"rendered":"<p>Facebook Youtube ETUDIANTS Pr\u00e9ambule Conform\u00e9ment au d\u00e9cret pr\u00e9sidentiel n\u00b014-196 du\u00a0 06 juillet 2014 portant organisation et gestion de la formation et de perfectionnement \u00e0 l\u2019\u00e9tranger, les \u00e9tudiants non salari\u00e9s inscrits en doctorat , en 2 \u00e8me ann\u00e9e master ou magister\u00a0 peuvent b\u00e9n\u00e9ficier de stages de courte dur\u00e9e dans la limite des cr\u00e9dits disponibles au sein [&hellip;]<\/p>\n","protected":false},"author":3,"featured_media":0,"parent":8496,"menu_order":0,"comment_status":"closed","ping_status":"closed","template":"elementor_header_footer","meta":{"_exactmetrics_skip_tracking":false,"_exactmetrics_sitenote_active":false,"_exactmetrics_sitenote_note":"","_exactmetrics_sitenote_category":0,"footnotes":""},"coauthors":[216],"class_list":["post-8510","page","type-page","status-publish","hentry"],"_links":{"self":[{"href":"http:\/\/lagh-univ.dz\/fr\/wp-json\/wp\/v2\/pages\/8510","targetHints":{"allow":["GET"]}}],"collection":[{"href":"http:\/\/lagh-univ.dz\/fr\/wp-json\/wp\/v2\/pages"}],"about":[{"href":"http:\/\/lagh-univ.dz\/fr\/wp-json\/wp\/v2\/types\/page"}],"author":[{"embeddable":true,"href":"http:\/\/lagh-univ.dz\/fr\/wp-json\/wp\/v2\/users\/3"}],"replies":[{"embeddable":true,"href":"http:\/\/lagh-univ.dz\/fr\/wp-json\/wp\/v2\/comments?post=8510"}],"version-history":[{"count":18,"href":"http:\/\/lagh-univ.dz\/fr\/wp-json\/wp\/v2\/pages\/8510\/revisions"}],"predecessor-version":[{"id":70051,"href":"http:\/\/lagh-univ.dz\/fr\/wp-json\/wp\/v2\/pages\/8510\/revisions\/70051"}],"up":[{"embeddable":true,"href":"http:\/\/lagh-univ.dz\/fr\/wp-json\/wp\/v2\/pages\/8496"}],"wp:attachment":[{"href":"http:\/\/lagh-univ.dz\/fr\/wp-json\/wp\/v2\/media?parent=8510"}],"wp:term":[{"taxonomy":"author","embeddable":true,"href":"http:\/\/lagh-univ.dz\/fr\/wp-json\/wp\/v2\/coauthors?post=8510"}],"curies":[{"name":"wp","href":"https:\/\/api.w.org\/{rel}","templated":true}]}}