{"id":8516,"date":"2018-07-13T18:44:46","date_gmt":"2018-07-13T18:44:46","guid":{"rendered":"http:\/\/lagh-univ.dz\/vrr-resid-enseignants\/"},"modified":"2025-11-02T14:39:32","modified_gmt":"2025-11-02T13:39:32","slug":"vrr-resid-enseignants","status":"publish","type":"page","link":"http:\/\/lagh-univ.dz\/fr\/vrr-presentation\/vrr-resid-enseignants\/","title":{"rendered":"\u0627\u0644\u062a\u0643\u0648\u064a\u0646 \u0627\u0644\u0627\u0642\u0627\u0645\u064a \u0628\u0627\u0644\u062e\u0627\u0631\u062c &#8211; \u0627\u0644\u0623\u0633\u0627\u062a\u0630\u0629"},"content":{"rendered":"<p><a href=\"http:\/\/lagh-univ.dz\/\"><br \/>\n\t\t\t\t\t\t\t<img decoding=\"async\" width=\"396\" height=\"75\" src=\"http:\/\/lagh-univ.dz\/wp-content\/uploads\/2025\/11\/s5_logo-1.png\" alt=\"\" srcset=\"http:\/\/lagh-univ.dz\/wp-content\/uploads\/2025\/11\/s5_logo-1.png 396w, http:\/\/lagh-univ.dz\/wp-content\/uploads\/2025\/11\/s5_logo-1-300x57.png 300w\" sizes=\"(max-width: 396px) 100vw, 396px\" \/>\t\t\t\t\t\t\t\t<\/a><br \/>\n\t\t\t\t\t<a href=\"https:\/\/www.facebook.com\/laghuniv.dz\" target=\"_blank\"><br \/>\n\t\t\t\t\t\tFacebook<br \/>\n\t\t\t\t\t\t\t\t\t\t\t<\/a><br \/>\n\t\t\t\t\t<a href=\"https:\/\/www.youtube.com\/@universite_de_laghouat\" target=\"_blank\"><br \/>\n\t\t\t\t\t\tYoutube<br \/>\n\t\t\t\t\t\t\t\t\t\t\t<\/a><\/p>\n<h2 style=\"text-align: center\"><strong>ENSEIGNANTS<\/strong><\/h2>\n<p dir=\"ltr\">\u00a0 \u00a0 \u00a0<\/p>\n<p dir=\"ltr\" style=\"text-align: justify\"><b>Pr\u00e9ambule<\/b><\/p>\n<p dir=\"ltr\" style=\"text-align: justify\"><b>\u00a0\u00a0\u00a0\u00a0\u00a0\u00a0\u00a0\u00a0 <\/b>Outre les conditions pr\u00e9vues par l\u2019article 26 et 30 \u00a0du d\u00e9cret pr\u00e9sidentiel n\u00b014-196 du\u00a0 06 juillet 2014 susvis\u00e9, les enseignants chercheurs et les enseignants chercheurs hospitalo-universitaires et les chercheurs permanents inscrit en Alg\u00e9rie pour la pr\u00e9paration d&rsquo;une th\u00e8se de doctorat et dont les \u00e9tudes n\u00e9cessitent d\u2019effectuer des recherches ou des stages \u00e0 l\u2019\u00e9tranger, candidats \u00e0 une formation r\u00e9sidentielle \u00e0 l\u2019\u00e9tranger sont pr\u00e9s\u00e9lectionn\u00e9s apr\u00e8s \u00e9tude \u00a0de dossier par les conseils scientifiques de leurs organismes employeurs, par les commissions organis\u00e9es par les conf\u00e9rences r\u00e9gionales des universit\u00e9s et par la commission technique des \u00e9coles hors universit\u00e9.<\/p>\n<p dir=\"ltr\" style=\"text-align: justify\">Parmi les postulants justifiant :<\/p>\n<p dir=\"ltr\" style=\"text-align: justify\">&#8211; \u00eatre inscrit en th\u00e8se de doctorat en Alg\u00e9rie.<\/p>\n<p dir=\"ltr\" style=\"text-align: justify\">&#8211; justifier d\u2019une anciennet\u00e9 d\u2019une ann\u00e9e de service effectif et \u00eatre titulaire,<\/p>\n<p dir=\"ltr\" style=\"text-align: justify\">&#8211; \u00eatre propos\u00e9 par son \u00e9tablissement apr\u00e8s s\u00e9lection par les organes scientifiques comp\u00e9tents,<\/p>\n<p dir=\"ltr\" style=\"text-align: justify\">&#8211; pr\u00e9senter une lettre d\u2019accueil d\u2019une institution universitaire ou de recherche \u00e9trang\u00e8re reconnue et \u00a0disposant de hautes capacit\u00e9s scientifiques <\/p>\n<p dir=\"ltr\" style=\"text-align: justify\">et technologiques,<\/p>\n<p dir=\"ltr\" style=\"text-align: justify\">&#8211; pr\u00e9senter un programme d\u2019\u00e9tudes et de recherche pour la p\u00e9riode de formation \u00e0 l\u2019\u00e9tranger, vis\u00e9 par son directeur de th\u00e8se.<\/p>\n<p dir=\"ltr\" style=\"text-align: justify\">\n","protected":false},"excerpt":{"rendered":"<p>Facebook Youtube ENSEIGNANTS \u00a0 \u00a0 \u00a0 Pr\u00e9ambule \u00a0\u00a0\u00a0\u00a0\u00a0\u00a0\u00a0\u00a0 Outre les conditions pr\u00e9vues par l\u2019article 26 et 30 \u00a0du d\u00e9cret pr\u00e9sidentiel n\u00b014-196 du\u00a0 06 juillet 2014 susvis\u00e9, les enseignants chercheurs et les enseignants chercheurs hospitalo-universitaires et les chercheurs permanents inscrit en Alg\u00e9rie pour la pr\u00e9paration d&rsquo;une th\u00e8se de doctorat et dont les \u00e9tudes n\u00e9cessitent d\u2019effectuer des [&hellip;]<\/p>\n","protected":false},"author":3,"featured_media":0,"parent":8496,"menu_order":0,"comment_status":"closed","ping_status":"closed","template":"elementor_header_footer","meta":{"_exactmetrics_skip_tracking":false,"_exactmetrics_sitenote_active":false,"_exactmetrics_sitenote_note":"","_exactmetrics_sitenote_category":0,"footnotes":""},"coauthors":[216],"class_list":["post-8516","page","type-page","status-publish","hentry"],"_links":{"self":[{"href":"http:\/\/lagh-univ.dz\/fr\/wp-json\/wp\/v2\/pages\/8516","targetHints":{"allow":["GET"]}}],"collection":[{"href":"http:\/\/lagh-univ.dz\/fr\/wp-json\/wp\/v2\/pages"}],"about":[{"href":"http:\/\/lagh-univ.dz\/fr\/wp-json\/wp\/v2\/types\/page"}],"author":[{"embeddable":true,"href":"http:\/\/lagh-univ.dz\/fr\/wp-json\/wp\/v2\/users\/3"}],"replies":[{"embeddable":true,"href":"http:\/\/lagh-univ.dz\/fr\/wp-json\/wp\/v2\/comments?post=8516"}],"version-history":[{"count":13,"href":"http:\/\/lagh-univ.dz\/fr\/wp-json\/wp\/v2\/pages\/8516\/revisions"}],"predecessor-version":[{"id":70057,"href":"http:\/\/lagh-univ.dz\/fr\/wp-json\/wp\/v2\/pages\/8516\/revisions\/70057"}],"up":[{"embeddable":true,"href":"http:\/\/lagh-univ.dz\/fr\/wp-json\/wp\/v2\/pages\/8496"}],"wp:attachment":[{"href":"http:\/\/lagh-univ.dz\/fr\/wp-json\/wp\/v2\/media?parent=8516"}],"wp:term":[{"taxonomy":"author","embeddable":true,"href":"http:\/\/lagh-univ.dz\/fr\/wp-json\/wp\/v2\/coauthors?post=8516"}],"curies":[{"name":"wp","href":"https:\/\/api.w.org\/{rel}","templated":true}]}}