{"id":8518,"date":"2018-07-13T18:45:04","date_gmt":"2018-07-13T18:45:04","guid":{"rendered":"http:\/\/lagh-univ.dz\/vrr-resid-etudiants\/"},"modified":"2025-11-02T14:39:37","modified_gmt":"2025-11-02T13:39:37","slug":"vrr-resid-etudiants","status":"publish","type":"page","link":"http:\/\/lagh-univ.dz\/fr\/vrr-presentation\/vrr-resid-etudiants\/","title":{"rendered":"\u0627\u0644\u062a\u0643\u0648\u064a\u0646 \u0627\u0644\u0627\u0642\u0627\u0645\u064a \u0628\u0627\u0644\u062e\u0627\u0631\u062c &#8211; \u0627\u0644\u0637\u0644\u0628\u0629"},"content":{"rendered":"<p><a href=\"http:\/\/lagh-univ.dz\/\"><br \/>\n\t\t\t\t\t\t\t<img decoding=\"async\" width=\"396\" height=\"75\" src=\"http:\/\/lagh-univ.dz\/wp-content\/uploads\/2025\/11\/s5_logo-1.png\" alt=\"\" srcset=\"http:\/\/lagh-univ.dz\/wp-content\/uploads\/2025\/11\/s5_logo-1.png 396w, http:\/\/lagh-univ.dz\/wp-content\/uploads\/2025\/11\/s5_logo-1-300x57.png 300w\" sizes=\"(max-width: 396px) 100vw, 396px\" \/>\t\t\t\t\t\t\t\t<\/a><br \/>\n\t\t\t\t\t<a href=\"https:\/\/www.facebook.com\/laghuniv.dz\" target=\"_blank\"><br \/>\n\t\t\t\t\t\tFacebook<br \/>\n\t\t\t\t\t\t\t\t\t\t\t<\/a><br \/>\n\t\t\t\t\t<a href=\"https:\/\/www.youtube.com\/@universite_de_laghouat\" target=\"_blank\"><br \/>\n\t\t\t\t\t\tYoutube<br \/>\n\t\t\t\t\t\t\t\t\t\t\t<\/a><\/p>\n<h2><\/h2>\n<h2 style=\"text-align: left\"><strong>ETUDIANTS<\/strong><\/h2>\n<p>&nbsp;<\/p>\n<p dir=\"ltr\"><b>Pr\u00e9ambule <\/b><\/p>\n<p dir=\"ltr\">Outre les conditions pr\u00e9vues par d\u00e9cret pr\u00e9sidentiel n\u00b014-196 du\u00a0 06 juillet 2014 susvis\u00e9, les \u00e9tudiants postulant \u00e0 une formation r\u00e9sidentielle \u00e0 l\u2019\u00e9tranger doivent justifier des conditions ci-apr\u00e8s:<\/p>\n<p dir=\"ltr\"> -\u00catre titulaire du dipl\u00f4me universitaire exig\u00e9 pour son admission en vue de la formation envisag\u00e9e\u00a0; <\/p>\n<p dir=\"ltr\">-\u00catre major de promotion\u00a0; -R\u00e9pondre aux crit\u00e8res arr\u00eat\u00e9s par la commission nationale et aux conditions fix\u00e9es par le conseil scientifique ou p\u00e9dagogique de l\u2019\u00e9tablissement d\u2019enseignement sup\u00e9rieur concern\u00e9 publi\u00e9es pr\u00e9alablement.<\/p>\n<p dir=\"ltr\">-\u00catre class\u00e9s, selon les moyennes g\u00e9n\u00e9rales, du cursus universitaire, obtenues sans sessions de rattrapage, parmi les trois (3) premiers majors de promotion correspondant \u00e0 la fili\u00e8re et option retenues \u00e0 l&rsquo;\u00e9chelle r\u00e9gionale.<\/p>\n<p dir=\"ltr\">-Dans le cas o\u00f9 l&rsquo;\u00e9tudiant a fait l&rsquo;objet d&rsquo;un transfert d&rsquo;un \u00e9tablissement \u00e0 un autre au cours de son cursus universitaire, les notes obtenues aupr\u00e8s de l&rsquo;\u00e9tablissement d&rsquo;origine sont prises en consid\u00e9ration.<\/p>\n<p dir=\"ltr\">-\u00catre \u00e2g\u00e9, au 31\/12 de l\u2019ann\u00e9e en cours de:<\/p>\n<ol>\n<li style=\"text-align: left\">23 ans pour les titulaires d&rsquo;une Licence\u00a0;<\/li>\n<li style=\"text-align: left\">25 ans pour les titulaires d&rsquo;un master 2, d\u2019un dipl\u00f4me d\u2019Ing\u00e9nieur d\u2019\u00c9tat, d\u2019Architecture, d\u2019un dipl\u00f4me de Docteur en sciences v\u00e9t\u00e9rinaires, de <\/li>\n<li style=\"text-align: left\">chirurgie dentaire, d\u2019un dipl\u00f4me de pharmacien\u00a0;<\/li>\n<li style=\"text-align: left\">27 ans pour les titulaires du dipl\u00f4me de Docteur en M\u00e9decine.<\/li>\n<\/ol>\n<p dir=\"ltr\">Les candidats s\u00e9lectionn\u00e9s subiront un concours sur \u00e9preuves \u00e9crites dont les modalit\u00e9s d&rsquo;organisation seront pr\u00e9cis\u00e9es ult\u00e9rieurement.<\/p>\n<p>&nbsp;<\/p>\n","protected":false},"excerpt":{"rendered":"<p>Facebook Youtube ETUDIANTS &nbsp; Pr\u00e9ambule Outre les conditions pr\u00e9vues par d\u00e9cret pr\u00e9sidentiel n\u00b014-196 du\u00a0 06 juillet 2014 susvis\u00e9, les \u00e9tudiants postulant \u00e0 une formation r\u00e9sidentielle \u00e0 l\u2019\u00e9tranger doivent justifier des conditions ci-apr\u00e8s: -\u00catre titulaire du dipl\u00f4me universitaire exig\u00e9 pour son admission en vue de la formation envisag\u00e9e\u00a0; -\u00catre major de promotion\u00a0; -R\u00e9pondre aux crit\u00e8res arr\u00eat\u00e9s [&hellip;]<\/p>\n","protected":false},"author":3,"featured_media":0,"parent":8496,"menu_order":0,"comment_status":"closed","ping_status":"closed","template":"elementor_header_footer","meta":{"_exactmetrics_skip_tracking":false,"_exactmetrics_sitenote_active":false,"_exactmetrics_sitenote_note":"","_exactmetrics_sitenote_category":0,"footnotes":""},"coauthors":[216],"class_list":["post-8518","page","type-page","status-publish","hentry"],"_links":{"self":[{"href":"http:\/\/lagh-univ.dz\/fr\/wp-json\/wp\/v2\/pages\/8518","targetHints":{"allow":["GET"]}}],"collection":[{"href":"http:\/\/lagh-univ.dz\/fr\/wp-json\/wp\/v2\/pages"}],"about":[{"href":"http:\/\/lagh-univ.dz\/fr\/wp-json\/wp\/v2\/types\/page"}],"author":[{"embeddable":true,"href":"http:\/\/lagh-univ.dz\/fr\/wp-json\/wp\/v2\/users\/3"}],"replies":[{"embeddable":true,"href":"http:\/\/lagh-univ.dz\/fr\/wp-json\/wp\/v2\/comments?post=8518"}],"version-history":[{"count":13,"href":"http:\/\/lagh-univ.dz\/fr\/wp-json\/wp\/v2\/pages\/8518\/revisions"}],"predecessor-version":[{"id":70060,"href":"http:\/\/lagh-univ.dz\/fr\/wp-json\/wp\/v2\/pages\/8518\/revisions\/70060"}],"up":[{"embeddable":true,"href":"http:\/\/lagh-univ.dz\/fr\/wp-json\/wp\/v2\/pages\/8496"}],"wp:attachment":[{"href":"http:\/\/lagh-univ.dz\/fr\/wp-json\/wp\/v2\/media?parent=8518"}],"wp:term":[{"taxonomy":"author","embeddable":true,"href":"http:\/\/lagh-univ.dz\/fr\/wp-json\/wp\/v2\/coauthors?post=8518"}],"curies":[{"name":"wp","href":"https:\/\/api.w.org\/{rel}","templated":true}]}}