{"id":8522,"date":"2018-07-13T19:15:36","date_gmt":"2018-07-13T19:15:36","guid":{"rendered":"http:\/\/lagh-univ.dz\/vrr-manifestations-scientifiques-annonce\/"},"modified":"2022-04-28T15:31:12","modified_gmt":"2022-04-28T14:31:12","slug":"vrr-manifestations-scientifiques-annonce","status":"publish","type":"page","link":"http:\/\/lagh-univ.dz\/fr\/vrr-manifestations-scientifiques-annonce\/","title":{"rendered":"Manifestations scientifiques"},"content":{"rendered":"<p>Les \u00e9v\u00e9nements scientifiques sont une activit\u00e9 de recherche tr\u00e8s importante pour l&rsquo;universit\u00e9. L&rsquo;Universit\u00e9 de Laghouat organise des conf\u00e9rences, des ateliers, des journ\u00e9es et des s\u00e9minaires pour contribuer \u00e0 renforcer son r\u00f4le scientifique en tant que centre de rayonnement des connaissances. Pour en savoir plus sur le d\u00e9tail des \u00e9v\u00e9nements (comment les organiser et les documents n\u00e9cessaires), veuillez t\u00e9l\u00e9charger les fichiers suivants :<\/p>\n<ul>\n<li><span style=\"color: #0000ff;\"><a style=\"color: #0000ff;\" href=\"https:\/\/drive.google.com\/file\/d\/1zMUCVKg-EU-vZliqaqnvmPJQbrrHK7rm\/view?usp=sharing\" target=\"_blank\" rel=\"noopener\">Proc\u00e9dures d&rsquo;organisations d&rsquo;une manifestation scientifique.pdf<\/a><\/span><\/li>\n<li><span style=\"color: #0000ff;\"><a style=\"color: #0000ff;\" href=\"https:\/\/docs.google.com\/document\/d\/1tyTeRO3CbvDDNLzaL3Feo0vVex-rRWLe\/edit?usp=sharing&amp;ouid=117733106891721106749&amp;rtpof=true&amp;sd=true\" target=\"_blank\" rel=\"noopener\">Fiche Technique des Manifestations Scientifiques-Facult\u00e9.docx<\/a><\/span><\/li>\n<li><span style=\"color: #0000ff;\"><a style=\"color: #0000ff;\" href=\"https:\/\/docs.google.com\/document\/d\/1SLP_TCu-4h5jWM_bLilpHSnvKBEj5GeM\/edit?usp=sharing&amp;ouid=117733106891721106749&amp;rtpof=true&amp;sd=true\" target=\"_blank\" rel=\"noopener\">Fiche Technique des Manifestations Scientifiques-Laboratoire.docx<\/a><\/span><\/li>\n<li><span style=\"color: #0000ff;\"><a style=\"color: #0000ff;\" href=\"https:\/\/docs.google.com\/document\/d\/1yWX6D0dxTW74eXf6-iRVFyNpSdFSQVEK\/edit?usp=sharing&amp;ouid=117733106891721106749&amp;rtpof=true&amp;sd=true\" target=\"_blank\" rel=\"noopener\">Bilan de la Manifestation Scientifique-Facult\u00e9.docx<\/a><\/span><\/li>\n<li><span style=\"color: #0000ff;\"><a style=\"color: #0000ff;\" href=\"https:\/\/docs.google.com\/document\/d\/1_SIERXImSGJXKuYumYKtz_dqTiOfBcj-\/edit?usp=sharing&amp;ouid=117733106891721106749&amp;rtpof=true&amp;sd=true\" target=\"_blank\" rel=\"noopener\">Bilan de la Manifestation Scientifique -Laboratoire.docx<\/a><\/span><\/li>\n<\/ul>\n","protected":false},"excerpt":{"rendered":"<p>Les \u00e9v\u00e9nements scientifiques sont une activit\u00e9 de recherche tr\u00e8s importante pour l&rsquo;universit\u00e9. L&rsquo;Universit\u00e9 de Laghouat organise des conf\u00e9rences, des ateliers, des journ\u00e9es et des s\u00e9minaires pour contribuer \u00e0 renforcer son r\u00f4le scientifique en tant que centre de rayonnement des connaissances. Pour en savoir plus sur le d\u00e9tail des \u00e9v\u00e9nements (comment les organiser et les documents [&hellip;]<\/p>\n","protected":false},"author":3,"featured_media":0,"parent":0,"menu_order":0,"comment_status":"closed","ping_status":"closed","template":"","meta":{"_exactmetrics_skip_tracking":false,"_exactmetrics_sitenote_active":false,"_exactmetrics_sitenote_note":"","_exactmetrics_sitenote_category":0,"footnotes":""},"coauthors":[216],"class_list":["post-8522","page","type-page","status-publish","hentry"],"_links":{"self":[{"href":"http:\/\/lagh-univ.dz\/fr\/wp-json\/wp\/v2\/pages\/8522","targetHints":{"allow":["GET"]}}],"collection":[{"href":"http:\/\/lagh-univ.dz\/fr\/wp-json\/wp\/v2\/pages"}],"about":[{"href":"http:\/\/lagh-univ.dz\/fr\/wp-json\/wp\/v2\/types\/page"}],"author":[{"embeddable":true,"href":"http:\/\/lagh-univ.dz\/fr\/wp-json\/wp\/v2\/users\/3"}],"replies":[{"embeddable":true,"href":"http:\/\/lagh-univ.dz\/fr\/wp-json\/wp\/v2\/comments?post=8522"}],"version-history":[{"count":5,"href":"http:\/\/lagh-univ.dz\/fr\/wp-json\/wp\/v2\/pages\/8522\/revisions"}],"predecessor-version":[{"id":43632,"href":"http:\/\/lagh-univ.dz\/fr\/wp-json\/wp\/v2\/pages\/8522\/revisions\/43632"}],"wp:attachment":[{"href":"http:\/\/lagh-univ.dz\/fr\/wp-json\/wp\/v2\/media?parent=8522"}],"wp:term":[{"taxonomy":"author","embeddable":true,"href":"http:\/\/lagh-univ.dz\/fr\/wp-json\/wp\/v2\/coauthors?post=8522"}],"curies":[{"name":"wp","href":"https:\/\/api.w.org\/{rel}","templated":true}]}}