{"id":8538,"date":"2018-07-13T17:56:43","date_gmt":"2018-07-13T19:56:43","guid":{"rendered":"http:\/\/lagh-univ.dz\/dv-vice-rectorat-cdpo\/"},"modified":"2022-12-21T09:48:08","modified_gmt":"2022-12-21T08:48:08","slug":"dv-vice-rectorat-cdpo","status":"publish","type":"page","link":"http:\/\/lagh-univ.dz\/fr\/dv-vice-rectorat-cdpo\/","title":{"rendered":"DV-Vice rectorat cdpo"},"content":{"rendered":"<p dir=\"ltr\"><span style=\"font-family: 'Book Antiqua', Palatino;font-size: 14pt\"><strong><u>Cr\u00e9ation:<\/u><\/strong> <\/span><\/p>\n<p dir=\"ltr\"><span style=\"font-family: 'Book Antiqua', Palatino;font-size: 14pt\">Le Vice-Rectorat du D\u00e9veloppement, de la Prospective et de l\u2019Orientation a \u00e9t\u00e9 cr\u00e9\u00e9 \u00fc\u00a0 suite \u00e0 la d\u00e9cision minist\u00e9rielle du 8 Rajab 1425 correspondant au 24 Ao\u00fbt 2004, appliquant l\u2019article 08 du d\u00e9cret-ex\u00e9cutif n\u00b0 03-279 du 24 Joumada Ethani 1424 correspondant \u00fc\u00a0 au 23 Ao\u00fbt 2003 modifiant le d\u00e9cret-ex\u00e9cutif \u00b0 01-270 du 30 Joumada Ethani 1422 correspondant\u00a0 \u00a0au 18 Septembre 2001 o\u00f9 ce Vice-Rectorat charg\u00e9 de la planification qui porte d\u00e9sormais le nom de \u00ab\u00a0Vice Rectorat charg\u00e9 du D\u00e9veloppement et de la Prospective et de l&rsquo;Orientation \u00ab\u00a0<\/span><\/p>\n<p dir=\"ltr\"><span style=\"font-family: 'Book Antiqua', Palatino;font-size: 14pt\"><strong><u><div class='w3eden'><!-- WPDM Link Template: Default Template -->\n\n<div class=\"link-template-default card mb-2\">\n    <div class=\"card-body\">\n        <div class=\"media\">\n            <div class=\"mr-3 img-48\"><img decoding=\"async\" class=\"wpdm_icon\" alt=\"Ic\u00f4ne\"   src=\"http:\/\/lagh-univ.dz\/wp-content\/plugins\/download-manager\/assets\/file-type-icons\/pdf.png\" \/><\/div>\n            <div class=\"media-body\">\n                <h3 class=\"package-title\"><a href='http:\/\/lagh-univ.dz\/fr\/download\/organigramme-fr\/'>organigramme fr<\/a><\/h3>\n                <div class=\"text-muted text-small\"><i class=\"fas fa-copy\"><\/i> 1 fichier\u00b7s <i class=\"fas fa-hdd ml-3\"><\/i> 57.79 KB<\/div>\n            <\/div>\n            <div class=\"ml-3\">\n                <a class='wpdm-download-link download-on-click btn btn-primary btn-xs' rel='nofollow' href='#' data-downloadurl=\"http:\/\/lagh-univ.dz\/fr\/download\/organigramme-fr\/?wpdmdl=48656&refresh=69de78f877b851776187640\">T\u00e9l\u00e9charger<\/a>\n            <\/div>\n        <\/div>\n    <\/div>\n<\/div>\n\n<\/div><\/u><\/strong><\/span><\/p>\n<p dir=\"ltr\">\n","protected":false},"excerpt":{"rendered":"<p>Cr\u00e9ation: Le Vice-Rectorat du D\u00e9veloppement, de la Prospective et de l\u2019Orientation a \u00e9t\u00e9 cr\u00e9\u00e9 \u00fc\u00a0 suite \u00e0 la d\u00e9cision minist\u00e9rielle du 8 Rajab 1425 correspondant au 24 Ao\u00fbt 2004, appliquant l\u2019article 08 du d\u00e9cret-ex\u00e9cutif n\u00b0 03-279 du 24 Joumada Ethani 1424 correspondant \u00fc\u00a0 au 23 Ao\u00fbt 2003 modifiant le d\u00e9cret-ex\u00e9cutif \u00b0 01-270 du 30 Joumada [&hellip;]<\/p>\n","protected":false},"author":1,"featured_media":0,"parent":0,"menu_order":0,"comment_status":"closed","ping_status":"closed","template":"elementor_header_footer","meta":{"_exactmetrics_skip_tracking":false,"_exactmetrics_sitenote_active":false,"_exactmetrics_sitenote_note":"","_exactmetrics_sitenote_category":0,"footnotes":""},"coauthors":[217,544],"class_list":["post-8538","page","type-page","status-publish","hentry"],"_links":{"self":[{"href":"http:\/\/lagh-univ.dz\/fr\/wp-json\/wp\/v2\/pages\/8538","targetHints":{"allow":["GET"]}}],"collection":[{"href":"http:\/\/lagh-univ.dz\/fr\/wp-json\/wp\/v2\/pages"}],"about":[{"href":"http:\/\/lagh-univ.dz\/fr\/wp-json\/wp\/v2\/types\/page"}],"author":[{"embeddable":true,"href":"http:\/\/lagh-univ.dz\/fr\/wp-json\/wp\/v2\/users\/1"}],"replies":[{"embeddable":true,"href":"http:\/\/lagh-univ.dz\/fr\/wp-json\/wp\/v2\/comments?post=8538"}],"version-history":[{"count":16,"href":"http:\/\/lagh-univ.dz\/fr\/wp-json\/wp\/v2\/pages\/8538\/revisions"}],"predecessor-version":[{"id":48662,"href":"http:\/\/lagh-univ.dz\/fr\/wp-json\/wp\/v2\/pages\/8538\/revisions\/48662"}],"wp:attachment":[{"href":"http:\/\/lagh-univ.dz\/fr\/wp-json\/wp\/v2\/media?parent=8538"}],"wp:term":[{"taxonomy":"author","embeddable":true,"href":"http:\/\/lagh-univ.dz\/fr\/wp-json\/wp\/v2\/coauthors?post=8538"}],"curies":[{"name":"wp","href":"https:\/\/api.w.org\/{rel}","templated":true}]}}