{"id":8548,"date":"2018-07-13T17:59:42","date_gmt":"2018-07-13T17:59:42","guid":{"rendered":"http:\/\/lagh-univ.dz\/dv-service-de-lorientation-et-de-linformation\/"},"modified":"2022-12-14T11:27:29","modified_gmt":"2022-12-14T10:27:29","slug":"dv-service-de-lorientation-et-de-linformation","status":"publish","type":"page","link":"http:\/\/lagh-univ.dz\/fr\/dv-service-de-lorientation-et-de-linformation\/","title":{"rendered":"DV-Service de l\u2019orientation et de l\u2019information"},"content":{"rendered":"<p dir=\"ltr\" style=\"text-align: left\"><span style=\"font-family: 'Book Antiqua', Palatino;font-size: 14pt\"><span style=\"text-decoration: underline\">Le service de l\u2019orientation et de l\u2019information\u00a0:<\/span><\/span><\/p>\n<p dir=\"ltr\" style=\"text-align: left\"><span style=\"font-family: 'Book Antiqua', Palatino;font-size: 14pt\"><span style=\"text-decoration: underline\"><span class=\"Apple-style-span\" style=\"font-weight: normal\">Les\u00a0<\/span><\/span><span style=\"text-decoration: underline\"><span class=\"Apple-style-span\" style=\"font-weight: normal\">t<\/span><\/span><span style=\"text-decoration: underline\"><span class=\"Apple-style-span\" style=\"font-weight: normal\">\u00e2<\/span><\/span><span style=\"text-decoration: underline\"><span class=\"Apple-style-span\" style=\"font-weight: normal\">che<\/span><\/span><span style=\"text-decoration: underline\"><span class=\"Apple-style-span\" style=\"font-weight: normal\">s confi\u00e9es \u00e0 ce service sont comme suit\u00a0 :<\/span><\/span><\/span><\/p>\n<p dir=\"ltr\" style=\"text-align: left\"><span style=\"font-family: 'Book Antiqua', Palatino;font-size: 14pt\">\u00a0 \u00a0Proc\u00e9der \u00e0 l\u2019\u00e9laboration des supports d\u2019informations sur les cursus d\u2019enseignement assur\u00e9s par l\u2019universit\u00e9 et leurs \u00e9ventuels d\u00e9bouch\u00e9s professionnels .<\/span><\/p>\n<p dir=\"ltr\" style=\"text-align: left\"><span style=\"font-family: 'Book Antiqua', Palatino;font-size: 14pt\">\u00a0 \u00a0Mettre \u00e0 la disposition des \u00e9tudiants toute information cens\u00e9e leur apporter de l&rsquo;aide en mati\u00e8re de leur choix d\u2019orientation .<\/span><\/p>\n<p dir=\"ltr\">\n","protected":false},"excerpt":{"rendered":"<p>Le service de l\u2019orientation et de l\u2019information\u00a0: Les\u00a0t\u00e2ches confi\u00e9es \u00e0 ce service sont comme suit\u00a0 : \u00a0 \u00a0Proc\u00e9der \u00e0 l\u2019\u00e9laboration des supports d\u2019informations sur les cursus d\u2019enseignement assur\u00e9s par l\u2019universit\u00e9 et leurs \u00e9ventuels d\u00e9bouch\u00e9s professionnels . \u00a0 \u00a0Mettre \u00e0 la disposition des \u00e9tudiants toute information cens\u00e9e leur apporter de l&rsquo;aide en mati\u00e8re de leur choix [&hellip;]<\/p>\n","protected":false},"author":25,"featured_media":0,"parent":0,"menu_order":0,"comment_status":"closed","ping_status":"closed","template":"elementor_header_footer","meta":{"_exactmetrics_skip_tracking":false,"_exactmetrics_sitenote_active":false,"_exactmetrics_sitenote_note":"","_exactmetrics_sitenote_category":0,"footnotes":""},"coauthors":[544],"class_list":["post-8548","page","type-page","status-publish","hentry"],"_links":{"self":[{"href":"http:\/\/lagh-univ.dz\/fr\/wp-json\/wp\/v2\/pages\/8548","targetHints":{"allow":["GET"]}}],"collection":[{"href":"http:\/\/lagh-univ.dz\/fr\/wp-json\/wp\/v2\/pages"}],"about":[{"href":"http:\/\/lagh-univ.dz\/fr\/wp-json\/wp\/v2\/types\/page"}],"author":[{"embeddable":true,"href":"http:\/\/lagh-univ.dz\/fr\/wp-json\/wp\/v2\/users\/25"}],"replies":[{"embeddable":true,"href":"http:\/\/lagh-univ.dz\/fr\/wp-json\/wp\/v2\/comments?post=8548"}],"version-history":[{"count":21,"href":"http:\/\/lagh-univ.dz\/fr\/wp-json\/wp\/v2\/pages\/8548\/revisions"}],"predecessor-version":[{"id":48425,"href":"http:\/\/lagh-univ.dz\/fr\/wp-json\/wp\/v2\/pages\/8548\/revisions\/48425"}],"wp:attachment":[{"href":"http:\/\/lagh-univ.dz\/fr\/wp-json\/wp\/v2\/media?parent=8548"}],"wp:term":[{"taxonomy":"author","embeddable":true,"href":"http:\/\/lagh-univ.dz\/fr\/wp-json\/wp\/v2\/coauthors?post=8548"}],"curies":[{"name":"wp","href":"https:\/\/api.w.org\/{rel}","templated":true}]}}