{"id":8567,"date":"2018-07-21T18:19:53","date_gmt":"2018-07-21T18:19:53","guid":{"rendered":"http:\/\/lagh-univ.dz\/bibliotheque-bibliotheque-centrales-reglement-interieur\/"},"modified":"2019-11-05T07:31:19","modified_gmt":"2019-11-05T09:31:19","slug":"bibliotheque-bibliotheque-centrales-reglement-interieur","status":"publish","type":"page","link":"http:\/\/lagh-univ.dz\/fr\/bibliotheque-bibliotheque-centrales-reglement-interieur\/","title":{"rendered":"Biblioth\u00e8que &#8211; Biblioth\u00e8que centrales-R\u00e8glement int\u00e9rieur"},"content":{"rendered":"<div id=\"s5_middle_top_wrap\">\n<div id=\"s5_middle_top\">\n<div id=\"s5_middle_top_inner\">\n<div id=\"s5_pos_middle_top_1\" class=\"s5_float_left\">\n<div class=\"module_round_box_outer\">\n<div class=\"module_round_box-none \">\n<div class=\"s5_module_box_1\">\n<div class=\"s5_module_box_2\">\n<div class=\"custom-none \">\n<div class=\"textwidget\"><img decoding=\"async\" class=\"alignnone size-full wp-image-578\" src=\"http:\/\/lagh-univ.dz\/wp-content\/uploads\/2014\/12\/biblio.jpg\" alt=\"science\" width=\"1000\" height=\"45\" \/><\/div>\n<\/div>\n<div class=\"s5_clear_float\"><\/div>\n<\/div>\n<\/div>\n<\/div>\n<\/div>\n<\/div>\n<\/div>\n<\/div>\n<\/div>\n<div id=\"s5_component_wrap\">\n<div id=\"s5_component_wrap_inner\">\n<div class=\"blog-featured\">\n<div class=\"article_column\">\n<div class=\"item\">\n<div id=\"post-4203\" class=\"post-4203 page type-page status-publish hentry\">\n<div class=\"s5_contentwrapper\">\n<div id=\"s5_middle_top_wrap\">\n<div id=\"s5_middle_top\">\n<div id=\"s5_middle_top_inner\">\n<div id=\"s5_pos_middle_top_1\" class=\"s5_float_left\">\n<div class=\"module_round_box_outer\">\n<div class=\"module_round_box-none \">\n<div class=\"s5_module_box_1\">\n<div class=\"s5_module_box_2\">\n<div class=\"custom-none \">\n<div class=\"textwidget\"><\/div>\n<\/div>\n<div class=\"s5_clear_float\"><\/div>\n<\/div>\n<\/div>\n<\/div>\n<\/div>\n<\/div>\n<div><\/div>\n<\/div>\n<\/div>\n<\/div>\n<div id=\"s5_component_wrap\">\n<div id=\"s5_component_wrap_inner\">\n<div class=\"blog-featured\">\n<div class=\"article_column\">\n<div class=\"item\">\n<div id=\"post-4203\" class=\"post-4203 page type-page status-publish hentry\">\n<div class=\"contentpaneopen_heading\">\n<h2><span style=\"color: #000000;font-family: 'Book Antiqua', Palatino;font-size: 18pt;background-color: #ff0000\"><a class=\"contentpagetitle\" style=\"color: #000000;background-color: #ff0000\" title=\"Permalink to: R\u00c8GLEMENT INT\u00c9RIEUR DE LA BIBLIOTH\u00c8QUE\" href=\"http:\/\/lagh-univ.dz\/accueilf\/?page_id=4203\">R\u00c8GLEMENT INT\u00c9RIEUR DE LA BIBLIOTH\u00c8QUE<\/a><\/span><\/h2>\n<div><\/div>\n<\/div>\n<div class=\"published\"><\/div>\n<\/div>\n<div id=\"post-4203\" class=\"post-4203 page type-page status-publish hentry\">\n<div class=\"s5_contentwrapper\">\n<p><span style=\"color: #000000;font-family: 'Book Antiqua', Palatino;font-size: 14pt\"><i>La biblioth\u00e8que est un service de lecture charg\u00e9 de contribuer \u00e0 l&rsquo;information, \u00e0 l&rsquo;\u00e9ducation et \u00e0 l&rsquo;activit\u00e9 culturelle, elle met \u00e0 la disposition des usagers une \u00e9quipe pour les aider \u00e0 utiliser au mieux les ressources de la Biblioth\u00e8que. Le pr\u00e9sent r\u00e8glement a pour but de fixer les droits et devoirs des usagers.<\/i><\/span><\/p>\n<h4><span style=\"color: #000000;font-family: 'Book Antiqua', Palatino;font-size: 14pt\">PRINCIPES D&rsquo;UTILISATION<\/span><\/h4>\n<p><span style=\"color: #000000;font-family: 'Book Antiqua', Palatino;font-size: 14pt\">1-1 L&rsquo;acc\u00e8s \u00e0 la Biblioth\u00e8que : est r\u00e9serv\u00e9 \u00e0:<\/span><\/p>\n<ul>\n<li><span style=\"color: #000000;font-family: 'Book Antiqua', Palatino;font-size: 14pt\">a-Tous les \u00e9tudiants inscrits \u00e0 l&rsquo;universit\u00e9 de Laghouat .<\/span><\/li>\n<\/ul>\n<ul>\n<li><span style=\"color: #000000;font-family: 'Book Antiqua', Palatino;font-size: 14pt\">b-Tous les enseignants .<\/span><\/li>\n<\/ul>\n<ul>\n<li><span style=\"color: #000000;font-family: 'Book Antiqua', Palatino;font-size: 14pt\">c-Toute personne autoris\u00e9e par le responsable de la Biblioth\u00e8que.<\/span><\/li>\n<\/ul>\n<ul>\n<li><span style=\"color: #000000;font-family: 'Book Antiqua', Palatino;font-size: 14pt\">d-Tous les personnels administratifs de l&rsquo;universit\u00e9.<\/span><\/li>\n<\/ul>\n<p><span style=\"color: #000000;font-family: 'Book Antiqua', Palatino;font-size: 14pt\">1-2 L&rsquo;inscription: La carte de lecture est d\u00e9livr\u00e9e contre remise de:<\/span><\/p>\n<ol>\n<li><span style=\"color: #000000;font-family: 'Book Antiqua', Palatino;font-size: 14pt\">\u00a0Une attestation de fonction (travail).<\/span><\/li>\n<li><span style=\"color: #000000;font-family: 'Book Antiqua', Palatino;font-size: 14pt\">Une attestation d&rsquo;inscription .<\/span><\/li>\n<li><span style=\"color: #000000;font-family: 'Book Antiqua', Palatino;font-size: 14pt\">(02) photos d&rsquo;identit\u00e9 .<\/span><\/li>\n<li><span style=\"color: #000000;font-family: 'Book Antiqua', Palatino;font-size: 14pt\">Demande manuscrite et un ch\u00e8que (pour le personnel ext\u00e9rieur).<\/span><\/li>\n<li><span style=\"color: #000000;font-family: 'Book Antiqua', Palatino;font-size: 14pt\">Attestation sign\u00e9e par le chef de d\u00e9partement ou le doyen (Enseignant vacataire ou associ\u00e9).<\/span><\/li>\n<\/ol>\n<p><span style=\"color: #000000;font-family: 'Book Antiqua', Palatino;font-size: 14pt\">1-3 Savoir-respecter le travail universitaire:<\/span><\/p>\n<ul>\n<li><span style=\"color: #000000;font-family: 'Book Antiqua', Palatino;font-size: 14pt\">Chaque biblioth\u00e8que est un lieu de travail personnel et d&rsquo;\u00e9tude o\u00f9 le silence est requis. Les usagers sont tenus de respecter le calme qui r\u00e8gne \u00e0 l&rsquo;int\u00e9rieur des locaux et d&rsquo;y avoir un comportement correct. Ils doivent respecter l&rsquo;hygi\u00e8ne et la propret\u00e9 des lieux et n&rsquo;\u00eatre, en aucune circonstance, la cause de nuisances pour les autres usagers ou pour le personnel<\/span><\/li>\n<\/ul>\n<p><span style=\"color: #000000;font-family: 'Book Antiqua', Palatino;font-size: 14pt\">Par cons\u00e9quent, il est strictement interdit :<\/span><\/p>\n<ul>\n<li><span style=\"color: #000000;font-family: 'Book Antiqua', Palatino;font-size: 14pt\">D&rsquo;utiliser la carte d&rsquo;un autre .<\/span><\/li>\n<li><span style=\"color: #000000;font-family: 'Book Antiqua', Palatino;font-size: 14pt\">De d\u00e9grader les locaux, les documents,les \u00e9quipements,et les mobiliers .<\/span><\/li>\n<li><span style=\"color: #000000;font-family: 'Book Antiqua', Palatino;font-size: 14pt\">Parler a haute voix avec agitation dans les salles .<\/span><\/li>\n<li><span style=\"color: #000000;font-family: 'Book Antiqua', Palatino;font-size: 14pt\">De fumer, de manger.<\/span><\/li>\n<li><span style=\"color: #000000;font-family: 'Book Antiqua', Palatino;font-size: 14pt\">De faire usage d&rsquo;un appareil sonore ou d&rsquo;un t\u00e9l\u00e9phone portable (ils doivent \u00eatre \u00e9teints d\u00e8s l&rsquo;entr\u00e9e dans les salles).<\/span><\/li>\n<li><span style=\"color: #000000;font-family: 'Book Antiqua', Palatino;font-size: 14pt\">D&rsquo;utiliser les micro portable sans autorisation du responsable.<\/span><\/li>\n<li><span style=\"color: #000000;font-family: 'Book Antiqua', Palatino;font-size: 14pt\">D&rsquo;occuper plus d&rsquo;une place assise ou de sortir et laisser ses affaires dans la salle.<\/span><\/li>\n<li><span style=\"color: #000000;font-family: 'Book Antiqua', Palatino;font-size: 14pt\">L&rsquo;acc\u00e8s aux espaces internes, r\u00e9serv\u00e9s au travail du personnel ou au d\u00e9p\u00f4t des collections, est interdit aux lecteurs.<\/span><\/li>\n<\/ul>\n<p><span style=\"color: #000000;font-family: 'Book Antiqua', Palatino;font-size: 14pt\">1-4 acc\u00e8s aux documents :<\/span><\/p>\n<pre><span style=\"color: #000000;font-family: 'Book Antiqua', Palatino;font-size: 14pt\">A-conditions d'acc\u00e8s:<\/span><\/pre>\n<ul>\n<li><span style=\"color: #000000;font-family: 'Book Antiqua', Palatino;font-size: 14pt\">La consultation sur place des catalogues et des collections des biblioth\u00e8ques universitaires est ouverte prioritairement aux lecteurs inscrits et, dans la limite des places disponibles.<\/span><\/li>\n<li><span style=\"color: #000000;font-family: 'Book Antiqua', Palatino;font-size: 14pt\">La carte est nominative, elle ne peut en aucun cas \u00eatre pr\u00eat\u00e9e, Elle est indispensable pour effectuer toute op\u00e9ration de pr\u00eat.<\/span><\/li>\n<li><span style=\"color: #000000;font-family: 'Book Antiqua', Palatino;font-size: 14pt\">Les salles de lecture sont ouvertes du dimanche au jeudi de 8h30 \u00e0 17h00.<\/span><\/li>\n<li><span style=\"color: #000000;font-family: 'Book Antiqua', Palatino;font-size: 14pt\">Pour le pr\u00eat interne,Les ouvrages pris en consultation (02) au maximum doivent \u00eatre restitu\u00e9s avant 16h30.<\/span><\/li>\n<li><span style=\"color: #000000;font-family: 'Book Antiqua', Palatino;font-size: 14pt\">Le pr\u00eat externe est r\u00e9serv\u00e9 aux usagers: a, b, c, d, on exclut le pr\u00eat des: Dictionnaires,Encyclop\u00e9dies,Cartes,Th\u00e8ses,Revues,Ouvrages en un seul exemplaire<\/span><\/li>\n<\/ul>\n<h5><span style=\"color: #000000;font-family: 'Book Antiqua', Palatino;font-size: 14pt\"><a style=\"color: #000000\">B-RESPECT DES DOCUMENTS:<\/a><\/span><\/h5>\n<ul>\n<li><span style=\"color: #000000;font-family: 'Book Antiqua', Palatino;font-size: 14pt\">Les utilisateurs sont responsables des documents qu&rsquo;ils empruntent.En cas de perte, il doit le remplacer par le m\u00eame ouvrage<\/span><\/li>\n<li><span style=\"color: #000000;font-family: 'Book Antiqua', Palatino;font-size: 14pt\">Il est demand\u00e9 aux usagers de prendre soin des documents qui leur sont communiqu\u00e9s ou pr\u00eat\u00e9s..<\/span><\/li>\n<li><span style=\"color: #000000;font-family: 'Book Antiqua', Palatino;font-size: 14pt\">Les collections des biblioth\u00e8ques \u00e9tant un bien commun, il est strictement interdit d&rsquo;\u00e9crire, de dessiner ou de faire une quelconque marque sur les documents, de plier ou de corner les pages.<\/span><\/li>\n<li><span style=\"color: #000000;font-family: 'Book Antiqua', Palatino;font-size: 14pt\">Toute d\u00e9gradation volontaire des locaux, du mobilier, du mat\u00e9riel ou des documents (pages arrach\u00e9es, d\u00e9chir\u00e9es, \u00e9tiquettes d\u00e9coll\u00e9es, etc.) devra faire l&rsquo;objet d&rsquo;un remboursement et sera sanctionn\u00e9e d&rsquo;une exclusion imm\u00e9diate de l&rsquo;ensemble de la Biblioth\u00e8que universitaire.<\/span><\/li>\n<li><span style=\"color: #000000;font-family: 'Book Antiqua', Palatino;font-size: 14pt\">Toute d\u00e9gradation involontaire devra faire l&rsquo;objet d&rsquo;un remboursement<\/span><\/li>\n<li><span style=\"color: #000000;font-family: 'Book Antiqua', Palatino;font-size: 14pt\">Afin d&rsquo;assurer la long\u00e9vit\u00e9 des collections, les lecteurs qui remarqueraient des documents en mauvais \u00e9tat sont invit\u00e9s \u00e0 les signaler aux biblioth\u00e9caires qui feront effectuer la r\u00e9paration.<\/span><\/li>\n<\/ul>\n<h5><span style=\"color: #000000;font-family: 'Book Antiqua', Palatino;font-size: 14pt\"><a style=\"color: #000000\">C- RESTITUTION DES DOCUMENTS:<\/a><\/span><\/h5>\n<ul>\n<li style=\"list-style-type: none\">\n<ul>\n<li><span style=\"color: #000000;font-family: 'Book Antiqua', Palatino;font-size: 14pt\">Afin de s&rsquo;assurer de la bonne restitution de leurs documents \u00e0 la biblioth\u00e8que, ils sont invit\u00e9s \u00e0 attendre au guichet de pr\u00eat que l&rsquo;enregistrement de leurs retours soit effectu\u00e9.<\/span><\/li>\n<li><span style=\"color: #000000;font-family: 'Book Antiqua', Palatino;font-size: 14pt\">Tout retard dans la restitution des documents entra\u00eenera la suspension(Une semaine) qui peut aller jusqu&rsquo;\u00e0 l&rsquo;exclusion d\u00e9finitive de la biblioth\u00e8que.<\/span><\/li>\n<li><span style=\"color: #000000;font-family: 'Book Antiqua', Palatino;font-size: 14pt\">Tous les ouvrages doivent \u00eatre restitu\u00e9s 15 jours avant les vacances d&rsquo;\u00e9t\u00e9, afin de proc\u00e9der \u00e0 l&rsquo;inventaire annuel.<\/span><\/li>\n<\/ul>\n<\/li>\n<\/ul>\n<p><span style=\"color: #000000;font-family: 'Book Antiqua', Palatino;font-size: 14pt\">1-5 Le service Internet :<\/span><\/p>\n<ul>\n<li style=\"list-style-type: none\">\n<ul>\n<li><span style=\"color: #000000;font-family: 'Book Antiqua', Palatino;font-size: 14pt\">La recherche documentaire est toujours prioritaire.<\/span><\/li>\n<li><span style=\"color: #000000;font-family: 'Book Antiqua', Palatino;font-size: 14pt\">Les sites web qui portent atteinte \u00e0 la dignit\u00e9 de la personne, pr\u00e9sentent un caract\u00e8re pornographique ou d\u00e9gradant, incitent \u00e0 la haine raciale, constituent une apologie du crime ou de la violence sont toujours interdit et exclus de la consultation<\/span><\/li>\n<li><span style=\"color: #000000;font-family: 'Book Antiqua', Palatino;font-size: 14pt\">L&rsquo;usage des postes informatiques pour des communications t\u00e9l\u00e9phoniques est interdit(chat&#8230;).<\/span><\/li>\n<li><span style=\"color: #000000;font-family: 'Book Antiqua', Palatino;font-size: 14pt\">Il est interdit de r\u00e9server avec une autre carte.<\/span><\/li>\n<li><span style=\"color: #000000;font-family: 'Book Antiqua', Palatino;font-size: 14pt\">Il est interdit de modifier la configuration des \u00e9quipements.<\/span><\/li>\n<\/ul>\n<\/li>\n<\/ul>\n<p><span style=\"color: #000000;font-family: 'Book Antiqua', Palatino;font-size: 14pt\">1-6 Responsabilit\u00e9 de la Biblioth\u00e8que : La Biblioth\u00e8que ne peut \u00eatre tenue pour responsable de tout vol, de toute perte ou de tout dommage aux biens appartenant aux usagers. 1-7 La s\u00e9curit\u00e9:<\/span><\/p>\n<ul>\n<li style=\"list-style-type: none\">\n<ul>\n<li><span style=\"color: #000000;font-family: 'Book Antiqua', Palatino;font-size: 14pt\">La pr\u00e9sentation obligatoire de la carte \u00e0 l&rsquo;entr\u00e9e de la biblioth\u00e8que.Les lecteurs peuvent \u00eatre invit\u00e9s \u00e0 pr\u00e9senter \u00e0 tout moment leur carte d&rsquo;\u00e9tudiant ou leur carte de lecteur. S&rsquo;ils sont ext\u00e9rieurs \u00e0 l&rsquo;Universit\u00e9 et non inscrits \u00e0 la biblioth\u00e8que, il peut leur \u00eatre demand\u00e9 de justifier leur pr\u00e9sence par la pr\u00e9sentation de la carte d&rsquo;identit\u00e9.<\/span><\/li>\n<li><span style=\"color: #000000;font-family: 'Book Antiqua', Palatino;font-size: 14pt\">Le titulaire de la carte est personnellement responsable de toutes les transactions r\u00e9alis\u00e9es avec celle-ci. Tout vol ou perte de la carte doit \u00eatre imm\u00e9diatement signal\u00e9 aux services de la biblioth\u00e8que dans les plus brefs d\u00e9lais (avant 48h), afin d&rsquo;en emp\u00eacher une utilisation frauduleuse et de d\u00e9gager la responsabilit\u00e9 du lecteur concern\u00e9.<\/span><\/li>\n<\/ul>\n<\/li>\n<\/ul>\n<p><span style=\"color: #000000;font-family: 'Book Antiqua', Palatino;font-size: 14pt\"><a style=\"color: #000000\">Tout mouvement pouvant provoquer la perturbation de la gestion de la biblioth\u00e8que, peuvent faire l&rsquo;objet des p\u00e9nalit\u00e9s suivantes: <\/a><a style=\"color: #000000\">1-Le pr\u00e9venir. <\/a><a style=\"color: #000000\">2-Lui demander de sortir. <\/a><a style=\"color: #000000\">3-Suspension pendant 10 jours. <\/a><\/span><a><span style=\"color: #000000;font-family: 'Book Antiqua', Palatino;font-size: 14pt\">Le non-respect de ces r\u00e8gles ou en cas de r\u00e9cidive entra\u00eene l&rsquo;exclusion imm\u00e9diate et d\u00e9finitive de la Biblioth\u00e8que universitair<\/span>e.<\/a><\/p>\n<\/div>\n<\/div>\n<\/div>\n<\/div>\n<\/div>\n<\/div>\n<\/div>\n<\/div>\n<\/div>\n<\/div>\n<\/div>\n<\/div>\n<\/div>\n<\/div>\n","protected":false},"excerpt":{"rendered":"<p>R\u00c8GLEMENT INT\u00c9RIEUR DE LA BIBLIOTH\u00c8QUE La biblioth\u00e8que est un service de lecture charg\u00e9 de contribuer \u00e0 l&rsquo;information, \u00e0 l&rsquo;\u00e9ducation et \u00e0 l&rsquo;activit\u00e9 culturelle, elle met \u00e0 la disposition des usagers une \u00e9quipe pour les aider \u00e0 utiliser au mieux les ressources de la Biblioth\u00e8que. Le pr\u00e9sent r\u00e8glement a pour but de fixer les droits et [&hellip;]<\/p>\n","protected":false},"author":14,"featured_media":0,"parent":0,"menu_order":0,"comment_status":"open","ping_status":"closed","template":"elementor_header_footer","meta":{"_exactmetrics_skip_tracking":false,"_exactmetrics_sitenote_active":false,"_exactmetrics_sitenote_note":"","_exactmetrics_sitenote_category":0,"footnotes":""},"coauthors":[545],"class_list":["post-8567","page","type-page","status-publish","hentry"],"_links":{"self":[{"href":"http:\/\/lagh-univ.dz\/fr\/wp-json\/wp\/v2\/pages\/8567","targetHints":{"allow":["GET"]}}],"collection":[{"href":"http:\/\/lagh-univ.dz\/fr\/wp-json\/wp\/v2\/pages"}],"about":[{"href":"http:\/\/lagh-univ.dz\/fr\/wp-json\/wp\/v2\/types\/page"}],"author":[{"embeddable":true,"href":"http:\/\/lagh-univ.dz\/fr\/wp-json\/wp\/v2\/users\/14"}],"replies":[{"embeddable":true,"href":"http:\/\/lagh-univ.dz\/fr\/wp-json\/wp\/v2\/comments?post=8567"}],"version-history":[{"count":7,"href":"http:\/\/lagh-univ.dz\/fr\/wp-json\/wp\/v2\/pages\/8567\/revisions"}],"predecessor-version":[{"id":17261,"href":"http:\/\/lagh-univ.dz\/fr\/wp-json\/wp\/v2\/pages\/8567\/revisions\/17261"}],"wp:attachment":[{"href":"http:\/\/lagh-univ.dz\/fr\/wp-json\/wp\/v2\/media?parent=8567"}],"wp:term":[{"taxonomy":"author","embeddable":true,"href":"http:\/\/lagh-univ.dz\/fr\/wp-json\/wp\/v2\/coauthors?post=8567"}],"curies":[{"name":"wp","href":"https:\/\/api.w.org\/{rel}","templated":true}]}}