{"id":8585,"date":"2019-01-18T07:18:02","date_gmt":"2019-01-18T09:18:02","guid":{"rendered":"http:\/\/lagh-univ.dz\/laboratoires-des-recherches-lacosere-presentation\/"},"modified":"2020-02-11T08:54:15","modified_gmt":"2020-02-11T10:54:15","slug":"laboratoires-des-recherches-lacosere-presentation","status":"publish","type":"page","link":"http:\/\/lagh-univ.dz\/fr\/laboratoires-des-recherches-lacosere-presentation\/","title":{"rendered":"Laboratoires des recherches-LACoSERE-presentation"},"content":{"rendered":"<div><\/div>\n<div><\/div>\n<div class=\"djtabs-panel djtabs-panel-active djtabs-panel-article\" style=\"text-align: center\"><span style=\"color: #0000ff;font-size: 18pt;font-family: Book Antiqua, Palatino\"><strong><span class=\"djtabs-panel-title\" title=\"Pr\u00e9sentation du Laboratoire\">Pr\u00e9sentation du Laboratoire<\/span><\/strong><\/span><\/div>\n<div class=\"djtabs-article-content\">\n<p dir=\"ltr\" style=\"text-align: left\"><span style=\"font-family: Book Antiqua, Palatino;font-size: 14pt;color: #000000\">Le laboratoire d\u2019Analyse et de Commande des Syst\u00e8mes d\u2019Energie et R\u00e9seaux Electriques (LACoSERE) a \u00e9t\u00e9 agr\u00e9\u00e9 en 2010. est compos\u00e9 de cinq (05) \u00e9quipes:<\/span><\/p>\n<p><span style=\"font-family: Book Antiqua, Palatino;font-size: 14pt;color: #000000\"><img decoding=\"async\" class=\"alignright\" style=\"text-align: right\" src=\"http:\/\/lacosere.lagh-univ.dz\/images\/elct.jpg\" alt=\"\" border=\"0\" \/><\/span><\/p>\n<ul>\n<li style=\"text-align: justify\"><span style=\"font-family: Book Antiqua, Palatino;font-size: 14pt;color: #000000\">Equipe 1:Analyse et Conduite des Syst\u00e8mes d\u2019Energie de Puissance.<\/span><\/li>\n<li style=\"text-align: justify\"><span style=\"font-family: Book Antiqua, Palatino;font-size: 14pt;color: #000000\">Equipe 2:Commande et Optimisation des R\u00e9seaux Electriques.<\/span><\/li>\n<li style=\"text-align: justify\"><span style=\"font-family: Book Antiqua, Palatino;font-size: 14pt;color: #000000\">Equipe 3:Commande et Gestion d\u2019Energie des Syst\u00e8mes Electriques.<\/span><\/li>\n<li style=\"text-align: justify\"><span style=\"font-family: Book Antiqua, Palatino;font-size: 14pt;color: #000000\">Equipe 4:Automatique des Syst\u00e8mes Complexes.<\/span><\/li>\n<li style=\"text-align: justify\"><span style=\"font-family: Book Antiqua, Palatino;font-size: 14pt;color: #000000\">Equipe 5:Diagnostic, Supervision et Compatibilit\u00e9 \u00c9lectromagn\u00e9tique des Syst\u00e8mes \u00c9lectriques.<\/span><\/li>\n<li style=\"text-align: justify\">\n<div class=\"djtabs-panel djtabs-panel-active djtabs-panel-article\" style=\"text-align: left\"><span style=\"color: #0000ff;font-family: Book Antiqua, Palatino;font-size: 14pt\"><strong><span class=\"djtabs-panel-title\" title=\"Les th\u00e9matiques du laboratoire\">Les th\u00e9matiques du laboratoire<\/span><\/strong><\/span><\/div>\n<div class=\"djtabs-article-content\">\n<ul>\n<li style=\"text-align: justify\"><span style=\"font-family: Book Antiqua, Palatino;font-size: 14pt;color: #000000\">D\u00e9veloppement de l\u2019analyse et de la simulation et des r\u00e9seaux de transport\u00a0 d\u2019\u00e9nergie \u00e9lectrique et de r\u00e9seaux industriels<\/span><\/li>\n<li style=\"text-align: justify\"><span style=\"font-family: Book Antiqua, Palatino;font-size: 14pt;color: #000000\">R\u00e9solution des probl\u00e8mes en rapport avec l\u2019\u00e9valuation, l\u2019am\u00e9lioration de la gestion et la maintenance et les probl\u00e8mes de d\u00e9r\u00e9gulation des r\u00e9seaux d\u2019\u00e9nergie \u00e9lectrique<\/span><\/li>\n<li style=\"text-align: justify\"><span style=\"font-family: Book Antiqua, Palatino;font-size: 14pt;color: #000000\">D\u00e9veloppement d\u2019outils de calcul num\u00e9riques aidant \u00e0 l\u2019am\u00e9lioration des contraintes techniques, \u00e9conomiques et de s\u00e9curit\u00e9 d\u2019un syst\u00e8me d\u2019\u00e9nergie \u00e9lectrique<\/span><\/li>\n<li style=\"text-align: justify\"><span style=\"font-family: Book Antiqua, Palatino;font-size: 14pt;color: #000000\">Ma\u00eetrise et exp\u00e9rimentation (par simulation) d\u2019un certain nombre de techniques nouvelles et d\u2019intelligence artificielle<\/span><\/li>\n<li style=\"text-align: justify\"><span style=\"font-family: Book Antiqua, Palatino;font-size: 14pt;color: #000000\">Mod\u00e9lisation approfondie, Commande, Identification et Observation des convertisseurs statiques et actionneurs \u00e9lectriques, et leur application aux syst\u00e8mes complexes<\/span><\/li>\n<li style=\"text-align: justify\"><span style=\"font-family: Book Antiqua, Palatino;font-size: 14pt;color: #000000\">Ma\u00eetrise de la CAO, l&rsquo;analyse, la surveillance et le pilotage des entra\u00eenements \u00e9lectriques<\/span><\/li>\n<li style=\"text-align: justify\"><span style=\"font-family: Book Antiqua, Palatino;font-size: 14pt;color: #000000\">Ma\u00eetrise de la gestion d&rsquo;\u00e9nergie et des performances des syst\u00e8mes d\u2019\u00e9nergie \u00e9lectrique en g\u00e9n\u00e9ral et des entra\u00eenements \u00e9lectriques en particulier<\/span><\/li>\n<li><span style=\"color: #000000;font-family: Book Antiqua, Palatino;font-size: 14pt\">D\u00e9veloppement de nouveaux outils de mod\u00e9lisation d&rsquo;analyse et de commande des syst\u00e8mes \u00e9lectriques et industriels bas\u00e9s sur de nouveaux concepts de l&rsquo;automatique moderne<\/span><\/li>\n<\/ul>\n<\/div>\n<\/li>\n<\/ul>\n<\/div>\n","protected":false},"excerpt":{"rendered":"<p>Pr\u00e9sentation du Laboratoire Le laboratoire d\u2019Analyse et de Commande des Syst\u00e8mes d\u2019Energie et R\u00e9seaux Electriques (LACoSERE) a \u00e9t\u00e9 agr\u00e9\u00e9 en 2010. est compos\u00e9 de cinq (05) \u00e9quipes: Equipe 1:Analyse et Conduite des Syst\u00e8mes d\u2019Energie de Puissance. Equipe 2:Commande et Optimisation des R\u00e9seaux Electriques. Equipe 3:Commande et Gestion d\u2019Energie des Syst\u00e8mes Electriques. Equipe 4:Automatique des Syst\u00e8mes [&hellip;]<\/p>\n","protected":false},"author":1,"featured_media":0,"parent":0,"menu_order":0,"comment_status":"closed","ping_status":"closed","template":"elementor_header_footer","meta":{"_exactmetrics_skip_tracking":false,"_exactmetrics_sitenote_active":false,"_exactmetrics_sitenote_note":"","_exactmetrics_sitenote_category":0,"footnotes":""},"coauthors":[217,533],"class_list":["post-8585","page","type-page","status-publish","hentry"],"_links":{"self":[{"href":"http:\/\/lagh-univ.dz\/fr\/wp-json\/wp\/v2\/pages\/8585","targetHints":{"allow":["GET"]}}],"collection":[{"href":"http:\/\/lagh-univ.dz\/fr\/wp-json\/wp\/v2\/pages"}],"about":[{"href":"http:\/\/lagh-univ.dz\/fr\/wp-json\/wp\/v2\/types\/page"}],"author":[{"embeddable":true,"href":"http:\/\/lagh-univ.dz\/fr\/wp-json\/wp\/v2\/users\/1"}],"replies":[{"embeddable":true,"href":"http:\/\/lagh-univ.dz\/fr\/wp-json\/wp\/v2\/comments?post=8585"}],"version-history":[{"count":2,"href":"http:\/\/lagh-univ.dz\/fr\/wp-json\/wp\/v2\/pages\/8585\/revisions"}],"predecessor-version":[{"id":25199,"href":"http:\/\/lagh-univ.dz\/fr\/wp-json\/wp\/v2\/pages\/8585\/revisions\/25199"}],"wp:attachment":[{"href":"http:\/\/lagh-univ.dz\/fr\/wp-json\/wp\/v2\/media?parent=8585"}],"wp:term":[{"taxonomy":"author","embeddable":true,"href":"http:\/\/lagh-univ.dz\/fr\/wp-json\/wp\/v2\/coauthors?post=8585"}],"curies":[{"name":"wp","href":"https:\/\/api.w.org\/{rel}","templated":true}]}}