{"id":8591,"date":"2019-01-18T07:10:55","date_gmt":"2019-01-18T09:10:55","guid":{"rendered":"http:\/\/lagh-univ.dz\/laboratoires-des-recherches-lacosere\/"},"modified":"2020-02-18T22:32:19","modified_gmt":"2020-02-19T00:32:19","slug":"laboratoires-des-recherches-lacosere","status":"publish","type":"page","link":"http:\/\/lagh-univ.dz\/fr\/laboratoires-des-recherches-lacosere\/","title":{"rendered":"Laboratoires des recherches-LACoSERE"},"content":{"rendered":"<p dir=\"ltr\"><span style=\"font-family: Book Antiqua, Palatino;font-size: 14pt\"><img fetchpriority=\"high\" decoding=\"async\" class=\"wp-image-25896 aligncenter\" src=\"http:\/\/lagh-univ.dz\/wp-content\/uploads\/2020\/02\/40e631a84e9294f56b29a10e356b09e3-300x172.jpg\" alt=\"\" width=\"545\" height=\"313\" srcset=\"http:\/\/lagh-univ.dz\/wp-content\/uploads\/2020\/02\/40e631a84e9294f56b29a10e356b09e3-300x172.jpg 300w, http:\/\/lagh-univ.dz\/wp-content\/uploads\/2020\/02\/40e631a84e9294f56b29a10e356b09e3.jpg 624w\" sizes=\"(max-width: 545px) 100vw, 545px\" \/><\/span><\/p>\n<div>\n<p dir=\"ltr\"><span style=\"font-family: 'Book Antiqua', Palatino;font-size: 18pt;color: #0000ff\"><u>Donn\u00e9es du laboratoire<\/u><\/span><\/p>\n<\/div>\n<div>\n<table style=\"height: 216px;width: 100.135%\" width=\"740\">\n<tbody>\n<tr style=\"height: 54px\">\n<td style=\"text-align: left;height: 54px\" width=\"27%\"><span style=\"font-family: 'Book Antiqua', Palatino;font-size: 14pt;color: #000000\">\u00a0Intitul\u00e9 du Laboratoire\u00a0<\/span><\/td>\n<td style=\"text-align: left;height: 54px\" colspan=\"3\" width=\"72%\"><span style=\"font-family: Book Antiqua, Palatino;font-size: 14pt;color: #000000\">Analyse et de Commande des Syst\u00e8mes d\u2019Energie et R\u00e9seaux Electriques<\/span><\/td>\n<\/tr>\n<tr style=\"height: 54px\">\n<td style=\"text-align: left;height: 54px\" width=\"27%\"><span style=\"font-family: 'Book Antiqua', Palatino;font-size: 14pt;color: #000000\">\u00a0Acronyme du laboratoire<\/span><\/td>\n<td style=\"text-align: left;height: 54px\" colspan=\"3\" width=\"72%\"><span style=\"font-family: Book Antiqua, Palatino;font-size: 14pt;color: #000000\">LACoSERE<\/span><\/td>\n<\/tr>\n<tr style=\"height: 27px\">\n<td style=\"text-align: left;height: 27px\" width=\"27%\"><span style=\"font-family: 'Book Antiqua', Palatino;font-size: 14pt;color: #000000\">\u00a0Facult\u00e9<\/span><\/td>\n<td style=\"text-align: left;height: 27px\" colspan=\"3\" width=\"72%\"><span style=\"font-family: 'Book Antiqua', Palatino;font-size: 14pt;color: #000000\">Technolgie<\/span><\/td>\n<\/tr>\n<tr style=\"height: 27px\">\n<td style=\"text-align: left;height: 27px\" width=\"27%\"><span style=\"font-family: 'Book Antiqua', Palatino;font-size: 14pt;color: #000000\">Tel\u00a0<\/span><\/td>\n<td style=\"text-align: left;height: 27px\" width=\"30%\"><\/td>\n<td style=\"text-align: left;height: 27px\" width=\"7%\"><span style=\"font-family: 'Book Antiqua', Palatino;font-size: 14pt;color: #000000\">Fax\u00a0<\/span><\/td>\n<td style=\"text-align: left;height: 27px\" width=\"34%\"><\/td>\n<\/tr>\n<tr style=\"height: 27px\">\n<td style=\"text-align: left;height: 27px\" width=\"27%\"><span style=\"font-family: 'Book Antiqua', Palatino;font-size: 14pt;color: #000000\">Localisation physique\u00a0<\/span><\/td>\n<td style=\"text-align: left;height: 27px\" colspan=\"3\" width=\"72%\"><\/td>\n<\/tr>\n<tr style=\"height: 27px\">\n<td style=\"text-align: left;height: 27px\" width=\"27%\"><span style=\"font-family: 'Book Antiqua', Palatino;font-size: 14pt;color: #000000\">E mail<\/span><\/td>\n<\/tr>\n<\/tbody>\n<\/table>\n<\/div>\n<p dir=\"ltr\" style=\"text-align: left\"><span style=\"font-family: Book Antiqua, Palatino;font-size: 14pt;color: #000000\">Le laboratoire d\u2019Analyse et de Commande des Syst\u00e8mes d\u2019Energie et R\u00e9seaux Electriques (LACoSERE) a \u00e9t\u00e9 agr\u00e9\u00e9 en 2010.<\/span><\/p>\n<p dir=\"ltr\"><img decoding=\"async\" class=\"aligncenter\" src=\"http:\/\/lacosere.lagh-univ.dz\/images\/elct.jpg\" alt=\"\" border=\"0\" \/><\/p>\n<p dir=\"ltr\" style=\"text-align: left\"><span style=\"font-family: Book Antiqua, Palatino;font-size: 14pt;color: #000000\"> est compos\u00e9 de cinq (05) \u00e9quipes:<\/span><\/p>\n<ul>\n<li style=\"text-align: left\"><span style=\"font-family: Book Antiqua, Palatino;font-size: 14pt;color: #000000\">Equipe 1:Analyse et Conduite des Syst\u00e8mes d\u2019Energie de Puissance.<\/span><\/li>\n<li style=\"text-align: left\"><span style=\"font-family: Book Antiqua, Palatino;font-size: 14pt;color: #000000\">Equipe 2:Commande et Optimisation des R\u00e9seaux Electriques.<\/span><\/li>\n<li style=\"text-align: left\"><span style=\"font-family: Book Antiqua, Palatino;font-size: 14pt;color: #000000\">Equipe 3:Commande et Gestion d\u2019Energie des Syst\u00e8mes Electriques.<\/span><\/li>\n<li style=\"text-align: left\"><span style=\"font-family: Book Antiqua, Palatino;font-size: 14pt;color: #000000\">Equipe 4:Automatique des Syst\u00e8mes Complexes.<\/span><\/li>\n<li style=\"text-align: left\"><span style=\"font-family: Book Antiqua, Palatino;font-size: 14pt;color: #000000\">Equipe 5:Diagnostic, Supervision et Compatibilit\u00e9 \u00c9lectromagn\u00e9tique des Syst\u00e8mes <\/span><\/li>\n<li style=\"text-align: left\"><span style=\"font-family: Book Antiqua, Palatino;font-size: 14pt;color: #000000\">\u00e9lectriques.<\/span><\/li>\n<\/ul>\n<div>\n<p dir=\"ltr\"><span style=\"color: #0000ff;font-size: 14pt;font-family: 'Book Antiqua', Palatino\">Contacts<\/span><\/p>\n<p dir=\"ltr\"><span style=\"font-size: 14pt;color: #000000\"><strong><span style=\"font-family: 'Book Antiqua', Palatino\">Direction<\/span><\/strong><\/span><\/p>\n<\/div>\n<table class=\" alignleft\" style=\"height: 120px\">\n<tbody>\n<tr style=\"height: 24px\">\n<td dir=\"ltr\" style=\"height: 24px;width: 282px\" colspan=\"2\"><span style=\"font-family: 'Book Antiqua', Palatino;font-size: 14pt\">HADJAJ ABDELCHAFIK<\/span><\/td>\n<td style=\"height: 96px;width: 131px\" rowspan=\"4\"><span style=\"font-family: 'Book Antiqua', Palatino;font-size: 14pt\">Photo du directeur<\/span><\/td>\n<\/tr>\n<tr style=\"height: 24px\">\n<td style=\"height: 24px;width: 109px\"><span style=\"font-family: 'Book Antiqua', Palatino;font-size: 14pt\">Grade<\/span><\/td>\n<td dir=\"ltr\" style=\"height: 24px;width: 167px\"><span style=\"font-family: 'Book Antiqua', Palatino;font-size: 14pt\">professeur<\/span><\/td>\n<\/tr>\n<tr style=\"height: 24px\">\n<td style=\"height: 24px;width: 109px\"><span style=\"font-family: 'Book Antiqua', Palatino;font-size: 14pt\">E-mail<\/span><\/td>\n<td style=\"height: 24px;width: 167px\"><span style=\"color: #0000ff;font-family: 'Book Antiqua', Palatino;font-size: 14pt\">a.hadjadj@lagh-univ.dz<\/span><\/td>\n<\/tr>\n<tr style=\"height: 24px\">\n<td style=\"height: 24px;width: 109px\"><span style=\"font-family: 'Book Antiqua', Palatino;font-size: 14pt\">T\u00e9l\/Fax<\/span><\/td>\n<td style=\"height: 24px;width: 167px\"><\/td>\n<\/tr>\n<tr style=\"height: 24px\">\n<td style=\"height: 24px;width: 109px\"><span style=\"font-family: 'Book Antiqua', Palatino;font-size: 14pt\">Page personnel<\/span><\/td>\n<\/tr>\n<\/tbody>\n<\/table>\n","protected":false},"excerpt":{"rendered":"<p>Donn\u00e9es du laboratoire \u00a0Intitul\u00e9 du Laboratoire\u00a0 Analyse et de Commande des Syst\u00e8mes d\u2019Energie et R\u00e9seaux Electriques \u00a0Acronyme du laboratoire LACoSERE \u00a0Facult\u00e9 Technolgie Tel\u00a0 Fax\u00a0 Localisation physique\u00a0 E mail Le laboratoire d\u2019Analyse et de Commande des Syst\u00e8mes d\u2019Energie et R\u00e9seaux Electriques (LACoSERE) a \u00e9t\u00e9 agr\u00e9\u00e9 en 2010. est compos\u00e9 de cinq (05) \u00e9quipes: Equipe 1:Analyse et [&hellip;]<\/p>\n","protected":false},"author":1,"featured_media":0,"parent":0,"menu_order":0,"comment_status":"closed","ping_status":"closed","template":"elementor_header_footer","meta":{"_exactmetrics_skip_tracking":false,"_exactmetrics_sitenote_active":false,"_exactmetrics_sitenote_note":"","_exactmetrics_sitenote_category":0,"footnotes":""},"coauthors":[217,533],"class_list":["post-8591","page","type-page","status-publish","hentry"],"_links":{"self":[{"href":"http:\/\/lagh-univ.dz\/fr\/wp-json\/wp\/v2\/pages\/8591","targetHints":{"allow":["GET"]}}],"collection":[{"href":"http:\/\/lagh-univ.dz\/fr\/wp-json\/wp\/v2\/pages"}],"about":[{"href":"http:\/\/lagh-univ.dz\/fr\/wp-json\/wp\/v2\/types\/page"}],"author":[{"embeddable":true,"href":"http:\/\/lagh-univ.dz\/fr\/wp-json\/wp\/v2\/users\/1"}],"replies":[{"embeddable":true,"href":"http:\/\/lagh-univ.dz\/fr\/wp-json\/wp\/v2\/comments?post=8591"}],"version-history":[{"count":6,"href":"http:\/\/lagh-univ.dz\/fr\/wp-json\/wp\/v2\/pages\/8591\/revisions"}],"predecessor-version":[{"id":29224,"href":"http:\/\/lagh-univ.dz\/fr\/wp-json\/wp\/v2\/pages\/8591\/revisions\/29224"}],"wp:attachment":[{"href":"http:\/\/lagh-univ.dz\/fr\/wp-json\/wp\/v2\/media?parent=8591"}],"wp:term":[{"taxonomy":"author","embeddable":true,"href":"http:\/\/lagh-univ.dz\/fr\/wp-json\/wp\/v2\/coauthors?post=8591"}],"curies":[{"name":"wp","href":"https:\/\/api.w.org\/{rel}","templated":true}]}}