{"id":8647,"date":"2019-01-27T15:17:32","date_gmt":"2019-01-27T17:17:32","guid":{"rendered":"http:\/\/lagh-univ.dz\/pgr-these-genie-des-procedes\/"},"modified":"2024-11-20T10:32:19","modified_gmt":"2024-11-20T09:32:19","slug":"pgr-these-genie-des-procedes","status":"publish","type":"page","link":"http:\/\/lagh-univ.dz\/fr\/pgr-these-genie-des-procedes\/","title":{"rendered":"pgr-these-G\u00e9nie des proc\u00e9d\u00e9s"},"content":{"rendered":"<p>[su_box title=\u00a0\u00bbg\u00e9nie des proc\u00e9d\u00e9s\u00a0\u00bb box_color=\u00a0\u00bb#12b9b2&Prime; radius=\u00a0\u00bb15&Prime;]<\/p>\n<p>[su_spoiler title=\u00a0\u00bbAnn\u00e9e 2019&Prime; style=\u00a0\u00bbfancy\u00a0\u00bb]<div class='w3eden'><!-- WPDM Link Template: Default Template ( Old ) -->\n\n\n<div class=\"wpdm-link-template link-template-default\" >\n\n    <div class=\"media\">\n        <div class=\"mr-3\"><img decoding=\"async\" class=\"wpdm_icon\" alt=\"Ic\u00f4ne\"   src=\"http:\/\/lagh-univ.dz\/wp-content\/plugins\/download-manager\/assets\/file-type-icons\/doc.png\" \/><\/div>\n        <div class=\"media-body\">\n            <div>\n                <strong class=\"package-title\">Ouverture du concours National pour l'admissibilit\u00e9 au programme de la formation r\u00e9sidentielle \u00e0 l'\u00e9tranger au titre de l'ann\u00e9e 2019-2020.<\/strong> | 11.62 KB\n            <\/div>\n            <a class='wpdm-download-link download-on-click btn btn-primary btn-xs' rel='nofollow' href='#' data-downloadurl=\"http:\/\/lagh-univ.dz\/download\/ouverture-du-concours-national-pour-ladmissibilite-au-programme-de-la-formation-residentielle-a-letranger-au-titre-de-lannee-2019-2020\/?wpdmdl=5630&refresh=69d5935a7ca131775604570\">Open<\/a>\n        <\/div>\n\n    <\/div>\n    <div style=\"clear: both\"><\/div>\n<\/div>\n<div style=\"clear: both\"><\/div>\n\n<\/div><div class='w3eden'><!-- WPDM Link Template: Default Template ( Old ) -->\n\n\n<div class=\"wpdm-link-template link-template-default\" >\n\n    <div class=\"media\">\n        <div class=\"mr-3\"><img decoding=\"async\" class=\"wpdm_icon\" alt=\"Ic\u00f4ne\"   src=\"http:\/\/lagh-univ.dz\/wp-content\/plugins\/download-manager\/assets\/file-type-icons\/doc.png\" \/><\/div>\n        <div class=\"media-body\">\n            <div>\n                <strong class=\"package-title\">Ouverture du concours National pour l'admissibilit\u00e9 au programme de la formation r\u00e9sidentielle \u00e0 l'\u00e9tranger au titre de l'ann\u00e9e 2019-2020.<\/strong> | 11.62 KB\n            <\/div>\n            <a class='wpdm-download-link download-on-click btn btn-primary btn-xs' rel='nofollow' href='#' data-downloadurl=\"http:\/\/lagh-univ.dz\/download\/ouverture-du-concours-national-pour-ladmissibilite-au-programme-de-la-formation-residentielle-a-letranger-au-titre-de-lannee-2019-2020\/?wpdmdl=5630&refresh=69d5935a8233a1775604570\">Open<\/a>\n        <\/div>\n\n    <\/div>\n    <div style=\"clear: both\"><\/div>\n<\/div>\n<div style=\"clear: both\"><\/div>\n\n<\/div>[\/su_spoiler]<\/p>\n<p>[su_spoiler title=\u00a0\u00bbAnn\u00e9e 2018&Prime; style=\u00a0\u00bbfancy\u00a0\u00bb]<div class='w3eden'><!-- WPDM Link Template: Default Template ( Old ) -->\n\n\n<div class=\"wpdm-link-template link-template-default\" >\n\n    <div class=\"media\">\n        <div class=\"mr-3\"><img decoding=\"async\" class=\"wpdm_icon\" alt=\"Ic\u00f4ne\"   src=\"http:\/\/lagh-univ.dz\/wp-content\/plugins\/download-manager\/assets\/file-type-icons\/doc.png\" \/><\/div>\n        <div class=\"media-body\">\n            <div>\n                <strong class=\"package-title\">Ouverture du concours National pour l'admissibilit\u00e9 au programme de la formation r\u00e9sidentielle \u00e0 l'\u00e9tranger au titre de l'ann\u00e9e 2019-2020.<\/strong> | 11.62 KB\n            <\/div>\n            <a class='wpdm-download-link download-on-click btn btn-primary btn-xs' rel='nofollow' href='#' data-downloadurl=\"http:\/\/lagh-univ.dz\/download\/ouverture-du-concours-national-pour-ladmissibilite-au-programme-de-la-formation-residentielle-a-letranger-au-titre-de-lannee-2019-2020\/?wpdmdl=5630&refresh=69d5935a842d21775604570\">Open<\/a>\n        <\/div>\n\n    <\/div>\n    <div style=\"clear: both\"><\/div>\n<\/div>\n<div style=\"clear: both\"><\/div>\n\n<\/div>[\/su_spoiler]<\/p>\n<p>[su_spoiler title=\u00a0\u00bbAnn\u00e9e 2017&Prime; style=\u00a0\u00bbfancy\u00a0\u00bb]<div class='w3eden'><!-- WPDM Link Template: Default Template ( Old ) -->\n\n\n<div class=\"wpdm-link-template link-template-default\" >\n\n    <div class=\"media\">\n        <div class=\"mr-3\"><img decoding=\"async\" class=\"wpdm_icon\" alt=\"Ic\u00f4ne\"   src=\"http:\/\/lagh-univ.dz\/wp-content\/plugins\/download-manager\/assets\/file-type-icons\/doc.png\" \/><\/div>\n        <div class=\"media-body\">\n            <div>\n                <strong class=\"package-title\">Ouverture du concours National pour l'admissibilit\u00e9 au programme de la formation r\u00e9sidentielle \u00e0 l'\u00e9tranger au titre de l'ann\u00e9e 2019-2020.<\/strong> | 11.62 KB\n            <\/div>\n            <a class='wpdm-download-link download-on-click btn btn-primary btn-xs' rel='nofollow' href='#' data-downloadurl=\"http:\/\/lagh-univ.dz\/download\/ouverture-du-concours-national-pour-ladmissibilite-au-programme-de-la-formation-residentielle-a-letranger-au-titre-de-lannee-2019-2020\/?wpdmdl=5630&refresh=69d5935a8608d1775604570\">Open<\/a>\n        <\/div>\n\n    <\/div>\n    <div style=\"clear: both\"><\/div>\n<\/div>\n<div style=\"clear: both\"><\/div>\n\n<\/div>[\/su_spoiler]<\/p>\n<p>[\/su_box]<\/p>\n<p>[su_box title=\u00a0\u00bbg\u00e9nie des proc\u00e9d\u00e9s\u00a0\u00bb box_color=\u00a0\u00bb#12b9b2&Prime; radius=\u00a0\u00bb15&Prime;]<\/p>\n<p>[su_spoiler title=\u00a0\u00bbAnn\u00e9e 2019&Prime; style=\u00a0\u00bbfancy\u00a0\u00bb]<div class='w3eden'><!-- WPDM Link Template: Default Template ( Old ) -->\n\n\n<div class=\"wpdm-link-template link-template-default\" >\n\n    <div class=\"media\">\n        <div class=\"mr-3\"><img decoding=\"async\" class=\"wpdm_icon\" alt=\"Ic\u00f4ne\"   src=\"http:\/\/lagh-univ.dz\/wp-content\/plugins\/download-manager\/assets\/file-type-icons\/doc.png\" \/><\/div>\n        <div class=\"media-body\">\n            <div>\n                <strong class=\"package-title\">Ouverture du concours National pour l'admissibilit\u00e9 au programme de la formation r\u00e9sidentielle \u00e0 l'\u00e9tranger au titre de l'ann\u00e9e 2019-2020.<\/strong> | 11.62 KB\n            <\/div>\n            <a class='wpdm-download-link download-on-click btn btn-primary btn-xs' rel='nofollow' href='#' data-downloadurl=\"http:\/\/lagh-univ.dz\/download\/ouverture-du-concours-national-pour-ladmissibilite-au-programme-de-la-formation-residentielle-a-letranger-au-titre-de-lannee-2019-2020\/?wpdmdl=5630&refresh=69d5935a87d821775604570\">Open<\/a>\n        <\/div>\n\n    <\/div>\n    <div style=\"clear: both\"><\/div>\n<\/div>\n<div style=\"clear: both\"><\/div>\n\n<\/div><div class='w3eden'><!-- WPDM Link Template: Default Template ( Old ) -->\n\n\n<div class=\"wpdm-link-template link-template-default\" >\n\n    <div class=\"media\">\n        <div class=\"mr-3\"><img decoding=\"async\" class=\"wpdm_icon\" alt=\"Ic\u00f4ne\"   src=\"http:\/\/lagh-univ.dz\/wp-content\/plugins\/download-manager\/assets\/file-type-icons\/doc.png\" \/><\/div>\n        <div class=\"media-body\">\n            <div>\n                <strong class=\"package-title\">Ouverture du concours National pour l'admissibilit\u00e9 au programme de la formation r\u00e9sidentielle \u00e0 l'\u00e9tranger au titre de l'ann\u00e9e 2019-2020.<\/strong> | 11.62 KB\n            <\/div>\n            <a class='wpdm-download-link download-on-click btn btn-primary btn-xs' rel='nofollow' href='#' data-downloadurl=\"http:\/\/lagh-univ.dz\/download\/ouverture-du-concours-national-pour-ladmissibilite-au-programme-de-la-formation-residentielle-a-letranger-au-titre-de-lannee-2019-2020\/?wpdmdl=5630&refresh=69d5935a89a041775604570\">Open<\/a>\n        <\/div>\n\n    <\/div>\n    <div style=\"clear: both\"><\/div>\n<\/div>\n<div style=\"clear: both\"><\/div>\n\n<\/div>[\/su_spoiler]<\/p>\n<p>[su_spoiler title=\u00a0\u00bbAnn\u00e9e 2018&Prime; style=\u00a0\u00bbfancy\u00a0\u00bb]<div class='w3eden'><!-- WPDM Link Template: Default Template ( Old ) -->\n\n\n<div class=\"wpdm-link-template link-template-default\" >\n\n    <div class=\"media\">\n        <div class=\"mr-3\"><img decoding=\"async\" class=\"wpdm_icon\" alt=\"Ic\u00f4ne\"   src=\"http:\/\/lagh-univ.dz\/wp-content\/plugins\/download-manager\/assets\/file-type-icons\/doc.png\" \/><\/div>\n        <div class=\"media-body\">\n            <div>\n                <strong class=\"package-title\">Ouverture du concours National pour l'admissibilit\u00e9 au programme de la formation r\u00e9sidentielle \u00e0 l'\u00e9tranger au titre de l'ann\u00e9e 2019-2020.<\/strong> | 11.62 KB\n            <\/div>\n            <a class='wpdm-download-link download-on-click btn btn-primary btn-xs' rel='nofollow' href='#' data-downloadurl=\"http:\/\/lagh-univ.dz\/download\/ouverture-du-concours-national-pour-ladmissibilite-au-programme-de-la-formation-residentielle-a-letranger-au-titre-de-lannee-2019-2020\/?wpdmdl=5630&refresh=69d5935a8b56b1775604570\">Open<\/a>\n        <\/div>\n\n    <\/div>\n    <div style=\"clear: both\"><\/div>\n<\/div>\n<div style=\"clear: both\"><\/div>\n\n<\/div>[\/su_spoiler]<\/p>\n<p>[su_spoiler title=\u00a0\u00bbAnn\u00e9e 2017&Prime; style=\u00a0\u00bbfancy\u00a0\u00bb]<div class='w3eden'><!-- WPDM Link Template: Default Template ( Old ) -->\n\n\n<div class=\"wpdm-link-template link-template-default\" >\n\n    <div class=\"media\">\n        <div class=\"mr-3\"><img decoding=\"async\" class=\"wpdm_icon\" alt=\"Ic\u00f4ne\"   src=\"http:\/\/lagh-univ.dz\/wp-content\/plugins\/download-manager\/assets\/file-type-icons\/doc.png\" \/><\/div>\n        <div class=\"media-body\">\n            <div>\n                <strong class=\"package-title\">Ouverture du concours National pour l'admissibilit\u00e9 au programme de la formation r\u00e9sidentielle \u00e0 l'\u00e9tranger au titre de l'ann\u00e9e 2019-2020.<\/strong> | 11.62 KB\n            <\/div>\n            <a class='wpdm-download-link download-on-click btn btn-primary btn-xs' rel='nofollow' href='#' data-downloadurl=\"http:\/\/lagh-univ.dz\/download\/ouverture-du-concours-national-pour-ladmissibilite-au-programme-de-la-formation-residentielle-a-letranger-au-titre-de-lannee-2019-2020\/?wpdmdl=5630&refresh=69d5935a8d2af1775604570\">Open<\/a>\n        <\/div>\n\n    <\/div>\n    <div style=\"clear: both\"><\/div>\n<\/div>\n<div style=\"clear: both\"><\/div>\n\n<\/div>[\/su_spoiler]<\/p>\n<p>[\/su_box]<\/p>\n","protected":false},"excerpt":{"rendered":"<p>[su_box title=\u00a0\u00bbg\u00e9nie des proc\u00e9d\u00e9s\u00a0\u00bb box_color=\u00a0\u00bb#12b9b2&Prime; radius=\u00a0\u00bb15&Prime;] [su_spoiler title=\u00a0\u00bbAnn\u00e9e 2019&Prime; style=\u00a0\u00bbfancy\u00a0\u00bb][\/su_spoiler] [su_spoiler title=\u00a0\u00bbAnn\u00e9e 2018&Prime; style=\u00a0\u00bbfancy\u00a0\u00bb][\/su_spoiler] [su_spoiler title=\u00a0\u00bbAnn\u00e9e 2017&Prime; style=\u00a0\u00bbfancy\u00a0\u00bb][\/su_spoiler] [\/su_box] [su_box title=\u00a0\u00bbg\u00e9nie des proc\u00e9d\u00e9s\u00a0\u00bb box_color=\u00a0\u00bb#12b9b2&Prime; radius=\u00a0\u00bb15&Prime;] [su_spoiler title=\u00a0\u00bbAnn\u00e9e 2019&Prime; style=\u00a0\u00bbfancy\u00a0\u00bb][\/su_spoiler] [su_spoiler title=\u00a0\u00bbAnn\u00e9e 2018&Prime; style=\u00a0\u00bbfancy\u00a0\u00bb][\/su_spoiler] [su_spoiler title=\u00a0\u00bbAnn\u00e9e 2017&Prime; style=\u00a0\u00bbfancy\u00a0\u00bb][\/su_spoiler] [\/su_box]<\/p>\n","protected":false},"author":6,"featured_media":0,"parent":0,"menu_order":0,"comment_status":"closed","ping_status":"closed","template":"elementor_header_footer","meta":{"_exactmetrics_skip_tracking":false,"_exactmetrics_sitenote_active":false,"_exactmetrics_sitenote_note":"","_exactmetrics_sitenote_category":0,"footnotes":""},"coauthors":[217],"class_list":["post-8647","page","type-page","status-publish","hentry"],"_links":{"self":[{"href":"http:\/\/lagh-univ.dz\/fr\/wp-json\/wp\/v2\/pages\/8647","targetHints":{"allow":["GET"]}}],"collection":[{"href":"http:\/\/lagh-univ.dz\/fr\/wp-json\/wp\/v2\/pages"}],"about":[{"href":"http:\/\/lagh-univ.dz\/fr\/wp-json\/wp\/v2\/types\/page"}],"author":[{"embeddable":true,"href":"http:\/\/lagh-univ.dz\/fr\/wp-json\/wp\/v2\/users\/6"}],"replies":[{"embeddable":true,"href":"http:\/\/lagh-univ.dz\/fr\/wp-json\/wp\/v2\/comments?post=8647"}],"version-history":[{"count":1,"href":"http:\/\/lagh-univ.dz\/fr\/wp-json\/wp\/v2\/pages\/8647\/revisions"}],"predecessor-version":[{"id":12010,"href":"http:\/\/lagh-univ.dz\/fr\/wp-json\/wp\/v2\/pages\/8647\/revisions\/12010"}],"wp:attachment":[{"href":"http:\/\/lagh-univ.dz\/fr\/wp-json\/wp\/v2\/media?parent=8647"}],"wp:term":[{"taxonomy":"author","embeddable":true,"href":"http:\/\/lagh-univ.dz\/fr\/wp-json\/wp\/v2\/coauthors?post=8647"}],"curies":[{"name":"wp","href":"https:\/\/api.w.org\/{rel}","templated":true}]}}