{"id":8681,"date":"2019-01-25T19:13:18","date_gmt":"2019-01-25T21:13:18","guid":{"rendered":"https:\/\/lagh-univ.dz\/revues-dirassat-economie\/"},"modified":"2019-03-02T16:15:54","modified_gmt":"2019-03-02T18:15:54","slug":"revues-dirassat-economie","status":"publish","type":"page","link":"https:\/\/lagh-univ.dz\/fr\/revues-dirassat-economie\/","title":{"rendered":"(Revues-Dirassat (Dossier \u00e9conomique"},"content":{"rendered":"<div>\n<h1><span style=\"color: #ff0000;\"><em>(Revue Dirassat (Dossier \u00e9conomique<br \/>\n<\/em><\/span><\/h1>\n<blockquote>\n<p dir=\"ltr\" style=\"text-align: justify;\">Revue p\u00e9riodique internationale publi\u00e9e par la Facult\u00e9 des sciences \u00e9conomiques et commerciales et des sciences de gestion Universit\u00e9 Amar Telidji de Laghouat.<\/p>\n<ul>\n<li style=\"text-align: justify;\">Economie<\/li>\n<li style=\"text-align: justify;\">Management<\/li>\n<li style=\"text-align: justify;\">Econometrie<\/li>\n<li style=\"text-align: justify;\">Finance<\/li>\n<li style=\"text-align: justify;\">Comptabilit\u00e9<\/li>\n<li style=\"text-align: justify;\">Marketing<\/li>\n<\/ul>\n<\/blockquote>\n<div><a href=\"https:\/\/lagh-univ.dz\/revue-de-luniversite\/download-1-2\/\" rel=\"attachment wp-att-4762\"><img decoding=\"async\" class=\"wp-image-4770 alignleft\" src=\"https:\/\/lagh-univ.dz\/wp-content\/uploads\/2019\/01\/download-1.jpeg\" alt=\"\" width=\"174\" height=\"243\" \/><\/a><\/div>\n<div>\n<table style=\"height: 103px; width: 748px; border-color: #ffffff; background-color: #ffffff;\" width=\"748\">\n<tbody>\n<tr style=\"border-color: #ffffff;\">\n<td style=\"width: 370.95px; background-color: #ffffff; border-color: #ffffff;\">[su_button style=\u00a0\u00bbsoft\u00a0\u00bb background=\u00a0\u00bb#08387f\u00a0\u00bb] EISSN : 2602-6791[\/su_button]<\/td>\n<td style=\"width: 361.05px; background-color: #ffffff; border-color: #ffffff;\">[su_button style=\u00a0\u00bbsoft\u00a0\u00bb background=\u00a0\u00bb#08387f\u00a0\u00bb]Ann\u00e9e de cr\u00e9ation: 2004[\/su_button]<\/td>\n<\/tr>\n<tr style=\"border-color: #ffffff;\">\n<td style=\"width: 370.95px; background-color: #ffffff; border-color: #ffffff;\">[su_button style=\u00a0\u00bbsoft\u00a0\u00bb background=\u00a0\u00bb#08387f\u00a0\u00bb]P\u00e9riodicit\u00e9: Semestrielle[\/su_button]<\/td>\n<td style=\"width: 361.05px; background-color: #ffffff; border-color: #ffffff;\">[su_button style=\u00a0\u00bbsoft\u00a0\u00bb background=\u00a0\u00bb#08387f\u00a0\u00bb]Pays: Alg\u00e9rie [\/su_button]<\/td>\n<\/tr>\n<tr style=\"border-color: #ffffff;\">\n<td style=\"width: 370.95px; background-color: #ffffff; border-color: #ffffff;\">[su_button style=\u00a0\u00bbsoft\u00a0\u00bb background=\u00a0\u00bb#08387f\u00a0\u00bb]Taux d&rsquo;acceptation: 63%[\/su_button]<\/td>\n<td style=\"width: 361.05px; background-color: #ffffff; border-color: #ffffff;\">[su_button style=\u00a0\u00bbsoft\u00a0\u00bb background=\u00a0\u00bb#08387f\u00a0\u00bb]Institution: Universit\u00e9 Omar Telidji de Laghouat[\/su_button]<\/td>\n<\/tr>\n<tr style=\"border-color: #ffffff;\">\n<td style=\"width: 370.95px; background-color: #ffffff; border-color: #ffffff;\">[su_button style=\u00a0\u00bbsoft\u00a0\u00bb background=\u00a0\u00bb#08387f\u00a0\u00bb]Temps moyen de r\u00e9ponse: 162 Jours[\/su_button]<\/td>\n<td style=\"width: 361.05px; background-color: #ffffff; border-color: #ffffff;\">[su_button style=\u00a0\u00bbsoft\u00a0\u00bb background=\u00a0\u00bb#08387f\u00a0\u00bb]Facteur d&rsquo;impact ASJP:[\/su_button]<\/td>\n<\/tr>\n<tr style=\"border-color: #ffffff;\">\n<td style=\"width: 370.95px; background-color: #ffffff; border-color: #ffffff;\">[su_button style=\u00a0\u00bbsoft\u00a0\u00bb background=\u00a0\u00bb#08387f\u00a0\u00bb]emps moyen de publication apr\u00e8s acceptation: 29 Jours[\/su_button]<\/td>\n<td style=\"width: 361.05px; background-color: #ffffff; border-color: #ffffff;\"><\/td>\n<\/tr>\n<tr style=\"border-color: #ffffff; background-color: #ffffff;\">\n<td style=\"width: 370.95px; border-color: #ffffff; background-color: #ffffff;\"><\/td>\n<td style=\"width: 361.05px; border-color: #ffffff; background-color: #ffffff;\"><\/td>\n<\/tr>\n<tr style=\"border-color: #ffffff; background-color: #ffffff;\">\n<td style=\"width: 370.95px; border-color: #ffffff; background-color: #ffffff;\"><\/td>\n<td style=\"width: 361.05px; border-color: #ffffff; background-color: #ffffff;\"><\/td>\n<\/tr>\n<\/tbody>\n<\/table>\n<\/div>\n<\/div>\n<div>\n<table style=\"height: 19px; width: 673px;\" width=\"610\">\n<tbody>\n<tr>\n<td style=\"width: 216.567px; text-align: left; border-color: #ffffff; background-color: #ffffff;\">\n<p style=\"text-align: left;\">[su_button url=\u00a0\u00bbhttps:\/\/lagh-univ.dz\/?page_id=6366&amp;preview=true\u00a0\u00bb background=\u00a0\u00bb#19a387&Prime;]Guide pour auteur[\/su_button]<\/p>\n<\/td>\n<td style=\"width: 253.583px; text-align: left; border-color: #ffffff; background-color: #ffffff;\">[su_button url=\u00a0\u00bbhttps:\/\/lagh-univ.dz\/?page_id=6366&amp;preview=true\u00a0\u00bb background=\u00a0\u00bb#19a387&Prime;]Instruction pour auteur[\/su_button]<\/td>\n<td style=\"width: 277.4px; text-align: left; border-color: #ffffff; background-color: #ffffff;\">[su_button url=\u00a0\u00bbhttps:\/\/www.asjp.cerist.dz\/en\/submission\/301?page_id=6366&amp;preview=true\u00a0\u00bb background=\u00a0\u00bb#e21452&Prime;]Soummisioner un article [\/su_button]<\/td>\n<\/tr>\n<tr>\n<td style=\"width: 216.567px; text-align: left; border-color: #ffffff; background-color: #ffffff;\">\n<p style=\"text-align: left;\">\n<\/td>\n<td style=\"width: 253.583px; text-align: left; border-color: #ffffff; background-color: #ffffff;\"><\/td>\n<td style=\"width: 277.4px; text-align: left; border-color: #ffffff; background-color: #ffffff;\"><\/td>\n<\/tr>\n<\/tbody>\n<\/table>\n<\/div>\n<div><\/div>\n<div>[su_spacer size=\u00a0\u00bb20&Prime;]<\/div>\n<div dir=\"ltr\" style=\"text-align: left;\"><span style=\"color: #ff0000;\">\u00a0[su_spoiler title=\u00a0\u00bb<strong>D\u00e9scription<\/strong>\u00a0\u00bb style=\u00a0\u00bbfancy\u00a0\u00bb]<\/span><span style=\"font-family: book antiqua, palatino, serif;\">Dirassat est une revue de recherche de renomm\u00e9e internationale publi\u00e9e par la Facult\u00e9 des sciences \u00e9conomiques, sciences commerciales, et des sciences de gestion de l&rsquo;Universit\u00e9 de Laghouat, en Alg\u00e9rie, en deux s\u00e9ries dans les domaines suivants: (sciences administratives, sciences de gestion, sciences \u00e9conomiques, sciences \u00e9conomiques appliqu\u00e9es, commerce et marketing , Domaine de la gestion des ressources humaines, &#8230;). Dirassat publie des travaux scientifiques originaux de chercheurs dans tous les domaines susmentionn\u00e9s, dans l\u2019une des langues suivantes: arabe, anglais ou fran\u00e7ais. Les articles soumis sont examin\u00e9s selon les normes les plus strictes par des scientifiques sp\u00e9cialis\u00e9s dans leurs domaines. La recherche ne doit pas \u00eatre publi\u00e9e ni soumise pour publication ailleurs. DIRASSAT est propri\u00e9taire des droits d&rsquo;auteur de chaque article publi\u00e9. le ou les auteurs doivent obtenir l\u2019approbation du r\u00e9dacteur en chef pour toute autre utilisation de l\u2019article<\/span>.<span style=\"color: #ff0000;\">[\/su_spoiler]<\/span><\/div>\n<div><\/div>\n<div dir=\"ltr\" style=\"text-align: left;\"><span style=\"color: #ff0000;\">[su_spoiler title=\u00a0\u00bb<strong>Indexation<\/strong>\u00a0\u00bb style=\u00a0\u00bbfancy\u00a0\u00bb] <\/span>DirEI\u2019s this quest for quality is reflected in the structure of journal\u2019s editorial board as well as the strong network of reviewers, which allows the peer review process to\u00a0 <span style=\"color: #ff0000;\">[\/su_spoiler]<\/span><\/div>\n<div>\n<p>[su_spoiler title=\u00a0\u00bb<strong>Comit\u00e9 Editorial<\/strong>\u00a0\u00bb style=\u00a0\u00bbfancy\u00a0\u00bb]<\/p>\n<p><span style=\"font-size: 14pt; color: #000000; font-family: book antiqua, palatino, serif;\"><strong>\u00c9diteur en chef\u00a0\u00a0 :\u00a0<\/strong><\/span><\/p>\n<p class=\"list\"><span style=\"font-family: book antiqua, palatino, serif;\">Nom et pr\u00e9nom : <strong>Hamdi Abou El Kacem<\/strong><\/span><br \/>\n<span style=\"font-family: book antiqua, palatino, serif;\">E-mail : <strong>b.hamdi@lagh-univ.dz<\/strong><\/span><br \/>\n<span style=\"font-family: book antiqua, palatino, serif;\">Affiliation : <strong>Universit\u00e9 Amar Telidji de Laghouat ; Alg\u00e9rie<\/strong><\/span><\/p>\n<p class=\"list\"><span style=\"color: #000000; font-family: book antiqua, palatino, serif; font-size: 14pt;\"><strong>\u00c9diteurs associ\u00e9s\u00a0 \u00a0<\/strong><\/span><\/p>\n<p>Lala Ramdani<br \/>\nl.ramdani@yahoo.fr<br \/>\nUniversit\u00e9 Omar Telidji de Laghouat; Alg\u00e9rie<\/p>\n<p>Hamza Taibi<br \/>\nthtaibi.hamza@yahoo.fr<br \/>\nUniversit\u00e9 Omar Telidji de Laghouat; Alg\u00e9rie<\/p>\n<p>Abdelhadi Messoudi<br \/>\nabdelhadi.messe@yahoo.fr<br \/>\nUniversit\u00e9 Omar Telidji de Laghouat; Alg\u00e9rie<\/p>\n<p>Ahmida Ferhat<br \/>\nferhatahmida7@gmail.com<br \/>\nUniversit\u00e9 Omar Telidji de Laghouat; Alg\u00e9rie<\/p>\n<p>Djelloul Benkachoua<br \/>\nkachou03@yahoo.fr<br \/>\nUniversit\u00e9 Omar Telidji de Laghouat; Alg\u00e9rie<\/p>\n<p>Kroubba Maamar<br \/>\nm.krobba@yahoo.com<br \/>\nUniversit\u00e9 Omar Telidji de Laghouat; Alg\u00e9rie<\/p>\n<p>Bouchra Esslimani<br \/>\nbesslimani@gmail.com<br \/>\nEcole Nationale de Commerce et de Gestion &#8211; Universit\u00e9 Cadi Ayyad de Marrakech; Maroc<\/p>\n<p>Sabah Almihiaoui<br \/>\nsa514960@gmail.com<br \/>\nL&rsquo;universit\u00e9 Technique Moyenne, Baghdad; Iraq<\/p>\n<p>laadjal ADALA<br \/>\nadj.adala@gmail.com<br \/>\nUniversit\u00e9 Abdelhamid Ibn Badis de Mostaganem; Alg\u00e9rie<\/p>\n<p>Irki Houcine<br \/>\nprof.irki@gmail.com<br \/>\nUniversit\u00e9 Yahia Far\u00e8s de M\u00e9d\u00e9a; Alg\u00e9rie<\/p>\n<p>Youcef Al-abdallah Tarek Toufik<br \/>\ntariqtariq1984@gmail.com<br \/>\nUniversity of Basrah; Iraq<\/p>\n<p>Azmi Wasfi Aouad<br \/>\nazmiawad1@hotmail.com<br \/>\nL&rsquo;universit\u00e9 Technique de Palestine; Palestine<\/p>\n<p>Mostapha Mahmoud Abdu-salam<br \/>\nmosmabd@yahoo.com<br \/>\nL&rsquo;universit\u00e9 Oum Elkoura; Arabie Saoudite<\/p>\n<p>Khaled Jamal J\u00c0ARAT<br \/>\nkhaledjaarat@yahoo.com<br \/>\nL&rsquo;universit\u00e9 du Moyen Orient; Amman; Jordanie<\/p>\n<p>Semlali Yahdhia<br \/>\ndr.semlali@yahoo.fr<br \/>\nL&rsquo;universit\u00e9 Le Roi Fay\u00e7al; L&rsquo;arabie Saoudite<\/p>\n<p>Youcef Nasser<br \/>\nyoucef.nasser@gmail.com<\/p>\n<p>L&rsquo;universit\u00e9 Islamique Mondiale; Malaisie<\/p>\n<p>Hassiba Djema<br \/>\ndjemaa_hassiba@yahoo.fr<br \/>\nEcole des hautes \u00e9tudes commerciales; Alg\u00e9rie<\/p>\n<p>Tarek Sadraoui<br \/>\ntarek.sadraoui@gmail.com<br \/>\nUniversit\u00e9 de Monastir; Tunisie<\/p>\n<p>Bassam Alromeedy<br \/>\nbassam.samir@fth.usc.edu.eg<br \/>\nUniversity of Sadat City &#8211; Egypt<\/p>\n<p>El-Youssefi Mohamed El Filali<br \/>\nMohamed.ElFilali@zu.ac.ae; Emirate Arabe Unie<\/p>\n<p>Isam Abdu-alkhidr Saoud Al-abbas<br \/>\nasasanameas@yahoo.com<br \/>\nL&rsquo;universit\u00e9 Almostansiria; Iraq<\/p>\n<p>horska Elena<br \/>\nelena.horska@gmail.com<\/p>\n<p>Universit\u00e9 Nitra; Slovakia<\/p>\n<p>abdelhamid naidjate<br \/>\na.naidjat@gmail.com<br \/>\nUniversit\u00e9 Omar Telidji de Laghouat; Alg\u00e9rie<\/p>\n<p><strong style=\"font-family: 'book antiqua', palatino, serif;\"><span style=\"font-size: 14pt;\"><span style=\"color: #000000;\">S\u00e9cretariat<\/span> :<\/span><\/strong><\/p>\n<p>Hamza Taibi<br \/>\nthtaibi.hamza@yahoo.fr<br \/>\nUniversit\u00e9 Omar Telidji de Laghouat; Alg\u00e9rie<\/p>\n<p>merrad Rais<br \/>\nraismerrad80@gmail.com<br \/>\nUniversit\u00e9 Omar Telidji de Laghouat; Alg\u00e9rie<\/p>\n<p>Baadje Elhachemi<br \/>\nbaad03@yahoo.fr<br \/>\nUniversit\u00e9 Omar Telidji de Laghouat; Alg\u00e9rie<\/p>\n<p>[\/su_spoiler]<\/p>\n<\/div>\n<div>\n<div><span style=\"font-size: 24pt;\">Issue<\/span><\/div>\n<\/div>\n<p>[su_column size=\u00a0\u00bb1\/3&Prime;][su_spoiler title=\u00a0\u00bbTom02 Jan 2020&Prime; style=\u00a0\u00bbfancy\u00a0\u00bb][3d-flip-book mode=\u00a0\u00bbthumbnail-lightbox\u00a0\u00bb urlparam=\u00a0\u00bbfb3d-page\u00a0\u00bb id=\u00a0\u00bb5624&Prime; title=\u00a0\u00bbtrue\u00a0\u00bb lightbox=\u00a0\u00bbdark\u00a0\u00bb]\u00a0 [\/su_spoiler][\/su_column]<\/p>\n<p>[su_column size=\u00a0\u00bb1\/3&Prime;][su_spoiler title=\u00a0\u00bbTom01 Jan 2019&Prime; style=\u00a0\u00bbfancy\u00a0\u00bb][3d-flip-book mode=\u00a0\u00bbthumbnail-lightbox\u00a0\u00bb urlparam=\u00a0\u00bbfb3d-page\u00a0\u00bb id=\u00a0\u00bb5624&Prime; title=\u00a0\u00bbtrue\u00a0\u00bb lightbox=\u00a0\u00bbdark\u00a0\u00bb]\u00a0 [\/su_spoiler][\/su_column]<\/p>\n<p>[su_column size=\u00a0\u00bb1\/3&Prime;][su_spoiler title=\u00a0\u00bbTom01 Jan 2019&Prime; style=\u00a0\u00bbfancy\u00a0\u00bb][3d-flip-book mode=\u00a0\u00bbthumbnail-lightbox\u00a0\u00bb urlparam=\u00a0\u00bbfb3d-page\u00a0\u00bb id=\u00a0\u00bb4588&Prime; title=\u00a0\u00bbtrue\u00a0\u00bb lightbox=\u00a0\u00bbdark\u00a0\u00bb]\u00a0 [\/su_spoiler][\/su_column]<\/p>\n<p>[su_column size=\u00a0\u00bb1\/3&Prime;][su_spoiler title=\u00a0\u00bbTom01 Jan 2019&Prime; style=\u00a0\u00bbfancy\u00a0\u00bb][3d-flip-book mode=\u00a0\u00bbthumbnail-lightbox\u00a0\u00bb urlparam=\u00a0\u00bbfb3d-page\u00a0\u00bb id=\u00a0\u00bb4588&Prime; title=\u00a0\u00bbtrue\u00a0\u00bb lightbox=\u00a0\u00bbdark\u00a0\u00bb]\u00a0 [\/su_spoiler][\/su_column]<\/p>\n<p>[su_column size=\u00a0\u00bb1\/3&Prime;][su_spoiler title=\u00a0\u00bbTom01 Jan 2019&Prime; style=\u00a0\u00bbfancy\u00a0\u00bb][3d-flip-book mode=\u00a0\u00bbthumbnail-lightbox\u00a0\u00bb urlparam=\u00a0\u00bbfb3d-page\u00a0\u00bb id=\u00a0\u00bb4588&Prime; title=\u00a0\u00bbtrue\u00a0\u00bb lightbox=\u00a0\u00bbdark\u00a0\u00bb]\u00a0 [\/su_spoiler][\/su_column]<\/p>\n<p>[su_column size=\u00a0\u00bb1\/3&Prime;][su_spoiler title=\u00a0\u00bbTom01 Jan 2019&Prime; style=\u00a0\u00bbfancy\u00a0\u00bb][3d-flip-book mode=\u00a0\u00bbthumbnail-lightbox\u00a0\u00bb urlparam=\u00a0\u00bbfb3d-page\u00a0\u00bb id=\u00a0\u00bb4588&Prime; title=\u00a0\u00bbtrue\u00a0\u00bb lightbox=\u00a0\u00bbdark\u00a0\u00bb]\u00a0 [\/su_spoiler][\/su_column]<\/p>\n<p>[su_column size=\u00a0\u00bb1\/3&Prime;][su_spoiler title=\u00a0\u00bbTom01 Jan 2019&Prime; style=\u00a0\u00bbfancy\u00a0\u00bb][3d-flip-book mode=\u00a0\u00bbthumbnail-lightbox\u00a0\u00bb urlparam=\u00a0\u00bbfb3d-page\u00a0\u00bb id=\u00a0\u00bb4588&Prime; title=\u00a0\u00bbtrue\u00a0\u00bb lightbox=\u00a0\u00bbdark\u00a0\u00bb]\u00a0 [\/su_spoiler][\/su_column]<\/p>\n<p>[su_column size=\u00a0\u00bb1\/3&Prime;][su_spoiler title=\u00a0\u00bbTom01 Jan 2019&Prime; style=\u00a0\u00bbfancy\u00a0\u00bb][3d-flip-book mode=\u00a0\u00bbthumbnail-lightbox\u00a0\u00bb urlparam=\u00a0\u00bbfb3d-page\u00a0\u00bb id=\u00a0\u00bb4588&Prime; title=\u00a0\u00bbtrue\u00a0\u00bb lightbox=\u00a0\u00bbdark\u00a0\u00bb]\u00a0 [\/su_spoiler][\/su_column]<\/p>\n<p>[su_column size=\u00a0\u00bb1\/3&Prime;][su_spoiler title=\u00a0\u00bbTom01 Jan 2019&Prime; style=\u00a0\u00bbfancy\u00a0\u00bb][3d-flip-book mode=\u00a0\u00bbthumbnail-lightbox\u00a0\u00bb urlparam=\u00a0\u00bbfb3d-page\u00a0\u00bb id=\u00a0\u00bb4588&Prime; title=\u00a0\u00bbtrue\u00a0\u00bb lightbox=\u00a0\u00bbdark\u00a0\u00bb]\u00a0 [\/su_spoiler][\/su_column]<\/p>\n<p>[su_column size=\u00a0\u00bb1\/3&Prime;][su_spoiler title=\u00a0\u00bbTom01 Jan 2019&Prime; style=\u00a0\u00bbfancy\u00a0\u00bb][3d-flip-book mode=\u00a0\u00bbthumbnail-lightbox\u00a0\u00bb urlparam=\u00a0\u00bbfb3d-page\u00a0\u00bb id=\u00a0\u00bb4588&Prime; title=\u00a0\u00bbtrue\u00a0\u00bb lightbox=\u00a0\u00bbdark\u00a0\u00bb]\u00a0 [\/su_spoiler][\/su_column]<\/p>\n<p>&nbsp;<\/p>\n","protected":false},"excerpt":{"rendered":"<p>(Revue Dirassat (Dossier \u00e9conomique Revue p\u00e9riodique internationale publi\u00e9e par la Facult\u00e9 des sciences \u00e9conomiques et commerciales et des sciences de gestion Universit\u00e9 Amar Telidji de Laghouat. Economie Management Econometrie Finance Comptabilit\u00e9 Marketing [su_button style=\u00a0\u00bbsoft\u00a0\u00bb background=\u00a0\u00bb#08387f\u00a0\u00bb] EISSN : 2602-6791[\/su_button] [su_button style=\u00a0\u00bbsoft\u00a0\u00bb background=\u00a0\u00bb#08387f\u00a0\u00bb]Ann\u00e9e de cr\u00e9ation: 2004[\/su_button] [su_button style=\u00a0\u00bbsoft\u00a0\u00bb background=\u00a0\u00bb#08387f\u00a0\u00bb]P\u00e9riodicit\u00e9: Semestrielle[\/su_button] [su_button style=\u00a0\u00bbsoft\u00a0\u00bb background=\u00a0\u00bb#08387f\u00a0\u00bb]Pays: Alg\u00e9rie [\/su_button] [su_button style=\u00a0\u00bbsoft\u00a0\u00bb [&hellip;]<\/p>\n","protected":false},"author":1,"featured_media":0,"parent":0,"menu_order":0,"comment_status":"closed","ping_status":"closed","template":"elementor_header_footer","meta":{"_exactmetrics_skip_tracking":false,"_exactmetrics_sitenote_active":false,"_exactmetrics_sitenote_note":"","_exactmetrics_sitenote_category":0,"footnotes":""},"coauthors":[217],"class_list":["post-8681","page","type-page","status-publish","hentry"],"_links":{"self":[{"href":"https:\/\/lagh-univ.dz\/fr\/wp-json\/wp\/v2\/pages\/8681","targetHints":{"allow":["GET"]}}],"collection":[{"href":"https:\/\/lagh-univ.dz\/fr\/wp-json\/wp\/v2\/pages"}],"about":[{"href":"https:\/\/lagh-univ.dz\/fr\/wp-json\/wp\/v2\/types\/page"}],"author":[{"embeddable":true,"href":"https:\/\/lagh-univ.dz\/fr\/wp-json\/wp\/v2\/users\/1"}],"replies":[{"embeddable":true,"href":"https:\/\/lagh-univ.dz\/fr\/wp-json\/wp\/v2\/comments?post=8681"}],"version-history":[{"count":10,"href":"https:\/\/lagh-univ.dz\/fr\/wp-json\/wp\/v2\/pages\/8681\/revisions"}],"predecessor-version":[{"id":14407,"href":"https:\/\/lagh-univ.dz\/fr\/wp-json\/wp\/v2\/pages\/8681\/revisions\/14407"}],"wp:attachment":[{"href":"https:\/\/lagh-univ.dz\/fr\/wp-json\/wp\/v2\/media?parent=8681"}],"wp:term":[{"taxonomy":"author","embeddable":true,"href":"https:\/\/lagh-univ.dz\/fr\/wp-json\/wp\/v2\/coauthors?post=8681"}],"curies":[{"name":"wp","href":"https:\/\/api.w.org\/{rel}","templated":true}]}}