{"id":8733,"date":"2019-01-18T07:58:54","date_gmt":"2019-01-18T09:58:54","guid":{"rendered":"http:\/\/lagh-univ.dz\/laboratoires-des-recherches-ledmascd-production-scientifique-livres-et-ouvrages\/"},"modified":"2020-02-24T08:49:12","modified_gmt":"2020-02-24T10:49:12","slug":"laboratoires-des-recherches-ledmascd-production-scientifique-livres-et-ouvrages","status":"publish","type":"page","link":"http:\/\/lagh-univ.dz\/fr\/laboratoires-des-recherches-ledmascd-production-scientifique-livres-et-ouvrages\/","title":{"rendered":"Laboratoires des recherches- LeDMaScD-Production scientifique-Livres et ouvrages"},"content":{"rendered":"<div class=\"page-header\">\n<h2 style=\"text-align: left\"><span style=\"color: #ff6600;font-size: 24pt;font-family: Book Antiqua, Palatino\"> livres et Ouvrages<\/span><\/h2>\n<h2 style=\"text-align: left\"><span style=\"color: #000000;font-size: 24pt\"><span style=\"font-family: Book Antiqua, Palatino\">\u00a0\u00a0\u00a0 \u00a0 \u00a0 \u00a0 \u00a0 \u00a0 \u00a0 \u00a0 \u00a0 \u00a0 \u00a0 \u00a0 \u00a0 \u00a0 \u00a0 \u00a0 \u00a0 \u00a0 \u00a0 \u00a0 <\/span><span style=\"text-decoration: underline\"><span style=\"font-family: Book Antiqua, Palatino\">Ouvrages<\/span><\/span><\/span><\/h2>\n<\/div>\n<table class=\" alignleft\" style=\"height: 573px;background-color: #f59149;width: 844px\" width=\"860\">\n<tbody>\n<tr>\n<td style=\"width: 106.083px;text-align: center\"><span style=\"font-size: 14pt;font-family: Book Antiqua, Palatino\"><strong>1<\/strong><\/span><\/td>\n<td dir=\"ltr\" style=\"width: 721.217px\"><span style=\"font-family: Book Antiqua, Palatino;font-size: 14pt;color: #000000\">Tahar Seghier\u00a0 <em>\u201c <\/em>Cours Electrotechnique fondamentale I\u00a0\u00bb, DOI:<a class=\"nova-e-link nova-e-link--color-inherit nova-e-link--theme-decorated\" style=\"color: #000000\" href=\"https:\/\/www.researchgate.net\/deref\/http%3A%2F%2Fdx.doi.org%2F10.13140%2FRG.2.2.28251.52001?_sg%5B0%5D=ecwQC5-uvL_1qV02-noFiopCXYe0koVFKwjEsPTpD9SCQG2eZAm_Cu9f8qusbHnLgecsDkYqhBZaoQETaCpc8c0kqw.lA4xlTm7Or6QB4BgUp2NHqgNWGQLrgkGe8vF4VqG0VZJR6YvOBzxdRUOGqOZCEyrptZ_1NYZi3IXtBrrLf98MQ\"><span style=\"color: #0000ff\">10.13140\/RG.2.2.28251.52001, 2019<\/span><\/a><\/span><\/td>\n<\/tr>\n<tr>\n<td style=\"width: 106.083px;text-align: center\"><span style=\"font-size: 14pt;font-family: Book Antiqua, Palatino\"><strong>2<br \/>\n<\/strong><\/span><\/td>\n<td dir=\"ltr\" style=\"width: 721.217px\"><span style=\"font-family: Book Antiqua, Palatino;font-size: 14pt;color: #000000\">Abdellatif Seghiour\u00a0 <em>\u201c <\/em>Diagnosis of the Induction Machine based on Finite Element Method: Broken Rotor Bar and Dynamic Eccentricity Identification\u2019\u2019 LAP LAMBERT Academic Publishing, 2017, ISBN 978-6202026345<\/span><\/td>\n<\/tr>\n<tr>\n<td style=\"width: 106.083px;text-align: center\"><span style=\"font-size: 14pt;font-family: Book Antiqua, Palatino\"><strong>3<br \/>\n<\/strong><\/span><\/td>\n<td dir=\"ltr\" style=\"width: 721.217px\"><span style=\"font-family: Book Antiqua, Palatino;font-size: 14pt;color: #000000\">Hamza LIDJICI <em>\u201c<\/em> C\u00e9ramiques pi\u00e9zo\u00e9lectriques sans plomb\u00a0: \u00e9tude, \u00e9laboration et caract\u00e9risation\u2019\u2019 \u00c9DITIONS UNIVERSITAIRES EUROP\u00c9ENNES (Site web:<span style=\"color: #0000ff\">www.editions-ue.com )<\/span>, 89 pages.<\/span><\/td>\n<\/tr>\n<tr>\n<td style=\"width: 106.083px;text-align: center\"><span style=\"font-size: 14pt;font-family: Book Antiqua, Palatino\"><strong>4<br \/>\n<\/strong><\/span><\/td>\n<td dir=\"ltr\" style=\"width: 721.217px\"><span style=\"font-family: Book Antiqua, Palatino;font-size: 14pt;color: #000000\">Boubakeur Zegnini, \u00ab\u00a0Caract\u00e9risation des isolants organiques sous contrainte \u00e9lectrique : Etude quantitative des d\u00e9formations m\u00e9caniques induites dans le PEN par un fort champ \u00e9lectrique\u00a0\u00bb, Editions Universitaires Europ\u00e9ennes <span style=\"color: #0000ff\">ISBN-10: 613159547X \/ ISBN-13: 978-6131595479 (Livre Broch\u00e9 112 pages) 22 Septembre 2011<\/span><\/span><\/td>\n<\/tr>\n<\/tbody>\n<\/table>\n<p>&nbsp;<\/p>\n<p>&nbsp;<\/p>\n<p>&nbsp;<\/p>\n<p>&nbsp;<\/p>\n<p>&nbsp;<\/p>\n<p>&nbsp;<\/p>\n<div dir=\"ltr\"><\/div>\n","protected":false},"excerpt":{"rendered":"<p>livres et Ouvrages \u00a0\u00a0\u00a0 \u00a0 \u00a0 \u00a0 \u00a0 \u00a0 \u00a0 \u00a0 \u00a0 \u00a0 \u00a0 \u00a0 \u00a0 \u00a0 \u00a0 \u00a0 \u00a0 \u00a0 \u00a0 \u00a0 Ouvrages 1 Tahar Seghier\u00a0 \u201c Cours Electrotechnique fondamentale I\u00a0\u00bb, DOI:10.13140\/RG.2.2.28251.52001, 2019 2 Abdellatif Seghiour\u00a0 \u201c Diagnosis of the Induction Machine based on Finite Element Method: Broken Rotor Bar and Dynamic Eccentricity Identification\u2019\u2019 [&hellip;]<\/p>\n","protected":false},"author":13,"featured_media":0,"parent":0,"menu_order":0,"comment_status":"closed","ping_status":"closed","template":"elementor_header_footer","meta":{"_exactmetrics_skip_tracking":false,"_exactmetrics_sitenote_active":false,"_exactmetrics_sitenote_note":"","_exactmetrics_sitenote_category":0,"footnotes":""},"coauthors":[533,554],"class_list":["post-8733","page","type-page","status-publish","hentry"],"_links":{"self":[{"href":"http:\/\/lagh-univ.dz\/fr\/wp-json\/wp\/v2\/pages\/8733","targetHints":{"allow":["GET"]}}],"collection":[{"href":"http:\/\/lagh-univ.dz\/fr\/wp-json\/wp\/v2\/pages"}],"about":[{"href":"http:\/\/lagh-univ.dz\/fr\/wp-json\/wp\/v2\/types\/page"}],"author":[{"embeddable":true,"href":"http:\/\/lagh-univ.dz\/fr\/wp-json\/wp\/v2\/users\/13"}],"replies":[{"embeddable":true,"href":"http:\/\/lagh-univ.dz\/fr\/wp-json\/wp\/v2\/comments?post=8733"}],"version-history":[{"count":14,"href":"http:\/\/lagh-univ.dz\/fr\/wp-json\/wp\/v2\/pages\/8733\/revisions"}],"predecessor-version":[{"id":30795,"href":"http:\/\/lagh-univ.dz\/fr\/wp-json\/wp\/v2\/pages\/8733\/revisions\/30795"}],"wp:attachment":[{"href":"http:\/\/lagh-univ.dz\/fr\/wp-json\/wp\/v2\/media?parent=8733"}],"wp:term":[{"taxonomy":"author","embeddable":true,"href":"http:\/\/lagh-univ.dz\/fr\/wp-json\/wp\/v2\/coauthors?post=8733"}],"curies":[{"name":"wp","href":"https:\/\/api.w.org\/{rel}","templated":true}]}}