{"id":8735,"date":"2019-01-18T07:58:59","date_gmt":"2019-01-18T09:58:59","guid":{"rendered":"http:\/\/lagh-univ.dz\/laboratoires-des-recherches-ledmascd-production-scientifique-projets-de-recherche\/"},"modified":"2022-04-25T13:12:05","modified_gmt":"2022-04-25T12:12:05","slug":"laboratoires-des-recherches-ledmascd-production-scientifique-projets-de-recherche","status":"publish","type":"page","link":"http:\/\/lagh-univ.dz\/fr\/laboratoires-des-recherches-ledmascd-production-scientifique-projets-de-recherche\/","title":{"rendered":"Laboratoires des recherches- LeDMaScD-Production scientifique-Projets de recherche"},"content":{"rendered":"<p>[su_spoiler title=\u00a0\u00bbProjets de Recherche et de Formations Universitaire PRFU et CNEPRU\u00a0\u00bb style=\u00a0\u00bbfancy\u00a0\u00bb]<\/p>\n<table width=\"102%\">\n<tbody>\n<tr>\n<td rowspan=\"2\" width=\"3%\"><strong>01<\/strong><\/td>\n<td width=\"12%\">Intitul\u00e9<\/td>\n<td colspan=\"3\" width=\"83%\">Le diagnostic des d\u00e9fauts des syst\u00e8mes d\u2019isolation dans les \u00e9quipements \u00e9lectriques de haute tension par la d\u00e9tection et l&rsquo;analyse des d\u00e9charges partielles (DP)<\/td>\n<\/tr>\n<tr>\n<td width=\"12%\">Code<\/td>\n<td width=\"33%\">&nbsp;<\/td>\n<td width=\"15%\">Ann\u00e9e d\u2019agr\u00e9ment<\/td>\n<td width=\"32%\">\u00a02022<\/td>\n<\/tr>\n<tr>\n<td rowspan=\"2\" width=\"3%\"><strong>02<\/strong><\/td>\n<td width=\"12%\">Intitul\u00e9<\/td>\n<td colspan=\"3\" width=\"83%\">Contribution \u00e0 l\u2019\u00e9tude de la corr\u00e9lation entre les propri\u00e9t\u00e9s chimiques\u00a0\u00a0\u00a0\u00a0\u00a0 et di\u00e9lectriques en vue de la d\u00e9termination des marqueurs de vieillissement des syst\u00e8mes d\u2019isolations des \u00e9quipements de transport haute tension<\/td>\n<\/tr>\n<tr>\n<td width=\"12%\">Code<\/td>\n<td width=\"33%\">A01L07UN030120220001<\/td>\n<td width=\"15%\">Ann\u00e9e d\u2019agr\u00e9ment<\/td>\n<td width=\"32%\">\u00a02022<\/td>\n<\/tr>\n<tr>\n<td rowspan=\"2\" width=\"3%\"><strong>03<\/strong><\/td>\n<td width=\"12%\">Intitul\u00e9<\/td>\n<td colspan=\"3\" width=\"83%\">Etude th\u00e9orique et exp\u00e9rimentale des clathrates et des p\u00e9rovskites pour la conversion de l&rsquo;\u00e9nergie : approche ab inition<\/td>\n<\/tr>\n<tr>\n<td width=\"12%\">Code<\/td>\n<td width=\"33%\">A10N01UN030120210001<\/td>\n<td width=\"15%\">Ann\u00e9e d\u2019agr\u00e9ment<\/td>\n<td width=\"32%\">\u00a02021<\/td>\n<\/tr>\n<tr>\n<td rowspan=\"2\" width=\"3%\"><strong>04<\/strong><\/td>\n<td width=\"12%\">Intitul\u00e9<\/td>\n<td colspan=\"3\" width=\"83%\">Simulation\u00a0des propri\u00e9t\u00e9s di\u00e9lectriques et thermiques\u00a0dans le\u00a0mat\u00e9riel \u00e9lectrique HT et MT<\/td>\n<\/tr>\n<tr>\n<td width=\"12%\">Code<\/td>\n<td width=\"33%\">A01L07UN030120180002<\/td>\n<td width=\"15%\">Ann\u00e9e d\u2019agr\u00e9ment<\/td>\n<td width=\"32%\">2018<\/td>\n<\/tr>\n<tr>\n<td rowspan=\"2\" width=\"3%\"><strong>05<\/strong><\/td>\n<td width=\"12%\">Intitul\u00e9<\/td>\n<td colspan=\"3\" width=\"83%\">Contribution \u00e0 l\u2019\u00e9tude par exp\u00e9rimentation et simulation des caract\u00e9ristiques physicochimique des isolants mixtes utilis\u00e9s dans les c\u00e2bles et les transformateurs de puissance<\/td>\n<\/tr>\n<tr>\n<td width=\"12%\">Code<\/td>\n<td width=\"33%\">A01L07 UN0301 2018 0001<\/td>\n<td width=\"15%\">Ann\u00e9e d\u2019agr\u00e9ment<\/td>\n<td width=\"32%\">2018<\/td>\n<\/tr>\n<tr>\n<td rowspan=\"2\" width=\"3%\"><strong>06<\/strong><\/td>\n<td width=\"12%\">Intitul\u00e9<\/td>\n<td colspan=\"3\" width=\"83%\">Etude\u00a0 des propri\u00e9t\u00e9s\u00a0 de mat\u00e9riaux ferro\u00e9lectriques sans plomb de type (Na0,5Bi0,5TiO3)-BaTiO3 \u00e0 partir de calculs de premiers principes<\/td>\n<\/tr>\n<tr>\n<td width=\"12%\">Code<\/td>\n<td width=\"33%\">&nbsp;<\/td>\n<td width=\"15%\">Ann\u00e9e d\u2019agr\u00e9ment<\/td>\n<td width=\"32%\">2018<\/td>\n<\/tr>\n<tr>\n<td rowspan=\"2\" width=\"3%\"><strong>07<\/strong><\/td>\n<td width=\"12%\">Intitul\u00e9<\/td>\n<td colspan=\"3\" width=\"83%\">Les Isolants Di\u00e9lectriques de l\u2019Appareillage Haute Tension : Comportement, Vieillissement et Mod\u00e9lisation<\/td>\n<\/tr>\n<tr>\n<td width=\"12%\">Code<\/td>\n<td width=\"33%\">&nbsp;<\/td>\n<td width=\"15%\">Ann\u00e9e d\u2019agr\u00e9ment<\/td>\n<td width=\"32%\">\u00a02015<\/td>\n<\/tr>\n<tr>\n<td rowspan=\"2\" width=\"3%\"><strong>08<\/strong><\/td>\n<td width=\"12%\">Intitul\u00e9<\/td>\n<td colspan=\"3\" width=\"83%\">D\u00e9veloppement d&rsquo;un mod\u00e8le num\u00e9rique\u00a0 pour le calcul des charges d&rsquo;espace dans les di\u00e9lectriques multi couches<\/td>\n<\/tr>\n<tr>\n<td width=\"12%\">\u00a0\u00a0\u00a0\u00a0\u00a0 Code<\/td>\n<td width=\"33%\">&nbsp;<\/td>\n<td width=\"15%\">Ann\u00e9e d\u2019agr\u00e9ment<\/td>\n<td width=\"32%\">2015<\/td>\n<\/tr>\n<tr>\n<td rowspan=\"2\" width=\"3%\"><strong>09<\/strong><\/td>\n<td width=\"12%\">Intitul\u00e9<\/td>\n<td colspan=\"3\" width=\"83%\">Adaptive Nonlinear Control and Observer Design Augmented by Artificial Intelligent Function Approximators for energy conversion applications<\/td>\n<\/tr>\n<tr>\n<td width=\"12%\">Code<\/td>\n<td width=\"33%\">&nbsp;<\/td>\n<td width=\"15%\">Ann\u00e9e d\u2019agr\u00e9ment<\/td>\n<td width=\"32%\">2014<\/td>\n<\/tr>\n<tr>\n<td rowspan=\"2\" width=\"3%\"><strong>10<\/strong><\/td>\n<td width=\"12%\">Intitul\u00e9<\/td>\n<td colspan=\"3\" width=\"83%\">Etude par simulation et exp\u00e9rimentation des propri\u00e9t\u00e9s di\u00e9lectriques des isolants solides utilis\u00e9s dans les \u00e9quipements de puissance.<\/td>\n<\/tr>\n<tr>\n<td width=\"12%\">Code<\/td>\n<td width=\"33%\">A01L07UN030120130004<\/td>\n<td width=\"15%\">Ann\u00e9e d\u2019agr\u00e9ment<\/td>\n<td width=\"32%\">2013<\/td>\n<\/tr>\n<tr>\n<td rowspan=\"2\" width=\"3%\"><strong>11<\/strong><\/td>\n<td width=\"12%\">Intitul\u00e9<\/td>\n<td colspan=\"3\" width=\"83%\">Contribution \u00e0 la mod\u00e9lisation de perturbations \u00e9lectromagn\u00e9tiques g\u00e9n\u00e9r\u00e9es par des lignes \u00e9lectrique haute tension sur un pipeline.<\/td>\n<\/tr>\n<tr>\n<td width=\"12%\">\u00a0\u00a0\u00a0\u00a0\u00a0 Code<\/td>\n<td width=\"33%\">J0200820130034<\/td>\n<td width=\"15%\">Ann\u00e9e d\u2019agr\u00e9ment<\/td>\n<td width=\"32%\">2013<\/td>\n<\/tr>\n<tr>\n<td rowspan=\"2\" width=\"3%\"><strong>12<\/strong><\/td>\n<td width=\"12%\">Intitul\u00e9<\/td>\n<td colspan=\"3\" width=\"83%\">Etude par simulation du transport \u00e9lectrique dans un poly\u00e9thyl\u00e8ne r\u00e9ticul\u00e9 chimiquement\u00a0 pour c\u00e2ble haute tension<\/td>\n<\/tr>\n<tr>\n<td width=\"12%\">Code<\/td>\n<td width=\"33%\">&nbsp;<\/td>\n<td width=\"15%\">Ann\u00e9e d\u2019agr\u00e9ment<\/td>\n<td width=\"32%\">2012<\/td>\n<\/tr>\n<tr>\n<td rowspan=\"2\" width=\"3%\"><strong>13<\/strong><\/td>\n<td width=\"12%\">Intitul\u00e9<\/td>\n<td colspan=\"3\" width=\"83%\">Implementation of different PWM techniques for power converter control<\/td>\n<\/tr>\n<tr>\n<td width=\"12%\">Code<\/td>\n<td width=\"33%\">&nbsp;<\/td>\n<td width=\"15%\">Ann\u00e9e d\u2019agr\u00e9ment<\/td>\n<td width=\"32%\">2012<\/td>\n<\/tr>\n<tr>\n<td rowspan=\"2\" width=\"3%\"><strong>14<\/strong><\/td>\n<td width=\"12%\">Intitul\u00e9<\/td>\n<td colspan=\"3\" width=\"83%\">Synth\u00e8se par voie solide et caract\u00e9risations de c\u00e9ramiques de type 0.935(Bi0.5 Na0.5 TiO3) \u20130.065BaTiO3.<\/td>\n<\/tr>\n<tr>\n<td width=\"12%\">Code<\/td>\n<td width=\"33%\">&nbsp;<\/td>\n<td width=\"15%\">Ann\u00e9e d\u2019agr\u00e9ment<\/td>\n<td width=\"32%\">2012<\/td>\n<\/tr>\n<tr>\n<td rowspan=\"2\" width=\"3%\"><strong>15<\/strong><\/td>\n<td width=\"12%\">Intitul\u00e9<\/td>\n<td colspan=\"3\" width=\"83%\">Etude de l\u2019impact environnemental d\u2019une station industrielle. Diagnostic et d\u00e9pollution par la haute tension<\/td>\n<\/tr>\n<tr>\n<td width=\"12%\">Code<\/td>\n<td width=\"33%\">J0200820110014<\/td>\n<td width=\"15%\">Ann\u00e9e d\u2019agr\u00e9ment<\/td>\n<td width=\"32%\">2011<\/td>\n<\/tr>\n<tr>\n<td rowspan=\"2\" width=\"3%\"><strong>16<\/strong><\/td>\n<td width=\"12%\">Intitul\u00e9<\/td>\n<td colspan=\"3\" width=\"83%\">Etude des conditions d\u2019apparition des d\u00e9charges partielles dans l\u2019isolation des c\u00e2bles haute tension &#8211; Approche par les courbes de Paschen<\/td>\n<\/tr>\n<tr>\n<td width=\"12%\">Code<\/td>\n<td width=\"33%\">J0200820110010<\/td>\n<td width=\"15%\">Ann\u00e9e d\u2019agr\u00e9ment<\/td>\n<td width=\"32%\">2011<\/td>\n<\/tr>\n<tr>\n<td rowspan=\"2\" width=\"3%\"><strong>17<\/strong><\/td>\n<td width=\"12%\">Intitul\u00e9<\/td>\n<td colspan=\"3\" width=\"83%\">Exploration de diff\u00e9rentes techniques de l\u2019intelligence artificielle pour la pr\u00e9diction du contournement \u00e9lectrique des isolateurs haute tension dans leur environnement r\u00e9el<\/td>\n<\/tr>\n<tr>\n<td width=\"12%\">Code<\/td>\n<td width=\"33%\">J0200820090023<\/td>\n<td width=\"15%\">Ann\u00e9e d\u2019agr\u00e9ment<\/td>\n<td width=\"32%\">2010<\/td>\n<\/tr>\n<tr>\n<td rowspan=\"2\" width=\"3%\"><strong>18<\/strong><\/td>\n<td width=\"12%\">Intitul\u00e9<\/td>\n<td colspan=\"3\" width=\"83%\">Quantification des microd\u00e9formations m\u00e9caniques locales induites dans les polym\u00e8res sous contraintes \u00e9lectriques<\/td>\n<\/tr>\n<tr>\n<td width=\"12%\">\u00a0 Code<\/td>\n<td width=\"33%\">J0200820090001<\/td>\n<td width=\"15%\">Ann\u00e9e d\u2019agr\u00e9ment<\/td>\n<td width=\"32%\">2010<\/td>\n<\/tr>\n<tr>\n<td rowspan=\"2\" width=\"3%\"><strong>19<\/strong><\/td>\n<td width=\"12%\">Intitul\u00e9<\/td>\n<td colspan=\"3\" width=\"83%\">Optimisation d&rsquo;une mod\u00e9lisation num\u00e9rique des ph\u00e9nom\u00e8nes de transport \u00e9lectrique dans l&rsquo;isolant poly\u00e9thyl\u00e8ne sous contrainte \u00e9lectrique<\/td>\n<\/tr>\n<tr>\n<td width=\"12%\">\u00a0 Code<\/td>\n<td width=\"33%\">J0200820100006<\/td>\n<td width=\"15%\">Ann\u00e9e d\u2019agr\u00e9ment<\/td>\n<td width=\"32%\">2010<\/td>\n<\/tr>\n<tr>\n<td rowspan=\"2\" width=\"3%\"><strong>20<\/strong><\/td>\n<td width=\"12%\">Intitul\u00e9<\/td>\n<td colspan=\"3\" width=\"83%\">Proposition d\u2019une nouvelle approche dynamique du contournement des isolateurs r\u00e9els<\/td>\n<\/tr>\n<tr>\n<td width=\"12%\">Code<\/td>\n<td width=\"33%\">&nbsp;<\/td>\n<td width=\"15%\">Ann\u00e9e d\u2019agr\u00e9ment<\/td>\n<td width=\"32%\">2008<\/td>\n<\/tr>\n<\/tbody>\n<\/table>\n<p>[\/su_spoiler]<\/p>\n<p>[su_spoiler title=\u00a0\u00bbProjets de Recherche National PNR\u00a0\u00bb style=\u00a0\u00bbfancy\u00a0\u00bb]<\/p>\n<table width=\"100%\">\n<tbody>\n<tr>\n<td rowspan=\"2\" width=\"5%\">01<\/td>\n<td width=\"15%\">Intitul\u00e9<\/td>\n<td width=\"79%\">Contribution \u00e0 la d\u00e9tection de vieillissement des \u00e9quipements de moyenne et haute tension par mesure de l\u2019activit\u00e9 des d\u00e9charges partielles<\/td>\n<\/tr>\n<tr>\n<td width=\"15%\">Ann\u00e9e d\u2019agr\u00e9ment<\/td>\n<td width=\"79%\">2011<\/td>\n<\/tr>\n<tr>\n<td rowspan=\"2\" width=\"5%\">02<\/td>\n<td width=\"15%\">Intitul\u00e9<\/td>\n<td width=\"79%\">Contr\u00f4le et maintenance des transformateurs hautes et tr\u00e8s hautes tensions par le diagnostic de leurs isolants (huiles isolantes) (apport technique moderne)<\/td>\n<\/tr>\n<tr>\n<td width=\"15%\">Ann\u00e9e d\u2019agr\u00e9ment<\/td>\n<td width=\"79%\">2011<\/td>\n<\/tr>\n<tr>\n<td rowspan=\"2\" width=\"5%\">03<\/td>\n<td width=\"15%\">Intitul\u00e9<\/td>\n<td width=\"79%\">Conception et r\u00e9alisation d\u2019une station solaire intelligente pour l\u2019alimentation en \u00e9lectricit\u00e9 et l\u2019irrigation dans un site isol\u00e9 (r\u00e9gion de Laghouat).<\/td>\n<\/tr>\n<tr>\n<td width=\"15%\">Ann\u00e9e d\u2019agr\u00e9ment<\/td>\n<td width=\"79%\">2011<\/td>\n<\/tr>\n<tr>\n<td rowspan=\"2\" width=\"5%\">04<\/td>\n<td width=\"15%\">Intitul\u00e9<\/td>\n<td width=\"79%\">Vers une quantification du gisement solaire \u00e0 partir de donn\u00e9es multi sources, caract\u00e9risations du sud alg\u00e9rien.<\/td>\n<\/tr>\n<tr>\n<td width=\"15%\">Ann\u00e9e d\u2019agr\u00e9ment<\/td>\n<td width=\"79%\">2011<\/td>\n<\/tr>\n<tr>\n<td rowspan=\"2\" width=\"5%\">05<\/td>\n<td width=\"15%\">Intitul\u00e9<\/td>\n<td width=\"79%\">D\u00e9veloppement et am\u00e9lioration des proc\u00e9d\u00e9s de distribution d\u2019\u00e9nergie \u00e9lectrique : c\u00e2ble souterrain \u00e0 haute tension<\/td>\n<\/tr>\n<tr>\n<td width=\"15%\">Ann\u00e9e d\u2019agr\u00e9ment<\/td>\n<td width=\"79%\">2011<\/td>\n<\/tr>\n<\/tbody>\n<\/table>\n<p>[\/su_spoiler]<\/p>\n","protected":false},"excerpt":{"rendered":"<p>[su_spoiler title=\u00a0\u00bbProjets de Recherche et de Formations Universitaire PRFU et CNEPRU\u00a0\u00bb style=\u00a0\u00bbfancy\u00a0\u00bb] 01 Intitul\u00e9 Le diagnostic des d\u00e9fauts des syst\u00e8mes d\u2019isolation dans les \u00e9quipements \u00e9lectriques de haute tension par la d\u00e9tection et l&rsquo;analyse des d\u00e9charges partielles (DP) Code &nbsp; Ann\u00e9e d\u2019agr\u00e9ment \u00a02022 02 Intitul\u00e9 Contribution \u00e0 l\u2019\u00e9tude de la corr\u00e9lation entre les propri\u00e9t\u00e9s chimiques\u00a0\u00a0\u00a0\u00a0\u00a0 et [&hellip;]<\/p>\n","protected":false},"author":13,"featured_media":0,"parent":0,"menu_order":0,"comment_status":"closed","ping_status":"closed","template":"elementor_header_footer","meta":{"_exactmetrics_skip_tracking":false,"_exactmetrics_sitenote_active":false,"_exactmetrics_sitenote_note":"","_exactmetrics_sitenote_category":0,"footnotes":""},"coauthors":[533,554],"class_list":["post-8735","page","type-page","status-publish","hentry"],"_links":{"self":[{"href":"http:\/\/lagh-univ.dz\/fr\/wp-json\/wp\/v2\/pages\/8735","targetHints":{"allow":["GET"]}}],"collection":[{"href":"http:\/\/lagh-univ.dz\/fr\/wp-json\/wp\/v2\/pages"}],"about":[{"href":"http:\/\/lagh-univ.dz\/fr\/wp-json\/wp\/v2\/types\/page"}],"author":[{"embeddable":true,"href":"http:\/\/lagh-univ.dz\/fr\/wp-json\/wp\/v2\/users\/13"}],"replies":[{"embeddable":true,"href":"http:\/\/lagh-univ.dz\/fr\/wp-json\/wp\/v2\/comments?post=8735"}],"version-history":[{"count":21,"href":"http:\/\/lagh-univ.dz\/fr\/wp-json\/wp\/v2\/pages\/8735\/revisions"}],"predecessor-version":[{"id":43533,"href":"http:\/\/lagh-univ.dz\/fr\/wp-json\/wp\/v2\/pages\/8735\/revisions\/43533"}],"wp:attachment":[{"href":"http:\/\/lagh-univ.dz\/fr\/wp-json\/wp\/v2\/media?parent=8735"}],"wp:term":[{"taxonomy":"author","embeddable":true,"href":"http:\/\/lagh-univ.dz\/fr\/wp-json\/wp\/v2\/coauthors?post=8735"}],"curies":[{"name":"wp","href":"https:\/\/api.w.org\/{rel}","templated":true}]}}