{"id":8739,"date":"2019-01-18T07:59:25","date_gmt":"2019-01-18T09:59:25","guid":{"rendered":"http:\/\/lagh-univ.dz\/laboratoires-des-recherches-ledmascd-manifestations-et-collaborations\/"},"modified":"2020-02-26T09:50:13","modified_gmt":"2020-02-26T11:50:13","slug":"laboratoires-des-recherches-ledmascd-manifestations-et-collaborations","status":"publish","type":"page","link":"http:\/\/lagh-univ.dz\/fr\/laboratoires-des-recherches-ledmascd-manifestations-et-collaborations\/","title":{"rendered":"Laboratoires des recherches- LeDMaScD- Manifestations et collaborations"},"content":{"rendered":"<div class=\"page-header\">\n<h2 style=\"text-align: left\">[su_spoiler title=\u00a0\u00bbManifestations \u00a0\u00bb style=\u00a0\u00bbfancy\u00a0\u00bb]<\/h2>\n<h2 style=\"text-align: left\"><span style=\"color: #008000;font-size: 24pt;font-family: Book Antiqua, Palatino\">Conf\u00e9rences<\/span><\/h2>\n<\/div>\n<div>\n<h4 style=\"text-align: left\"><span style=\"color: #ff9900;font-size: 18pt;font-family: Book Antiqua, Palatino\">Conf\u00e9rences Internationales\u00a0<\/span><\/h4>\n<table class=\" alignleft\" dir=\"ltr\" width=\"100%\">\n<tbody>\n<tr>\n<td rowspan=\"2\" width=\"21\"><span style=\"font-family: Book Antiqua, Palatino;font-size: 14pt;color: #000000\">1<\/span><\/td>\n<td width=\"104\"><span style=\"font-family: Book Antiqua, Palatino;font-size: 14pt;color: #000000\">Intitul\u00e9<\/span><\/td>\n<td width=\"527\"><span style=\"font-family: Book Antiqua, Palatino;font-size: 14pt;color: #000000\"><strong>The First International Conference on Electrical and Electronics Engineering , IEEEC\u20192004<\/strong><\/span><\/td>\n<\/tr>\n<tr>\n<td width=\"104\"><span style=\"font-family: Book Antiqua, Palatino;font-size: 14pt;color: #000000\">Date et lieu<\/span><\/td>\n<td width=\"527\"><span style=\"font-family: Book Antiqua, Palatino;font-size: 14pt;color: #000000\">\u00a0Avril 24-26 ,2004-Laghouat, Algeria<\/span><\/td>\n<\/tr>\n<tr>\n<td rowspan=\"2\" width=\"21\"><span style=\"font-family: Book Antiqua, Palatino;font-size: 14pt;color: #000000\">2<\/span><\/td>\n<td width=\"104\"><span style=\"font-family: Book Antiqua, Palatino;font-size: 14pt;color: #000000\">Intitul\u00e9<\/span><\/td>\n<td width=\"527\"><span style=\"font-family: Book Antiqua, Palatino;font-size: 14pt;color: #000000\"><strong>The Second International Conference on Electrical and Electronics Engineering , IEEEC\u20192008<\/strong><\/span><\/td>\n<\/tr>\n<tr>\n<td width=\"104\"><span style=\"font-family: Book Antiqua, Palatino;font-size: 14pt;color: #000000\">Date et lieu<\/span><\/td>\n<td width=\"527\"><span style=\"font-family: Book Antiqua, Palatino;font-size: 14pt;color: #000000\">Avril 21-23, 2008 Laghouat, Algeria<\/span><\/td>\n<\/tr>\n<\/tbody>\n<\/table>\n<p dir=\"ltr\" style=\"text-align: left\"><span style=\"font-family: Book Antiqua, Palatino;font-size: 14pt;color: #000000\"><strong>\u00a0<\/strong><\/span><\/p>\n<\/div>\n<h4><span style=\"font-family: Book Antiqua, Palatino;font-size: 18pt;color: #008000\">Conf\u00e9rences nationales<\/span><\/h4>\n<table class=\" alignleft\" dir=\"ltr\" width=\"100%\">\n<tbody>\n<tr>\n<td rowspan=\"2\" width=\"21\"><span style=\"font-family: Book Antiqua, Palatino;font-size: 14pt;color: #000000\">1<\/span><\/td>\n<td width=\"104\"><span style=\"font-family: Book Antiqua, Palatino;font-size: 14pt;color: #000000\">Intitul\u00e9<\/span><\/td>\n<td width=\"527\"><span style=\"font-family: Book Antiqua, Palatino;font-size: 14pt;color: #000000\"><strong>\u00a09i\u00e8me Conf\u00e9rence nationale sur la haute tension\u00a0\u00a0\u00a0 CNHT\u20192013<\/strong><\/span><\/td>\n<\/tr>\n<tr>\n<td width=\"104\"><span style=\"font-family: Book Antiqua, Palatino;font-size: 14pt;color: #000000\">Date et lieu<\/span><\/td>\n<td width=\"527\"><span style=\"font-family: Book Antiqua, Palatino;font-size: 14pt;color: #000000\">\u00a009-11 Avril 2013,\u00a0 Universit\u00e9 de Laghouat-Alg\u00e9rie<\/span><\/td>\n<\/tr>\n<\/tbody>\n<\/table>\n<h4><\/h4>\n<h4 style=\"text-align: left\"><span style=\"font-family: Book Antiqua, Palatino;font-size: 18pt;color: #008000\">Workshop<\/span><\/h4>\n<table class=\" alignleft\" dir=\"ltr\" width=\"100%\">\n<tbody>\n<tr>\n<td rowspan=\"2\" width=\"21\"><span style=\"font-family: Book Antiqua, Palatino;font-size: 14pt;color: #000000\">1<\/span><\/td>\n<td width=\"104\"><span style=\"font-family: Book Antiqua, Palatino;font-size: 14pt;color: #000000\">Intitul\u00e9<\/span><\/td>\n<td width=\"527\"><span style=\"font-family: Book Antiqua, Palatino;font-size: 14pt;color: #000000\"><strong>First International Workshop on Renewable Energies and Their Applications<\/strong><\/span><\/td>\n<\/tr>\n<tr>\n<td width=\"104\"><span style=\"font-family: Book Antiqua, Palatino;font-size: 14pt;color: #000000\">Date et lieu<\/span><\/td>\n<td width=\"527\"><span style=\"font-family: Book Antiqua, Palatino;font-size: 14pt;color: #000000\">May 10-12 ,2008\u00a0 Laghouat, Algeria<\/span><\/td>\n<\/tr>\n<\/tbody>\n<\/table>\n<h4 style=\"text-align: left\"><span style=\"font-family: Book Antiqua, Palatino;font-size: 18pt;color: #008000\">Journ\u00e9es d\u2019\u00e9tude<\/span><\/h4>\n<table dir=\"ltr\" width=\"100%\">\n<tbody>\n<tr>\n<td rowspan=\"2\" width=\"21\"><span style=\"font-family: Book Antiqua, Palatino;font-size: 14pt;color: #000000\"><em>1<\/em><\/span><\/td>\n<td width=\"104\"><span style=\"font-family: Book Antiqua, Palatino;font-size: 14pt;color: #000000\">Intitul\u00e9<\/span><\/td>\n<td width=\"527\"><span style=\"font-family: Book Antiqua, Palatino;font-size: 14pt;color: #000000\"><strong>Journ\u00e9es d\u2019Etudes Nationales sur \u201cEnergies Renouvelables et D\u00e9veloppement durable\u201d<\/strong><\/span><\/td>\n<\/tr>\n<tr>\n<td width=\"104\"><span style=\"font-family: Book Antiqua, Palatino;font-size: 14pt;color: #000000\">Date et lieu<\/span><\/td>\n<td width=\"527\"><span style=\"font-family: Book Antiqua, Palatino;font-size: 14pt;color: #000000\">19-20 Mars 2006\u00a0 Universit\u00e9 de Laghouat-Alg\u00e9rie<\/span><\/td>\n<\/tr>\n<tr>\n<td rowspan=\"2\" width=\"21\"><span style=\"font-family: Book Antiqua, Palatino;font-size: 14pt;color: #000000\"><em>2<\/em><\/span><\/td>\n<td width=\"104\"><span style=\"font-family: Book Antiqua, Palatino;font-size: 14pt;color: #000000\">Intitul\u00e9<\/span><\/td>\n<td width=\"527\"><span style=\"font-family: Book Antiqua, Palatino;font-size: 14pt;color: #000000\"><strong>Journ\u00e9e d\u2019\u00e9tude sur les risques \u00e9lectriques et leurs effets sur la sant\u00e9 de l&rsquo;homme (J4EH\u201910) \u00a0\u00a0\u00a0\u00a0\u00a0\u00a0\u00a0\u00a0\u00a0\u00a0\u00a0<\/strong><\/span><\/td>\n<\/tr>\n<tr>\n<td width=\"104\"><span style=\"font-family: Book Antiqua, Palatino;font-size: 14pt;color: #000000\">Date et lieu<\/span><\/td>\n<td width=\"527\"><span style=\"font-family: Book Antiqua, Palatino;font-size: 14pt;color: #000000\">15 Avril 2010- Universit\u00e9 de Laghouat<\/span><\/td>\n<\/tr>\n<tr>\n<td width=\"21\"><span style=\"font-family: Book Antiqua, Palatino;font-size: 14pt;color: #000000\"><em>3<\/em><\/span><\/p>\n<p><span style=\"font-family: Book Antiqua, Palatino;font-size: 14pt;color: #000000\"><em>\u00a0<\/em><\/span><\/td>\n<td width=\"104\"><span style=\"font-family: Book Antiqua, Palatino;font-size: 14pt;color: #000000\">Intitul\u00e9<\/span><\/td>\n<td width=\"527\"><span style=\"font-family: Book Antiqua, Palatino;font-size: 14pt;color: #000000\"><strong>Premi\u00e8re Journ\u00e9e d\u2019Information et de\u00a0 Sensibilisation sur la Compatibilit\u00e9 \u00c9lectromagn\u00e9tique et l\u2019\u00e9co-design (JISCEM\u201912)<\/strong><\/span><\/td>\n<\/tr>\n<tr>\n<td width=\"21\"><span style=\"font-family: Book Antiqua, Palatino;font-size: 14pt;color: #000000\"><em>\u00a0<\/em><\/span><\/td>\n<td width=\"104\"><span style=\"font-family: Book Antiqua, Palatino;font-size: 14pt;color: #000000\">Date et lieu<\/span><\/td>\n<td width=\"527\"><span style=\"font-family: Book Antiqua, Palatino;font-size: 14pt;color: #000000\">24 Mai 2012 -Universit\u00e9 de Laghouat<\/span><\/td>\n<\/tr>\n<tr>\n<td width=\"21\"><span style=\"font-family: Book Antiqua, Palatino;font-size: 14pt;color: #000000\"><em>4<\/em><\/span><\/td>\n<td width=\"104\"><span style=\"font-family: Book Antiqua, Palatino;font-size: 14pt;color: #000000\">Intitul\u00e9<\/span><\/td>\n<td width=\"527\"><span style=\"font-family: Book Antiqua, Palatino;font-size: 14pt;color: #000000\"><strong>Deuxi\u00e8me journ\u00e9e doctorale de la facult\u00e9 de technologie<\/strong><\/span><\/td>\n<\/tr>\n<tr>\n<td style=\"text-align: left\" width=\"21\"><span style=\"font-family: Book Antiqua, Palatino;font-size: 14pt;color: #000000\"><em>\u00a0<\/em><\/span><\/td>\n<td style=\"text-align: left\" width=\"104\"><span style=\"font-family: Book Antiqua, Palatino;font-size: 14pt;color: #000000\">Date et lieu<\/span><\/td>\n<td width=\"527\">\n<p style=\"text-align: left\"><span style=\"font-family: Book Antiqua, Palatino;font-size: 14pt;color: #000000\">21 Mai 2015 &#8211; Universit\u00e9 de Laghouat<\/span><\/p>\n<\/td>\n<\/tr>\n<\/tbody>\n<\/table>\n<p>&nbsp;<\/p>\n<table class=\" alignleft\" dir=\"ltr\" style=\"height: 389px;width: 826px\" width=\"826\">\n<tbody>\n<tr style=\"height: 43px\">\n<td style=\"width: 26.0333px;height: 86px\" rowspan=\"2\"><span style=\"font-family: Book Antiqua, Palatino;font-size: 14pt;color: #000000\"><em>5<\/em><\/span><\/td>\n<td style=\"width: 131.233px;height: 43px\"><span style=\"font-family: Book Antiqua, Palatino;font-size: 14pt;color: #000000\">Intitul\u00e9<\/span><\/td>\n<td style=\"width: 645.8px;height: 43px\"><span style=\"font-family: Book Antiqua, Palatino;font-size: 14pt;color: #000000\"><strong>Troisi\u00e8me Journ\u00e9e d\u2019\u00c9tude sur les Risques \u00c9lectriques (JERE\u201915)<\/strong><\/span><\/td>\n<\/tr>\n<tr style=\"height: 43px\">\n<td style=\"width: 131.233px;height: 43px\"><span style=\"font-family: Book Antiqua, Palatino;font-size: 14pt;color: #000000\">Date et lieu<\/span><\/td>\n<td style=\"width: 645.8px;height: 43px\"><span style=\"font-family: Book Antiqua, Palatino;font-size: 14pt;color: #000000\">10 D\u00e9cembre 2015- Universit\u00e9 de Laghouat<\/span><\/td>\n<\/tr>\n<tr style=\"height: 43px\">\n<td style=\"width: 26.0333px;height: 86px\" rowspan=\"2\"><span style=\"font-family: Book Antiqua, Palatino;font-size: 14pt;color: #000000\"><em>6<\/em><\/span><\/td>\n<td style=\"width: 131.233px;height: 43px\"><span style=\"font-family: Book Antiqua, Palatino;font-size: 14pt;color: #000000\">Intitul\u00e9<\/span><\/td>\n<td style=\"width: 645.8px;height: 43px\"><span style=\"font-family: Book Antiqua, Palatino;font-size: 14pt;color: #000000\"><strong>Trosi\u00e8me journ\u00e9e doctorale de la facult\u00e9 de technologie<br \/>\n<\/strong><\/span><\/td>\n<\/tr>\n<tr style=\"height: 43px\">\n<td style=\"width: 131.233px;height: 43px\"><span style=\"font-family: Book Antiqua, Palatino;font-size: 14pt;color: #000000\">Date et lieu<\/span><\/td>\n<td style=\"width: 645.8px;height: 43px\"><span style=\"font-family: Book Antiqua, Palatino;font-size: 14pt;color: #000000\">10 Mars 2016- Universit\u00e9 de Laghouat<\/span><\/td>\n<\/tr>\n<tr style=\"height: 44px\">\n<td style=\"width: 26.0333px;height: 44px\"><span style=\"font-family: Book Antiqua, Palatino;font-size: 14pt;color: #000000\"><em>7<\/em><\/span><\/td>\n<td style=\"width: 131.233px;height: 44px\"><span style=\"font-family: Book Antiqua, Palatino;font-size: 14pt;color: #000000\">Intitul\u00e9<\/span><\/td>\n<td style=\"width: 645.8px;height: 44px\"><span style=\"font-family: Book Antiqua, Palatino;font-size: 14pt;color: #000000\"><strong>Quatri\u00e8me journ\u00e9e doctorale de la facult\u00e9 de technologie\u00a0<\/strong><\/span><\/td>\n<\/tr>\n<tr style=\"height: 44px\">\n<td style=\"width: 26.0333px;height: 44px\"><span style=\"font-family: Book Antiqua, Palatino;font-size: 14pt;color: #000000\"><em>\u00a0<\/em><\/span><\/td>\n<td style=\"width: 131.233px;height: 44px\"><span style=\"font-family: Book Antiqua, Palatino;font-size: 14pt;color: #000000\">Date et lieu<\/span><\/td>\n<td style=\"width: 645.8px;height: 44px\"><span style=\"font-family: Book Antiqua, Palatino;font-size: 14pt;color: #000000\">17 Avril 2017 &#8211; Universit\u00e9 de Laghouat<\/span><\/td>\n<\/tr>\n<tr style=\"height: 85px\">\n<td style=\"width: 26.0333px;height: 85px\"><span style=\"font-family: Book Antiqua, Palatino;font-size: 14pt;color: #000000\"><em>8<\/em><\/span><\/td>\n<td style=\"width: 131.233px;height: 85px\"><span style=\"font-family: Book Antiqua, Palatino;font-size: 14pt;color: #000000\">Intitul\u00e9<\/span><\/td>\n<td style=\"width: 645.8px;height: 85px\"><span style=\"font-family: Book Antiqua, Palatino;font-size: 14pt;color: #000000\"><strong>La quatri\u00e8me Journ\u00e9e sur la Normalisation et la Qualit\u00e9 dans le Domaine \u00c9lectrique<\/strong><\/span><\/td>\n<\/tr>\n<tr style=\"height: 44px\">\n<td style=\"width: 26.0333px;height: 44px\"><span style=\"font-family: Book Antiqua, Palatino;font-size: 14pt;color: #000000\"><em>\u00a0<\/em><\/span><\/td>\n<td style=\"width: 131.233px;height: 44px\"><span style=\"font-family: Book Antiqua, Palatino;font-size: 14pt;color: #000000\">Date et lieu<\/span><\/td>\n<td style=\"width: 645.8px;height: 44px\"><span style=\"font-family: Book Antiqua, Palatino;font-size: 14pt;color: #000000\">14 d\u00e9cembre 2017 &#8211; Universit\u00e9 de Laghouat<\/span><\/td>\n<\/tr>\n<\/tbody>\n<\/table>\n<p dir=\"ltr\">[\/su_spoiler]<\/p>\n<p dir=\"ltr\">\n<p dir=\"ltr\">[su_spoiler title=\u00a0\u00bb<span style=\"font-size: 12pt\">Coop\u00e9ration scientifique<\/span>\u00a0\u00bb style=\u00a0\u00bbfancy\u00a0\u00bb]<\/p>\n<p dir=\"ltr\"><span style=\"font-family: Book Antiqua,Palatino;font-size: 14pt\"><strong><span style=\"color: #ff6600\">Coop\u00e9ration Scientifique internationale<\/span><\/strong><\/span><br \/>\n<span style=\"font-family: Book Antiqua,Palatino;font-size: 14pt\">Chaire de recherche \u00e0 Chicoutimi ISOLIME- UQAC Canada, Pr Issouf Fofana et Pr David Volat.<\/span><br \/>\n<span style=\"font-family: Book Antiqua,Palatino;font-size: 14pt\">Ecole Sup\u00e9rieure d&rsquo;Ing\u00e9nieurs en Electrotechnique et Electronique d&rsquo;Amiens ESIEEE Amiens, Pr M. Augustin (France)<\/span><br \/>\n<span style=\"font-family: Book Antiqua,Palatino;font-size: 14pt\">Mod\u00e9lisation, Information et Syst\u00e8mes MIS UJV Amiens P. A. Rabhi (France)<\/span><br \/>\n<span style=\"font-family: Book Antiqua,Palatino;font-size: 14pt\">IRIT -L&rsquo;ENSEEIHT Toulouse Pr. P. Speteri PETERI (France)<\/span><\/p>\n<ul>\n<li><span style=\"font-family: Book Antiqua,Palatino;font-size: 14pt\">Laboratoire des mat\u00e9riaux C\u00e9ramiques Composites et Polym\u00e8res (LaMaCoP). Universit\u00e9 de Sfax<\/span><br \/>\n<span style=\"font-family: Book Antiqua,Palatino;font-size: 14pt\">Laboratoire LAPLACE &#8211; Toulouse France- Pr. Thierry Lebey;<\/span><br \/>\n<span style=\"font-family: Book Antiqua,Palatino;font-size: 14pt\">LASS de Toulouse France.<\/span><\/li>\n<\/ul>\n<p dir=\"ltr\"><span style=\"font-family: Book Antiqua,Palatino;font-size: 14pt\"><strong><span style=\"color: #ff6600\">Coop\u00e9ration Scientifique nationale<\/span><\/strong><\/span><\/p>\n<p dir=\"ltr\"><span style=\"font-family: Book Antiqua,Palatino;font-size: 14pt\">Laboratoire de G\u00e9nie Electrique, Ecole polytechnique d\u2019Alger. Pr. A. Boubakeur.<\/span><br \/>\n<span style=\"font-family: Book Antiqua,Palatino;font-size: 14pt\">Laboratoire physique des mat\u00e9riaux, Pr I. Lefkaier, Laghouat.<\/span><br \/>\n<span style=\"font-family: Book Antiqua,Palatino;font-size: 14pt\">Laboratoire de T\u00e9l\u00e9communications, Signaux et Syst\u00e8mes, Pr M. Belkheiri.<\/span><br \/>\n<span style=\"font-family: Book Antiqua,Palatino;font-size: 14pt\">Laboratoire Analyse et de Commande des Syst\u00e8mes d\u2019Energie et R\u00e9seaux Electriques, Pr. H. Abdelchafik<\/span><br \/>\n<span style=\"font-family: Book Antiqua,Palatino;font-size: 14pt\">Centre de recherche en \u00e9nergie renouvelable, Guardaia<\/span><\/p>\n<p dir=\"ltr\"><span style=\"font-family: Book Antiqua,Palatino;font-size: 14pt\"><strong><span style=\"color: #ff6600\">Relation avec les entit\u00e9s du secteur Socio-\u00e9conomique<\/span><\/strong><\/span><\/p>\n<p dir=\"ltr\"><span style=\"font-family: Book Antiqua,Palatino;font-size: 14pt\">Soci\u00e9t\u00e9 Sonelgaz \u2013 Hassi Rmel<\/span><br \/>\n<span style=\"font-family: Book Antiqua,Palatino;font-size: 14pt\">Soci\u00e9t\u00e9 Sonatrach \u2013 DML Laghouat et hassi Rmel<\/span><br \/>\n<span style=\"font-family: Book Antiqua,Palatino;font-size: 14pt\">Enie Sidi Belabbes<\/span><\/p>\n<p dir=\"ltr\">[\/su_spoiler]<\/p>\n<p>&nbsp;<\/p>\n<p>&nbsp;<\/p>\n<p>&nbsp;<\/p>\n<p>&nbsp;<\/p>\n","protected":false},"excerpt":{"rendered":"<p>[su_spoiler title=\u00a0\u00bbManifestations \u00a0\u00bb style=\u00a0\u00bbfancy\u00a0\u00bb] Conf\u00e9rences Conf\u00e9rences Internationales\u00a0 1 Intitul\u00e9 The First International Conference on Electrical and Electronics Engineering , IEEEC\u20192004 Date et lieu \u00a0Avril 24-26 ,2004-Laghouat, Algeria 2 Intitul\u00e9 The Second International Conference on Electrical and Electronics Engineering , IEEEC\u20192008 Date et lieu Avril 21-23, 2008 Laghouat, Algeria \u00a0 Conf\u00e9rences nationales 1 Intitul\u00e9 \u00a09i\u00e8me Conf\u00e9rence [&hellip;]<\/p>\n","protected":false},"author":13,"featured_media":0,"parent":0,"menu_order":0,"comment_status":"closed","ping_status":"closed","template":"elementor_header_footer","meta":{"_exactmetrics_skip_tracking":false,"_exactmetrics_sitenote_active":false,"_exactmetrics_sitenote_note":"","_exactmetrics_sitenote_category":0,"footnotes":""},"coauthors":[533,554],"class_list":["post-8739","page","type-page","status-publish","hentry"],"_links":{"self":[{"href":"http:\/\/lagh-univ.dz\/fr\/wp-json\/wp\/v2\/pages\/8739","targetHints":{"allow":["GET"]}}],"collection":[{"href":"http:\/\/lagh-univ.dz\/fr\/wp-json\/wp\/v2\/pages"}],"about":[{"href":"http:\/\/lagh-univ.dz\/fr\/wp-json\/wp\/v2\/types\/page"}],"author":[{"embeddable":true,"href":"http:\/\/lagh-univ.dz\/fr\/wp-json\/wp\/v2\/users\/13"}],"replies":[{"embeddable":true,"href":"http:\/\/lagh-univ.dz\/fr\/wp-json\/wp\/v2\/comments?post=8739"}],"version-history":[{"count":16,"href":"http:\/\/lagh-univ.dz\/fr\/wp-json\/wp\/v2\/pages\/8739\/revisions"}],"predecessor-version":[{"id":31117,"href":"http:\/\/lagh-univ.dz\/fr\/wp-json\/wp\/v2\/pages\/8739\/revisions\/31117"}],"wp:attachment":[{"href":"http:\/\/lagh-univ.dz\/fr\/wp-json\/wp\/v2\/media?parent=8739"}],"wp:term":[{"taxonomy":"author","embeddable":true,"href":"http:\/\/lagh-univ.dz\/fr\/wp-json\/wp\/v2\/coauthors?post=8739"}],"curies":[{"name":"wp","href":"https:\/\/api.w.org\/{rel}","templated":true}]}}