{"id":8745,"date":"2019-01-18T08:13:54","date_gmt":"2019-01-18T10:13:54","guid":{"rendered":"http:\/\/lagh-univ.dz\/laboratoires-des-recherches-lrgc-presentation\/"},"modified":"2020-03-03T08:50:40","modified_gmt":"2020-03-03T10:50:40","slug":"laboratoires-des-recherches-lrgc-presentation","status":"publish","type":"page","link":"http:\/\/lagh-univ.dz\/fr\/laboratoires-des-recherches-lrgc-presentation\/","title":{"rendered":"Laboratoires des recherches- LRGC-Pr\u00e9sentation"},"content":{"rendered":"<p><img fetchpriority=\"high\" decoding=\"async\" class=\"wp-image-27336 aligncenter\" src=\"http:\/\/lagh-univ.dz\/wp-content\/uploads\/2020\/02\/civil-lab-equipment-500x500-300x259.png\" alt=\"\" width=\"331\" height=\"286\" srcset=\"http:\/\/lagh-univ.dz\/wp-content\/uploads\/2020\/02\/civil-lab-equipment-500x500-300x259.png 300w, http:\/\/lagh-univ.dz\/wp-content\/uploads\/2020\/02\/civil-lab-equipment-500x500.png 500w\" sizes=\"(max-width: 331px) 100vw, 331px\" \/><\/p>\n<p style=\"text-align: center\"><span style=\"font-family: 'Book Antiqua', Palatino;color: #000000;font-size: 18pt\"><img decoding=\"async\" class=\"alignnone size-full wp-image-27255\" src=\"http:\/\/lagh-univ.dz\/wp-content\/uploads\/2020\/02\/1.png\" alt=\"\" width=\"62\" height=\"63\" \/><span style=\"color: #800000\"><strong>Laboratoire de recherche de G\u00e9nie Civil \u00ab LRGC \u00bb<img decoding=\"async\" class=\"alignnone size-full wp-image-27255\" src=\"http:\/\/lagh-univ.dz\/wp-content\/uploads\/2020\/02\/1.png\" alt=\"\" width=\"62\" height=\"63\" \/><\/strong><\/span><\/span><span style=\"color: #800000\"><strong><span style=\"font-family: 'Book Antiqua', Palatino;font-size: 14pt\">\u00a0<\/span><\/strong><\/span><\/p>\n<p>&nbsp;<\/p>\n<p style=\"text-align: left\"><span style=\"font-family: 'Book Antiqua', Palatino;color: #000000;font-size: 14pt\"><strong>CREATION ET FONCTIONNEMENT DU LABORATOIRE<\/strong><\/span><\/p>\n<p style=\"text-align: center\"><span style=\"font-size: 14pt\"><strong><span style=\"font-family: 'Book Antiqua', Palatino\">Chef de laboratoire\u00a0<\/span><\/strong><\/span><\/p>\n<p><img decoding=\"async\" class=\"wp-image-28304 aligncenter\" style=\"text-align: center\" src=\"http:\/\/lagh-univ.dz\/wp-content\/uploads\/2020\/02\/chef-gclac-231x300.png\" alt=\"\" width=\"114\" height=\"148\" srcset=\"http:\/\/lagh-univ.dz\/wp-content\/uploads\/2020\/02\/chef-gclac-231x300.png 231w, http:\/\/lagh-univ.dz\/wp-content\/uploads\/2020\/02\/chef-gclac.png 332w\" sizes=\"(max-width: 114px) 100vw, 114px\" \/><\/p>\n<p style=\"text-align: center\"><span style=\"font-family: 'Book Antiqua', Palatino\">Dr: Goual Idriss<\/span><\/p>\n<p style=\"text-align: center\" data-placeholder=\"\u0627\u0644\u062a\u0631\u062c\u0645\u0629\"><span style=\"font-family: arabic-kufi;font-size: 14pt\">E-mail:<\/span><span class=\"fontstyle0\" style=\"font-family: arabic-kufi;font-size: 14pt\"> i.goual@mail.lagh-univ.dz<br \/>\ngoualid@yahoo.fr<br \/>\ngoualid74@gmail.com <\/span><\/p>\n<p style=\"text-align: center\"><span class=\"fontstyle0\">Tel\uf0c8 <\/span><span class=\"fontstyle2\">: 06 71 86 50 20<\/span><\/p>\n<p style=\"text-align: center\"><span class=\"fontstyle3\">\uf028 <\/span><span class=\"fontstyle2\">: +213 29 110030<\/span><\/p>\n<p style=\"text-align: left\"><span style=\"font-family: 'Book Antiqua', Palatino;color: #000000;font-size: 12pt\">Les grands \u00e9quipements du LRGC peuvent \u00eatre mis, par convention ou contrat de recherche, \u00e0 la Le LRGC est une unit\u00e9 mixte de recherche de l\u2019universit\u00e9 Amar T\u00e9lidji de Laghouat agr\u00e9e par arr\u00eat\u00e9 N\u00b0 88 du 25 juillet 2000, a pour objectifs :<\/span><\/p>\n<ul style=\"text-align: left\">\n<li><span style=\"font-family: 'Book Antiqua', Palatino;color: #000000;font-size: 12pt\">Initier et d\u00e9velopper des recherches dans les domaines de g\u00e9nie civil et sciences de l\u2019habitat ;<\/span><\/li>\n<li><span style=\"font-family: 'Book Antiqua', Palatino;color: #000000;font-size: 12pt\">Former des \u00e9tudiants par et pour la recherche.<\/span><\/li>\n<\/ul>\n<p style=\"text-align: left\"><span style=\"font-family: 'Book Antiqua', Palatino;color: #000000;font-size: 12pt\">Le LRGC a, de ce fait, une vocation pluridisciplinaire et peut donc \u00eatre associer \u00e0 d\u2019autres laboratoires ou entit\u00e9s de recherches nationales ou internationales.<\/span><span style=\"color: #000000;font-family: 'Book Antiqua', Palatino\">Ces comp\u00e9tences techniques et disposition de la communaut\u00e9 scientifique universitaire ainsi qu\u2019\u00e0 celle des secteurs \u00e9conomiques et publics.<\/span><span style=\"color: #000000;font-family: 'Book Antiqua', Palatino\">La mission de formation du LRGC s\u2019exerce principalement dans le cadre de l\u2019enseignement universitaire d\u00e9livr\u00e9 par les enseignants chercheurs dans le cycle de post graduation et dans l\u2019encadrement des masters.<\/span><span style=\"color: #000000;font-family: 'Book Antiqua', Palatino\">Les actions de formation, dites \u00e0 la carte, sont destin\u00e9es aux autres secteurs que l\u2019enseignement sup\u00e9rieur, \u00e9largissant le champ d\u2019intervention du LRGC dans les domaines de la recherche et de la formation.<\/span><\/p>\n<p style=\"text-align: left\"><span style=\"font-family: 'Book Antiqua', Palatino;color: #000000;font-size: 14pt\"><strong>STRUCTURATION DU LABORATOIRE<\/strong><\/span><\/p>\n<p style=\"text-align: left\"><span style=\"font-family: 'Book Antiqua', Palatino;color: #000000;font-size: 14pt\">L<span style=\"font-size: 12pt\">e laboratoire, dot\u00e9 d\u2019un conseil de laboratoire et compos\u00e9 de chefs d\u2019\u00e9quipes, est structur\u00e9 en cinq \u00e9quipes de recherche reconnues par le conseil scientifique de l\u2019\u00e9tablissement apr\u00e8s avis du comit\u00e9 sectoriel permanent.<\/span><\/span><span style=\"color: #000000;font-family: 'Book Antiqua', Palatino\">Chaque \u00e9quipe de recherche, dirig\u00e9e par un chercheur qualifi\u00e9, a pour mission principale l\u2019ex\u00e9cution d\u2019un ou plusieurs projets de recherche entrant dans le programme du laboratoire.<\/span><span style=\"color: #000000;font-family: 'Book Antiqua', Palatino\">Le laboratoire et dot\u00e9 de 41 chercheurs class\u00e9s comme suite :<\/span><\/p>\n<table class=\" alignleft\" style=\"height: 140px\" cellspacing=\"000\">\n<tbody>\n<tr style=\"height: 28px\">\n<td style=\"height: 28px;width: 196px\"><\/td>\n<td style=\"height: 28px;width: 38px\"><span style=\"font-family: 'Book Antiqua', Palatino;color: #000000;font-size: 12pt\"><strong>Pr.<\/strong><\/span><\/td>\n<td style=\"height: 28px;width: 47px\"><span style=\"font-family: 'Book Antiqua', Palatino;color: #000000;font-size: 12pt\"><strong>MCA<\/strong><\/span><\/td>\n<td style=\"height: 28px;width: 45px\"><span style=\"font-family: 'Book Antiqua', Palatino;color: #000000;font-size: 12pt\"><strong>MCB<\/strong><\/span><\/td>\n<td style=\"height: 28px;width: 48px\"><span style=\"font-family: 'Book Antiqua', Palatino;color: #000000;font-size: 12pt\"><strong>MAA<\/strong><\/span><\/td>\n<td style=\"height: 28px;width: 64px\"><span style=\"font-family: 'Book Antiqua', Palatino;color: #000000;font-size: 12pt\"><strong>MAB<\/strong><\/span><\/td>\n<td style=\"height: 28px;width: 73px\"><span style=\"font-family: 'Book Antiqua', Palatino;color: #000000;font-size: 12pt\"><strong>Doctorant<\/strong><\/span><\/td>\n<\/tr>\n<tr style=\"height: 56px\">\n<td style=\"height: 56px;width: 196px;text-align: center\"><span style=\"font-family: 'Book Antiqua', Palatino;color: #000000;font-size: 12pt\"><strong>Nombre de chercheurs de l&rsquo;\u00e9tablissement<\/strong><\/span><\/td>\n<td style=\"height: 56px;width: 38px;text-align: center\"><span style=\"font-family: 'Book Antiqua', Palatino;color: #000000;font-size: 12pt\">06<\/span><\/td>\n<td style=\"height: 56px;width: 47px;text-align: center\"><span style=\"font-family: 'Book Antiqua', Palatino;color: #000000;font-size: 12pt\">03<\/span><\/td>\n<td style=\"height: 56px;width: 45px;text-align: center\"><span style=\"font-family: 'Book Antiqua', Palatino;color: #000000;font-size: 12pt\">04<\/span><\/td>\n<td style=\"height: 56px;width: 48px;text-align: center\"><span style=\"font-family: 'Book Antiqua', Palatino;color: #000000;font-size: 12pt\">07<\/span><\/td>\n<td style=\"height: 56px;width: 64px;text-align: center\"><\/td>\n<td style=\"height: 56px;width: 73px;text-align: center\"><span style=\"font-family: 'Book Antiqua', Palatino;color: #000000;font-size: 12pt\">20<\/span><\/td>\n<\/tr>\n<tr style=\"height: 56px\">\n<td dir=\"ltr\" style=\"height: 56px;width: 196px;text-align: center\"><span style=\"font-family: 'Book Antiqua', Palatino;color: #000000;font-size: 12pt\"><strong>Nombre de chercheurs hors \u00e9tablissement<\/strong><\/span><\/td>\n<td style=\"height: 56px;width: 38px;text-align: center\"><\/td>\n<td style=\"height: 56px;width: 47px;text-align: center\"><\/td>\n<td style=\"height: 56px;width: 45px;text-align: center\"><\/td>\n<td style=\"height: 56px;width: 48px;text-align: center\"><span style=\"font-family: 'Book Antiqua', Palatino;color: #000000;font-size: 12pt\">01<\/span><\/td>\n<td style=\"height: 56px;width: 64px;text-align: center\"><\/td>\n<td style=\"height: 56px;width: 73px;text-align: center\"><\/td>\n<\/tr>\n<\/tbody>\n<\/table>\n<p>&nbsp;<\/p>\n<p>&nbsp;<\/p>\n<p>&nbsp;<\/p>\n<p>&nbsp;<\/p>\n<p>&nbsp;<\/p>\n<p style=\"text-align: left\"><div class='w3eden'><!-- WPDM Link Template: Default Template -->\n\n<div class=\"link-template-default card mb-2\">\n    <div class=\"card-body\">\n        <div class=\"media\">\n            <div class=\"mr-3 img-48\"><img decoding=\"async\" class=\"wpdm_icon\" alt=\"Ic\u00f4ne\"   src=\"http:\/\/lagh-univ.dz\/wp-content\/plugins\/download-manager\/assets\/file-type-icons\/pdf.png\" \/><\/div>\n            <div class=\"media-body\">\n                <h3 class=\"package-title\"><a href='http:\/\/lagh-univ.dz\/fr\/download\/depliant-laboratoire-de-recherche-de-genie-civil-lrgc\/'>D\u00e9pliant Laboratoire de recherche de G\u00e9nie Civil \u00ab LRGC \u00bb<\/a><\/h3>\n                <div class=\"text-muted text-small\"><i class=\"fas fa-copy\"><\/i> 1 fichier\u00b7s <i class=\"fas fa-hdd ml-3\"><\/i> 10.98 MB<\/div>\n            <\/div>\n            <div class=\"ml-3\">\n                <a class='wpdm-download-link download-on-click btn btn-primary btn-xs' rel='nofollow' href='#' data-downloadurl=\"http:\/\/lagh-univ.dz\/fr\/download\/depliant-laboratoire-de-recherche-de-genie-civil-lrgc\/?wpdmdl=27306&refresh=69d0f75eaf8751775302494\">T\u00e9l\u00e9charger<\/a>\n            <\/div>\n        <\/div>\n    <\/div>\n<\/div>\n\n<\/div><\/p>\n<p style=\"text-align: left\"><div class='w3eden'><!-- WPDM Link Template: Default Template -->\n\n<div class=\"link-template-default card mb-2\">\n    <div class=\"card-body\">\n        <div class=\"media\">\n            <div class=\"mr-3 img-48\"><img decoding=\"async\" class=\"wpdm_icon\" alt=\"Ic\u00f4ne\"   src=\"http:\/\/lagh-univ.dz\/wp-content\/plugins\/download-manager\/assets\/file-type-icons\/pdf.png\" \/><\/div>\n            <div class=\"media-body\">\n                <h3 class=\"package-title\"><a href='http:\/\/lagh-univ.dz\/fr\/download\/cv-de-chef-de-laboratoire-de-recherche-de-genie-civil-lrgc\/'>CV de Chef de  Laboratoire de recherche de G\u00e9nie Civil  LRGC<\/a><\/h3>\n                <div class=\"text-muted text-small\"><i class=\"fas fa-copy\"><\/i> 1 fichier\u00b7s <i class=\"fas fa-hdd ml-3\"><\/i> 435.11 KB<\/div>\n            <\/div>\n            <div class=\"ml-3\">\n                <a class='wpdm-download-link download-on-click btn btn-primary btn-xs' rel='nofollow' href='#' data-downloadurl=\"http:\/\/lagh-univ.dz\/fr\/download\/cv-de-chef-de-laboratoire-de-recherche-de-genie-civil-lrgc\/?wpdmdl=27276&refresh=69d0f75eb62d91775302494\">T\u00e9l\u00e9charger<\/a>\n            <\/div>\n        <\/div>\n    <\/div>\n<\/div>\n\n<\/div><\/p>\n","protected":false},"excerpt":{"rendered":"<p>Laboratoire de recherche de G\u00e9nie Civil \u00ab LRGC \u00bb\u00a0 &nbsp; CREATION ET FONCTIONNEMENT DU LABORATOIRE Chef de laboratoire\u00a0 Dr: Goual Idriss E-mail: i.goual@mail.lagh-univ.dz goualid@yahoo.fr goualid74@gmail.com Tel\uf0c8 : 06 71 86 50 20 \uf028 : +213 29 110030 Les grands \u00e9quipements du LRGC peuvent \u00eatre mis, par convention ou contrat de recherche, \u00e0 la Le LRGC [&hellip;]<\/p>\n","protected":false},"author":18,"featured_media":0,"parent":0,"menu_order":0,"comment_status":"closed","ping_status":"closed","template":"elementor_header_footer","meta":{"_exactmetrics_skip_tracking":false,"_exactmetrics_sitenote_active":false,"_exactmetrics_sitenote_note":"","_exactmetrics_sitenote_category":0,"footnotes":""},"coauthors":[527],"class_list":["post-8745","page","type-page","status-publish","hentry"],"_links":{"self":[{"href":"http:\/\/lagh-univ.dz\/fr\/wp-json\/wp\/v2\/pages\/8745","targetHints":{"allow":["GET"]}}],"collection":[{"href":"http:\/\/lagh-univ.dz\/fr\/wp-json\/wp\/v2\/pages"}],"about":[{"href":"http:\/\/lagh-univ.dz\/fr\/wp-json\/wp\/v2\/types\/page"}],"author":[{"embeddable":true,"href":"http:\/\/lagh-univ.dz\/fr\/wp-json\/wp\/v2\/users\/18"}],"replies":[{"embeddable":true,"href":"http:\/\/lagh-univ.dz\/fr\/wp-json\/wp\/v2\/comments?post=8745"}],"version-history":[{"count":12,"href":"http:\/\/lagh-univ.dz\/fr\/wp-json\/wp\/v2\/pages\/8745\/revisions"}],"predecessor-version":[{"id":31899,"href":"http:\/\/lagh-univ.dz\/fr\/wp-json\/wp\/v2\/pages\/8745\/revisions\/31899"}],"wp:attachment":[{"href":"http:\/\/lagh-univ.dz\/fr\/wp-json\/wp\/v2\/media?parent=8745"}],"wp:term":[{"taxonomy":"author","embeddable":true,"href":"http:\/\/lagh-univ.dz\/fr\/wp-json\/wp\/v2\/coauthors?post=8745"}],"curies":[{"name":"wp","href":"https:\/\/api.w.org\/{rel}","templated":true}]}}