{"id":8747,"date":"2019-01-18T08:14:01","date_gmt":"2019-01-18T10:14:01","guid":{"rendered":"http:\/\/lagh-univ.dz\/laboratoires-des-recherches-lrgc-equipes-de-recherche\/"},"modified":"2020-03-02T13:58:46","modified_gmt":"2020-03-02T15:58:46","slug":"laboratoires-des-recherches-lrgc-equipes-de-recherche","status":"publish","type":"page","link":"http:\/\/lagh-univ.dz\/fr\/laboratoires-des-recherches-lrgc-equipes-de-recherche\/","title":{"rendered":"Laboratoires des recherches- LRGC-\u00c9quipes de recherche"},"content":{"rendered":"<p style=\"text-align: center\"><span style=\"font-family: 'Book Antiqua', Palatino;font-size: 14pt;color: #800000\"><strong>STRUCTURATION DU LABORATOIRE<\/strong><\/span><\/p>\n<p style=\"text-align: left\"><span style=\"font-family: 'Book Antiqua', Palatino;font-size: 14pt;color: #000000\">L<span style=\"font-size: 12pt\">e laboratoire, dot\u00e9 d\u2019un conseil de laboratoire et compos\u00e9 de chefs d\u2019\u00e9quipes, est structur\u00e9 en cinq \u00e9quipes de recherche reconnues\u00a0<\/span><\/span><span style=\"color: #000000;font-family: 'Book Antiqua', Palatino\">Chaque \u00e9quipe de recherche,<\/span><span style=\"color: #000000;font-family: 'Book Antiqua', Palatino\">\u00a0<\/span><span style=\"font-size: 12pt;color: #000000;font-family: 'Book Antiqua', Palatino\">par le conseil scientifique de l\u2019\u00e9tablissement apr\u00e8s avis du comit\u00e9 sectoriel permanent.<\/span><\/p>\n<p style=\"text-align: left\"><span style=\"font-family: 'Book Antiqua', Palatino;font-size: 14pt;color: #000000\"><span style=\"font-size: 12pt\">dirig\u00e9e par un chercheur qualifi\u00e9, a pour mission principale l\u2019ex\u00e9cution d\u2019un ou<\/span> <span style=\"font-size: 12pt\">plusieurs projets de recherche entrant dans le programme du laboratoire.<\/span><\/span><\/p>\n<p style=\"text-align: left\"><strong><span style=\"font-family: 'Book Antiqua', Palatino;font-size: 12pt;color: #000000\">Le laboratoire et dot\u00e9 de 41 chercheurs class\u00e9s comme suite<\/span><\/strong><strong><span style=\"font-family: 'Book Antiqua', Palatino;font-size: 12pt;color: #000000\">:<\/span><\/strong><strong><span style=\"font-family: 'Book Antiqua', Palatino;font-size: 12pt;color: #000000\">\u00a0<\/span><\/strong><\/p>\n<p><img fetchpriority=\"high\" decoding=\"async\" class=\"wp-image-31781 alignleft\" src=\"http:\/\/lagh-univ.dz\/wp-content\/uploads\/2020\/03\/labo2-300x112.jpg\" alt=\"\" width=\"560\" height=\"209\" srcset=\"http:\/\/lagh-univ.dz\/wp-content\/uploads\/2020\/03\/labo2-300x112.jpg 300w, http:\/\/lagh-univ.dz\/wp-content\/uploads\/2020\/03\/labo2.jpg 556w\" sizes=\"(max-width: 560px) 100vw, 560px\" \/><\/p>\n<p>&nbsp;<\/p>\n<p>&nbsp;<\/p>\n<p style=\"text-align: left\"><img decoding=\"async\" class=\"alignnone wp-image-31775\" src=\"http:\/\/lagh-univ.dz\/wp-content\/uploads\/2020\/03\/labo1-300x120.jpg\" alt=\"\" width=\"691\" height=\"276\" srcset=\"http:\/\/lagh-univ.dz\/wp-content\/uploads\/2020\/03\/labo1-300x120.jpg 300w, http:\/\/lagh-univ.dz\/wp-content\/uploads\/2020\/03\/labo1.jpg 740w\" sizes=\"(max-width: 691px) 100vw, 691px\" \/><\/p>\n","protected":false},"excerpt":{"rendered":"<p>STRUCTURATION DU LABORATOIRE Le laboratoire, dot\u00e9 d\u2019un conseil de laboratoire et compos\u00e9 de chefs d\u2019\u00e9quipes, est structur\u00e9 en cinq \u00e9quipes de recherche reconnues\u00a0Chaque \u00e9quipe de recherche,\u00a0par le conseil scientifique de l\u2019\u00e9tablissement apr\u00e8s avis du comit\u00e9 sectoriel permanent. dirig\u00e9e par un chercheur qualifi\u00e9, a pour mission principale l\u2019ex\u00e9cution d\u2019un ou plusieurs projets de recherche entrant dans [&hellip;]<\/p>\n","protected":false},"author":18,"featured_media":0,"parent":0,"menu_order":0,"comment_status":"closed","ping_status":"closed","template":"elementor_header_footer","meta":{"_exactmetrics_skip_tracking":false,"_exactmetrics_sitenote_active":false,"_exactmetrics_sitenote_note":"","_exactmetrics_sitenote_category":0,"footnotes":""},"coauthors":[527],"class_list":["post-8747","page","type-page","status-publish","hentry"],"_links":{"self":[{"href":"http:\/\/lagh-univ.dz\/fr\/wp-json\/wp\/v2\/pages\/8747","targetHints":{"allow":["GET"]}}],"collection":[{"href":"http:\/\/lagh-univ.dz\/fr\/wp-json\/wp\/v2\/pages"}],"about":[{"href":"http:\/\/lagh-univ.dz\/fr\/wp-json\/wp\/v2\/types\/page"}],"author":[{"embeddable":true,"href":"http:\/\/lagh-univ.dz\/fr\/wp-json\/wp\/v2\/users\/18"}],"replies":[{"embeddable":true,"href":"http:\/\/lagh-univ.dz\/fr\/wp-json\/wp\/v2\/comments?post=8747"}],"version-history":[{"count":14,"href":"http:\/\/lagh-univ.dz\/fr\/wp-json\/wp\/v2\/pages\/8747\/revisions"}],"predecessor-version":[{"id":31787,"href":"http:\/\/lagh-univ.dz\/fr\/wp-json\/wp\/v2\/pages\/8747\/revisions\/31787"}],"wp:attachment":[{"href":"http:\/\/lagh-univ.dz\/fr\/wp-json\/wp\/v2\/media?parent=8747"}],"wp:term":[{"taxonomy":"author","embeddable":true,"href":"http:\/\/lagh-univ.dz\/fr\/wp-json\/wp\/v2\/coauthors?post=8747"}],"curies":[{"name":"wp","href":"https:\/\/api.w.org\/{rel}","templated":true}]}}