{"id":8749,"date":"2019-01-18T08:14:15","date_gmt":"2019-01-18T10:14:15","guid":{"rendered":"http:\/\/lagh-univ.dz\/laboratoires-des-recherches-lrgc-equipements\/"},"modified":"2020-03-02T14:01:58","modified_gmt":"2020-03-02T16:01:58","slug":"laboratoires-des-recherches-lrgc-equipements","status":"publish","type":"page","link":"http:\/\/lagh-univ.dz\/fr\/laboratoires-des-recherches-lrgc-equipements\/","title":{"rendered":"Laboratoires des recherches- LRGC-\u00c9quipements"},"content":{"rendered":"<p style=\"text-align: center\"><span style=\"font-size: 18pt;font-family: 'Book Antiqua', Palatino;color: #000000\"><strong><u>Equipe GEOMAT<\/u><\/strong><\/span><\/p>\n<p>&nbsp;<\/p>\n<p style=\"text-align: left\"><span style=\"font-size: 14pt;font-family: 'Book Antiqua', Palatino;color: #000000\">L&rsquo;<span style=\"font-size: 12pt\">\u00e9quipe de <strong><u>G\u00e9omat\u00e9riaux<\/u><\/strong> s\u2019int\u00e9resse \u00e0 l&rsquo;\u00e9tude\u00a0:<\/span><\/span><\/p>\n<ul style=\"text-align: left\">\n<li><span style=\"font-size: 12pt;font-family: 'Book Antiqua', Palatino;color: #000000\">des propri\u00e9t\u00e9s physico-m\u00e9caniques et durabilit\u00e9 des mortiers et b\u00e9tons.<\/span><\/li>\n<li><span style=\"font-size: 12pt;font-family: 'Book Antiqua', Palatino;color: #000000\">des Propri\u00e9t\u00e9s des MAP et BAP en fonction des param\u00e8tres d\u2019\u00e9tude (type et teneur en fillers, \u00e2ge, ambiance de conservation et traitement utilis\u00e9, teneur en sables, \u00e9l\u00e9ments de <\/span><\/li>\n<li><span style=\"font-size: 12pt;font-family: 'Book Antiqua', Palatino;color: #000000\">composition).<\/span><\/li>\n<li><span style=\"color: #000000\"><img decoding=\"async\" class=\"size-full wp-image-27203 aligncenter\" src=\"http:\/\/lagh-univ.dz\/wp-content\/uploads\/2020\/02\/G\u00e9omat\u00e9riaux.png\" alt=\"\" width=\"174\" height=\"183\" \/><\/span><\/li>\n<\/ul>\n<p style=\"text-align: left\"><span style=\"font-size: 14pt;font-family: 'Book Antiqua', Palatino;color: #000000\"><strong><u>Equipe DMCL<\/u><\/strong><\/span><\/p>\n<p style=\"text-align: left\"><span style=\"font-size: 14pt;font-family: 'Book Antiqua', Palatino;color: #000000\">C<span style=\"font-size: 12pt\">ette \u00e9quipe de recherche, vise le d\u00e9veloppement et la promotion de nouveaux mat\u00e9riaux de construction locaux par la valorisation des produits de base min\u00e9rales ou naturelles locaux. Les activit\u00e9s de l&rsquo;\u00e9quipe s&rsquo;articule sur:<\/span><\/span><\/p>\n<ul style=\"text-align: left\">\n<li><span style=\"font-size: 12pt;font-family: 'Book Antiqua', Palatino;color: #000000\">Etude des proc\u00e9d\u00e9s d&rsquo;\u00e9laboration des b\u00e9tons l\u00e9gers \u00e0 base de mat\u00e9riaux<\/span><\/li>\n<li><span style=\"font-size: 12pt;font-family: 'Book Antiqua', Palatino;color: #000000\">Proc\u00e9d\u00e9s d&rsquo;all\u00e8gement et formulation des b\u00e9tons l\u00e9gers<\/span><\/li>\n<li><span style=\"font-size: 12pt;font-family: 'Book Antiqua', Palatino;color: #000000\">Am\u00e9lioration des propri\u00e9t\u00e9s thermo physiques et m\u00e9caniques des mat\u00e9riaux \u00e9labor\u00e9s<\/span><\/li>\n<li><span style=\"font-size: 12pt;font-family: 'Book Antiqua', Palatino;color: #000000\">Etude et am\u00e9lioration de la durabilit\u00e9, \u00e0 long terme, en fonction des diff\u00e9rents param\u00e8tres de <\/span><\/li>\n<li><span style=\"font-size: 12pt;font-family: 'Book Antiqua', Palatino;color: #000000\">formulation.<\/span><\/li>\n<\/ul>\n<p><span style=\"color: #000000\"><img decoding=\"async\" class=\"alignnone wp-image-27221\" src=\"http:\/\/lagh-univ.dz\/wp-content\/uploads\/2020\/02\/Equipe-DMCL1.png\" alt=\"\" width=\"152\" height=\"223\" \/><img decoding=\"async\" class=\" wp-image-27218 alignleft\" src=\"http:\/\/lagh-univ.dz\/wp-content\/uploads\/2020\/02\/Equipe-DMCL2.png\" alt=\"\" width=\"200\" height=\"230\" \/><\/span><\/p>\n<p>&nbsp;<\/p>\n<p style=\"text-align: left\"><span style=\"font-size: 14pt;font-family: 'Book Antiqua', Palatino;color: #000000\"><strong><u>Equipe BIOCLI<\/u><\/strong><\/span><\/p>\n<p style=\"text-align: left\"><span style=\"font-size: 14pt;font-family: 'Book Antiqua', Palatino;color: #000000\">A<span style=\"font-size: 12pt\"> pour objectif l\u2019am\u00e9lioration du cadre b\u00e2tis dans les zones arides par l\u2019introduction des nouvelles m\u00e9thodes d\u2019urbanisation et nouvelles conceptions architecturales pour minimiser la consommation de l\u2019\u00e9nergie.\u00a0 Impact du climat sur la Forme architecturale et urbaine dans les zones chaudes arides.<\/span><\/span><\/p>\n<p style=\"text-align: left\"><span style=\"font-size: 12pt;font-family: 'Book Antiqua', Palatino;color: #000000\">Les activit\u00e9s de l&rsquo;\u00e9quipe s&rsquo;articule sur\u00a0:<\/span><\/p>\n<ul style=\"text-align: left\">\n<li><span style=\"font-size: 12pt;font-family: 'Book Antiqua', Palatino;color: #000000\">Nouveaux modes de compositions urbaines\u00a0; environnements et croissance urbaine des villes\u00a0\u00ab\u00a0cas de Laghouat\u00a0\u00bb\u00a0;<\/span><\/li>\n<li><span style=\"font-size: 12pt;font-family: 'Book Antiqua', Palatino;color: #000000\">Am\u00e9lioration du cadre b\u00e2tis dans les zones arides et nouvelles conceptions architecturales\u00a0;<\/span><\/li>\n<li><span style=\"font-size: 12pt;font-family: 'Book Antiqua', Palatino;color: #000000\">Comportement hygrothermique des constructions et environnement durable dans les zones arides\u00a0;<\/span><\/li>\n<li><span style=\"font-size: 12pt;font-family: 'Book Antiqua', Palatino;color: #000000\">D\u00e9veloppement urbain durable et la conservation de la palmeraie \u00ab cas de Laghouat \u00bb.<\/span><\/li>\n<\/ul>\n<p><span style=\"color: #000000\"><strong style=\"font-family: 'Book Antiqua', Palatino;font-size: 14pt\"><u><img loading=\"lazy\" decoding=\"async\" class=\"size-full wp-image-27233 aligncenter\" src=\"http:\/\/lagh-univ.dz\/wp-content\/uploads\/2020\/02\/BIOCLI.png\" alt=\"\" width=\"168\" height=\"151\" \/>\u00a0<\/u><\/strong><\/span><\/p>\n<p style=\"text-align: left\"><span style=\"font-size: 14pt;font-family: 'Book Antiqua', Palatino;color: #000000\"><strong><u>Equipe VDML<\/u><\/strong><\/span><\/p>\n<p style=\"text-align: left\"><span style=\"font-size: 14pt;font-family: 'Book Antiqua', Palatino;color: #000000\">L<span style=\"font-size: 12pt\">a th\u00e9matique de la recherche est ax\u00e9e sur la valorisation des mat\u00e9riaux locaux et des d\u00e9chets industriels solides pour la mise au point de mat\u00e9riaux de construction innovants \u00e9cologiques et technologiquement performants. Les activit\u00e9s de l&rsquo;\u00e9quipe s&rsquo;articule sur\u00a0:<\/span><\/span><\/p>\n<ul style=\"text-align: left\">\n<li><span style=\"font-size: 12pt;font-family: 'Book Antiqua', Palatino;color: #000000\">Exploitation des mat\u00e9riaux locaux et des d\u00e9chets industriels solides pour B\u00e9tons l\u00e9gers et b\u00e9tons de fibres\u00a0;\u00a0<\/span><\/li>\n<li><span style=\"font-size: 12pt;font-family: 'Book Antiqua', Palatino;color: #000000\">Durabilit\u00e9 des mat\u00e9riaux et des ouvrages\u00a0;<\/span><\/li>\n<li><span style=\"font-size: 12pt;font-family: 'Book Antiqua', Palatino;color: #000000\">Stabilisation physicochimique des terres locales pour application en technique routi\u00e8re\u00a0;<\/span><\/li>\n<li><span style=\"font-size: 12pt;font-family: 'Book Antiqua', Palatino;color: #000000\">Comportement m\u00e9canique des sols et des milieux granulaires\u00a0;<\/span><\/li>\n<li><span style=\"font-size: 12pt;font-family: 'Book Antiqua', Palatino;color: #000000\">Transferts dans les G\u00e9omat\u00e9riaux\u00a0et thermique du b\u00e2timent.<\/span><\/li>\n<li><span style=\"color: #000000\"><img loading=\"lazy\" decoding=\"async\" class=\"size-full wp-image-27239 aligncenter\" src=\"http:\/\/lagh-univ.dz\/wp-content\/uploads\/2020\/02\/Equipe-VDML.png\" alt=\"\" width=\"179\" height=\"238\" \/><\/span><\/li>\n<\/ul>\n<p style=\"text-align: left\"><span style=\"font-size: 14pt;font-family: 'Book Antiqua', Palatino;color: #000000\"><strong><u>Equipe GEOTEN<\/u><\/strong><\/span><\/p>\n<p style=\"text-align: left\"><span style=\"font-size: 14pt;font-family: 'Book Antiqua', Palatino;color: #000000\"><span style=\"font-size: 18.6667px\">L<\/span><span style=\"font-size: 12pt\">es objectifs principaux sont :<\/span><\/span><\/p>\n<ul style=\"text-align: left\">\n<li><span style=\"font-size: 12pt;font-family: 'Book Antiqua', Palatino;color: #000000\">Etude des param\u00e8tres de gonflement (taux et pressions de gonflement) des argiles gonflantes\u00a0;<\/span><\/li>\n<li><span style=\"font-size: 12pt;font-family: 'Book Antiqua', Palatino;color: #000000\">R\u00e9duction et gestion des d\u00e9chets de surface\u00a0;<\/span><\/li>\n<li><span style=\"font-size: 12pt;font-family: 'Book Antiqua', Palatino;color: #000000\">Stabilisation des sols expansifs (physique, m\u00e9canique et chimique);<\/span><\/li>\n<li><span style=\"font-size: 12pt;font-family: 'Book Antiqua', Palatino;color: #000000\">Comportement hydrique satur\u00e9 et non satur\u00e9 des G\u00e9omat\u00e9riaux\u00a0; application aux <em>ISD<\/em> (Installation de Stockage des D\u00e9chets)\u00a0;<\/span><\/li>\n<li><span style=\"font-size: 12pt;font-family: 'Book Antiqua', Palatino;color: #000000\">Comportement m\u00e9canique satur\u00e9 et non satur\u00e9 des G\u00e9omat\u00e9riaux\u00a0; application aux <em>CET<\/em> (Centre d\u2019Enfouissement technique).<\/span><\/li>\n<\/ul>\n<p style=\"text-align: left\"><span style=\"color: #000000\"><img loading=\"lazy\" decoding=\"async\" class=\"size-full wp-image-27242 aligncenter\" src=\"http:\/\/lagh-univ.dz\/wp-content\/uploads\/2020\/02\/QOTEN.png\" alt=\"\" width=\"232\" height=\"204\" \/><\/span><\/p>\n","protected":false},"excerpt":{"rendered":"<p>Equipe GEOMAT &nbsp; L&rsquo;\u00e9quipe de G\u00e9omat\u00e9riaux s\u2019int\u00e9resse \u00e0 l&rsquo;\u00e9tude\u00a0: des propri\u00e9t\u00e9s physico-m\u00e9caniques et durabilit\u00e9 des mortiers et b\u00e9tons. des Propri\u00e9t\u00e9s des MAP et BAP en fonction des param\u00e8tres d\u2019\u00e9tude (type et teneur en fillers, \u00e2ge, ambiance de conservation et traitement utilis\u00e9, teneur en sables, \u00e9l\u00e9ments de composition). Equipe DMCL Cette \u00e9quipe de recherche, vise le [&hellip;]<\/p>\n","protected":false},"author":18,"featured_media":0,"parent":0,"menu_order":0,"comment_status":"closed","ping_status":"closed","template":"elementor_header_footer","meta":{"_exactmetrics_skip_tracking":false,"_exactmetrics_sitenote_active":false,"_exactmetrics_sitenote_note":"","_exactmetrics_sitenote_category":0,"footnotes":""},"coauthors":[527],"class_list":["post-8749","page","type-page","status-publish","hentry"],"_links":{"self":[{"href":"http:\/\/lagh-univ.dz\/fr\/wp-json\/wp\/v2\/pages\/8749","targetHints":{"allow":["GET"]}}],"collection":[{"href":"http:\/\/lagh-univ.dz\/fr\/wp-json\/wp\/v2\/pages"}],"about":[{"href":"http:\/\/lagh-univ.dz\/fr\/wp-json\/wp\/v2\/types\/page"}],"author":[{"embeddable":true,"href":"http:\/\/lagh-univ.dz\/fr\/wp-json\/wp\/v2\/users\/18"}],"replies":[{"embeddable":true,"href":"http:\/\/lagh-univ.dz\/fr\/wp-json\/wp\/v2\/comments?post=8749"}],"version-history":[{"count":4,"href":"http:\/\/lagh-univ.dz\/fr\/wp-json\/wp\/v2\/pages\/8749\/revisions"}],"predecessor-version":[{"id":31792,"href":"http:\/\/lagh-univ.dz\/fr\/wp-json\/wp\/v2\/pages\/8749\/revisions\/31792"}],"wp:attachment":[{"href":"http:\/\/lagh-univ.dz\/fr\/wp-json\/wp\/v2\/media?parent=8749"}],"wp:term":[{"taxonomy":"author","embeddable":true,"href":"http:\/\/lagh-univ.dz\/fr\/wp-json\/wp\/v2\/coauthors?post=8749"}],"curies":[{"name":"wp","href":"https:\/\/api.w.org\/{rel}","templated":true}]}}