{"id":8779,"date":"2019-01-18T08:30:31","date_gmt":"2019-01-18T10:30:31","guid":{"rendered":"http:\/\/lagh-univ.dz\/laboratoires-des-recherches-lim-production-scientifique-projets-de-recherche\/"},"modified":"2020-02-13T20:31:27","modified_gmt":"2020-02-13T22:31:27","slug":"laboratoires-des-recherches-lim-production-scientifique-projets-de-recherche","status":"publish","type":"page","link":"http:\/\/lagh-univ.dz\/fr\/laboratoires-des-recherches-lim-production-scientifique-projets-de-recherche\/","title":{"rendered":"Laboratoires des recherches- LIM-Production scientifique-Projets de recherche"},"content":{"rendered":"<p dir=\"ltr\" style=\"text-align: center\"><span style=\"font-family: 'Book Antiqua', Palatino;font-size: 18pt\"><strong>Projets de recherche depuis 2018<\/strong><\/span><\/p>\n<table dir=\"ltr\">\n<tbody>\n<tr>\n<td style=\"text-align: center\" width=\"168\"><span style=\"font-family: 'Book Antiqua', Palatino;font-size: 14pt\"><strong>N<sup>o<\/sup> du projet<\/strong><\/span><\/td>\n<td style=\"text-align: center\" width=\"176\"><span style=\"font-family: 'Book Antiqua', Palatino;font-size: 14pt\"><strong>intitul\u00e9<\/strong><\/span><\/td>\n<td style=\"text-align: center\" width=\"97\"><span style=\"font-family: 'Book Antiqua', Palatino;font-size: 14pt\"><strong>Chef du projet<\/strong><\/span><\/td>\n<td style=\"text-align: center\" width=\"178\"><span style=\"font-family: 'Book Antiqua', Palatino;font-size: 14pt\"><strong>E-mail<\/strong><\/span><\/td>\n<\/tr>\n<tr>\n<td style=\"text-align: center\" width=\"168\"><span style=\"font-family: 'Book Antiqua', Palatino;font-size: 14pt\">C00L07UN030120150001<\/span><\/p>\n<p><span style=\"font-family: 'Book Antiqua', Palatino;font-size: 14pt\"><strong>\u00a0<\/strong><\/span><\/td>\n<td style=\"text-align: center\" width=\"176\"><span style=\"font-family: 'Book Antiqua', Palatino;font-size: 14pt\">L&rsquo;utilisation du Cloud v\u00e9hiculaire pour l&rsquo;am\u00e9lioration de la s\u00e9curit\u00e9 routi\u00e8re<\/span><\/td>\n<td style=\"text-align: center\" width=\"97\"><span style=\"font-family: 'Book Antiqua', Palatino;font-size: 14pt\">LagraaNasreddine<\/span><\/td>\n<td style=\"text-align: center\" width=\"178\"><span style=\"font-family: 'Book Antiqua', Palatino;font-size: 14pt\">n.lagraa@laghuniv.dz<\/span><\/td>\n<\/tr>\n<tr>\n<td style=\"text-align: center\" width=\"168\"><span style=\"font-family: 'Book Antiqua', Palatino;font-size: 14pt\">C00L07UN030120180002<\/span><\/td>\n<td style=\"text-align: center\" width=\"176\"><span style=\"font-family: 'Book Antiqua', Palatino;font-size: 14pt\">Traitement automatique de la langue Arabe<\/span><\/p>\n<p>&nbsp;<\/td>\n<td style=\"text-align: center\" width=\"97\"><span style=\"font-family: 'Book Antiqua', Palatino;font-size: 14pt\">Cherroun Hadda<\/span><\/td>\n<td style=\"text-align: center\" width=\"178\"><span style=\"font-family: 'Book Antiqua', Palatino;font-size: 14pt\">Hadda.cherroun@lagh-univ.dz<\/span><\/td>\n<\/tr>\n<tr>\n<td style=\"text-align: center\" width=\"168\">\n<p dir=\"ltr\"><span style=\"font-family: 'Book Antiqua', Palatino;font-size: 14pt\">C00LO7UN030120180001<\/span><\/p>\n<\/td>\n<td style=\"text-align: center\" width=\"176\"><span style=\"font-family: 'Book Antiqua', Palatino;font-size: 14pt\">Utilisation des techniques d&rsquo;extraction de connaissances pour l&rsquo;analyse des donn\u00e9es climatiques<\/span><\/td>\n<td style=\"text-align: center\" width=\"97\"><span style=\"font-family: 'Book Antiqua', Palatino;font-size: 14pt\">Ouinten Youcef<\/span><\/td>\n<td style=\"text-align: center\" width=\"178\"><span style=\"font-family: 'Book Antiqua', Palatino;font-size: 14pt\">ouinteny@lagh-univ.dz<\/span><\/td>\n<\/tr>\n<\/tbody>\n<\/table>\n","protected":false},"excerpt":{"rendered":"<p>Projets de recherche depuis 2018 No du projet intitul\u00e9 Chef du projet E-mail C00L07UN030120150001 \u00a0 L&rsquo;utilisation du Cloud v\u00e9hiculaire pour l&rsquo;am\u00e9lioration de la s\u00e9curit\u00e9 routi\u00e8re LagraaNasreddine n.lagraa@laghuniv.dz C00L07UN030120180002 Traitement automatique de la langue Arabe &nbsp; Cherroun Hadda Hadda.cherroun@lagh-univ.dz C00LO7UN030120180001 Utilisation des techniques d&rsquo;extraction de connaissances pour l&rsquo;analyse des donn\u00e9es climatiques Ouinten Youcef ouinteny@lagh-univ.dz<\/p>\n","protected":false},"author":11,"featured_media":0,"parent":0,"menu_order":0,"comment_status":"closed","ping_status":"closed","template":"elementor_header_footer","meta":{"_exactmetrics_skip_tracking":false,"_exactmetrics_sitenote_active":false,"_exactmetrics_sitenote_note":"","_exactmetrics_sitenote_category":0,"footnotes":""},"coauthors":[530],"class_list":["post-8779","page","type-page","status-publish","hentry"],"_links":{"self":[{"href":"http:\/\/lagh-univ.dz\/fr\/wp-json\/wp\/v2\/pages\/8779","targetHints":{"allow":["GET"]}}],"collection":[{"href":"http:\/\/lagh-univ.dz\/fr\/wp-json\/wp\/v2\/pages"}],"about":[{"href":"http:\/\/lagh-univ.dz\/fr\/wp-json\/wp\/v2\/types\/page"}],"author":[{"embeddable":true,"href":"http:\/\/lagh-univ.dz\/fr\/wp-json\/wp\/v2\/users\/11"}],"replies":[{"embeddable":true,"href":"http:\/\/lagh-univ.dz\/fr\/wp-json\/wp\/v2\/comments?post=8779"}],"version-history":[{"count":3,"href":"http:\/\/lagh-univ.dz\/fr\/wp-json\/wp\/v2\/pages\/8779\/revisions"}],"predecessor-version":[{"id":26219,"href":"http:\/\/lagh-univ.dz\/fr\/wp-json\/wp\/v2\/pages\/8779\/revisions\/26219"}],"wp:attachment":[{"href":"http:\/\/lagh-univ.dz\/fr\/wp-json\/wp\/v2\/media?parent=8779"}],"wp:term":[{"taxonomy":"author","embeddable":true,"href":"http:\/\/lagh-univ.dz\/fr\/wp-json\/wp\/v2\/coauthors?post=8779"}],"curies":[{"name":"wp","href":"https:\/\/api.w.org\/{rel}","templated":true}]}}