{"id":8785,"date":"2019-01-18T08:55:21","date_gmt":"2019-01-18T10:55:21","guid":{"rendered":"http:\/\/lagh-univ.dz\/laboratoires-des-recherches-lme\/"},"modified":"2020-02-18T20:42:40","modified_gmt":"2020-02-18T22:42:40","slug":"laboratoires-des-recherches-lme","status":"publish","type":"page","link":"http:\/\/lagh-univ.dz\/fr\/laboratoires-des-recherches-lme\/","title":{"rendered":"Laboratoires des recherches- LME"},"content":{"rendered":"<p><img fetchpriority=\"high\" decoding=\"async\" class=\" wp-image-29078 aligncenter\" src=\"http:\/\/lagh-univ.dz\/wp-content\/uploads\/2020\/02\/bloc_r-1-300x58.jpg\" alt=\"\" width=\"688\" height=\"133\" srcset=\"http:\/\/lagh-univ.dz\/wp-content\/uploads\/2020\/02\/bloc_r-1-300x58.jpg 300w, http:\/\/lagh-univ.dz\/wp-content\/uploads\/2020\/02\/bloc_r-1-768x149.jpg 768w, http:\/\/lagh-univ.dz\/wp-content\/uploads\/2020\/02\/bloc_r-1-1024x199.jpg 1024w, http:\/\/lagh-univ.dz\/wp-content\/uploads\/2020\/02\/bloc_r-1.jpg 1170w\" sizes=\"(max-width: 688px) 100vw, 688px\" \/><\/p>\n<p>&nbsp;<\/p>\n<div>\n<p dir=\"ltr\" style=\"text-align: left\"><span style=\"font-size: 18pt;color: #0000ff\"><u><span style=\"font-family: 'Book Antiqua', Palatino\">Donn\u00e9es du laboratoire<\/span> <\/u><\/span><\/p>\n<\/div>\n<div>\n<table width=\"100%\">\n<tbody>\n<tr>\n<td style=\"text-align: left\" width=\"27%\"><span style=\"font-family: 'Book Antiqua', Palatino;font-size: 14pt;color: #000000\">\u00a0Intitul\u00e9 du Laboratoire\u00a0<\/span><\/td>\n<td style=\"text-align: left\" colspan=\"3\" width=\"72%\"><span style=\"font-family: 'Book Antiqua', Palatino;font-size: 14pt;color: #000000\">Laboratoire de G\u00e9nie M\u00e9canique<\/span><\/td>\n<\/tr>\n<tr>\n<td style=\"text-align: left\" width=\"27%\"><span style=\"font-family: 'Book Antiqua', Palatino;font-size: 14pt;color: #000000\">\u00a0Acronyme du laboratoire<\/span><\/td>\n<td style=\"text-align: left\" colspan=\"3\" width=\"72%\"><span style=\"font-family: 'Book Antiqua', Palatino;font-size: 14pt;color: #000000\">Laboratoire de G\u00e9nie M\u00e9canique<\/span><\/td>\n<\/tr>\n<tr>\n<td style=\"text-align: left\" width=\"27%\"><span style=\"font-family: 'Book Antiqua', Palatino;font-size: 14pt;color: #000000\">\u00a0Facult\u00e9<\/span><\/td>\n<td style=\"text-align: left\" colspan=\"3\" width=\"72%\"><span style=\"font-family: 'Book Antiqua', Palatino;font-size: 14pt;color: #000000\">Technolgie<\/span><\/td>\n<\/tr>\n<tr>\n<td style=\"text-align: left\" width=\"27%\"><span style=\"font-family: 'Book Antiqua', Palatino;font-size: 14pt;color: #000000\">Tel\u00a0<\/span><\/td>\n<td style=\"text-align: left\" width=\"30%\"><\/td>\n<td style=\"text-align: left\" width=\"7%\"><span style=\"font-family: 'Book Antiqua', Palatino;font-size: 14pt;color: #000000\">Fax\u00a0<\/span><\/td>\n<td style=\"text-align: left\" width=\"34%\"><\/td>\n<\/tr>\n<tr>\n<td style=\"text-align: left\" width=\"27%\"><span style=\"font-family: 'Book Antiqua', Palatino;font-size: 14pt;color: #000000\">Localisation physique\u00a0<\/span><\/td>\n<td style=\"text-align: left\" colspan=\"3\" width=\"72%\"><span style=\"font-family: 'Book Antiqua', Palatino;font-size: 14pt;color: #000000\">Bloc de laboratoires de recherche<\/span><\/td>\n<\/tr>\n<tr>\n<td style=\"text-align: left\" width=\"27%\"><span style=\"font-family: 'Book Antiqua', Palatino;font-size: 14pt;color: #000000\">E mail<\/span><\/td>\n<td style=\"text-align: left\" colspan=\"3\" width=\"72%\"><\/td>\n<\/tr>\n<\/tbody>\n<\/table>\n<\/div>\n<div><\/div>\n<div><\/div>\n<div class=\"djtabs-panel djtabs-panel-active djtabs-panel-article\">\n<p dir=\"ltr\" style=\"text-align: left\"><span style=\"font-size: 18pt;color: #0000ff\"><u><span style=\"font-family: 'Book Antiqua', Palatino\">Pr\u00e9sentations<\/span><\/u><\/span><\/p>\n<div class=\"djtabs-panel djtabs-panel-active djtabs-panel-article\"><\/div>\n<div class=\"djtabs-article-content\">\n<p dir=\"ltr\" style=\"text-align: left\">l<span style=\"font-family: 'Book Antiqua', Palatino;font-size: 14pt;color: #000000\">aboratoire de m\u00e9canique\u00a0a \u00e9t\u00e9 agr\u00e9\u00e9 en 2010. est compos\u00e9 de six\u00a0(06) \u00e9quipes:<\/span><\/p>\n<ol>\n<li style=\"text-align: left\"><span style=\"font-family: 'Book Antiqua', Palatino;font-size: 14pt;color: #000000\">Transferts thermiques et \u00e9nergies renouvelables<\/span><\/li>\n<li style=\"text-align: left\"><span style=\"font-family: 'Book Antiqua', Palatino;font-size: 14pt;color: #000000\">M\u00e9canique des fluides, combustion et pollution<\/span><\/li>\n<li style=\"text-align: left\"><span style=\"font-family: 'Book Antiqua', Palatino;font-size: 14pt;color: #000000\">Rh\u00e9ologie des films minces et environnement<\/span><\/li>\n<li style=\"text-align: left\"><span style=\"font-family: 'Book Antiqua', Palatino;font-size: 14pt;color: #000000\">Plastiques et composites dans la m\u00e9canique<\/span><\/li>\n<li style=\"text-align: left\"><span style=\"font-family: 'Book Antiqua', Palatino;font-size: 14pt;color: #000000\">Caract\u00e9risation et D\u00e9gradation des Mat\u00e9riaux<\/span><\/li>\n<li style=\"text-align: left\"><span style=\"font-family: 'Book Antiqua', Palatino;font-size: 14pt;color: #000000\">D\u00e9sertification et Climat<\/span><\/li>\n<\/ol>\n<\/div>\n<\/div>\n<div><\/div>\n<div>\n<p dir=\"ltr\" style=\"text-align: left\"><span style=\"font-family: 'Book Antiqua', Palatino;color: #0000ff;font-size: 18pt\">Contacts<\/span><\/p>\n<p dir=\"ltr\"><span style=\"text-decoration: underline\"><span style=\"font-family: 'Book Antiqua', Palatino;font-size: 14pt;color: #000000\">Direction<\/span><\/span><\/p>\n<\/div>\n<table class=\" alignleft\">\n<tbody>\n<tr>\n<td style=\"width: 317px;text-align: left\" colspan=\"2\"><span style=\"font-family: 'Book Antiqua', Palatino;font-size: 14pt;color: #000000\">Ahmed Benchatti<\/span><\/td>\n<td style=\"width: 305px;text-align: left\" rowspan=\"4\"><span style=\"font-family: 'Book Antiqua', Palatino;font-size: 14pt;color: #000000\">Photo du directeur<\/span><\/td>\n<\/tr>\n<tr>\n<td style=\"width: 118px;text-align: left\"><span style=\"font-family: 'Book Antiqua', Palatino;font-size: 14pt;color: #000000\">Grade<\/span><\/td>\n<td style=\"width: 193px;text-align: left\"><span style=\"font-family: 'Book Antiqua', Palatino;font-size: 14pt;color: #000000\">professeur<\/span><\/td>\n<\/tr>\n<tr>\n<td style=\"width: 118px;text-align: left\"><span style=\"font-family: 'Book Antiqua', Palatino;font-size: 14pt;color: #000000\">E-mail<\/span><\/td>\n<td style=\"width: 193px;text-align: left\"><span style=\"color: #0000ff;font-family: 'Book Antiqua', Palatino;font-size: 14pt\">a.benchatti@lagh-univ.dz<\/span><\/td>\n<\/tr>\n<tr>\n<td style=\"width: 118px;text-align: left\"><span style=\"font-family: 'Book Antiqua', Palatino;font-size: 14pt;color: #000000\">T\u00e9l\/Fax<\/span><\/td>\n<td style=\"width: 193px;text-align: left\"><\/td>\n<\/tr>\n<tr>\n<td style=\"width: 118px;text-align: left\"><span style=\"font-family: 'Book Antiqua', Palatino;font-size: 14pt;color: #000000\">Page personnel<\/span><\/td>\n<td style=\"width: 504px;text-align: left\" colspan=\"2\"><\/td>\n<\/tr>\n<\/tbody>\n<\/table>\n<div><\/div>\n","protected":false},"excerpt":{"rendered":"<p>&nbsp; Donn\u00e9es du laboratoire \u00a0Intitul\u00e9 du Laboratoire\u00a0 Laboratoire de G\u00e9nie M\u00e9canique \u00a0Acronyme du laboratoire Laboratoire de G\u00e9nie M\u00e9canique \u00a0Facult\u00e9 Technolgie Tel\u00a0 Fax\u00a0 Localisation physique\u00a0 Bloc de laboratoires de recherche E mail Pr\u00e9sentations laboratoire de m\u00e9canique\u00a0a \u00e9t\u00e9 agr\u00e9\u00e9 en 2010. est compos\u00e9 de six\u00a0(06) \u00e9quipes: Transferts thermiques et \u00e9nergies renouvelables M\u00e9canique des fluides, combustion et pollution [&hellip;]<\/p>\n","protected":false},"author":13,"featured_media":0,"parent":0,"menu_order":0,"comment_status":"closed","ping_status":"closed","template":"elementor_header_footer","meta":{"_exactmetrics_skip_tracking":false,"_exactmetrics_sitenote_active":false,"_exactmetrics_sitenote_note":"","_exactmetrics_sitenote_category":0,"footnotes":""},"coauthors":[533],"class_list":["post-8785","page","type-page","status-publish","hentry"],"_links":{"self":[{"href":"http:\/\/lagh-univ.dz\/fr\/wp-json\/wp\/v2\/pages\/8785","targetHints":{"allow":["GET"]}}],"collection":[{"href":"http:\/\/lagh-univ.dz\/fr\/wp-json\/wp\/v2\/pages"}],"about":[{"href":"http:\/\/lagh-univ.dz\/fr\/wp-json\/wp\/v2\/types\/page"}],"author":[{"embeddable":true,"href":"http:\/\/lagh-univ.dz\/fr\/wp-json\/wp\/v2\/users\/13"}],"replies":[{"embeddable":true,"href":"http:\/\/lagh-univ.dz\/fr\/wp-json\/wp\/v2\/comments?post=8785"}],"version-history":[{"count":3,"href":"http:\/\/lagh-univ.dz\/fr\/wp-json\/wp\/v2\/pages\/8785\/revisions"}],"predecessor-version":[{"id":29146,"href":"http:\/\/lagh-univ.dz\/fr\/wp-json\/wp\/v2\/pages\/8785\/revisions\/29146"}],"wp:attachment":[{"href":"http:\/\/lagh-univ.dz\/fr\/wp-json\/wp\/v2\/media?parent=8785"}],"wp:term":[{"taxonomy":"author","embeddable":true,"href":"http:\/\/lagh-univ.dz\/fr\/wp-json\/wp\/v2\/coauthors?post=8785"}],"curies":[{"name":"wp","href":"https:\/\/api.w.org\/{rel}","templated":true}]}}