{"id":8809,"date":"2019-01-18T08:50:52","date_gmt":"2019-01-18T10:50:52","guid":{"rendered":"http:\/\/lagh-univ.dz\/laboratoires-des-recherches-lmpa-presentation\/"},"modified":"2020-02-15T08:37:23","modified_gmt":"2020-02-15T10:37:23","slug":"laboratoires-des-recherches-lmpa-presentation","status":"publish","type":"page","link":"http:\/\/lagh-univ.dz\/fr\/laboratoires-des-recherches-lmpa-presentation\/","title":{"rendered":"Laboratoires des recherches- LMPA-Pr\u00e9sentation"},"content":{"rendered":"<p dir=\"ltr\" style=\"text-align: center\"><span style=\"font-size: 18pt;font-family: 'Book Antiqua', Palatino;color: #000000\"><strong>Laboratoire de Math\u00e9matiques Pures et Appliqu\u00e9es (LMPA)<\/strong><\/span><\/p>\n<p><span style=\"color: #000000\"><strong style=\"font-family: 'Book Antiqua', Palatino;font-size: 24px;text-align: center\"><img decoding=\"async\" class=\"alignright wp-image-26213\" src=\"http:\/\/lagh-univ.dz\/wp-content\/uploads\/2020\/02\/lmpa.png\" alt=\"\" width=\"155\" height=\"138\" \/><\/strong><\/span><\/p>\n<p style=\"text-align: left\"><span style=\"font-family: 'Book Antiqua', Palatino;font-size: 14pt;color: #000000\"><strong>Code\u00a0: <\/strong>1151600<\/span><\/p>\n<p style=\"text-align: left\"><span style=\"font-family: 'Book Antiqua', Palatino;font-size: 14pt;color: #000000\"><strong>Date de cr\u00e9ation :<\/strong>15\/03\/2011, N\u00b0145<\/span><\/p>\n<p dir=\"ltr\" style=\"text-align: left\"><span style=\"font-family: 'Book Antiqua', Palatino;font-size: 14pt;color: #000000\"><strong>Nom du directeur de Laboratoire : <\/strong>Boukhatem Yamna, MCA<\/span><\/p>\n<p style=\"text-align: left\"><span style=\"font-family: 'Book Antiqua', Palatino;font-size: 14pt;color: #000000\"><strong>\u00a0Email :<\/strong><a style=\"color: #000000\" href=\"mailto:lmpa@lagh-univ.dz\"><strong>lmpa@lagh-univ.dz<\/strong><\/a><\/span><\/p>\n<p style=\"text-align: left\"><span style=\"font-family: 'Book Antiqua', Palatino;font-size: 18pt;color: #000000\"><strong>Pr\u00e9sentation <\/strong><\/span><\/p>\n<p dir=\"ltr\" style=\"text-align: left\"><span style=\"color: #000000\">\u00a0 \u00a0 \u00a0 \u00a0 \u00a0 <span style=\"font-family: 'Book Antiqua', Palatino;font-size: 14pt\">\u00a0 \u00a0Le Laboratoire des Math\u00e9matiques Pures et Appliqu\u00e9es (LMPA) de l\u2019Universit\u00e9 Amar Telidji de Laghouat est structur\u00e9 en cinq \u00e9quipes de recherche : Analyse fonctionnelle et analyse harmonique, Th\u00e9orie des op\u00e9rateurs, Equations aux d\u00e9riv\u00e9es partielles et applications, Analyse num\u00e9rique et optimisation, Optimisation quadratique et mod\u00e9lisation. \u00a0La composante humaine du laboratoire est constitu\u00e9e de 2 Professeurs, 5 MCA, 11 MCB, 11 MAA, 3 MAB et 14 doctorants. Les membres du laboratoire contribuent d\u2019une fa\u00e7on tr\u00e8s significative aux formations de licence, master et doctorat ouvertes au sein de l\u2019universit\u00e9 de Laghouat.\u00a0\u00a0Depuis la cr\u00e9ation du LMPA en 2011, plusieurs th\u00e8ses de doctorat et d\u2019habilitation, de m\u00e9moires de magister et de master ont \u00e9t\u00e9 soutenus. De plus, plusieurs projets de recherche et de formation universitaire, certains achev\u00e9s et d\u2019autres sont en cours, ont permis de d\u00e9velopper des travaux de recherches aussi bien th\u00e9oriques qu\u2019appliqu\u00e9s qui ont \u00e9t\u00e9 valoris\u00e9s par plusieurs communications nationales et internationales ainsi qu\u2019une vari\u00e9t\u00e9 d\u2019articles scientifiques publi\u00e9s dans des revues scientifiques internationales reconnues.<\/span><\/span><\/p>\n","protected":false},"excerpt":{"rendered":"<p>Laboratoire de Math\u00e9matiques Pures et Appliqu\u00e9es (LMPA) Code\u00a0: 1151600 Date de cr\u00e9ation :15\/03\/2011, N\u00b0145 Nom du directeur de Laboratoire : Boukhatem Yamna, MCA \u00a0Email :lmpa@lagh-univ.dz Pr\u00e9sentation \u00a0 \u00a0 \u00a0 \u00a0 \u00a0 \u00a0 \u00a0Le Laboratoire des Math\u00e9matiques Pures et Appliqu\u00e9es (LMPA) de l\u2019Universit\u00e9 Amar Telidji de Laghouat est structur\u00e9 en cinq \u00e9quipes de recherche : Analyse [&hellip;]<\/p>\n","protected":false},"author":11,"featured_media":0,"parent":0,"menu_order":0,"comment_status":"closed","ping_status":"closed","template":"elementor_header_footer","meta":{"_exactmetrics_skip_tracking":false,"_exactmetrics_sitenote_active":false,"_exactmetrics_sitenote_note":"","_exactmetrics_sitenote_category":0,"footnotes":""},"coauthors":[530],"class_list":["post-8809","page","type-page","status-publish","hentry"],"_links":{"self":[{"href":"http:\/\/lagh-univ.dz\/fr\/wp-json\/wp\/v2\/pages\/8809","targetHints":{"allow":["GET"]}}],"collection":[{"href":"http:\/\/lagh-univ.dz\/fr\/wp-json\/wp\/v2\/pages"}],"about":[{"href":"http:\/\/lagh-univ.dz\/fr\/wp-json\/wp\/v2\/types\/page"}],"author":[{"embeddable":true,"href":"http:\/\/lagh-univ.dz\/fr\/wp-json\/wp\/v2\/users\/11"}],"replies":[{"embeddable":true,"href":"http:\/\/lagh-univ.dz\/fr\/wp-json\/wp\/v2\/comments?post=8809"}],"version-history":[{"count":10,"href":"http:\/\/lagh-univ.dz\/fr\/wp-json\/wp\/v2\/pages\/8809\/revisions"}],"predecessor-version":[{"id":26594,"href":"http:\/\/lagh-univ.dz\/fr\/wp-json\/wp\/v2\/pages\/8809\/revisions\/26594"}],"wp:attachment":[{"href":"http:\/\/lagh-univ.dz\/fr\/wp-json\/wp\/v2\/media?parent=8809"}],"wp:term":[{"taxonomy":"author","embeddable":true,"href":"http:\/\/lagh-univ.dz\/fr\/wp-json\/wp\/v2\/coauthors?post=8809"}],"curies":[{"name":"wp","href":"https:\/\/api.w.org\/{rel}","templated":true}]}}