{"id":8819,"date":"2019-01-18T08:51:40","date_gmt":"2019-01-18T10:51:40","guid":{"rendered":"http:\/\/lagh-univ.dz\/laboratoires-des-recherches-lmpa-production-scientifique-communications\/"},"modified":"2020-02-13T20:19:56","modified_gmt":"2020-02-13T22:19:56","slug":"laboratoires-des-recherches-lmpa-production-scientifique-communications","status":"publish","type":"page","link":"http:\/\/lagh-univ.dz\/fr\/laboratoires-des-recherches-lmpa-production-scientifique-communications\/","title":{"rendered":"Laboratoires des recherches- LMPA-Production scientifique-Communications"},"content":{"rendered":"<p dir=\"ltr\" style=\"text-align: center\"><strong>\u00a0Production scientifique (\u00e9quipe 1)<\/strong><\/p>\n<table class=\" aligncenter\" dir=\"ltr\" width=\"614\">\n<tbody>\n<tr>\n<td width=\"130\"><strong>Type de publication<\/strong><\/td>\n<td width=\"38\"><strong>Nb<\/strong><\/td>\n<td width=\"255\"><strong>intitul\u00e9e<\/strong><\/td>\n<td width=\"191\"><strong>Journal \/ proceeding<\/strong><\/td>\n<\/tr>\n<tr>\n<td rowspan=\"3\" width=\"130\"><strong>\u00a0<\/strong><\/p>\n<p><strong>Publication<\/strong><\/p>\n<p><strong>internationale<\/strong><\/td>\n<td rowspan=\"3\" width=\"38\"><strong>\u00a0<\/strong><\/p>\n<p><strong>\u00a0<\/strong><\/p>\n<p><strong>\u00a0<\/strong><\/p>\n<p><strong>\u00a0<\/strong><\/p>\n<p><strong>\u00a0<\/strong><\/p>\n<p><strong>3<\/strong><\/td>\n<td width=\"255\"><strong>Z. Bendaoud<\/strong>, F. Korrichi, L. Merghniand <strong>A. Yagoub<\/strong><em>, <\/em>CONTACT POINTS AND SCHATTEN CLASS OF COMPOSITION OPERATORS<\/td>\n<td width=\"191\"><em>Indian J. Pure Appl. <\/em><em>Math., <\/em><strong>49<\/strong>(4): 651-661<\/p>\n<p>Decexmber 2018 DOI: 10.1007\/s13226-018-0292-5<\/td>\n<\/tr>\n<tr>\n<td width=\"255\">N.Ferahtia,\u00a0<strong>S. E. Allaoui<\/strong>,<\/p>\n<p>A<em> GENERALIZATION OF A LOCALIZATION PROPERTY OF BESOV SPACES,<\/em><\/td>\n<td width=\"191\">Carpathian Math. Publ. (2018), 10 (1), 71-78. <u>doi:10.15330\/cmp.10.1.71-78<\/u><\/td>\n<\/tr>\n<tr>\n<td width=\"255\">AmeurYagoub, Zarrabi Mohamed,<\/p>\n<p>SEMIGROUPS OF TRUNCATED TOEPLITZ OPERATORS,\u00a0 ,<\/td>\n<td width=\"191\">Oper Matrices,<\/p>\n<p>Volume 12, Number 3 (2018), 603\u2013618<\/td>\n<\/tr>\n<tr>\n<td rowspan=\"3\" width=\"130\"><strong>\u00a0<\/strong><\/p>\n<p><strong>Publication nationale<\/strong><\/td>\n<td rowspan=\"3\" width=\"38\"><strong>\u00a0<\/strong><\/td>\n<td width=\"255\"><strong>&#8211;<\/strong><\/td>\n<td width=\"191\"><strong>\u00a0<\/strong><\/td>\n<\/tr>\n<tr>\n<td width=\"255\"><strong>&#8211;<\/strong><\/td>\n<td width=\"191\"><strong>\u00a0<\/strong><\/td>\n<\/tr>\n<tr>\n<td width=\"255\"><strong>&#8211;<\/strong><\/td>\n<td width=\"191\"><strong>\u00a0<\/strong><\/td>\n<\/tr>\n<tr>\n<td rowspan=\"2\" width=\"130\"><strong>\u00a0<\/strong><\/p>\n<p><strong>\u00a0<\/strong><\/p>\n<p><strong>Communication internationale<\/strong><\/td>\n<td rowspan=\"2\" width=\"38\"><strong>1<\/strong><\/td>\n<td width=\"255\">AmeurYagoub , Semi-groupes\u00a0 d\u2019op\u00e9rateurs de Toeplitz tronqu\u00e9s<\/td>\n<td width=\"191\">3\u00e8me Colloque international sur la th\u00e9orie des op\u00e9rateurs, EDP et ses applications, 04-2019 Universit\u00e9 d\u2019El Oued, Alg\u00e9rie.<\/td>\n<\/tr>\n<tr>\n<td width=\"255\"><strong>&#8211;<\/strong><\/td>\n<td width=\"191\"><strong>\u00a0<\/strong><\/td>\n<\/tr>\n<\/tbody>\n<\/table>\n<p dir=\"ltr\" style=\"text-align: center\"><strong>\u00a0Production scientifique (\u00e9quipe 2)<\/strong><\/p>\n<table dir=\"ltr\" width=\"614\">\n<tbody>\n<tr>\n<td width=\"121\"><strong>Type de publication<\/strong><\/td>\n<td width=\"38\"><strong>Nb<\/strong><\/td>\n<td width=\"255\"><strong>intitul\u00e9e<\/strong><\/td>\n<td width=\"201\"><strong>Journal \/ proceeding<\/strong><\/td>\n<\/tr>\n<tr>\n<td rowspan=\"3\" width=\"121\"><strong>\u00a0<\/strong><\/p>\n<p><strong>Publication<\/strong><\/p>\n<p><strong>internationale<\/strong><\/td>\n<td rowspan=\"3\" width=\"38\">4<\/td>\n<td width=\"255\">Bouabdallah\u00a0 F., Bendaoud Z. Zero-based invariant subspaces in the Bergman space<\/td>\n<td width=\"201\">Commun. Fac. Sci. Univ. Ank. Ser. A1 Math. Stat. Volume 67, Number 1, Pages 277&#8211;285 (2018),<\/td>\n<\/tr>\n<tr>\n<td width=\"255\">A. Belacel, D. Chen. Lipschitz (r;t;s)-integral operators and Lipschitz (r;t;s)-nuclear operators<\/td>\n<td width=\"201\">J. Math. Anal. Appl. 461 (2018) 1115&#8211;1137.<\/td>\n<\/tr>\n<tr>\n<td width=\"255\">A. Bougoutaia, A. Belacel. Cohen positive strongly p-summing and p-convex multilinear operators<\/td>\n<td width=\"201\">Positivity, 23(2), (2019) 379&#8211;395.<\/td>\n<\/tr>\n<tr>\n<td width=\"121\"><strong>\u00a0<\/strong><\/td>\n<td width=\"38\"><strong>\u00a0<\/strong><\/td>\n<td width=\"255\">A. Belacel. Kh. Bey. Strongly Lipschitz up-nuclear operators<\/td>\n<td width=\"201\">Moroccan J. of Pure and Appl. Anal. (MJPAA) 5(1), (2019), 22&#8211;30.<\/td>\n<\/tr>\n<tr>\n<td rowspan=\"4\" width=\"121\"><strong>\u00a0<\/strong><\/p>\n<p><strong>\u00a0<\/strong><\/p>\n<p><strong>Communication internationale<\/strong><\/td>\n<td rowspan=\"4\" width=\"38\"><strong>\u00a0<\/strong><\/p>\n<p><strong>\u00a0<\/strong><\/p>\n<p><strong>\u00a0<\/strong><\/p>\n<p><strong>\u00a0<\/strong><\/p>\n<p><strong>3<\/strong><\/td>\n<td width=\"255\"><\/td>\n<td width=\"201\"><\/td>\n<\/tr>\n<tr>\n<td width=\"255\">&#8211; H. Hamdi and A. Belacel. On the Cohen positive strongly p-summing multilinear operators.<\/td>\n<td width=\"201\">3\u00e8me Colloque international sur la th\u00e9orie des op\u00e9rateurs, EDP et ses applications, 04-2019 Universit\u00e9 d\u2019El Oued, Alg\u00e9rie.<\/td>\n<\/tr>\n<tr>\n<td width=\"255\">&#8211; A. Belacel\u00a0 and A. Bougoutaia. On strongly p-summing and p-convex multilinear operators. The 6th International Arab Conference on Mathematics and Computations.<\/td>\n<td width=\"201\">IACMC\u201919, 24-26 April 2019, Zarqa University, Jordan.<\/td>\n<\/tr>\n<tr>\n<td width=\"255\">&#8211; A. Bougoutaia and A. Belacel. On Dimant p-summing multilinear operators. The 6th International Arab Conference on Mathematics and Computations.<\/td>\n<td width=\"201\">IACMC\u201919, 24-26 April 2019, Zarqa University, Jordan.<\/td>\n<\/tr>\n<tr>\n<td rowspan=\"3\" width=\"121\"><strong>\u00a0<\/strong><\/p>\n<p><strong>\u00a0<\/strong><\/p>\n<p><strong>Communication nationale<\/strong><\/td>\n<td rowspan=\"3\" width=\"38\"><strong>\u00a0<\/strong><\/p>\n<p><strong>\u00a0<\/strong><\/p>\n<p><strong>1<\/strong><\/td>\n<td width=\"255\">&#8211; A. Belacel\u00a0 and A. Bougoutaia. ON THE COHEN\u00a0 STRONGLY p-SUMMING MULTILINEAR OPERATORS.<\/td>\n<td width=\"201\">Mathematics Days 5, 12-13 December 2018, LAFGE, University -Mohamed Boudiaf of M&rsquo;sila (Algeria).<\/td>\n<\/tr>\n<tr>\n<td width=\"255\"><strong>&#8211;<\/strong><\/td>\n<td width=\"201\"><strong>\u00a0<\/strong><\/td>\n<\/tr>\n<tr>\n<td width=\"255\"><strong>&#8211;<\/strong><\/td>\n<td width=\"201\"><strong>\u00a0<\/strong><\/td>\n<\/tr>\n<\/tbody>\n<\/table>\n<p dir=\"ltr\" style=\"text-align: center\"><strong>\u00a0Production scientifique (\u00e9quipe 3)<\/strong><\/p>\n<table dir=\"ltr\" style=\"height: 1040px\" width=\"614\">\n<tbody>\n<tr style=\"height: 80px\">\n<td style=\"height: 80px;width: 128px\"><strong>Type de publication<\/strong><\/td>\n<td style=\"height: 80px;width: 35px\"><strong>Nb<\/strong><\/td>\n<td style=\"height: 80px;width: 240px\"><strong>intitul\u00e9e<\/strong><\/td>\n<td style=\"height: 80px;width: 183px\"><strong>Journal \/ proceeding<\/strong><\/td>\n<\/tr>\n<tr style=\"height: 128px\">\n<td style=\"height: 304px;width: 128px\" rowspan=\"2\"><strong>\u00a0<\/strong><\/p>\n<p><strong>Publication<\/strong><\/p>\n<p><strong>internationale<\/strong><\/td>\n<td style=\"height: 304px;width: 35px\" rowspan=\"2\"><strong>\u00a0<\/strong><\/p>\n<p><strong>\u00a0<\/strong><\/p>\n<p><strong>2<\/strong><\/td>\n<td style=\"height: 128px;width: 240px\">HibatErrahmaneBenmessaoud, FaridMesselmi, Dynamic Process with Viscous Dissipation in Thermo-Viscoelasticity<\/td>\n<td style=\"height: 128px;width: 183px\">Int. J. Open Problems Compt. Math., Vol. 11, No. 2, June 2018.<\/td>\n<\/tr>\n<tr style=\"height: 176px\">\n<td style=\"height: 176px;width: 240px\">CheniniAhc\u00e8ne\u00a0 et MokhtariAbdelkader, A SEQUENTIAL BOUNDED APPROXIMATE UNIT FORMED OF IDEMPOTENT IN BANACH ALGEBRA<\/td>\n<td style=\"height: 176px;width: 183px\">Sylwan Journal, 163(9), 350-360 (2019).<\/p>\n<p><strong>\u00a0<\/strong><\/p>\n<p><strong>\u00a0<\/strong><\/td>\n<\/tr>\n<tr style=\"height: 224px\">\n<td style=\"height: 656px;width: 128px\" rowspan=\"4\">\n<p dir=\"ltr\" style=\"text-align: center\"><strong>Communication internationale<\/strong><\/p>\n<\/td>\n<td style=\"height: 656px;width: 35px\" rowspan=\"4\"><strong>\u00a0<\/strong><\/p>\n<p><strong>\u00a0<\/strong><\/p>\n<p><strong>\u00a0<\/strong><\/p>\n<p><strong>3<\/strong><\/td>\n<td style=\"height: 224px;width: 240px\"><em>MohandBentobache, Mohamed Telli and AbdelkaderMokhtari,\u00a0<\/em>A Simplex Algorithm with the Smallest Index Rule for Concave Quadratic Programming,<\/td>\n<td style=\"height: 224px;width: 183px\">Proceedings of INFOCOMP 2018 : The Eighth International Conference on Advanced Communications and Computation,\u00a0 pp. 88-93, Barcelona, Spain, July 22-26, 2018.<\/td>\n<\/tr>\n<tr style=\"height: 200px\">\n<td style=\"height: 200px;width: 240px\">M. Bentobache, M. Telli and A. Mokhtari, A global minimization algorithm for concave quadratic programming,<\/td>\n<td style=\"height: 200px;width: 183px\">Proceedings of EURO 2018, 29th European Conference on Operational Research,\u00a0pp. 329,\u00a0 University of Valencia, July 08-11, 2018.<\/td>\n<\/tr>\n<tr style=\"height: 176px\">\n<td style=\"height: 176px;width: 240px\">M. Bentobache, M. Telli and A. Mokhtari,\u00a0 A Sequential Linear Programming Algorithm for Continuous and Mixed-Integer Nonconvex Quadratic Programming.<\/td>\n<td style=\"height: 176px;width: 183px\">6th World Congress on Global Optimization (WCGO 2019),\u00a0 pp, 26-36, Metz, France , July 8-10, 2019<\/td>\n<\/tr>\n<tr style=\"height: 56px\">\n<td style=\"height: 56px;width: 240px\"><strong>&#8211;<\/strong><\/td>\n<td style=\"height: 56px;width: 183px\"><\/td>\n<\/tr>\n<\/tbody>\n<\/table>\n<p dir=\"ltr\" style=\"text-align: center\"><strong>\u00a0Production scientifique (\u00e9quipe 4)<\/strong><\/p>\n<table dir=\"ltr\">\n<tbody>\n<tr>\n<td width=\"130\"><strong>Type de publication<\/strong><\/td>\n<td width=\"38\"><strong>Nb<\/strong><\/td>\n<td width=\"246\"><strong>intitul\u00e9e<\/strong><\/td>\n<td width=\"201\"><strong>Journal \/ Proceeding<\/strong><\/td>\n<\/tr>\n<tr>\n<td rowspan=\"7\" width=\"130\"><strong>\u00a0<\/strong><\/p>\n<p><strong>Publications<\/strong><\/p>\n<p><strong>internationales<\/strong><\/td>\n<td rowspan=\"7\" width=\"38\"><strong>\u00a0<\/strong><\/p>\n<p><strong>\u00a0<\/strong><\/p>\n<p><strong>\u00a0<\/strong><\/p>\n<p><strong>07<\/strong><\/td>\n<td width=\"246\">M. Aliane, N. Moussouni and M. Bentobache, Optimal control of a rectilinear motion of a rocket, 2020, DOI\u00a0: 10.19139\/soic-2310-5070-741<\/td>\n<td width=\"201\">Statistics, Optimization&amp; Information Computing<\/td>\n<\/tr>\n<tr>\n<td width=\"246\">M.O. Bibi, N. Ikheneche and M. Bentobache, A Hybrid Direction Algorithm for Solving a Convex Quadratic Problem, 2020, DOI\u00a0 10.1504\/IJMOR.2019.10019963<\/td>\n<td width=\"201\">International Journal of Mathematics in Operational Research<\/td>\n<\/tr>\n<tr>\n<td width=\"246\">M. A. Zaitri, M.O. Bibi and M. Bentobache, A hybrid direction algorithm for solving optimal control problems, Vol. 6, No. 1, 1612614, 2019<\/td>\n<td width=\"201\">CogentMathematics&amp;Statistics<\/td>\n<\/tr>\n<tr>\n<td width=\"246\">S. Zitouni, L. Bouzettouta, Kh. Zennir and D. Ouchenane, Exponential decay of thermo-elastic Bresse system with distributed delay term, Vol. 47, No. 5, pp. 1216-1230, 2018<\/td>\n<td width=\"201\">Hacettepe Journal of Mathematics and Statistics<\/td>\n<\/tr>\n<tr>\n<td width=\"246\">M. Bassoudi and Z. Kaid Nonparametric Relative Error Regression for Functional Ergodic Data, Vol. 19, No. 1, pp. 90-99, 2018<\/td>\n<td width=\"201\">International Journal of Mathematics and Statistics<\/td>\n<\/tr>\n<tr>\n<td width=\"246\">A. Rahmoune and D. Ouchenane, GLOBAL NONEXISTENCE OF SOLUTION OF A SYSTEM WAVE EQUATIONS WITH NONLINEAR DAMPING AND SOURCE TERMS,\u00a0 Vol. 6, No. 1, pp. 12-24, 2018<\/td>\n<td width=\"201\">Electronic Journal of Mathematical Analysis and Applications<\/td>\n<\/tr>\n<tr>\n<td width=\"246\">D. Ouchenane and A. Rahmoune, GENERAL DECAY RESULT OF THE TIMOSHENKO SYSTEM IN THERMOELASTICITY OF SECOND SOUND, Vol. 6, No. 1, pp. 45-64, 2018<\/td>\n<td width=\"201\">Electronic Journal of Mathematical Analysis and Applications<\/td>\n<\/tr>\n<tr>\n<td rowspan=\"13\" width=\"130\"><strong>\u00a0<\/strong><\/p>\n<p><strong>\u00a0<\/strong><\/p>\n<p><strong>Communications internationales<\/strong><\/td>\n<td rowspan=\"13\" width=\"38\"><strong>\u00a0<\/strong><\/p>\n<p><strong>\u00a0<\/strong><\/p>\n<p><strong>\u00a0<\/strong><\/p>\n<p><strong>\u00a0<\/strong><\/p>\n<p><strong>10<\/strong><\/td>\n<td width=\"246\">M. Bentobache, M.Telli and A. Mokhtari, A Sequential Linear Programming Algorithm for Continuous and Mixed-Integer Nonconvex Quadratic<\/p>\n<p>Programming<\/td>\n<td width=\"201\">6th World Congress on Global Optimization (WCGO 2019, July 8-10, 2019, Metz, France),<\/p>\n<p>Published in Optimization of Complex Systems: Theory, Models, Algorithms and Applications, Advances in Intelligent Systems and Computing, Vol. 991, pp. 26-36, Springer, Cham, 2020<\/td>\n<\/tr>\n<tr>\n<td width=\"246\">M. Bentobache, A. Hebbache and M.O. Bibi Nouvelle technique d\u2019initialisation de la m2thode adapt\u00e9e pour la r\u00e9solution des programmes lin\u00e9aires \u00e0 variables non n\u00e9gatives<\/p>\n<p>&nbsp;<\/td>\n<td width=\"201\">Math\u00e9matiques Financi\u00e8res : Outils et Applications, Universit\u00e9 de B\u00e9jaia, MFOA2019, pp. 290-299, 28-29 octobre 2019<\/td>\n<\/tr>\n<tr>\n<td width=\"246\">M. Aliane, N. Moussouni and M. Bentobache, Nonlinear optimal control of the heel angle of a rocket<\/td>\n<td width=\"201\">2019 6th International Conference on Control, Decision and Information Technologies, CoDIT\u201919, pp. 756-760, Paris, France, April 23-26, 2019<\/td>\n<\/tr>\n<tr>\n<td width=\"246\">M. Aliane, N. Moussouni and M. Bentobache, Contr\u00f4le optimal non lin\u00e9aire de l&rsquo;angle d&rsquo;inclinaison d&rsquo;une fus\u00e9e<\/td>\n<td width=\"201\">Tendances dans les Applications Math\u00e9matiques en Tunisie Alg\u00e9rie Maroc, TAMTAM2019, pp. 34-35, Tlemcen, 23-27 F\u00e9vrier 2019<\/td>\n<\/tr>\n<tr>\n<td width=\"246\">Y. Fares, General Decay of solutions in one-dimensional porous-elastic<\/td>\n<td width=\"201\">Tuniso-Libanese workshop in Control Theory and Related Fields, Monastir du 30 au 31 octobre 2019<\/td>\n<\/tr>\n<tr>\n<td width=\"246\">Y. Fares, The Uniqueness Solution for Polyharmonic Elliptic Equation<\/td>\n<td width=\"201\">Tuniso-Libanese workshop in Control Theory and Related Fields, Monastir du 30 au 31 octobre 2019<\/td>\n<\/tr>\n<tr>\n<td width=\"246\">D. Ouchenane, A stability result for thermoelastic-bresse system of second sound with past history and delay term<\/td>\n<td width=\"201\">Workshop on non linear analysis and applications: recent advances and new trends, WNAA&rsquo;2018, Sousse, Tunisia, June 17-21, 2018<\/td>\n<\/tr>\n<tr>\n<td width=\"246\">Reinhardt Euler, MohandBentobache and Ahc\u00e8neBounceur<strong>,\u00a0<\/strong>Boundary detection in wireless sensor networks by means of linear programming<\/td>\n<td width=\"201\">EURO 2018, 29th European Conference on Operational Research, pp. 324, University of Valencia, July 08-11, 2018.<\/td>\n<\/tr>\n<tr>\n<td width=\"246\">M. Bentobache, M.Telli and A. Mokhtari, A global minimization algorithm for concave quadratic programming<\/p>\n<p>&nbsp;<\/td>\n<td width=\"201\">EURO 2018, 29th European Conference on Operational Research, pp. 329, University of Valencia, July 08-11, 2018<\/td>\n<\/tr>\n<tr>\n<td width=\"246\">Simplex Algorithm with the Smallest Index Rule for Concave Quadratic Programming<\/td>\n<td width=\"201\">INFOCOMP 2018 : The Eighth International Conference on Advanced Communications and Computation, pp. 88-93, Barcelona, Spain, July 22-26, 2018<\/td>\n<\/tr>\n<tr>\n<td width=\"246\"><\/td>\n<td width=\"201\"><\/td>\n<\/tr>\n<tr>\n<td width=\"246\"><\/td>\n<td width=\"201\"><\/td>\n<\/tr>\n<tr>\n<td width=\"246\"><\/td>\n<td width=\"201\"><\/td>\n<\/tr>\n<tr>\n<td rowspan=\"5\" width=\"130\">\n<p dir=\"ltr\" style=\"text-align: center\"><strong>\u00a0<\/strong><\/p>\n<p dir=\"ltr\" style=\"text-align: center\"><strong>\u00a0<\/strong><\/p>\n<p dir=\"ltr\" style=\"text-align: center\"><strong>Communications nationales<\/strong><\/p>\n<\/td>\n<td dir=\"ltr\" style=\"text-align: center\" rowspan=\"5\" width=\"38\"><strong>\u00a0<\/strong><\/p>\n<p><strong>\u00a0<\/strong><\/p>\n<p><strong>\u00a0<\/strong><\/p>\n<p><strong>\u00a0<\/strong><\/p>\n<p><strong>\u00a0<\/strong><\/p>\n<p><strong>03<\/strong><\/td>\n<td dir=\"ltr\" style=\"text-align: center\" width=\"246\">M. Aliane, N. Moussouni and M. Bentobache, Optimal control of a rectilinear motion of a rocket<\/td>\n<td dir=\"ltr\" style=\"text-align: center\" width=\"201\">Workshop On Pure and Applied Mathematics, University of Msila, December 17-18, 2018<\/td>\n<\/tr>\n<tr>\n<td width=\"246\">M.A. Hakmi, M. Bentobache and M.O. Bibi, La m\u00e9thode de support pour la r\u00e9solution d&rsquo;un programme fractionnaire lin\u00e9aire \u00e0 variables non-n\u00e9gatives<\/td>\n<td width=\"201\">Doctoriales de Recherche Op\u00e9rationnelle, Universit\u00e9 de B\u00e9jaia, 12-13 d\u00e9cembre 2018<\/td>\n<\/tr>\n<tr>\n<td width=\"246\">Y. Fares, A stability result of Timoshenko system in thermo elasticity of second sound with a time-varingdelay term in internal feedback<\/td>\n<td width=\"201\">Deuxi\u00e8me Workshop sur les Equations aux D\u00e9riv\u00e9es Partielles\u00ab WEDP\u20192018 \u00bb, Univ.S\u00e9tif 1 25-26 nov. 2018<\/td>\n<\/tr>\n<tr>\n<td width=\"246\"><\/td>\n<td width=\"201\"><\/td>\n<\/tr>\n<tr>\n<td width=\"246\"><\/td>\n<td width=\"201\"><\/td>\n<\/tr>\n<\/tbody>\n<\/table>\n<p dir=\"ltr\" style=\"text-align: center\"><strong>Production scientifique (\u00e9quipe 5)<\/strong><\/p>\n<table dir=\"ltr\" width=\"614\">\n<tbody>\n<tr>\n<td width=\"121\"><strong>Type de publication<\/strong><\/td>\n<td width=\"38\"><strong>Nb<\/strong><\/td>\n<td width=\"255\"><strong>intitul\u00e9e<\/strong><\/td>\n<td width=\"201\"><strong>Journal \/ proceeding<\/strong><\/td>\n<\/tr>\n<tr>\n<td rowspan=\"7\" width=\"121\"><strong>\u00a0<\/strong><\/p>\n<p><strong>Publication<\/strong><\/p>\n<p><strong>internationale<\/strong><\/td>\n<td rowspan=\"7\" width=\"38\"><strong>\u00a0<\/strong><\/p>\n<p>&nbsp;<\/p>\n<p><strong>07<\/strong><\/td>\n<td width=\"255\">Boukhatem Y.&amp;Benabderrahmane B., General Decay for a Viscoelastic Equation of Variable Coefficients in the Presence of Past History with Delay Term in the Boundary Feedback and Acoustic Boundary Conditions,<\/td>\n<td width=\"201\">ActaAppl Math (2018) Vol 154 (1): 131-152\u00a0 <a href=\"https:\/\/doi.org\/10.1007\/s10440-017-0137-y\">https:\/\/doi.org\/10.1007\/s10440-017-0137-y<\/a><\/td>\n<\/tr>\n<tr>\n<td width=\"255\">Boukhatem Y.&amp;Benabderrahmane B., Asymptotic behavior for a past history viscoelastic problem with acoustic boundary conditions,<\/td>\n<td width=\"201\">Applicable Analysis 2018,<a href=\"https:\/\/doi.org\/10.1080\/00036811.2018.1491034\">https:\/\/doi.org\/10.1080\/00036811.2018.1491034<\/a><\/td>\n<\/tr>\n<tr>\n<td width=\"255\">ChafikaBelabbaci, \u00ab\u00a0Jeribi essential spectrum\u00a0\u00bb,<\/td>\n<td width=\"201\">LibertasMathematica (new series), 37(1), 2018<\/td>\n<\/tr>\n<tr>\n<td width=\"255\">Abita Rahmoune&amp;BenabderrahmaneBenyattou, Quasilinear parabolic equations with p(x)-Laplaciandifusion terms and nonlocal boundary conditions,<\/td>\n<td width=\"201\">StudiaUniversitatisBabe\u015f-BolyaiMathematica, 64(1): (2019) 1-11<\/td>\n<\/tr>\n<tr>\n<td width=\"255\">Abita Rahmoune, Existence and asymptotic stability for the semilinear wave equation with variable exponent nonlinearities.<\/td>\n<td width=\"201\">Journal of Mathematical Physics, 2019,<\/p>\n<p><a href=\"https:\/\/doi.org\/10.1063\/1.5089879\">https:\/\/doi.org\/10.1063\/1.5089879<\/a><\/td>\n<\/tr>\n<tr>\n<td width=\"255\">ChellaouaHouria, BoukhatemYamna, Stability result for an abstract delayed evolution equation with arbitrary decay in viscoelasticity<\/td>\n<td width=\"201\">AIP Conference roceedings<a href=\"https:\/\/doi.org\/10.1063\/1.5136215\">https:\/\/doi.org\/10.1063\/1.5136215<\/a><\/td>\n<\/tr>\n<tr>\n<td width=\"255\">Abita Rahmoune, Semilinear Hyperbolic Boundary Value Problem Associated to the Nonlinear Generalized Viscoelastic Equations,<\/td>\n<td width=\"201\">Acta Math Vietnam (2018) 43:219-238<\/p>\n<p>DOI 10.1007\/s40306-017-0229-9<\/td>\n<\/tr>\n<tr>\n<td rowspan=\"4\" width=\"121\"><strong>\u00a0<\/strong><\/p>\n<p><strong>\u00a0<\/strong><\/p>\n<p><strong>Communication internationale<\/strong><\/td>\n<td rowspan=\"4\" width=\"38\"><strong>\u00a0<\/strong><\/p>\n<p><strong>\u00a0<\/strong><\/p>\n<p><strong>\u00a0<\/strong><\/p>\n<p><strong>\u00a0<\/strong><\/p>\n<p><strong>03<\/strong><\/td>\n<td width=\"255\">ChellaouaHouria, BoukhatemYamna, Stability result for an abstract delayed evolution equation with arbitrary decay in viscoelasticity<\/td>\n<td width=\"201\">3rd International Conference of Mathematical Sciences (ICMS2019), University of Meltepe, Turkey, 04-08 september 2019,<\/p>\n<p>&nbsp;<\/td>\n<\/tr>\n<tr>\n<td width=\"255\">ChellaouaHouria, BoukhatemYamna, Well-posedness and exponential stability of\u00a0a nonlinear abstract evolution equation with infinite memory and time delay<\/td>\n<td width=\"201\">3\u00e8me Colloque international sur la th\u00e9orie des op\u00e9rateurs, EDP et ses applications, 04-2019 Universit\u00e9 d\u2019El Oued, Alg\u00e9rie.<\/td>\n<\/tr>\n<tr>\n<td width=\"255\">LimamAbdelaziz, BoukhatemYamna et BenabdelrrahmaneBenyattou, Exponential stability for a linear coupled system of thermo elastic type with second sound.<\/td>\n<td width=\"201\">3\u00e8me Colloque international sur la th\u00e9orie des op\u00e9rateurs, EDP et ses applications, 04-2019 Universit\u00e9 d\u2019El Oued, Alg\u00e9rie.<\/td>\n<\/tr>\n<tr>\n<td width=\"255\"><strong>\u00a0<\/strong><\/td>\n<td width=\"201\"><strong>\u00a0<\/strong><\/td>\n<\/tr>\n<tr>\n<td width=\"121\">\n<p dir=\"ltr\" style=\"text-align: center\"><strong>\u00a0<\/strong><\/p>\n<p dir=\"ltr\" style=\"text-align: center\"><strong>Communication nationale<\/strong><\/p>\n<\/td>\n<td dir=\"ltr\" style=\"text-align: center\" width=\"38\"><strong>\u00a0<\/strong><\/p>\n<p><strong>01<\/strong><\/td>\n<td dir=\"ltr\" style=\"text-align: center\" width=\"255\">Abitarahmoune, Probl\u00e8me aux limites lin\u00e9aires ou non lin\u00e9aires intervenant en m\u00e9canique des milieux continus<\/td>\n<td dir=\"ltr\" style=\"text-align: center\" width=\"201\">Universit\u00e9 Oum El Bouaghi,\u00a0 2019<\/td>\n<\/tr>\n<\/tbody>\n<\/table>\n","protected":false},"excerpt":{"rendered":"<p>\u00a0Production scientifique (\u00e9quipe 1) Type de publication Nb intitul\u00e9e Journal \/ proceeding \u00a0 Publication internationale \u00a0 \u00a0 \u00a0 \u00a0 \u00a0 3 Z. Bendaoud, F. Korrichi, L. Merghniand A. Yagoub, CONTACT POINTS AND SCHATTEN CLASS OF COMPOSITION OPERATORS Indian J. Pure Appl. Math., 49(4): 651-661 Decexmber 2018 DOI: 10.1007\/s13226-018-0292-5 N.Ferahtia,\u00a0S. E. Allaoui, A GENERALIZATION OF A [&hellip;]<\/p>\n","protected":false},"author":11,"featured_media":0,"parent":0,"menu_order":0,"comment_status":"closed","ping_status":"closed","template":"elementor_header_footer","meta":{"_exactmetrics_skip_tracking":false,"_exactmetrics_sitenote_active":false,"_exactmetrics_sitenote_note":"","_exactmetrics_sitenote_category":0,"footnotes":""},"coauthors":[530],"class_list":["post-8819","page","type-page","status-publish","hentry"],"_links":{"self":[{"href":"http:\/\/lagh-univ.dz\/fr\/wp-json\/wp\/v2\/pages\/8819","targetHints":{"allow":["GET"]}}],"collection":[{"href":"http:\/\/lagh-univ.dz\/fr\/wp-json\/wp\/v2\/pages"}],"about":[{"href":"http:\/\/lagh-univ.dz\/fr\/wp-json\/wp\/v2\/types\/page"}],"author":[{"embeddable":true,"href":"http:\/\/lagh-univ.dz\/fr\/wp-json\/wp\/v2\/users\/11"}],"replies":[{"embeddable":true,"href":"http:\/\/lagh-univ.dz\/fr\/wp-json\/wp\/v2\/comments?post=8819"}],"version-history":[{"count":2,"href":"http:\/\/lagh-univ.dz\/fr\/wp-json\/wp\/v2\/pages\/8819\/revisions"}],"predecessor-version":[{"id":26212,"href":"http:\/\/lagh-univ.dz\/fr\/wp-json\/wp\/v2\/pages\/8819\/revisions\/26212"}],"wp:attachment":[{"href":"http:\/\/lagh-univ.dz\/fr\/wp-json\/wp\/v2\/media?parent=8819"}],"wp:term":[{"taxonomy":"author","embeddable":true,"href":"http:\/\/lagh-univ.dz\/fr\/wp-json\/wp\/v2\/coauthors?post=8819"}],"curies":[{"name":"wp","href":"https:\/\/api.w.org\/{rel}","templated":true}]}}