{"id":8831,"date":"2019-01-18T09:12:25","date_gmt":"2019-01-18T11:12:25","guid":{"rendered":"http:\/\/lagh-univ.dz\/laboratoires-des-recherches-lrese-presentation\/"},"modified":"2024-11-20T10:27:12","modified_gmt":"2024-11-20T09:27:12","slug":"laboratoires-des-recherches-lrese-presentation","status":"publish","type":"page","link":"http:\/\/lagh-univ.dz\/fr\/laboratoires-des-recherches-lrese-presentation\/","title":{"rendered":"Laboratoires des recherches- LRESE-Pr\u00e9sentation"},"content":{"rendered":"<p class=\"tw-data-text tw-text-large tw-ta\" dir=\"rtl\" style=\"text-align: center\" data-placeholder=\"Traduction\"><span style=\"font-size: 18pt;font-family: arabic-kufi\"><strong>\u0645\u062e\u0628\u0631 \u0627\u0644\u0628\u062d\u062b \u0641\u064a \u0627\u0644\u0645\u0648\u0627\u0631\u062f \u0627\u0644\u0645\u0627\u0626\u064a\u0629 \u0627\u0644\u062a\u0631\u0628\u0629 \u0648 \u0627\u0644\u0628\u064a\u0626\u0629<\/strong><\/span><\/p>\n<p><span style=\"font-family: arabic-kufi\"><img fetchpriority=\"high\" decoding=\"async\" class=\"wp-image-28332 aligncenter\" src=\"http:\/\/lagh-univ.dz\/wp-content\/uploads\/2020\/02\/Pr\u00e9sentation-labo-gc-page-0012-300x169.jpg\" alt=\"\" width=\"579\" height=\"326\" srcset=\"http:\/\/lagh-univ.dz\/wp-content\/uploads\/2020\/02\/Pr\u00e9sentation-labo-gc-page-0012-300x169.jpg 300w, http:\/\/lagh-univ.dz\/wp-content\/uploads\/2020\/02\/Pr\u00e9sentation-labo-gc-page-0012-768x432.jpg 768w, http:\/\/lagh-univ.dz\/wp-content\/uploads\/2020\/02\/Pr\u00e9sentation-labo-gc-page-0012-1024x576.jpg 1024w, http:\/\/lagh-univ.dz\/wp-content\/uploads\/2020\/02\/Pr\u00e9sentation-labo-gc-page-0012-1062x596.jpg 1062w, http:\/\/lagh-univ.dz\/wp-content\/uploads\/2020\/02\/Pr\u00e9sentation-labo-gc-page-0012-770x433.jpg 770w, http:\/\/lagh-univ.dz\/wp-content\/uploads\/2020\/02\/Pr\u00e9sentation-labo-gc-page-0012-243x137.jpg 243w, http:\/\/lagh-univ.dz\/wp-content\/uploads\/2020\/02\/Pr\u00e9sentation-labo-gc-page-0012-171x96.jpg 171w, http:\/\/lagh-univ.dz\/wp-content\/uploads\/2020\/02\/Pr\u00e9sentation-labo-gc-page-0012.jpg 2000w\" sizes=\"(max-width: 579px) 100vw, 579px\" \/><\/span><\/p>\n<p>&nbsp;<\/p>\n<p style=\"text-align: center\"><span style=\"font-family: arabic-kufi;font-size: 14pt\"><strong>\u0645\u062f\u064a\u0631 \u0627\u0644\u0645\u062e\u0628\u0631 \u0627\u0644\u0623\u0633\u062a\u0627\u0630: <\/strong><strong>\u0634\u062a\u064a\u0640\u0640\u0640\u0640\u0640\u0640\u0640\u062d \u0645\u062d\u0645\u062f<\/strong> <\/span><\/p>\n<p><img decoding=\"async\" class=\"size-full wp-image-28336 aligncenter\" src=\"http:\/\/lagh-univ.dz\/wp-content\/uploads\/2020\/02\/crslm.png\" alt=\"\" width=\"131\" height=\"171\" \/><\/p>\n<p style=\"text-align: center\"><span style=\"font-family: arabic-kufi\">E-mail : m.chettih@lagh-univ.dz<\/span><\/p>\n<p><span style=\"font-family: arabic-kufi;color: #000000;font-size: 14pt\"><strong>\u062a\u0642\u062f\u064a\u0645:<\/strong><\/span><\/p>\n<p><span style=\"font-family: arabic-kufi;color: #000000;font-size: 14pt\"> \u0645\u062e\u062a\u0628\u0631 \u0627\u0644\u0628\u062d\u0648\u062b \u0641\u064a \u0627\u0644\u0645\u0648\u0627\u0631\u062f \u0627\u0644\u0645\u0627\u0626\u064a\u0629 \u0648\u0627\u0644\u062a\u0631\u0628\u0629 \u062a\u0623\u0633\u0633\u062a \u0627\u0644\u0628\u064a\u0626\u0629 (RESE) \u0628\u0639\u062f \u0627\u0644\u0645\u0631\u0633\u0648\u0645 \u0627\u0644\u0648\u0632\u0627\u0631\u064a \u0631\u0642\u0645 145 \u0645\u0624\u0631\u062e \u0641\u064a 04\/14\/2012. \u0645\u062e\u062a\u0628\u0631 \u0627\u0644\u0628\u062d\u0648\u062b \u064a\u062a\u0643\u0648\u0646 (RESE) \u0645\u0646 \u062e\u0645\u0633\u0629 \u0641\u0631\u0642 \u0628\u062d\u062b\u064a\u0629 \u060c \u0628\u0645\u0627 \u0641\u064a \u0630\u0644\u0643 16\u00a0 \u0623\u0633\u0627\u062a\u0630\u0629 \u0623\u0628\u062d\u0627\u062b \u062f\u0627\u0626\u0645\u0648\u0646 \u0648 17 \u0637\u0627\u0644\u0628 \u062f\u0643\u062a\u0648\u0631\u0627\u0647. \u0647\u0648 \u0645\u0642\u0631\u0647 \u0641\u064a \u0642\u0633\u0645 \u0627\u0644\u0647\u0646\u062f\u0633\u0629 \u0627\u0644\u0645\u062f\u0646\u064a\u0629 \u060c \u0643\u0644\u064a\u0629 \u0627\u0644\u062a\u0643\u0646\u0648\u0644\u0648\u062c\u064a\u0627 \u060c \u062c\u0627\u0645\u0639\u0629 \u0627\u0644\u0623\u063a\u0648\u0627\u0637. \u0627\u0644\u0639\u062f\u064a\u062f \u0645\u0646 \u0627\u0644\u0645\u0648\u0627\u0636\u064a\u0639 \u0645\u0646 \u064a\u062a\u0645 \u062a\u0637\u0648\u064a\u0631 \u0627\u0644\u0628\u062d\u0648\u062b \u0627\u0644\u062a\u064a \u062a\u0634\u0645\u0644 \u0627\u0644\u0639\u062f\u064a\u062f \u0645\u0646 \u0627\u0644\u062a\u062e\u0635\u0635\u0627\u062a<\/span><\/p>\n<p><span style=\"font-family: arabic-kufi;color: #000000;font-size: 14pt\"><strong>\u0641\u0631\u0642 \u0627\u0644\u0628\u062d\u062b:<\/strong><\/span><\/p>\n<ul>\n<li><span style=\"font-family: arabic-kufi;color: #000000;font-size: 14pt\">\u0641\u0631\u0642\u0629 \u0627\u0644\u0628\u062d\u062b\u00a0 Hydrologie Op\u00e9rationnelle:1<\/span><\/li>\n<li><span style=\"font-family: arabic-kufi;color: #000000;font-size: 14pt\">\u0634\u062a\u064a\u0640\u0640\u0640\u0640\u0640\u0640\u0640\u062d \u0645\u062d\u0645\u062f :\u0631\u0626\u064a\u0633 \u0641\u0631\u0642\u0629 \u0627\u0644\u0628\u062d\u062b\u00a0\u00a0<\/span><\/li>\n<li><\/li>\n<li><span style=\"font-size: 14pt;font-family: arabic-kufi;color: #000000\">\u0641\u0631\u0642\u0629 \u0627\u0644\u0628\u062d\u062b:2 \u0627\u0644\u0645\u0627\u0621 \u0648 \u0627\u0644\u0628\u064a\u0626\u0629<\/span><\/li>\n<li><span style=\"font-size: 14pt;font-family: arabic-kufi;color: #000000\">\u0631\u0626\u064a\u0633 \u0641\u0631\u0642\u0629 \u0627\u0644\u0628\u062d\u062b\u00a0:\u00a0\u0642\u0641\u0635\u064a \u0645\u0635\u0637\u0641\u0649<\/span><\/li>\n<li><span style=\"font-family: arabic-kufi;color: #000000;font-size: 14pt\">Ecoulement et Ph\u00e9nom\u00e8nes de Transport\u00a0: 3 \u0641\u0631\u0642\u0629 \u0627\u0644\u0628\u062d\u062b<\/span><\/li>\n<li><span style=\"font-family: arabic-kufi;color: #000000;font-size: 14pt\">\u062c\u062d\u064a\u0640\u0640\u0640\u0634 \u0639\u0628\u062f\u0627\u0644\u0642\u0627\u062f\u0631\u00a0: \u0631\u0626\u064a\u0633 \u0641\u0631\u0642\u0629 \u0627\u0644\u0628\u062d\u062b\u00a0<\/span><\/li>\n<li><span style=\"font-family: arabic-kufi;color: #000000;font-size: 14pt\">Hydrog\u00e9ologie R\u00e9gionale et Vuln\u00e9rabilit\u00e9 des Aquif\u00e8res 4 \u0641\u0631\u0642\u0629 \u0627\u0644\u0628\u062d\u062b<\/span><\/li>\n<li><span style=\"font-family: arabic-kufi;color: #000000;font-size: 14pt\">\u0633\u0637\u0646\u0628\u0648\u0644 \u0645\u062f\u0646\u064a\u00a0: \u0631\u0626\u064a\u0633 \u0641\u0631\u0642\u0629 \u0627\u0644\u0628\u062d\u062b\u00a0<\/span><\/li>\n<li><span style=\"font-family: arabic-kufi;color: #000000;font-size: 14pt\">\u0641\u0631\u0642\u0629 \u0627\u0644\u0628\u062d\u062b. Mod\u00e9lisation D\u00e9terministe et Stochastique 5.<\/span><\/li>\n<li><span style=\"font-family: arabic-kufi;color: #000000;font-size: 14pt\">\u0631\u0626\u064a\u0633 \u0641\u0631\u0642\u0629 \u0627\u0644\u0628\u062d\u062b\u00a0:\u0645\u0648\u062a\u0640\u0640\u0640\u0640\u0640\u0640\u0640\u062d \u0642\u0640\u0640\u062f\u0648\u0631<\/span><\/li>\n<\/ul>\n<p>&nbsp;<\/p>\n<p><span style=\"font-size: 14pt;color: #000000\"><strong><span style=\"font-family: arabic-kufi\">\u0627\u0644\u0633\u064a\u0631\u0629 \u0627\u0644\u0630\u0627\u062a\u064a\u0629 \u0644\u0645\u062f\u064a\u0631 \u0627\u0644\u0645\u062e\u0628\u0631:<\/span><\/strong><\/span><\/p>\n<div class='w3eden'><!-- WPDM Link Template: Default Template -->\n\n<div class=\"link-template-default card mb-2\">\n    <div class=\"card-body\">\n        <div class=\"media\">\n            <div class=\"mr-3 img-48\"><img decoding=\"async\" class=\"wpdm_icon\" alt=\"Ic\u00f4ne\"   src=\"http:\/\/lagh-univ.dz\/wp-content\/plugins\/download-manager\/assets\/file-type-icons\/download.png\" \/><\/div>\n            <div class=\"media-body\">\n                <h3 class=\"package-title\"><a href='http:\/\/lagh-univ.dz\/download\/%d8%a7%d9%84%d8%b3%d9%8a%d8%b1%d8%a9-%d8%a7%d9%84%d8%b0%d8%a7%d8%aa%d9%8a%d8%a9-%d9%84%d9%85%d8%af%d9%8a%d8%b1-%d8%a7%d9%84%d9%85%d8%ae%d8%a8%d8%b1\/'>\u0627\u0644\u0633\u064a\u0631\u0629 \u0627\u0644\u0630\u0627\u062a\u064a\u0629 \u0644\u0645\u062f\u064a\u0631 \u0627\u0644\u0645\u062e\u0628\u0631<\/a><\/h3>\n                <div class=\"text-muted text-small\"><i class=\"fas fa-copy\"><\/i> 1 fichier\u00b7s <i class=\"fas fa-hdd ml-3\"><\/i> 106.01 KB<\/div>\n            <\/div>\n            <div class=\"ml-3\">\n                <a class='wpdm-download-link download-on-click btn btn-primary btn-xs' rel='nofollow' href='#' data-downloadurl=\"http:\/\/lagh-univ.dz\/download\/%d8%a7%d9%84%d8%b3%d9%8a%d8%b1%d8%a9-%d8%a7%d9%84%d8%b0%d8%a7%d8%aa%d9%8a%d8%a9-%d9%84%d9%85%d8%af%d9%8a%d8%b1-%d8%a7%d9%84%d9%85%d8%ae%d8%a8%d8%b1\/?wpdmdl=28339&refresh=69d4c5256ea441775551781\">T\u00e9l\u00e9charger<\/a>\n            <\/div>\n        <\/div>\n    <\/div>\n<\/div>\n\n<\/div>\n<pre id=\"tw-target-text\" class=\"tw-data-text tw-text-large tw-ta\" data-placeholder=\"Traduction\"><span lang=\"ar\"> \u0627\u0644\u062a\u062e\u0635\u0635\u0627\u062a<\/span><\/pre>\n","protected":false},"excerpt":{"rendered":"<p>\u0645\u062e\u0628\u0631 \u0627\u0644\u0628\u062d\u062b \u0641\u064a \u0627\u0644\u0645\u0648\u0627\u0631\u062f \u0627\u0644\u0645\u0627\u0626\u064a\u0629 \u0627\u0644\u062a\u0631\u0628\u0629 \u0648 \u0627\u0644\u0628\u064a\u0626\u0629 &nbsp; \u0645\u062f\u064a\u0631 \u0627\u0644\u0645\u062e\u0628\u0631 \u0627\u0644\u0623\u0633\u062a\u0627\u0630: \u0634\u062a\u064a\u0640\u0640\u0640\u0640\u0640\u0640\u0640\u062d \u0645\u062d\u0645\u062f E-mail : m.chettih@lagh-univ.dz \u062a\u0642\u062f\u064a\u0645: \u0645\u062e\u062a\u0628\u0631 \u0627\u0644\u0628\u062d\u0648\u062b \u0641\u064a \u0627\u0644\u0645\u0648\u0627\u0631\u062f \u0627\u0644\u0645\u0627\u0626\u064a\u0629 \u0648\u0627\u0644\u062a\u0631\u0628\u0629 \u062a\u0623\u0633\u0633\u062a \u0627\u0644\u0628\u064a\u0626\u0629 (RESE) \u0628\u0639\u062f \u0627\u0644\u0645\u0631\u0633\u0648\u0645 \u0627\u0644\u0648\u0632\u0627\u0631\u064a \u0631\u0642\u0645 145 \u0645\u0624\u0631\u062e \u0641\u064a 04\/14\/2012. \u0645\u062e\u062a\u0628\u0631 \u0627\u0644\u0628\u062d\u0648\u062b \u064a\u062a\u0643\u0648\u0646 (RESE) \u0645\u0646 \u062e\u0645\u0633\u0629 \u0641\u0631\u0642 \u0628\u062d\u062b\u064a\u0629 \u060c \u0628\u0645\u0627 \u0641\u064a \u0630\u0644\u0643 16\u00a0 \u0623\u0633\u0627\u062a\u0630\u0629 \u0623\u0628\u062d\u0627\u062b \u062f\u0627\u0626\u0645\u0648\u0646 \u0648 17 \u0637\u0627\u0644\u0628 \u062f\u0643\u062a\u0648\u0631\u0627\u0647. [&hellip;]<\/p>\n","protected":false},"author":18,"featured_media":0,"parent":0,"menu_order":0,"comment_status":"closed","ping_status":"closed","template":"elementor_header_footer","meta":{"_exactmetrics_skip_tracking":false,"_exactmetrics_sitenote_active":false,"_exactmetrics_sitenote_note":"","_exactmetrics_sitenote_category":0,"footnotes":""},"coauthors":[527],"class_list":["post-8831","page","type-page","status-publish","hentry"],"_links":{"self":[{"href":"http:\/\/lagh-univ.dz\/fr\/wp-json\/wp\/v2\/pages\/8831","targetHints":{"allow":["GET"]}}],"collection":[{"href":"http:\/\/lagh-univ.dz\/fr\/wp-json\/wp\/v2\/pages"}],"about":[{"href":"http:\/\/lagh-univ.dz\/fr\/wp-json\/wp\/v2\/types\/page"}],"author":[{"embeddable":true,"href":"http:\/\/lagh-univ.dz\/fr\/wp-json\/wp\/v2\/users\/18"}],"replies":[{"embeddable":true,"href":"http:\/\/lagh-univ.dz\/fr\/wp-json\/wp\/v2\/comments?post=8831"}],"version-history":[{"count":2,"href":"http:\/\/lagh-univ.dz\/fr\/wp-json\/wp\/v2\/pages\/8831\/revisions"}],"predecessor-version":[{"id":28346,"href":"http:\/\/lagh-univ.dz\/fr\/wp-json\/wp\/v2\/pages\/8831\/revisions\/28346"}],"wp:attachment":[{"href":"http:\/\/lagh-univ.dz\/fr\/wp-json\/wp\/v2\/media?parent=8831"}],"wp:term":[{"taxonomy":"author","embeddable":true,"href":"http:\/\/lagh-univ.dz\/fr\/wp-json\/wp\/v2\/coauthors?post=8831"}],"curies":[{"name":"wp","href":"https:\/\/api.w.org\/{rel}","templated":true}]}}