{"id":8833,"date":"2019-01-18T09:12:42","date_gmt":"2019-01-18T11:12:42","guid":{"rendered":"http:\/\/lagh-univ.dz\/laboratoires-des-recherches-lrese-equipes-de-recherche\/"},"modified":"2020-03-03T08:41:46","modified_gmt":"2020-03-03T10:41:46","slug":"laboratoires-des-recherches-lrese-equipes-de-recherche","status":"publish","type":"page","link":"http:\/\/lagh-univ.dz\/fr\/laboratoires-des-recherches-lrese-equipes-de-recherche\/","title":{"rendered":"Laboratoires des recherches- LRESE-\u00c9quipes de recherche"},"content":{"rendered":"<p style=\"text-align: center\"><span style=\"font-size: 18pt;font-family: 'Book Antiqua', Palatino;color: #000000\"><strong>LRESE-Equipes de recherche, th\u00e8mes et Objectifs<\/strong><\/span><\/p>\n<p><span style=\"font-family: 'Book Antiqua', Palatino;color: #000000\"><img fetchpriority=\"high\" decoding=\"async\" class=\"wp-image-28332 aligncenter\" src=\"http:\/\/lagh-univ.dz\/wp-content\/uploads\/2020\/02\/Pr\u00e9sentation-labo-gc-page-0012-300x169.jpg\" alt=\"\" width=\"456\" height=\"257\" srcset=\"http:\/\/lagh-univ.dz\/wp-content\/uploads\/2020\/02\/Pr\u00e9sentation-labo-gc-page-0012-300x169.jpg 300w, http:\/\/lagh-univ.dz\/wp-content\/uploads\/2020\/02\/Pr\u00e9sentation-labo-gc-page-0012-768x432.jpg 768w, http:\/\/lagh-univ.dz\/wp-content\/uploads\/2020\/02\/Pr\u00e9sentation-labo-gc-page-0012-1024x576.jpg 1024w, http:\/\/lagh-univ.dz\/wp-content\/uploads\/2020\/02\/Pr\u00e9sentation-labo-gc-page-0012-1062x596.jpg 1062w, http:\/\/lagh-univ.dz\/wp-content\/uploads\/2020\/02\/Pr\u00e9sentation-labo-gc-page-0012-770x433.jpg 770w, http:\/\/lagh-univ.dz\/wp-content\/uploads\/2020\/02\/Pr\u00e9sentation-labo-gc-page-0012-243x137.jpg 243w, http:\/\/lagh-univ.dz\/wp-content\/uploads\/2020\/02\/Pr\u00e9sentation-labo-gc-page-0012-171x96.jpg 171w, http:\/\/lagh-univ.dz\/wp-content\/uploads\/2020\/02\/Pr\u00e9sentation-labo-gc-page-0012.jpg 2000w\" sizes=\"(max-width: 456px) 100vw, 456px\" \/><\/span><\/p>\n<p>&nbsp;<\/p>\n<p><span style=\"font-family: 'Book Antiqua', Palatino;color: #000000\"><b>\u00a0<\/b>En plus des objectifs de formation de jeunes chercheurs dans le cadre des activit\u00e9s du laboratoire, chaque \u00e9quipe de recherche a des objectifs scientifiques de recherche.<\/span><\/p>\n<h3><span style=\"font-family: 'Book Antiqua', Palatino;color: #000000\">Equipe 1\u00a0: Hydrologie Op\u00e9rationnelle<\/span><\/h3>\n<p><span style=\"font-family: 'Book Antiqua', Palatino;color: #000000\">Chef d\u2019\u00e9quipe\u00a0: Pr. Mohamed CHETIH<\/span><\/p>\n<p><span style=\"font-family: 'Book Antiqua', Palatino;color: #000000\">Membres\u00a0: M.B. Taouti, et M. Saci<\/span><\/p>\n<p><span style=\"font-family: 'Book Antiqua', Palatino;color: #000000\">\u00a0Les principaux axes de Recherche sont\u00a0:<\/span><\/p>\n<p><span style=\"font-family: 'Book Antiqua', Palatino;color: #000000\">*\u00a0Analyses spectrales, fractales, multifractales et en ondelettes des s\u00e9ries hydrologiques\u00a0;<\/span><\/p>\n<p><span style=\"font-family: 'Book Antiqua', Palatino;color: #000000\">*\u00a0Dynamique non-lin\u00e9aire et recherche du chaos et attracteurs \u00e9tranges dans les chroniques de pluies et de d\u00e9bits ;<\/span><\/p>\n<p><span style=\"font-family: 'Book Antiqua', Palatino;color: #000000\">*\u00a0Analyse stochastique des s\u00e9ries hydro-m\u00e9t\u00e9orologiques\u00a0\u00a0 \u00e0 l\u2019aide des techniques Temps-Fr\u00e9quence-Energie.<\/span><\/p>\n<h3><span style=\"font-family: 'Book Antiqua', Palatino;color: #000000\">Equipe 2\u00a0: Ecoulement et Ph\u00e9nom\u00e8nes de Transport<\/span><\/h3>\n<p><span style=\"font-family: 'Book Antiqua', Palatino;color: #000000\">Chef d\u2019\u00e9quipe\u00a0: Pr. Abdelkader DJEHICHE<\/span><\/p>\n<p><span style=\"font-family: 'Book Antiqua', Palatino;color: #000000\">Membres : A. Guidoum, M. Bouache,\u00a0 A. Djaballah<\/span><\/p>\n<p><span style=\"font-family: 'Book Antiqua', Palatino;color: #000000\">L\u2019objectif principal est l\u2019\u00e9tude du transport et du d\u00e9p\u00f4t de<\/span><\/p>\n<p><span style=\"font-family: 'Book Antiqua', Palatino;color: #000000\">particules en milieu poreux.<\/span><\/p>\n<p><span style=\"font-family: 'Book Antiqua', Palatino;color: #000000\">Les principaux th\u00e8mes de Recherche sont\u00a0:<\/span><\/p>\n<p><span style=\"font-family: 'Book Antiqua', Palatino;color: #000000\">*\u00a0Utilisation des techniques exp\u00e9rimentales non-destructives\u00a0;<\/span><\/p>\n<p><span style=\"font-family: 'Book Antiqua', Palatino;color: #000000\">*\u00a0Essais\u00a0 en canal sur la dynamique du fond s\u00e9dimentaire\u00a0;<\/span><\/p>\n<p><span style=\"font-family: 'Book Antiqua', Palatino;color: #000000\">*\u00a0Simulation num\u00e9riques des \u00e9coulements \u00e0 travers les barrages en terre.<\/span><\/p>\n<p><span style=\"font-family: 'Book Antiqua', Palatino;color: #000000\">*\u00a0Etude de l\u2019effet du nombre de P\u00e9clet et de la salinit\u00e9 sur l\u2019adsorption des collo\u00efdes\u00a0;<\/span><\/p>\n<h3><span style=\"font-family: 'Book Antiqua', Palatino;color: #000000\">Equipe 3\u00a0: Eau et Environnement\u00a0<\/span><\/h3>\n<p><span style=\"font-family: 'Book Antiqua', Palatino;color: #000000\">Chef d\u2019\u00e9quipe : Pr. Mustapha GAFSI<\/span><\/p>\n<p><span style=\"font-family: 'Book Antiqua', Palatino;color: #000000\">Membres : A. Hamlat, et\u00a0 A. Rayane<\/span><\/p>\n<p><span style=\"font-family: 'Book Antiqua', Palatino;color: #000000\">Les objectifs vis\u00e9s par cette \u00e9quipe sont les suivants :<\/span><\/p>\n<p><span style=\"font-family: 'Book Antiqua', Palatino;color: #000000\">*\u00a0Elaboration des mod\u00e8les r\u00e9duits sur les r\u00e9serves d\u2019eau touch\u00e9es par le probl\u00e8me d\u2019eutrophisation ;<\/span><\/p>\n<p><span style=\"font-family: 'Book Antiqua', Palatino;color: #000000\">*\u00a0Elaboration des sc\u00e9narios de d\u00e9veloppement li\u00e9s \u00e0 l\u2019eau ;<\/span><\/p>\n<p><span style=\"font-family: 'Book Antiqua', Palatino;color: #000000\">*\u00a0Elaboration des mod\u00e8les r\u00e9duits sur les r\u00e9serves d\u2019eau touch\u00e9es par le probl\u00e8me d\u2019eutrophisation ;<\/span><\/p>\n<p><span style=\"font-family: 'Book Antiqua', Palatino;color: #000000\">*\u00a0L&rsquo;\u00e9valuation de la situation de gestion des ressources en eau et de suivre le d\u00e9veloppement pour optimiser les choix de syst\u00e8mes d&rsquo;\u00e9conomie hydraulique ;<\/span><\/p>\n<p><span style=\"font-family: 'Book Antiqua', Palatino;color: #000000\">*\u00a0Estimation la disponibilit\u00e9 actuelle de l\u2019eau en relation avec la demande.<\/span><\/p>\n<p><span style=\"font-family: 'Book Antiqua', Palatino;color: #000000\"><b>Equipe 4 : Hydrog\u00e9ologie R\u00e9gionale et Vuln\u00e9rabilit\u00e9 des Aquif\u00e8res<\/b><\/span><\/p>\n<p><span style=\"font-family: 'Book Antiqua', Palatino;color: #000000\">Chef d\u2019\u00e9quipe : Pr. Madani STAMBOUL<\/span><\/p>\n<p><span style=\"font-family: 'Book Antiqua', Palatino;color: #000000\">Membres : M. Sekkoum, K. Yamani<\/span><\/p>\n<p><span style=\"font-family: 'Book Antiqua', Palatino;color: #000000\">Les principaux th\u00e8mes de Recherche sont :<\/span><\/p>\n<p><span style=\"font-family: 'Book Antiqua', Palatino;color: #000000\">*\u00a0D\u00e9finir une m\u00e9thodologie propre \u00e0 l\u2019\u00e9tude hydrog\u00e9ologique d\u2019un milieu caract\u00e9ris\u00e9 par sa lithologie, sa structure et une alimentation en eau command\u00e9e par un r\u00e9gime climatique subaride \u00e0 aride que viennent perturber\u00a0 des\u00a0 influences\u00a0 montagnardes ;<\/span><\/p>\n<p><span style=\"font-family: 'Book Antiqua', Palatino;color: #000000\">*\u00a0Etudier et caract\u00e9riser les diff\u00e9rentes sources de pollution et \u00e9tablir des cartes de vuln\u00e9rabilit\u00e9s \u00e0 la pollution.<\/span><\/p>\n<h3><span style=\"font-family: 'Book Antiqua', Palatino;color: #000000\">Equipe 5\u00a0: Mod\u00e9lisation D\u00e9terministe et Stochastique<\/span><\/h3>\n<p><span style=\"font-family: 'Book Antiqua', Palatino;color: #000000\">Chef d\u2019\u00e9quipe\u00a0: Pr. Kadour Mouttah<\/span><\/p>\n<p><span style=\"font-family: 'Book Antiqua', Palatino;color: #000000\">Membres : W. Tadj, M. Makoudi<\/span><\/p>\n<p><span style=\"font-family: 'Book Antiqua', Palatino;color: #000000\">L\u2019objectif est de d\u00e9velopper des strat\u00e9gies pour l\u2019optimisation des param\u00e8tres de structures o\u00f9 la m\u00e9thode des \u00e9l\u00e9ments finis sera mise en \u0153uvre\u00a0 pour la simulation des processus hydrauliques et g\u00e9otechniques.<\/span><\/p>\n<p><span style=\"font-family: 'Book Antiqua', Palatino;color: #000000\">\u00a0Les principaux axes de Recherche sont\u00a0:<\/span><\/p>\n<p><span style=\"font-family: 'Book Antiqua', Palatino;color: #000000\">*\u00a0Mod\u00e9lisation d\u00e9terministe aux \u00e9l\u00e9ments Finis et validation op\u00e9rationnelle \u00e0 l\u2019aide des techniques m\u00e9taheuristiques\u00a0;<\/span><\/p>\n<p><span style=\"font-family: 'Book Antiqua', Palatino;color: #000000\">*\u00a0Couplage entre m\u00e9thodes d\u00e9terministes et m\u00e9thodes stochastiques pour la d\u00e9termination des param\u00e8tres structuraux.<\/span><\/p>\n<p>&nbsp;<\/p>\n<p>&nbsp;<\/p>\n","protected":false},"excerpt":{"rendered":"<p>LRESE-Equipes de recherche, th\u00e8mes et Objectifs &nbsp; \u00a0En plus des objectifs de formation de jeunes chercheurs dans le cadre des activit\u00e9s du laboratoire, chaque \u00e9quipe de recherche a des objectifs scientifiques de recherche. Equipe 1\u00a0: Hydrologie Op\u00e9rationnelle Chef d\u2019\u00e9quipe\u00a0: Pr. Mohamed CHETIH Membres\u00a0: M.B. Taouti, et M. Saci \u00a0Les principaux axes de Recherche sont\u00a0: *\u00a0Analyses [&hellip;]<\/p>\n","protected":false},"author":18,"featured_media":0,"parent":0,"menu_order":0,"comment_status":"closed","ping_status":"closed","template":"elementor_header_footer","meta":{"_exactmetrics_skip_tracking":false,"_exactmetrics_sitenote_active":false,"_exactmetrics_sitenote_note":"","_exactmetrics_sitenote_category":0,"footnotes":""},"coauthors":[527],"class_list":["post-8833","page","type-page","status-publish","hentry"],"_links":{"self":[{"href":"http:\/\/lagh-univ.dz\/fr\/wp-json\/wp\/v2\/pages\/8833","targetHints":{"allow":["GET"]}}],"collection":[{"href":"http:\/\/lagh-univ.dz\/fr\/wp-json\/wp\/v2\/pages"}],"about":[{"href":"http:\/\/lagh-univ.dz\/fr\/wp-json\/wp\/v2\/types\/page"}],"author":[{"embeddable":true,"href":"http:\/\/lagh-univ.dz\/fr\/wp-json\/wp\/v2\/users\/18"}],"replies":[{"embeddable":true,"href":"http:\/\/lagh-univ.dz\/fr\/wp-json\/wp\/v2\/comments?post=8833"}],"version-history":[{"count":6,"href":"http:\/\/lagh-univ.dz\/fr\/wp-json\/wp\/v2\/pages\/8833\/revisions"}],"predecessor-version":[{"id":31894,"href":"http:\/\/lagh-univ.dz\/fr\/wp-json\/wp\/v2\/pages\/8833\/revisions\/31894"}],"wp:attachment":[{"href":"http:\/\/lagh-univ.dz\/fr\/wp-json\/wp\/v2\/media?parent=8833"}],"wp:term":[{"taxonomy":"author","embeddable":true,"href":"http:\/\/lagh-univ.dz\/fr\/wp-json\/wp\/v2\/coauthors?post=8833"}],"curies":[{"name":"wp","href":"https:\/\/api.w.org\/{rel}","templated":true}]}}