{"id":8895,"date":"2019-01-18T11:18:55","date_gmt":"2019-01-18T13:18:55","guid":{"rendered":"http:\/\/lagh-univ.dz\/laboratoires-des-recherches-ltss-presentation\/"},"modified":"2020-02-24T08:37:43","modified_gmt":"2020-02-24T10:37:43","slug":"laboratoires-des-recherches-ltss-presentation","status":"publish","type":"page","link":"http:\/\/lagh-univ.dz\/fr\/laboratoires-des-recherches-ltss-presentation\/","title":{"rendered":"Laboratoires des recherches- LTSS-Pr\u00e9sentation"},"content":{"rendered":"<p style=\"text-align: center\"><span style=\"color: #008000;font-size: 24pt;font-family: Book Antiqua, Palatino\">Laboratoire de T\u00e9l\u00e9communications, Signaux et Syst\u00e8mes<\/span><\/p>\n<p dir=\"ltr\"><img decoding=\"async\" class=\"aligncenter\" src=\"http:\/\/lagh-univ.dz\/wp-content\/uploads\/2019\/01\/logo1-e1548006992304.png\" alt=\"logoLTSS\" width=\"200\" height=\"113\" \/><\/p>\n<p dir=\"ltr\">\n<p dir=\"ltr\" style=\"text-align: left\"><span style=\"font-family: Book Antiqua, Palatino;font-size: 14pt;color: #000000\">Le laboratoire <strong>LTSS<\/strong> est un laboratoire de l\u2019Universit\u00e9 Amar Telidji de Laghouat cr\u00e9\u00e9 en 2011.<\/span><\/p>\n<p dir=\"ltr\" style=\"text-align: left\"><span style=\"font-family: Book Antiqua, Palatino;font-size: 14pt;color: #000000\">Il regroupe des enseignants chercheurs en g\u00e9nie \u00e9lectrique, \u00e9lectronique, automatique et T\u00e9l\u00e9communications.<\/span><\/p>\n<p dir=\"ltr\" style=\"text-align: left\"><span style=\"color: #000000;font-size: 14pt;font-family: Book Antiqua, Palatino\">Les th\u00e9matiques du laboratoire<\/span><\/p>\n<p dir=\"ltr\" style=\"text-align: left\"><span style=\"font-size: 14pt;font-family: Book Antiqua, Palatino;color: #000000\">Les objectifs scientifiques du laboratoire s\u2019inscrivent dans le domaine des Sciences de l\u2019ing\u00e9nieur.<\/span><\/p>\n<p dir=\"ltr\" style=\"text-align: left\"><span style=\"font-size: 14pt;font-family: Book Antiqua, Palatino;color: #000000\">Le laboratoire est structur\u00e9 en quatre \u00e9quipes de recherche :<\/span><\/p>\n<ul style=\"text-align: left\">\n<li><span style=\"font-size: 14pt;font-family: Book Antiqua, Palatino;color: #000000\">Equipe 1 : M\u00e9tamat\u00e9riaux et Mat\u00e9riaux \u00e0 Bandes Interdites<\/span><\/li>\n<li><span style=\"font-size: 14pt;font-family: Book Antiqua, Palatino;color: #000000\">Equipe 2 : H\u00e9t\u00e9ro structures et hyperfr\u00e9quences<\/span><\/li>\n<li><span style=\"font-size: 14pt;font-family: Book Antiqua, Palatino;color: #000000\">Equipe 3 : Signal, Imagerie et Parole<\/span><\/li>\n<li><span style=\"font-size: 14pt;font-family: Book Antiqua, Palatino;color: #000000\">Equipe 4 : Contr\u00f4le de Syst\u00e8mes<\/span><\/li>\n<\/ul>\n<p>&nbsp;<\/p>\n<p dir=\"ltr\" style=\"text-align: left\"><span style=\"font-family: Book Antiqua, Palatino;font-size: 14pt;color: #000000\"><strong><span style=\"background-color: #ff6600\">Directeur de Laboratoire<\/span> :<\/strong> BELKHIRI Mohammed<\/span><\/p>\n<p dir=\"ltr\" style=\"text-align: left\"><span style=\"font-family: Book Antiqua, Palatino;font-size: 14pt;color: #000000\"><strong>Code du laboratoire :<\/strong> C1161100<\/span><\/p>\n<p dir=\"ltr\" style=\"text-align: left\"><span style=\"font-family: Book Antiqua, Palatino;font-size: 14pt;color: #000000\"><strong>Conseil de Laboratoire : <\/strong><\/span><\/p>\n<p dir=\"ltr\" style=\"text-align: left\"><span style=\"font-family: Book Antiqua, Palatino;font-size: 14pt;color: #000000\">Le conseil de laboratoire est compos\u00e9 des chefs d\u2019\u00e9quipes de recherche de laboratoire comme suit :<\/span><\/p>\n<ul style=\"text-align: left\">\n<li><span style=\"font-family: Book Antiqua, Palatino;font-size: 14pt;color: #000000\"><strong>Chefs d\u2019\u00e9quipe :<\/strong><\/span>\n<ul>\n<li style=\"text-align: left\"><span style=\"font-family: Book Antiqua, Palatino;font-size: 14pt;color: #000000\">BOUZOUAD Mouloud<\/span><\/li>\n<li style=\"text-align: left\"><span style=\"font-family: Book Antiqua, Palatino;font-size: 14pt;color: #000000\">ZERDOUM Rachid<\/span><\/li>\n<li style=\"text-align: left\"><span style=\"font-family: Book Antiqua, Palatino;font-size: 14pt;color: #000000\">CHOUIREB Fatima<\/span><\/li>\n<li style=\"text-align: left\"><span style=\"font-family: Book Antiqua, Palatino;font-size: 14pt;color: #000000\">BELKHIRI Mohammed<\/span><\/li>\n<\/ul>\n<\/li>\n<\/ul>\n<p dir=\"ltr\" style=\"text-align: left\"><span style=\"font-size: 14pt;font-family: Book Antiqua, Palatino;color: #000000\"><strong>Adresse : <\/strong>Universit\u00e9 Amar Telidji BP 37 G Route de Guardaia 03000 \u2013 Laghouat \u2013 Alg\u00e9rie<\/span><\/p>\n<p dir=\"ltr\" style=\"text-align: left\"><span style=\"font-size: 14pt;font-family: Book Antiqua, Palatino;color: #000000\"><strong>Localisation :<\/strong> Nouveau bloc de recherche, P\u00f4le Universitaire 01<\/span><\/p>\n<p dir=\"ltr\" style=\"text-align: left\"><span style=\"font-size: 14pt;font-family: Book Antiqua, Palatino;color: #000000;background-color: #ff6600\"><strong>Email : <\/strong> ltss@lagh-univ.dz<\/span><\/p>\n","protected":false},"excerpt":{"rendered":"<p>Laboratoire de T\u00e9l\u00e9communications, Signaux et Syst\u00e8mes Le laboratoire LTSS est un laboratoire de l\u2019Universit\u00e9 Amar Telidji de Laghouat cr\u00e9\u00e9 en 2011. Il regroupe des enseignants chercheurs en g\u00e9nie \u00e9lectrique, \u00e9lectronique, automatique et T\u00e9l\u00e9communications. Les th\u00e9matiques du laboratoire Les objectifs scientifiques du laboratoire s\u2019inscrivent dans le domaine des Sciences de l\u2019ing\u00e9nieur. Le laboratoire est structur\u00e9 en [&hellip;]<\/p>\n","protected":false},"author":13,"featured_media":0,"parent":0,"menu_order":0,"comment_status":"closed","ping_status":"closed","template":"elementor_header_footer","meta":{"_exactmetrics_skip_tracking":false,"_exactmetrics_sitenote_active":false,"_exactmetrics_sitenote_note":"","_exactmetrics_sitenote_category":0,"footnotes":""},"coauthors":[533],"class_list":["post-8895","page","type-page","status-publish","hentry"],"_links":{"self":[{"href":"http:\/\/lagh-univ.dz\/fr\/wp-json\/wp\/v2\/pages\/8895","targetHints":{"allow":["GET"]}}],"collection":[{"href":"http:\/\/lagh-univ.dz\/fr\/wp-json\/wp\/v2\/pages"}],"about":[{"href":"http:\/\/lagh-univ.dz\/fr\/wp-json\/wp\/v2\/types\/page"}],"author":[{"embeddable":true,"href":"http:\/\/lagh-univ.dz\/fr\/wp-json\/wp\/v2\/users\/13"}],"replies":[{"embeddable":true,"href":"http:\/\/lagh-univ.dz\/fr\/wp-json\/wp\/v2\/comments?post=8895"}],"version-history":[{"count":5,"href":"http:\/\/lagh-univ.dz\/fr\/wp-json\/wp\/v2\/pages\/8895\/revisions"}],"predecessor-version":[{"id":30790,"href":"http:\/\/lagh-univ.dz\/fr\/wp-json\/wp\/v2\/pages\/8895\/revisions\/30790"}],"wp:attachment":[{"href":"http:\/\/lagh-univ.dz\/fr\/wp-json\/wp\/v2\/media?parent=8895"}],"wp:term":[{"taxonomy":"author","embeddable":true,"href":"http:\/\/lagh-univ.dz\/fr\/wp-json\/wp\/v2\/coauthors?post=8895"}],"curies":[{"name":"wp","href":"https:\/\/api.w.org\/{rel}","templated":true}]}}