{"id":8958,"date":"2019-01-18T08:21:41","date_gmt":"2019-01-18T10:21:41","guid":{"rendered":"http:\/\/lagh-univ.dz\/laboratoires-des-recherches-lgp-production-scientifique-theses-et-memoires\/"},"modified":"2020-02-24T09:12:34","modified_gmt":"2020-02-24T11:12:34","slug":"laboratoires-des-recherches-lgp-production-scientifique-theses-et-memoires","status":"publish","type":"page","link":"http:\/\/lagh-univ.dz\/fr\/laboratoires-des-recherches-lgp-production-scientifique-theses-et-memoires\/","title":{"rendered":"Laboratoires des recherches- LGP-Production scientifique-Th\u00e8ses et m\u00e9moires"},"content":{"rendered":"<p style=\"text-align: center\"><span style=\"font-family: Book Antiqua, Palatino;font-size: 24pt;color: #008000\">Th\u00e8ses de doctorats en sciences et LMD<\/span><\/p>\n<table width=\"100%\">\n<tbody>\n<tr>\n<td style=\"text-align: left\" width=\"5%\"><\/td>\n<td style=\"text-align: left\" width=\"94%\"><\/td>\n<\/tr>\n<tr>\n<td style=\"text-align: left\" width=\"5%\"><span style=\"font-family: Book Antiqua, Palatino;font-size: 14pt;color: #000000\">01<\/span><\/td>\n<td style=\"text-align: left\" width=\"94%\"><span style=\"font-family: Book Antiqua, Palatino;font-size: 14pt;color: #000000\">Debicha Ahmida Tahar,Identification et mos\u00e9lisation des phases form\u00e9es pendant la boruration des aciers: Utilisation de la m\u00e9thode CALPHAD, Th\u00e8se de doctorat D-LMD, Universit\u00e9 AmarTelidji de Laghouat, 2019<\/span><\/td>\n<\/tr>\n<tr>\n<td style=\"text-align: left\" width=\"5%\"><span style=\"font-family: Book Antiqua, Palatino;font-size: 14pt;color: #000000\">02<\/span><\/td>\n<td style=\"text-align: left\" width=\"94%\"><span style=\"font-family: Book Antiqua, Palatino;font-size: 14pt;color: #000000\">Khenifer Miloud,Effet de la boruration sur la r\u00e9sistance \u00e0 la corrosion et la tenue \u00e0 chaud d&rsquo;un acier inoxydable 316L, Th\u00e8se de doctorat en sciences, Universit\u00e9 AmarTelidji de Laghouat, 2019,<\/span><\/td>\n<\/tr>\n<tr>\n<td style=\"text-align: left\" width=\"5%\"><span style=\"font-family: Book Antiqua, Palatino;font-size: 14pt;color: #000000\">03<\/span><\/td>\n<td style=\"text-align: left\" width=\"94%\"><span style=\"font-family: Book Antiqua, Palatino;font-size: 14pt;color: #000000\">Djendel Mokhtar,Caract\u00e9risation microstructurale et m\u00e9canique des rechargements des pi\u00e8ces m\u00e9talliques par projection thermique, Th\u00e8se de doctorat en sciences, Universit\u00e9 AmarTelidji de Laghouat, 2018<\/span><\/td>\n<\/tr>\n<tr>\n<td style=\"text-align: left\" width=\"5%\"><span style=\"font-family: Book Antiqua, Palatino;font-size: 14pt;color: #000000\">04<\/span><\/td>\n<td style=\"text-align: left\" width=\"94%\"><span style=\"font-family: Book Antiqua, Palatino;font-size: 14pt;color: #000000\">Boubaaya Rabah,Elaboration des couches minces de carbure et de borure de chrome par proc\u00e9d\u00e9 de traitement de conversion: Caract\u00e9risation physico-chimique et m\u00e9canique, Th\u00e8se de doctorat en sciences, Universit\u00e9 AmarTelidji de Laghouat, 2018<\/span><\/td>\n<\/tr>\n<tr>\n<td style=\"text-align: left\" width=\"5%\"><span style=\"font-family: Book Antiqua, Palatino;font-size: 14pt;color: #000000\">05<\/span><\/td>\n<td style=\"text-align: left\" width=\"94%\"><span style=\"font-family: Book Antiqua, Palatino;font-size: 14pt;color: #000000\">Azouani Omar,Caract\u00e9risation physico-chimique et simulation de la cin\u00e9tique de boruration des fontes \u00e0 graphite sph\u00e9ro\u00efdal, Th\u00e8se de doctorat en sciences, Universit\u00e9 AmarTelidji de Laghouat, 2017<\/span><\/td>\n<\/tr>\n<tr>\n<td style=\"text-align: left\" width=\"5%\"><span style=\"font-family: Book Antiqua, Palatino;font-size: 14pt;color: #000000\">06<\/span><\/td>\n<td style=\"text-align: left\" width=\"94%\"><span style=\"font-family: Book Antiqua, Palatino;font-size: 14pt;color: #000000\">Rayane Karim,simulation et mod\u00e9lisation de la diffusion atomique dans les solides, Th\u00e8se de doctorat en sciences, Universit\u00e9 AmarTelidji de Laghouat, 2016<\/span><\/td>\n<\/tr>\n<tr>\n<td style=\"text-align: left\" width=\"5%\"><\/td>\n<td style=\"text-align: left\" width=\"94%\"><\/td>\n<\/tr>\n<\/tbody>\n<\/table>\n","protected":false},"excerpt":{"rendered":"<p>Th\u00e8ses de doctorats en sciences et LMD 01 Debicha Ahmida Tahar,Identification et mos\u00e9lisation des phases form\u00e9es pendant la boruration des aciers: Utilisation de la m\u00e9thode CALPHAD, Th\u00e8se de doctorat D-LMD, Universit\u00e9 AmarTelidji de Laghouat, 2019 02 Khenifer Miloud,Effet de la boruration sur la r\u00e9sistance \u00e0 la corrosion et la tenue \u00e0 chaud d&rsquo;un acier inoxydable [&hellip;]<\/p>\n","protected":false},"author":13,"featured_media":0,"parent":0,"menu_order":0,"comment_status":"closed","ping_status":"closed","template":"elementor_header_footer","meta":{"_exactmetrics_skip_tracking":false,"_exactmetrics_sitenote_active":false,"_exactmetrics_sitenote_note":"","_exactmetrics_sitenote_category":0,"footnotes":""},"coauthors":[533],"class_list":["post-8958","page","type-page","status-publish","hentry"],"_links":{"self":[{"href":"http:\/\/lagh-univ.dz\/fr\/wp-json\/wp\/v2\/pages\/8958","targetHints":{"allow":["GET"]}}],"collection":[{"href":"http:\/\/lagh-univ.dz\/fr\/wp-json\/wp\/v2\/pages"}],"about":[{"href":"http:\/\/lagh-univ.dz\/fr\/wp-json\/wp\/v2\/types\/page"}],"author":[{"embeddable":true,"href":"http:\/\/lagh-univ.dz\/fr\/wp-json\/wp\/v2\/users\/13"}],"replies":[{"embeddable":true,"href":"http:\/\/lagh-univ.dz\/fr\/wp-json\/wp\/v2\/comments?post=8958"}],"version-history":[{"count":4,"href":"http:\/\/lagh-univ.dz\/fr\/wp-json\/wp\/v2\/pages\/8958\/revisions"}],"predecessor-version":[{"id":30802,"href":"http:\/\/lagh-univ.dz\/fr\/wp-json\/wp\/v2\/pages\/8958\/revisions\/30802"}],"wp:attachment":[{"href":"http:\/\/lagh-univ.dz\/fr\/wp-json\/wp\/v2\/media?parent=8958"}],"wp:term":[{"taxonomy":"author","embeddable":true,"href":"http:\/\/lagh-univ.dz\/fr\/wp-json\/wp\/v2\/coauthors?post=8958"}],"curies":[{"name":"wp","href":"https:\/\/api.w.org\/{rel}","templated":true}]}}