{"id":8960,"date":"2019-01-18T08:21:37","date_gmt":"2019-01-18T10:21:37","guid":{"rendered":"http:\/\/lagh-univ.dz\/laboratoires-des-recherches-lgp-production-scientifique-projets-de-recherche\/"},"modified":"2020-02-24T09:11:22","modified_gmt":"2020-02-24T11:11:22","slug":"laboratoires-des-recherches-lgp-production-scientifique-projets-de-recherche","status":"publish","type":"page","link":"http:\/\/lagh-univ.dz\/fr\/laboratoires-des-recherches-lgp-production-scientifique-projets-de-recherche\/","title":{"rendered":"Laboratoires des recherches- LGP-Production scientifique-Projets de recherche"},"content":{"rendered":"<p dir=\"ltr\" style=\"text-align: left\"><span style=\"font-family: Book Antiqua, Palatino;font-size: 24pt;color: #008000\"><u>Projets de recherche<\/u><\/span><\/p>\n<p dir=\"ltr\" style=\"text-align: left\"><span style=\"font-family: Book Antiqua, Palatino;font-size: 18pt;color: #ff6600\">Projets CNEPRU ou PRFU<\/span><\/p>\n<table width=\"100%\">\n<tbody>\n<tr>\n<td style=\"text-align: left\" rowspan=\"2\" width=\"5%\"><span style=\"font-family: Book Antiqua, Palatino;font-size: 14pt;color: #000000\">1<\/span><\/td>\n<td style=\"text-align: left\" width=\"15%\"><span style=\"font-family: Book Antiqua, Palatino;font-size: 14pt;color: #000000\">Intitul\u00e9<\/span><\/td>\n<td style=\"text-align: left\" colspan=\"3\" width=\"79%\"><span style=\"font-family: Book Antiqua, Palatino;font-size: 14pt;color: #000000\">Contribution \u00e0 l\u2019\u00e9tude du pouvoir adsorbant de biosorbants locaux pour l\u2019\u00e9limination de quelques polluants dans les eaux<\/span><\/td>\n<\/tr>\n<tr>\n<td style=\"text-align: left\" width=\"15%\"><span style=\"font-family: Book Antiqua, Palatino;font-size: 14pt;color: #000000\">Code<\/span><\/td>\n<td style=\"text-align: left\" width=\"37%\"><span style=\"font-family: Book Antiqua, Palatino;font-size: 14pt;color: #000000\">A16N01UN030120180001<\/span><\/td>\n<td style=\"text-align: left\" width=\"22%\"><span style=\"font-family: Book Antiqua, Palatino;font-size: 14pt;color: #000000\">Ann\u00e9e d\u2019agr\u00e9ment<\/span><\/td>\n<td style=\"text-align: left\" width=\"19%\"><span style=\"font-family: Book Antiqua, Palatino;font-size: 14pt;color: #000000\">2018<\/span><\/td>\n<\/tr>\n<tr>\n<td style=\"text-align: left\" rowspan=\"2\" width=\"5%\"><span style=\"font-family: Book Antiqua, Palatino;font-size: 14pt;color: #000000\">2<\/span><\/td>\n<td style=\"text-align: left\" width=\"15%\"><span style=\"font-family: Book Antiqua, Palatino;font-size: 14pt;color: #000000\">Intitul\u00e9<\/span><\/td>\n<td style=\"text-align: left\" colspan=\"3\" width=\"79%\"><span style=\"font-family: Book Antiqua, Palatino;font-size: 14pt;color: #000000\">Caract\u00e9risation m\u00e9canique et \u00e9lectrochimiques des aciers HSLA et dual-phase<\/span><\/td>\n<\/tr>\n<tr>\n<td style=\"text-align: left\" width=\"15%\"><span style=\"font-family: Book Antiqua, Palatino;font-size: 14pt;color: #000000\">Code<\/span><\/td>\n<td style=\"text-align: left\" width=\"37%\"><span style=\"font-family: Book Antiqua, Palatino;font-size: 14pt;color: #000000\">A11N01UN030120180002<\/span><\/td>\n<td style=\"text-align: left\" width=\"22%\"><span style=\"font-family: Book Antiqua, Palatino;font-size: 14pt;color: #000000\">Ann\u00e9e d\u2019agr\u00e9ment<\/span><\/td>\n<td style=\"text-align: left\" width=\"19%\"><span style=\"font-family: Book Antiqua, Palatino;font-size: 14pt;color: #000000\">2018<\/span><\/td>\n<\/tr>\n<tr>\n<td style=\"text-align: left\" rowspan=\"2\" width=\"5%\"><span style=\"font-family: Book Antiqua, Palatino;font-size: 14pt;color: #000000\">03<\/span><\/td>\n<td style=\"text-align: left\" width=\"15%\"><span style=\"font-family: Book Antiqua, Palatino;font-size: 14pt;color: #000000\">Intitul\u00e9<\/span><\/td>\n<td style=\"text-align: left\" colspan=\"3\" width=\"79%\"><span style=\"font-family: Book Antiqua, Palatino;font-size: 14pt;color: #000000\">Pr\u00e9diction des phases form\u00e9es lors d\u2019un traitement de boruration des aciers inoxydables et application de m\u00e9thodes d\u2019apprentissage machine de pr\u00e9diction des r\u00e9sultats<\/span><\/td>\n<\/tr>\n<tr>\n<td style=\"text-align: left\" width=\"15%\"><span style=\"font-family: Book Antiqua, Palatino;font-size: 14pt;color: #000000\">Code<\/span><\/td>\n<td style=\"text-align: left\" width=\"37%\"><span style=\"font-family: Book Antiqua, Palatino;font-size: 14pt;color: #000000\">A11N01UN030120180003<\/span><\/td>\n<td style=\"text-align: left\" width=\"22%\"><span style=\"font-family: Book Antiqua, Palatino;font-size: 14pt;color: #000000\">Ann\u00e9e d\u2019agr\u00e9ment<\/span><\/td>\n<td style=\"text-align: left\" width=\"19%\"><span style=\"font-family: Book Antiqua, Palatino;font-size: 14pt;color: #000000\">2018<\/span><\/td>\n<\/tr>\n<tr>\n<td style=\"text-align: left\" rowspan=\"2\" width=\"5%\"><span style=\"font-family: Book Antiqua, Palatino;font-size: 14pt;color: #000000\">04<\/span><\/td>\n<td style=\"text-align: left\" width=\"15%\"><span style=\"font-family: Book Antiqua, Palatino;font-size: 14pt;color: #000000\">Intitul\u00e9<\/span><\/td>\n<td style=\"text-align: left\" colspan=\"3\" width=\"79%\"><span style=\"font-family: Book Antiqua, Palatino;font-size: 14pt;color: #000000\">Mises en \u00e9vidence des propri\u00e9t\u00e9s chimiques et biologiques des huiles essentielles et des extraits des plantes m\u00e9dicinales locales<\/span><\/td>\n<\/tr>\n<tr>\n<td style=\"text-align: left\" width=\"15%\"><span style=\"font-family: Book Antiqua, Palatino;font-size: 14pt;color: #000000\">Code<\/span><\/td>\n<td style=\"text-align: left\" width=\"37%\"><span style=\"font-family: Book Antiqua, Palatino;font-size: 14pt;color: #000000\">A16N01UN030120180002<\/span><\/td>\n<td style=\"text-align: left\" width=\"22%\"><span style=\"font-family: Book Antiqua, Palatino;font-size: 14pt;color: #000000\">Ann\u00e9e d\u2019agr\u00e9ment<\/span><\/td>\n<td style=\"text-align: left\" width=\"19%\"><span style=\"font-family: Book Antiqua, Palatino;font-size: 14pt;color: #000000\">2018<\/span><\/td>\n<\/tr>\n<tr>\n<td style=\"text-align: left\" rowspan=\"2\" width=\"5%\"><span style=\"font-family: Book Antiqua, Palatino;font-size: 14pt;color: #000000\">05<\/span><\/td>\n<td style=\"text-align: left\" width=\"15%\"><span style=\"font-family: Book Antiqua, Palatino;font-size: 14pt;color: #000000\">Intitul\u00e9<\/span><\/td>\n<td style=\"text-align: left\" colspan=\"3\" width=\"79%\"><span style=\"font-family: Book Antiqua, Palatino;font-size: 14pt;color: #000000\">d\u00e9veloppement d&rsquo;un dispositif \u00e9lectronique bio inspire pour le diagnostic des canalisations souterraines<\/span><\/td>\n<\/tr>\n<tr>\n<td style=\"text-align: left\" width=\"15%\"><span style=\"font-family: Book Antiqua, Palatino;font-size: 14pt;color: #000000\">Code<\/span><\/td>\n<td style=\"text-align: left\" width=\"37%\"><span style=\"font-family: Book Antiqua, Palatino;font-size: 14pt;color: #000000\">A16N01UN030120190001<\/span><\/td>\n<td style=\"text-align: left\" width=\"22%\"><span style=\"font-family: Book Antiqua, Palatino;font-size: 14pt;color: #000000\">Ann\u00e9e d\u2019agr\u00e9ment<\/span><\/td>\n<td style=\"text-align: left\" width=\"19%\"><span style=\"font-family: Book Antiqua, Palatino;font-size: 14pt;color: #000000\">2019<\/span><\/td>\n<\/tr>\n<\/tbody>\n<\/table>\n<p dir=\"ltr\" style=\"text-align: left\"><span style=\"font-family: Book Antiqua, Palatino;font-size: 14pt;color: #0000ff\"><strong>\u00a0<\/strong><\/span><\/p>\n<p dir=\"ltr\">\n","protected":false},"excerpt":{"rendered":"<p>Projets de recherche Projets CNEPRU ou PRFU 1 Intitul\u00e9 Contribution \u00e0 l\u2019\u00e9tude du pouvoir adsorbant de biosorbants locaux pour l\u2019\u00e9limination de quelques polluants dans les eaux Code A16N01UN030120180001 Ann\u00e9e d\u2019agr\u00e9ment 2018 2 Intitul\u00e9 Caract\u00e9risation m\u00e9canique et \u00e9lectrochimiques des aciers HSLA et dual-phase Code A11N01UN030120180002 Ann\u00e9e d\u2019agr\u00e9ment 2018 03 Intitul\u00e9 Pr\u00e9diction des phases form\u00e9es lors d\u2019un [&hellip;]<\/p>\n","protected":false},"author":13,"featured_media":0,"parent":0,"menu_order":0,"comment_status":"closed","ping_status":"closed","template":"elementor_header_footer","meta":{"_exactmetrics_skip_tracking":false,"_exactmetrics_sitenote_active":false,"_exactmetrics_sitenote_note":"","_exactmetrics_sitenote_category":0,"footnotes":""},"coauthors":[533],"class_list":["post-8960","page","type-page","status-publish","hentry"],"_links":{"self":[{"href":"http:\/\/lagh-univ.dz\/fr\/wp-json\/wp\/v2\/pages\/8960","targetHints":{"allow":["GET"]}}],"collection":[{"href":"http:\/\/lagh-univ.dz\/fr\/wp-json\/wp\/v2\/pages"}],"about":[{"href":"http:\/\/lagh-univ.dz\/fr\/wp-json\/wp\/v2\/types\/page"}],"author":[{"embeddable":true,"href":"http:\/\/lagh-univ.dz\/fr\/wp-json\/wp\/v2\/users\/13"}],"replies":[{"embeddable":true,"href":"http:\/\/lagh-univ.dz\/fr\/wp-json\/wp\/v2\/comments?post=8960"}],"version-history":[{"count":3,"href":"http:\/\/lagh-univ.dz\/fr\/wp-json\/wp\/v2\/pages\/8960\/revisions"}],"predecessor-version":[{"id":30801,"href":"http:\/\/lagh-univ.dz\/fr\/wp-json\/wp\/v2\/pages\/8960\/revisions\/30801"}],"wp:attachment":[{"href":"http:\/\/lagh-univ.dz\/fr\/wp-json\/wp\/v2\/media?parent=8960"}],"wp:term":[{"taxonomy":"author","embeddable":true,"href":"http:\/\/lagh-univ.dz\/fr\/wp-json\/wp\/v2\/coauthors?post=8960"}],"curies":[{"name":"wp","href":"https:\/\/api.w.org\/{rel}","templated":true}]}}