{"id":8986,"date":"2019-01-18T08:45:57","date_gmt":"2019-01-18T10:45:57","guid":{"rendered":"http:\/\/lagh-univ.dz\/laboratoires-des-recherches-sreml-presentation\/"},"modified":"2020-02-18T09:06:38","modified_gmt":"2020-02-18T11:06:38","slug":"laboratoires-des-recherches-sreml-presentation","status":"publish","type":"page","link":"http:\/\/lagh-univ.dz\/fr\/laboratoires-des-recherches-sreml-presentation\/","title":{"rendered":"Laboratoires des recherches- SREML-Pr\u00e9sentation"},"content":{"rendered":"<p style=\"text-align: center\"><span style=\"font-family: 'Book Antiqua', Palatino;font-size: 14pt;color: #000000\"><strong>Laboratoire de Mat\u00e9riaux et R\u00e9habilitation de Structures (SREML)<\/strong><\/span><\/p>\n<p><img fetchpriority=\"high\" decoding=\"async\" class=\"wp-image-28373 aligncenter\" src=\"http:\/\/lagh-univ.dz\/wp-content\/uploads\/2020\/02\/Pr\u00e9sentation-labo-gc3-page-001-300x169.jpg\" alt=\"\" width=\"517\" height=\"291\" \/><\/p>\n<p>&nbsp;<\/p>\n<p>&nbsp;<\/p>\n<p style=\"text-align: center\"><span style=\"color: #000000;font-family: arabic-kufi\"><b>Directeur De Laboratoire<\/b><\/span><\/p>\n<p style=\"text-align: center\"><span style=\"font-family: arabic-kufi;color: #000000\"><strong><img decoding=\"async\" class=\"alignnone size-full wp-image-28365\" src=\"http:\/\/lagh-univ.dz\/wp-content\/uploads\/2020\/02\/Sans-titre2.png\" alt=\"\" width=\"107\" height=\"109\" \/><\/strong><\/span><\/p>\n<p style=\"text-align: center\"><span style=\"font-size: 12pt;font-family: arabic-kufi;color: #000000\">mail: a.zaidi<a style=\"color: #000000\" href=\"mailto:m_chettih@mail.lagh-univ.dz\">@lagh-univ.dz<\/a><\/span><\/p>\n<h1 style=\"text-align: center\"><span style=\"font-family: arabic-kufi;font-size: 12pt;color: #000000\">\u00a0\u00a0\u00a0\u00a0\u00a0\u00a0\u00a0\u00a0\u00a0\u00a0\u00a0\u00a0\u00a0 sreml@lagh-univ.dz \u00a0\u00a0<\/span><\/h1>\n<h1 style=\"text-align: center\"><span style=\"font-family: arabic-kufi;font-size: 12pt;color: #000000\">Phone :\u00a0\u00a0 \u00a0213-663-180-114 (Mobile<\/span><\/h1>\n<p style=\"text-align: center\"><span style=\"font-family: arabic-kufi;font-size: 12pt;color: #000000\"><strong>Perso\u00a0 Web-Site\u00a0 Page:<\/strong> <a style=\"color: #000000\" href=\"http:\/\/perso.lagh-univ.dz\/~azaidi\/\"><strong>http:\/\/perso.lagh-univ.dz\/~azaidi\/<\/strong><\/a><\/span><\/p>\n<p style=\"text-align: center\"><span style=\"font-family: arabic-kufi;font-size: 12pt;color: #000000\"><strong>Lab. Web-Site :\u00a0 <a style=\"color: #000000\" href=\"http:\/\/sreml.lagh-univ.dz\/\">http:\/\/sreml.lagh-univ.dz\/<\/a>\u00a0<\/strong><\/span><\/p>\n<p style=\"text-align: left\"><span style=\"font-family: 'Book Antiqua', Palatino\"><strong>Pr\u00e9sentation du laboratoire<\/strong><\/span><br \/>\n<span style=\"font-family: 'Book Antiqua', Palatino;color: #000000\">Le laboratoire de mat\u00e9riaux et r\u00e9habilitation de structures (SREML) fut fond\u00e9 en 2012 par le minist\u00e8re d\u2019enseignement sup\u00e9rieur et de la recherche scientifique sous l\u2019arr\u00eat\u00e9 N\u00b0.145 d\u00e9livr\u00e9 le 14 Avril 2012.<\/span><br \/>\n<span style=\"font-family: 'Book Antiqua', Palatino;color: #000000\">L\u2019objectif principal du laboratoire est la valorisation et le recyclage des mat\u00e9riaux locaux pour une \u00e9ventuelle utilisation dans les ouvrages de g\u00e9nie civil et aussi pour la r\u00e9habilitation des structures.<\/span><br \/>\n<span style=\"font-family: 'Book Antiqua', Palatino;color: #000000\">En outre, le laboratoire s&rsquo;int\u00e9resse aussi \u00e0 l\u2019\u00e9tude des comportements dynamique et statique des structures en ma\u00e7onnerie, b\u00e9ton arm\u00e9 et m\u00e9tallique construites dans les r\u00e9gions de hautes temp\u00e9ratures et grand gradient thermique.<\/span><br \/>\n<span style=\"font-family: 'Book Antiqua', Palatino;color: #000000\">Directeur du Laboratoire : Pr. Zaidi Ali<\/span><br \/>\n<span style=\"font-family: 'Book Antiqua', Palatino;color: #000000\">Le laboratoire regroupant plusieurs enseignants-chercheurs et doctorants, est actuellement compos\u00e9 de quatre \u00e9quipes de recherche :<\/span><br \/>\n<span style=\"font-family: 'Book Antiqua', Palatino;color: #000000\">\u00c9quipe 1 : Mat\u00e9riaux Composites et R\u00e9habilitation de Structures (SRACM)<\/span><br \/>\n<span style=\"font-family: 'Book Antiqua', Palatino;color: #000000\">Chef d\u2019\u00e9quipe : Pr. Zaidi Ali<\/span><br \/>\n<span style=\"font-family: 'Book Antiqua', Palatino;color: #000000\">Membres<\/span><br \/>\n<span style=\"font-family: 'Book Antiqua', Palatino;color: #000000\">Grade<\/span><br \/>\n<span style=\"font-family: 'Book Antiqua', Palatino;color: #000000\">Bellakehal Hizia<\/span><br \/>\n<span style=\"font-family: 'Book Antiqua', Palatino;color: #000000\">MCA<\/span><br \/>\n<span style=\"font-family: 'Book Antiqua', Palatino;color: #000000\">Lakhdari Mohamed Fatah<\/span><br \/>\n<span style=\"font-family: 'Book Antiqua', Palatino;color: #000000\">MAA<\/span><br \/>\n<span style=\"font-family: 'Book Antiqua', Palatino;color: #000000\">Krobba Benharzallah<\/span><br \/>\n<span style=\"font-family: 'Book Antiqua', Palatino;color: #000000\">MAA<\/span><br \/>\n<span style=\"font-family: 'Book Antiqua', Palatino;color: #000000\">Takhi Belkacem<\/span><br \/>\n<span style=\"font-family: 'Book Antiqua', Palatino;color: #000000\">MAA<\/span><br \/>\n<span style=\"font-family: 'Book Antiqua', Palatino;color: #000000\">Lardjane Samia<\/span><br \/>\n<span style=\"font-family: 'Book Antiqua', Palatino;color: #000000\">Doc.<\/span><br \/>\n<span style=\"font-family: 'Book Antiqua', Palatino;color: #000000\">Chahboune Y. Katia<\/span><br \/>\n<span style=\"font-family: 'Book Antiqua', Palatino;color: #000000\">Doc.<\/span><br \/>\n<span style=\"font-family: 'Book Antiqua', Palatino;color: #000000\">Djeridane Madina<\/span><\/p>\n<p><span style=\"font-family: 'Book Antiqua', Palatino;color: #000000\"><strong> CV de directeur de laboratoire<\/strong><\/span><\/p>\n<p><span style=\"font-family: 'Book Antiqua', Palatino;color: #000000\"><strong> <div class='w3eden'><!-- WPDM Link Template: Default Template -->\n\n<div class=\"link-template-default card mb-2\">\n    <div class=\"card-body\">\n        <div class=\"media\">\n            <div class=\"mr-3 img-48\"><img decoding=\"async\" class=\"wpdm_icon\" alt=\"Ic\u00f4ne\"   src=\"http:\/\/lagh-univ.dz\/wp-content\/plugins\/download-manager\/assets\/file-type-icons\/download.png\" \/><\/div>\n            <div class=\"media-body\">\n                <h3 class=\"package-title\"><a href='http:\/\/lagh-univ.dz\/download\/%d8%a7%d9%84%d8%b3%d9%8a%d8%b1%d8%a9-%d8%a7%d9%84%d8%b0%d8%a7%d8%aa%d9%8a%d8%a9-%d9%84%d9%85%d8%af%d9%8a%d8%b1-%d8%a7%d9%84%d9%85%d8%ae%d8%a8%d8%b1-2\/'>\u0627\u0644\u0633\u064a\u0631\u0629 \u0627\u0644\u0630\u0627\u062a\u064a\u0629 \u0644\u0645\u062f\u064a\u0631 \u0627\u0644\u0645\u062e\u0628\u06316<\/a><\/h3>\n                <div class=\"text-muted text-small\"><i class=\"fas fa-copy\"><\/i> 1 fichier\u00b7s <i class=\"fas fa-hdd ml-3\"><\/i> 224.50 KB<\/div>\n            <\/div>\n            <div class=\"ml-3\">\n                <a class='wpdm-download-link download-on-click btn btn-primary btn-xs' rel='nofollow' href='#' data-downloadurl=\"http:\/\/lagh-univ.dz\/download\/%d8%a7%d9%84%d8%b3%d9%8a%d8%b1%d8%a9-%d8%a7%d9%84%d8%b0%d8%a7%d8%aa%d9%8a%d8%a9-%d9%84%d9%85%d8%af%d9%8a%d8%b1-%d8%a7%d9%84%d9%85%d8%ae%d8%a8%d8%b1-2\/?wpdmdl=28368&refresh=69dba70c5185f1776002828\">T\u00e9l\u00e9charger<\/a>\n            <\/div>\n        <\/div>\n    <\/div>\n<\/div>\n\n<\/div><\/strong><\/span><\/p>\n","protected":false},"excerpt":{"rendered":"<p>Laboratoire de Mat\u00e9riaux et R\u00e9habilitation de Structures (SREML) &nbsp; &nbsp; Directeur De Laboratoire mail: a.zaidi@lagh-univ.dz \u00a0\u00a0\u00a0\u00a0\u00a0\u00a0\u00a0\u00a0\u00a0\u00a0\u00a0\u00a0\u00a0 sreml@lagh-univ.dz \u00a0\u00a0 Phone :\u00a0\u00a0 \u00a0213-663-180-114 (Mobile Perso\u00a0 Web-Site\u00a0 Page: http:\/\/perso.lagh-univ.dz\/~azaidi\/ Lab. Web-Site :\u00a0 http:\/\/sreml.lagh-univ.dz\/\u00a0 Pr\u00e9sentation du laboratoire Le laboratoire de mat\u00e9riaux et r\u00e9habilitation de structures (SREML) fut fond\u00e9 en 2012 par le minist\u00e8re d\u2019enseignement sup\u00e9rieur et de la recherche [&hellip;]<\/p>\n","protected":false},"author":18,"featured_media":0,"parent":0,"menu_order":0,"comment_status":"closed","ping_status":"closed","template":"elementor_header_footer","meta":{"_exactmetrics_skip_tracking":false,"_exactmetrics_sitenote_active":false,"_exactmetrics_sitenote_note":"","_exactmetrics_sitenote_category":0,"footnotes":""},"coauthors":[527],"class_list":["post-8986","page","type-page","status-publish","hentry"],"_links":{"self":[{"href":"http:\/\/lagh-univ.dz\/fr\/wp-json\/wp\/v2\/pages\/8986","targetHints":{"allow":["GET"]}}],"collection":[{"href":"http:\/\/lagh-univ.dz\/fr\/wp-json\/wp\/v2\/pages"}],"about":[{"href":"http:\/\/lagh-univ.dz\/fr\/wp-json\/wp\/v2\/types\/page"}],"author":[{"embeddable":true,"href":"http:\/\/lagh-univ.dz\/fr\/wp-json\/wp\/v2\/users\/18"}],"replies":[{"embeddable":true,"href":"http:\/\/lagh-univ.dz\/fr\/wp-json\/wp\/v2\/comments?post=8986"}],"version-history":[{"count":3,"href":"http:\/\/lagh-univ.dz\/fr\/wp-json\/wp\/v2\/pages\/8986\/revisions"}],"predecessor-version":[{"id":28656,"href":"http:\/\/lagh-univ.dz\/fr\/wp-json\/wp\/v2\/pages\/8986\/revisions\/28656"}],"wp:attachment":[{"href":"http:\/\/lagh-univ.dz\/fr\/wp-json\/wp\/v2\/media?parent=8986"}],"wp:term":[{"taxonomy":"author","embeddable":true,"href":"http:\/\/lagh-univ.dz\/fr\/wp-json\/wp\/v2\/coauthors?post=8986"}],"curies":[{"name":"wp","href":"https:\/\/api.w.org\/{rel}","templated":true}]}}