{"id":8990,"date":"2019-01-18T08:46:12","date_gmt":"2019-01-18T10:46:12","guid":{"rendered":"http:\/\/lagh-univ.dz\/laboratoires-des-recherches-sreml-equipements\/"},"modified":"2020-02-18T08:43:51","modified_gmt":"2020-02-18T10:43:51","slug":"laboratoires-des-recherches-sreml-equipements","status":"publish","type":"page","link":"http:\/\/lagh-univ.dz\/fr\/laboratoires-des-recherches-sreml-equipements\/","title":{"rendered":"Laboratoires des recherches- SREML-\u00c9quipements"},"content":{"rendered":"<p>&nbsp;<\/p>\n<p style=\"text-align: center\"><strong><span style=\"font-family: 'Book Antiqua', Palatino;font-size: 14pt;color: #000000\">\u00c9quipements disponibles<\/span><\/strong><\/p>\n<p style=\"text-align: left\"><span style=\"font-family: 'Book Antiqua', Palatino;font-size: 14pt;color: #000000\">\uf0a7 Machine de flexion 300kN.<\/span><br \/>\n<span style=\"font-family: 'Book Antiqua', Palatino;font-size: 14pt;color: #000000\">\uf0a7 Chambre de carbonatation.<\/span><br \/>\n<span style=\"font-family: 'Book Antiqua', Palatino;font-size: 14pt;color: #000000\">\uf0a7 Perm\u00e9abilit\u00e9 \u00e0 l\u2019oxyg\u00e8ne.<\/span><br \/>\n<span style=\"font-family: 'Book Antiqua', Palatino;font-size: 14pt;color: #000000\">\uf0a7 Machine de traction 100kN.<\/span><br \/>\n<span style=\"font-family: 'Book Antiqua', Palatino;font-size: 14pt;color: #000000\">\uf0a7 Machine d\u2019essai de compression 2000 KN<\/span><br \/>\n<span style=\"font-family: 'Book Antiqua', Palatino;font-size: 14pt;color: #000000\">\uf0a7 Malaxeurs \u00e0 mortier.<\/span><br \/>\n<span style=\"font-family: 'Book Antiqua', Palatino;font-size: 14pt;color: #000000\">\uf0a7 Malaxeurs \u00e0 b\u00e9ton.<\/span><br \/>\n<span style=\"font-family: 'Book Antiqua', Palatino;font-size: 14pt;color: #000000\">\uf0a7 Moules en aciers<\/span><br \/>\n<span style=\"font-family: 'Book Antiqua', Palatino;font-size: 14pt;color: #000000\">\uf0a7 Chambre de conservations.<\/span><br \/>\n<span style=\"font-family: 'Book Antiqua', Palatino;font-size: 14pt;color: #000000\">\uf0a7 Scl\u00e9rom\u00e8tre \u00e0 b\u00e9ton.<\/span><br \/>\n<span style=\"font-family: 'Book Antiqua', Palatino;font-size: 14pt;color: #000000\">\uf0a7 Tamis pour analyse granulom\u00e9trique.<\/span><br \/>\n<span style=\"font-family: 'Book Antiqua', Palatino;font-size: 14pt;color: #000000\">\uf0a7 Etuve de s\u00e9chage.<\/span><br \/>\n<span style=\"font-family: 'Book Antiqua', Palatino;font-size: 14pt;color: #000000\">\uf0a7 Balances \u00e9lectroniques.<\/span><br \/>\n<span style=\"font-family: 'Book Antiqua', Palatino;font-size: 14pt;color: #000000\">\uf0a7 Appareil ultra-sons.<\/span><br \/>\n<span style=\"font-family: 'Book Antiqua', Palatino;font-size: 14pt;color: #000000\">\uf0a7 Appareil de Vicat.<\/span><br \/>\n<span style=\"font-family: 'Book Antiqua', Palatino;font-size: 14pt;color: #000000\">\uf0a7 Equipements BAP.<\/span><br \/>\n<span style=\"font-family: 'Book Antiqua', Palatino;font-size: 14pt;color: #000000\">\uf0a7 Maniabilim\u00e8tres.<\/span><br \/>\n<span style=\"font-family: 'Book Antiqua', Palatino;font-size: 14pt;color: #000000\">\uf0a7 Plongeur.<\/span><br \/>\n<span style=\"font-family: 'Book Antiqua', Palatino;font-size: 14pt;color: #000000\">\uf0a7 Fours.<\/span><\/p>\n","protected":false},"excerpt":{"rendered":"<p>&nbsp; \u00c9quipements disponibles \uf0a7 Machine de flexion 300kN. \uf0a7 Chambre de carbonatation. \uf0a7 Perm\u00e9abilit\u00e9 \u00e0 l\u2019oxyg\u00e8ne. \uf0a7 Machine de traction 100kN. \uf0a7 Machine d\u2019essai de compression 2000 KN \uf0a7 Malaxeurs \u00e0 mortier. \uf0a7 Malaxeurs \u00e0 b\u00e9ton. \uf0a7 Moules en aciers \uf0a7 Chambre de conservations. \uf0a7 Scl\u00e9rom\u00e8tre \u00e0 b\u00e9ton. \uf0a7 Tamis pour analyse granulom\u00e9trique. \uf0a7 Etuve [&hellip;]<\/p>\n","protected":false},"author":18,"featured_media":0,"parent":0,"menu_order":0,"comment_status":"closed","ping_status":"closed","template":"elementor_header_footer","meta":{"_exactmetrics_skip_tracking":false,"_exactmetrics_sitenote_active":false,"_exactmetrics_sitenote_note":"","_exactmetrics_sitenote_category":0,"footnotes":""},"coauthors":[527],"class_list":["post-8990","page","type-page","status-publish","hentry"],"_links":{"self":[{"href":"http:\/\/lagh-univ.dz\/fr\/wp-json\/wp\/v2\/pages\/8990","targetHints":{"allow":["GET"]}}],"collection":[{"href":"http:\/\/lagh-univ.dz\/fr\/wp-json\/wp\/v2\/pages"}],"about":[{"href":"http:\/\/lagh-univ.dz\/fr\/wp-json\/wp\/v2\/types\/page"}],"author":[{"embeddable":true,"href":"http:\/\/lagh-univ.dz\/fr\/wp-json\/wp\/v2\/users\/18"}],"replies":[{"embeddable":true,"href":"http:\/\/lagh-univ.dz\/fr\/wp-json\/wp\/v2\/comments?post=8990"}],"version-history":[{"count":3,"href":"http:\/\/lagh-univ.dz\/fr\/wp-json\/wp\/v2\/pages\/8990\/revisions"}],"predecessor-version":[{"id":28609,"href":"http:\/\/lagh-univ.dz\/fr\/wp-json\/wp\/v2\/pages\/8990\/revisions\/28609"}],"wp:attachment":[{"href":"http:\/\/lagh-univ.dz\/fr\/wp-json\/wp\/v2\/media?parent=8990"}],"wp:term":[{"taxonomy":"author","embeddable":true,"href":"http:\/\/lagh-univ.dz\/fr\/wp-json\/wp\/v2\/coauthors?post=8990"}],"curies":[{"name":"wp","href":"https:\/\/api.w.org\/{rel}","templated":true}]}}