{"id":9205,"date":"2018-07-18T19:10:15","date_gmt":"2018-07-18T21:10:15","guid":{"rendered":"http:\/\/lagh-univ.dz\/technologie-faculte-mot-de-doyen\/"},"modified":"2020-02-10T07:07:22","modified_gmt":"2020-02-10T09:07:22","slug":"technologie-faculte-mot-de-doyen","status":"publish","type":"page","link":"http:\/\/lagh-univ.dz\/fr\/faculte-de-technologie\/technologie-faculte-mot-de-doyen\/","title":{"rendered":"Technologie-Facult\u00e9-mot de doyen"},"content":{"rendered":"<p dir=\"ltr\"><img decoding=\"async\" class=\" wp-image-18449 alignright\" src=\"http:\/\/lagh-univ.dz\/wp-content\/uploads\/2019\/11\/cheknan-275x300.jpg\" alt=\"\" width=\"171\" height=\"187\" srcset=\"http:\/\/lagh-univ.dz\/wp-content\/uploads\/2019\/11\/cheknan-275x300.jpg 275w, http:\/\/lagh-univ.dz\/wp-content\/uploads\/2019\/11\/cheknan.jpg 278w\" sizes=\"(max-width: 171px) 100vw, 171px\" \/><\/p>\n<p dir=\"ltr\" style=\"text-align: left\"><span style=\"font-family: 'book antiqua', palatino, serif;font-size: 14pt\">\u00a0\u00a0 <\/span><\/p>\n<p dir=\"ltr\" style=\"text-align: left\"><span style=\"font-family: Book Antiqua, Palatino;font-size: 14pt\">\u00a0\u00a0\u00a0\u00a0\u00a0\u00a0\u00a0 La facult\u00e9 de technologie\u00a0\u00a0de l\u2019Universit\u00e9\u00a0 Amar Telidji de Laghouat\u00a0 ouvre ses portes \u00e0 ceux qui ont choisi des \u00e9tudes dans le domaine des sciences et technologie ST. Nos \u00e9tudiants b\u00e9n\u00e9ficient d\u2019une formation th\u00e9orique et pratique gr\u00e2ce \u00e0 un encadrement de niveau tr\u00e8s appr\u00e9ciable en enseignants chercheurs qui travaillent avec d\u00e9vouement, professionnalisme et enthousiasme sans pareil en d\u00e9voilant les horizons \u00e0 nos \u00e9tudiants \u00a0vers le monde du travail ainsi qu\u2019\u00e0 la recherche scientifique. Je suis fier de notre facult\u00e9 qui est parmi les meilleures facult\u00e9s en Alg\u00e9rie et je r\u00e9jouis d\u2019avoir un encadrement de qualit\u00e9 et des infrastructures modernes administratives, p\u00e9dagogiques et de recherche cr\u00e9ant ainsi un environnement mat\u00e9riel de travail satisfaisant.\u00a0<\/span><\/p>\n<p dir=\"ltr\" style=\"text-align: left\"><span style=\"font-family: Book Antiqua, Palatino;font-size: 14pt\">\u00a0 \u00a0 \u00a0La facult\u00e9 de technologie assure des formations en licence, master et doctorat dans les diff\u00e9rentes fili\u00e8res du domaine ST.\u00a0Nous sommes tr\u00e8s soucieux d\u2019accompagner\u00a0 et de soutenir notre \u00e9tudiant le plus efficacement possible pour\u00a0une orientation qui lui convient, et qui peut aboutir; parce que le choix universitaire est d\u00e9terminant pour son avenir. A cet effet, nous organisons\u00a0r\u00e9guli\u00e8rement, \u00e0 chaque rentr\u00e9e universitaire, des journ\u00e9es d\u2019information et d\u2019orientation au niveau de notre facult\u00e9 au profit\u00a0 des nouveaux \u00e9tudiants. Ces journ\u00e9es visent, notamment, \u00e0 informer ces \u00e9tudiants sur les diff\u00e9rentes fili\u00e8res du domaine ST ouvertes au sein de notre facult\u00e9 \u00a0et \u00e0 leur permettre d\u2019en savoir davantage sur leurs droits et leurs obligations tout\u00a0en \u00e9tant\u00a0\u00e0\u00a0leur \u00e9coute\u00a0et\u00a0en tenant compte de leurs pr\u00e9occupations pour les informer et les guider dans leur cursus universitaire.\u00a0<\/span><\/p>\n<p dir=\"ltr\" style=\"text-align: left\"><span style=\"font-family: Book Antiqua, Palatino;font-size: 14pt\">\u00a0 \u00a0 \u00a0Les relations avec l\u2019environnement socio-\u00e9conomique s\u2019est inscrite comme une de nos priorit\u00e9s.\u00a0 A cet \u00e9gard, la facult\u00e9 de technologie organise chaque fois des rencontres avec des partenaires industriels pour leur faire conna\u00eetre les formations et les activit\u00e9s de recherche de notre facult\u00e9, et \u00a0faire rencontrer aux universitaires(enseignants et \u00e9tudiants) les professionnels industriels. Et afin de mettre\u00a0en\u00a0pratique les\u00a0apports th\u00e9oriques de la formation, ces partenaires socio-\u00e9conomiques, publics et priv\u00e9s, \u00a0permettent \u00e0 nos \u00e9tudiants en Licence et Master d\u2019effectuer leurs stages pratiques dans leurs entreprises en rapport avec leur sp\u00e9cialit\u00e9, car cela constitue une \u00e9tape cruciale qui pr\u00e9pare\u00a0les \u00e9tudiants\u00a0au monde du travail.<\/span><\/p>\n<p dir=\"ltr\" style=\"text-align: left\"><span style=\"font-family: Book Antiqua, Palatino;font-size: 14pt\">\u00a0 \u00a0 Sans oublier, bien \u00e9videmment, les laboratoires de recherche qui contribuent\u00a0pour\u00a0une part essentielle dans l\u2019accueil des \u00e9tudiants en master qui peuvent profiter d\u2019une fen\u00eatre sur le monde de la recherche,\u00a0et les chercheurs pr\u00e9parant une th\u00e8se de doctorat en sciences et technologie.<\/span><\/p>\n<p dir=\"ltr\" style=\"text-align: left\"><span style=\"font-family: Book Antiqua, Palatino;font-size: 14pt\">\u00a0 \u00a0 \u00a0 Je veille toujours \u00e0 entretenir des relations de confiance par l\u2019\u00e9coute et le dialogue\u00a0avec mes partenaires\u00a0: enseignants, \u00e9tudiants et travailleurs.<\/span><\/p>\n<p dir=\"ltr\" style=\"text-align: left\"><span style=\"font-family: Book Antiqua, Palatino;font-size: 14pt\">\u00a0 \u00a0 Avec un esprit d\u2019\u00e9quipe, je vise l\u2019excellence par l\u2019am\u00e9lioration de la qualit\u00e9 de nos services. Et l\u00e0,\u00a0c\u2019est\u00a0vraiment\u00a0un d\u00e9fi pour moi\u00a0!<\/span><\/p>\n<p dir=\"ltr\" style=\"text-align: left\"><span style=\"font-family: Book Antiqua, Palatino;font-size: 14pt\">\u00a0 \u00a0 \u00a0Enfin, n\u2019h\u00e9sitez pas\u00a0\u00e0\u00a0visiter\u00a0r\u00e9guli\u00e8rement\u00a0notre site\u00a0web pour\u00a0rester au\u00a0courant\u00a0des derni\u00e8res\u00a0informations\u00a0de notre facult\u00e9: www.lagh-univ.dz.<\/span><\/p>\n<p dir=\"ltr\" style=\"text-align: left\"><span style=\"font-family: Book Antiqua, Palatino;font-size: 14pt\"><em><strong>\u00a0Professeur Ali Cheknane<\/strong><\/em><\/span><\/p>\n<p dir=\"ltr\" style=\"text-align: left\"><span style=\"font-size: 14pt;font-family: Book Antiqua, Palatino\"><em><strong>Doyen<\/strong><\/em><\/span><\/p>\n<p>&nbsp;<\/p>\n<p dir=\"ltr\" style=\"text-align: justify\"><span style=\"font-family: 'book antiqua', palatino, serif;font-size: 14pt\">\u00a0<\/span><\/p>\n","protected":false},"excerpt":{"rendered":"<p>\u00a0\u00a0 \u00a0\u00a0\u00a0\u00a0\u00a0\u00a0\u00a0 La facult\u00e9 de technologie\u00a0\u00a0de l\u2019Universit\u00e9\u00a0 Amar Telidji de Laghouat\u00a0 ouvre ses portes \u00e0 ceux qui ont choisi des \u00e9tudes dans le domaine des sciences et technologie ST. Nos \u00e9tudiants b\u00e9n\u00e9ficient d\u2019une formation th\u00e9orique et pratique gr\u00e2ce \u00e0 un encadrement de niveau tr\u00e8s appr\u00e9ciable en enseignants chercheurs qui travaillent avec d\u00e9vouement, professionnalisme et enthousiasme [&hellip;]<\/p>\n","protected":false},"author":1,"featured_media":0,"parent":6784,"menu_order":0,"comment_status":"closed","ping_status":"closed","template":"elementor_header_footer","meta":{"_exactmetrics_skip_tracking":false,"_exactmetrics_sitenote_active":false,"_exactmetrics_sitenote_note":"","_exactmetrics_sitenote_category":0,"footnotes":""},"coauthors":[217,533],"class_list":["post-9205","page","type-page","status-publish","hentry"],"_links":{"self":[{"href":"http:\/\/lagh-univ.dz\/fr\/wp-json\/wp\/v2\/pages\/9205","targetHints":{"allow":["GET"]}}],"collection":[{"href":"http:\/\/lagh-univ.dz\/fr\/wp-json\/wp\/v2\/pages"}],"about":[{"href":"http:\/\/lagh-univ.dz\/fr\/wp-json\/wp\/v2\/types\/page"}],"author":[{"embeddable":true,"href":"http:\/\/lagh-univ.dz\/fr\/wp-json\/wp\/v2\/users\/1"}],"replies":[{"embeddable":true,"href":"http:\/\/lagh-univ.dz\/fr\/wp-json\/wp\/v2\/comments?post=9205"}],"version-history":[{"count":8,"href":"http:\/\/lagh-univ.dz\/fr\/wp-json\/wp\/v2\/pages\/9205\/revisions"}],"predecessor-version":[{"id":24643,"href":"http:\/\/lagh-univ.dz\/fr\/wp-json\/wp\/v2\/pages\/9205\/revisions\/24643"}],"up":[{"embeddable":true,"href":"http:\/\/lagh-univ.dz\/fr\/wp-json\/wp\/v2\/pages\/6784"}],"wp:attachment":[{"href":"http:\/\/lagh-univ.dz\/fr\/wp-json\/wp\/v2\/media?parent=9205"}],"wp:term":[{"taxonomy":"author","embeddable":true,"href":"http:\/\/lagh-univ.dz\/fr\/wp-json\/wp\/v2\/coauthors?post=9205"}],"curies":[{"name":"wp","href":"https:\/\/api.w.org\/{rel}","templated":true}]}}