{"id":9213,"date":"2018-07-18T18:59:58","date_gmt":"2018-07-18T18:59:58","guid":{"rendered":"http:\/\/lagh-univ.dz\/technologie-faculte-conseil-d-administration\/"},"modified":"2019-11-07T05:59:45","modified_gmt":"2019-11-07T07:59:45","slug":"technologie-faculte-conseil-d-administration","status":"publish","type":"page","link":"http:\/\/lagh-univ.dz\/fr\/faculte-de-technologie\/technologie-faculte-conseil-d-administration\/","title":{"rendered":"Technologie-Facult\u00e9- conseil-d-administration"},"content":{"rendered":"<table style=\"width: 731px;height: 1372px\" border=\"1\" width=\"620\">\n<tbody>\n<tr style=\"background-color: #004080\">\n<td style=\"text-align: left;height: 25px;width: 721px\" colspan=\"2\"><strong><span style=\"font-family: arabic-kufi;font-size: 14pt\"><span style=\"color: #ffffff\">Pr\u00e9sident du Conseil d&rsquo;administration de la Facult\u00e9<\/span><\/span><\/strong><\/td>\n<\/tr>\n<tr style=\"height: 25px\">\n<td style=\"width: 437px;text-align: left;height: 25px\"><strong><span style=\"color: #000000;font-family: arabic-kufi;font-size: 14pt\">Pr\u00e9sident du Conseil Scientifique<\/span><\/strong><\/td>\n<td style=\"width: 278px;text-align: left;height: 25px\"><strong><span style=\"color: #000000;font-family: arabic-kufi;font-size: 14pt\">Benhorma Hadj Aissa<\/span><\/strong><\/td>\n<\/tr>\n<tr style=\"background-color: #004080\">\n<td style=\"text-align: left;height: 25px;width: 721px\" colspan=\"2\"><strong><span style=\"font-family: arabic-kufi;font-size: 14pt\"><span style=\"color: #ffffff\">Doyen <\/span><\/span><\/strong><\/td>\n<\/tr>\n<tr style=\"height: 25px\">\n<td style=\"width: 437px;text-align: left;height: 25px\"><strong><span style=\"color: #000000;font-family: arabic-kufi;font-size: 14pt\">Doyen de la facult\u00e9<\/span><\/strong><\/td>\n<td style=\"width: 278px;text-align: left;height: 25px\"><strong><span style=\"color: #000000;font-family: arabic-kufi;font-size: 14pt\">Cheknane Ali<\/span><\/strong><\/td>\n<\/tr>\n<tr style=\"background-color: #004080\">\n<td style=\"text-align: left;height: 25px;width: 721px\" colspan=\"2\"><strong><span style=\"font-family: arabic-kufi;font-size: 14pt\"><span style=\"color: #ffffff\">Chefs des D\u00e9partements <\/span><\/span><\/strong><\/td>\n<\/tr>\n<tr style=\"height: 25px\">\n<td style=\"width: 437px;text-align: left;height: 25px\"><strong><span style=\"color: #000000;font-family: arabic-kufi;font-size: 14pt\">G\u00e9nie M\u00e9canique<\/span><\/strong><\/td>\n<td style=\"width: 278px;text-align: left;height: 25px\"><strong><span style=\"color: #000000;font-family: arabic-kufi;font-size: 14pt\">Aouissi Mokhtar<\/span><\/strong><\/td>\n<\/tr>\n<tr style=\"height: 25px\">\n<td style=\"width: 437px;text-align: left;height: 25px\"><strong><span style=\"color: #000000;font-family: arabic-kufi;font-size: 14pt\">G\u00e9nie Des proc\u00e8des<\/span><\/strong><\/td>\n<td style=\"width: 278px;text-align: left;height: 25px\"><strong><span style=\"color: #000000;font-family: arabic-kufi;font-size: 14pt\">Taouti Mohammed Benabdellah <\/span><\/strong><\/td>\n<\/tr>\n<tr style=\"height: 25px\">\n<td style=\"width: 437px;text-align: left;height: 25px\"><strong><span style=\"font-family: arabic-kufi;font-size: 14pt\"><span style=\"color: #000000\">\u00c9lectrotechnique<\/span><\/span><\/strong><\/td>\n<td style=\"width: 278px;text-align: left;height: 25px\"><strong><span style=\"color: #000000;font-family: arabic-kufi;font-size: 14pt\">youcfi belkacem<\/span><\/strong><\/td>\n<\/tr>\n<tr style=\"height: 25px\">\n<td style=\"width: 437px;text-align: left;height: 25px\"><strong><span style=\"color: #000000;font-family: arabic-kufi;font-size: 14pt\">Electronique <\/span><\/strong><\/td>\n<td style=\"width: 278px;text-align: left;height: 25px\"><strong><span style=\"font-family: arabic-kufi;font-size: 14pt\">Merrah Lahcen<\/span><\/strong><\/td>\n<\/tr>\n<tr style=\"background-color: #004080\">\n<td style=\"text-align: left;height: 49px;width: 721px\" colspan=\"2\"><strong><span style=\"font-family: arabic-kufi;font-size: 14pt\"><span style=\"color: #ffffff\">Repr\u00e9sentants des Enseignants de Rang Magistral des d\u00e9partements)<\/span><\/span><\/strong><\/td>\n<\/tr>\n<tr style=\"height: 49px\">\n<td style=\"width: 437px;text-align: left;height: 74px\" rowspan=\"2\"><strong><span style=\"color: #000000;font-family: arabic-kufi;font-size: 14pt\">G\u00e9nie M\u00e9canique<\/span><\/strong><\/td>\n<td style=\"text-align: left;height: 49px;width: 278px\"><strong><span style=\"color: #000000;font-family: arabic-kufi;font-size: 14pt\">Hamdi Nacereddine<\/span><\/strong><\/td>\n<\/tr>\n<tr style=\"height: 25px\">\n<td style=\"text-align: left;height: 25px;width: 278px\"><strong><span style=\"color: #000000;font-family: arabic-kufi;font-size: 14pt\">Belaid Salim<\/span><\/strong><\/td>\n<\/tr>\n<tr style=\"height: 25px\">\n<td style=\"width: 437px;text-align: left;height: 54px\" rowspan=\"2\"><strong><span style=\"font-family: arabic-kufi;font-size: 14pt\"><span style=\"color: #000000\">\u00c9lectrotechnique<\/span><\/span><\/strong><\/td>\n<td style=\"text-align: left;height: 29px;width: 278px\"><strong><span style=\"color: #000000;font-family: arabic-kufi;font-size: 14pt\">Ammeur Aissa<\/span><\/strong><\/td>\n<\/tr>\n<tr style=\"height: 25px\">\n<td style=\"text-align: left;height: 25px;width: 278px\"><strong><span style=\"color: #000000;font-family: arabic-kufi;font-size: 14pt\">Kouzi Katia<\/span><\/strong><\/td>\n<\/tr>\n<tr style=\"height: 25px\">\n<td style=\"width: 437px;text-align: left;height: 74px\" rowspan=\"2\"><strong><span style=\"color: #000000;font-family: arabic-kufi;font-size: 14pt\">Electronique <\/span><\/strong><\/td>\n<td style=\"text-align: left;height: 25px;width: 278px\"><strong><span style=\"font-family: arabic-kufi;font-size: 14pt\"><span style=\"color: #000000\">Elhadj Aissa Aboubakeur<\/span><\/span><\/strong><\/td>\n<\/tr>\n<tr style=\"height: 49px\">\n<td style=\"text-align: left;height: 49px;width: 278px\"><strong><span style=\"color: #000000;font-family: arabic-kufi;font-size: 14pt\">Ammeur Khaled<\/span><\/strong><\/td>\n<\/tr>\n<tr style=\"height: 49px\">\n<td style=\"width: 437px;text-align: left;height: 74px\" rowspan=\"2\"><strong><span style=\"color: #000000;font-family: arabic-kufi;font-size: 14pt\">G\u00e9nie Des proc\u00e8des<\/span><\/strong><\/td>\n<td style=\"text-align: left;height: 49px;width: 278px\"><strong><span style=\"color: #000000;font-family: arabic-kufi;font-size: 14pt\">Bakchiche Boulanouar<\/span><\/strong><\/td>\n<\/tr>\n<tr style=\"height: 25px\">\n<td style=\"text-align: left;height: 25px;width: 278px\"><strong><span style=\"color: #000000;font-family: arabic-kufi;font-size: 14pt\">Djadid Mabrouk<\/span><\/strong><\/td>\n<\/tr>\n<tr style=\"background-color: #004080\">\n<td style=\"width: 721px;text-align: left;height: 54px\" colspan=\"2\"><strong><span style=\"font-family: arabic-kufi;font-size: 14pt\"><span style=\"color: #ffffff\">Repr\u00e9sentants \u00e9lu des \u00e9tudiants des d\u00e9partements<\/span><\/span><\/strong><\/td>\n<\/tr>\n<tr style=\"height: 27px\">\n<td style=\"width: 437px;text-align: left;height: 27px\"><strong><span style=\"color: #000000;font-family: arabic-kufi;font-size: 14pt\">G\u00e9nie M\u00e9canique <\/span><\/strong><\/td>\n<td style=\"text-align: left;width: 278px;height: 27px\"><strong><span style=\"color: #000000;font-family: arabic-kufi;font-size: 14pt\">Hissab Abdelkrim<\/span><\/strong><\/td>\n<\/tr>\n<tr style=\"height: 27px\">\n<td style=\"width: 437px;text-align: left;height: 27px\"><strong><span style=\"color: #000000;font-family: arabic-kufi;font-size: 14pt\"><span style=\"font-family: arabic-kufi;font-size: 14pt\"><span style=\"color: #000000\">\u00c9lectrotechnique<\/span><\/span> <\/span><\/strong><\/td>\n<td style=\"text-align: left;width: 278px;height: 27px\"><strong><span style=\"color: #000000;font-family: arabic-kufi;font-size: 14pt\">Slimani Abdelkrim<\/span><\/strong><\/td>\n<\/tr>\n<tr style=\"height: 27px\">\n<td style=\"width: 437px;text-align: left;height: 27px\"><strong><span style=\"color: #000000;font-family: arabic-kufi;font-size: 14pt\">G\u00e9nie Des proc\u00e8des <\/span><\/strong><\/td>\n<td style=\"text-align: left;width: 278px;height: 27px\"><strong><span style=\"color: #000000;font-family: arabic-kufi;font-size: 14pt\">Boufateh Elhadj mohamed<\/span><\/strong><\/td>\n<\/tr>\n<tr style=\"height: 27px\">\n<td style=\"width: 437px;text-align: left;height: 27px\"><strong><span style=\"color: #000000;font-family: arabic-kufi;font-size: 14pt\">Electronique <\/span><\/strong><\/td>\n<td style=\"text-align: left;width: 278px;height: 27px\"><strong><span style=\"color: #000000;font-family: arabic-kufi;font-size: 14pt\">Kheireddine Moulay<\/span><\/strong><\/td>\n<\/tr>\n<tr style=\"background-color: #004080\">\n<td style=\"text-align: left;height: 17px;width: 721px\" colspan=\"2\"><strong><span style=\"font-family: arabic-kufi;font-size: 14pt\"><span style=\"color: #ffffff\">Les directeurs de laboratoires de recherche<\/span><\/span><\/strong><\/td>\n<\/tr>\n<tr style=\"height: 49px\">\n<td style=\"width: 437px;text-align: left;height: 49px\"><strong><span style=\"color: #000000;font-family: arabic-kufi;font-size: 14pt\">Telecommunication,Signaux et Syst\u00e8mes<\/span><\/strong><\/td>\n<td style=\"width: 278px;text-align: left;height: 49px\"><strong><span style=\"color: #000000;font-family: arabic-kufi;font-size: 14pt\">Belkheiri Mohamed<\/span><\/strong><\/td>\n<\/tr>\n<tr style=\"height: 73px\">\n<td style=\"width: 437px;text-align: left;height: 73px\"><strong><span style=\"color: #000000;font-family: arabic-kufi;font-size: 14pt\">Etude et d\u00e9veloppement de mat\u00e9riaux semi-conducteurs et Di\u00e9lectriques <\/span><\/strong><\/td>\n<td style=\"width: 278px;text-align: left;height: 73px\"><strong><span style=\"color: #000000;font-family: arabic-kufi;font-size: 14pt\">Segheir Taher<\/span><\/strong><\/td>\n<\/tr>\n<tr style=\"height: 73px\">\n<td style=\"width: 437px;text-align: left;height: 73px\"><strong><span style=\"color: #000000;font-family: arabic-kufi;font-size: 14pt\">Analyse et Commande des Syst\u00e8mes d\u2019\u00e9nergie et R\u00e9seaux Electrique (LACORSERE)<\/span><\/strong><\/td>\n<td style=\"width: 278px;text-align: left;height: 73px\"><strong><span style=\"color: #000000;font-family: arabic-kufi;font-size: 14pt\">Hadjadj Abdelchafik<\/span><\/strong><\/td>\n<\/tr>\n<tr style=\"height: 49px\">\n<td style=\"width: 437px;text-align: left;height: 49px\"><strong><span style=\"color: #000000;font-family: arabic-kufi;font-size: 14pt\">Semi-conducteurs et Mat\u00e9riaux Fonctionnels<\/span><\/strong><\/td>\n<td style=\"width: 278px;text-align: left;height: 49px\"><strong><span style=\"color: #000000;font-family: arabic-kufi;font-size: 14pt\">Chettih Saliha<\/span><\/strong><\/td>\n<\/tr>\n<tr style=\"height: 25px\">\n<td style=\"width: 437px;text-align: left;height: 25px\"><strong><span style=\"color: #000000;font-family: arabic-kufi;font-size: 14pt\">G\u00e9nie M\u00e9canique <\/span><\/strong><\/td>\n<td style=\"width: 278px;text-align: left;height: 25px\"><strong><span style=\"color: #000000;font-family: arabic-kufi;font-size: 14pt\">Benchatti Ahmed <\/span><\/strong><\/td>\n<\/tr>\n<tr style=\"height: 25px\">\n<td style=\"width: 437px;text-align: left;height: 25px\"><strong><span style=\"color: #000000;font-family: arabic-kufi;font-size: 14pt\">G\u00e9nie des proc\u00e8des<\/span><\/strong><\/td>\n<td style=\"width: 278px;text-align: left;height: 25px\"><strong><span style=\"color: #000000;font-family: arabic-kufi;font-size: 14pt\">Allaoui Omar<\/span><\/strong><\/td>\n<\/tr>\n<tr style=\"background-color: #004080\">\n<td style=\"text-align: left;width: 721px;height: 54px\" colspan=\"2\"><strong><span style=\"color: #ffffff;font-family: arabic-kufi;font-size: 14pt\">Responsable \u00e9lu des personnels administratifs ; techniques et de service<\/span><\/strong><\/td>\n<\/tr>\n<tr style=\"height: 26px\">\n<td style=\"text-align: left;width: 721px;height: 27px\" colspan=\"2\"><strong><span style=\"color: #000000;font-family: arabic-kufi;font-size: 14pt\">Benbahaz Mhamed<\/span><\/strong><\/td>\n<\/tr>\n<tr>\n<td style=\"text-align: left;width: 721px\" colspan=\"2\"><strong><span style=\"color: #000000;font-family: arabic-kufi;font-size: 14pt\">Berkat Mohamed<\/span><\/strong><\/td>\n<\/tr>\n<\/tbody>\n<\/table>\n<p>&nbsp;<\/p>\n","protected":false},"excerpt":{"rendered":"<p>Pr\u00e9sident du Conseil d&rsquo;administration de la Facult\u00e9 Pr\u00e9sident du Conseil Scientifique Benhorma Hadj Aissa Doyen Doyen de la facult\u00e9 Cheknane Ali Chefs des D\u00e9partements G\u00e9nie M\u00e9canique Aouissi Mokhtar G\u00e9nie Des proc\u00e8des Taouti Mohammed Benabdellah \u00c9lectrotechnique youcfi belkacem Electronique Merrah Lahcen Repr\u00e9sentants des Enseignants de Rang Magistral des d\u00e9partements) G\u00e9nie M\u00e9canique Hamdi Nacereddine Belaid Salim \u00c9lectrotechnique [&hellip;]<\/p>\n","protected":false},"author":1,"featured_media":0,"parent":6784,"menu_order":0,"comment_status":"closed","ping_status":"closed","template":"elementor_header_footer","meta":{"_exactmetrics_skip_tracking":false,"_exactmetrics_sitenote_active":false,"_exactmetrics_sitenote_note":"","_exactmetrics_sitenote_category":0,"footnotes":""},"coauthors":[217,533],"class_list":["post-9213","page","type-page","status-publish","hentry"],"_links":{"self":[{"href":"http:\/\/lagh-univ.dz\/fr\/wp-json\/wp\/v2\/pages\/9213","targetHints":{"allow":["GET"]}}],"collection":[{"href":"http:\/\/lagh-univ.dz\/fr\/wp-json\/wp\/v2\/pages"}],"about":[{"href":"http:\/\/lagh-univ.dz\/fr\/wp-json\/wp\/v2\/types\/page"}],"author":[{"embeddable":true,"href":"http:\/\/lagh-univ.dz\/fr\/wp-json\/wp\/v2\/users\/1"}],"replies":[{"embeddable":true,"href":"http:\/\/lagh-univ.dz\/fr\/wp-json\/wp\/v2\/comments?post=9213"}],"version-history":[{"count":5,"href":"http:\/\/lagh-univ.dz\/fr\/wp-json\/wp\/v2\/pages\/9213\/revisions"}],"predecessor-version":[{"id":17652,"href":"http:\/\/lagh-univ.dz\/fr\/wp-json\/wp\/v2\/pages\/9213\/revisions\/17652"}],"up":[{"embeddable":true,"href":"http:\/\/lagh-univ.dz\/fr\/wp-json\/wp\/v2\/pages\/6784"}],"wp:attachment":[{"href":"http:\/\/lagh-univ.dz\/fr\/wp-json\/wp\/v2\/media?parent=9213"}],"wp:term":[{"taxonomy":"author","embeddable":true,"href":"http:\/\/lagh-univ.dz\/fr\/wp-json\/wp\/v2\/coauthors?post=9213"}],"curies":[{"name":"wp","href":"https:\/\/api.w.org\/{rel}","templated":true}]}}