{"id":9215,"date":"2018-07-18T19:01:29","date_gmt":"2018-07-18T19:01:29","guid":{"rendered":"http:\/\/lagh-univ.dz\/technologie-faculte-conseil-scientifque\/"},"modified":"2020-02-16T09:34:40","modified_gmt":"2020-02-16T11:34:40","slug":"technologie-faculte-conseil-scientifque","status":"publish","type":"page","link":"http:\/\/lagh-univ.dz\/fr\/faculte-de-technologie\/technologie-faculte-conseil-scientifque\/","title":{"rendered":"Technologie-Facult\u00e9- conseil scientifque"},"content":{"rendered":"<p>.<\/p>\n<table class=\" alignleft\" style=\"width: 620px\" width=\"620\">\n<tbody>\n<tr style=\"background-color: #004080\">\n<td style=\"width: 610px;background-color: #f2c80c;text-align: left\" colspan=\"2\"><span style=\"color: #ffffff\"><strong><span style=\"font-family: 'Book Antiqua', Palatino;font-size: 14pt\">Pr\u00e9sident du Conseil Scientifique de la Facult\u00e9<\/span><\/strong><\/span><\/td>\n<\/tr>\n<tr>\n<td style=\"width: 217px;text-align: left\"><span style=\"font-family: 'Book Antiqua', Palatino;font-size: 14pt\">Benhorma Hadj Aissa<\/span><\/td>\n<td style=\"width: 387px;text-align: left\"><span style=\"font-family: 'Book Antiqua', Palatino;font-size: 14pt\">Pr\u00e9sident du Conseil Scientifique<\/span><\/td>\n<\/tr>\n<tr style=\"background-color: #004080\">\n<td style=\"width: 610px;background-color: #f2c80c;text-align: left\" colspan=\"2\"><span style=\"color: #ffffff\"><strong><span style=\"font-family: 'Book Antiqua', Palatino;font-size: 14pt\">Doyen et Vices Doyen<\/span><\/strong><\/span><\/td>\n<\/tr>\n<tr>\n<td style=\"width: 217px;text-align: left\"><span style=\"font-family: 'Book Antiqua', Palatino;font-size: 14pt\">Cheknane Ali<\/span><\/td>\n<td style=\"width: 387px;text-align: left\"><span style=\"font-family: 'Book Antiqua', Palatino;font-size: 14pt;color: #000000\">Doyen de la facult\u00e9<\/span><\/td>\n<\/tr>\n<tr>\n<td style=\"width: 217px;text-align: left\"><span style=\"font-family: 'Book Antiqua', Palatino;font-size: 14pt\">Zoukel Abdelhalim<\/span><\/td>\n<td style=\"width: 387px;text-align: left\"><span style=\"font-family: 'Book Antiqua', Palatino;font-size: 14pt\">Vice doyen charg\u00e9 de la post graduation, relation ext\u00e9rieur et de la recherche scientifique<\/span><\/td>\n<\/tr>\n<tr>\n<td style=\"width: 217px;text-align: left\"><span style=\"font-family: 'Book Antiqua', Palatino;font-size: 14pt\">Lahdeb Mohammed<\/span><\/td>\n<td style=\"width: 387px;text-align: left\"><span style=\"font-family: 'Book Antiqua', Palatino;font-size: 14pt\">Vice doyen charg\u00e9 des Etudes et des questions li\u00e9es aux \u00e9tudiants<\/span><\/td>\n<\/tr>\n<tr style=\"background-color: #004080\">\n<td style=\"width: 610px;background-color: #f2c80c;text-align: left\" colspan=\"2\"><span style=\"color: #ffffff\"><strong><span style=\"font-family: 'Book Antiqua', Palatino;font-size: 14pt\">Chefs des D\u00e9partements<\/span><\/strong><\/span><\/td>\n<\/tr>\n<tr>\n<td style=\"width: 217px;text-align: left\"><span style=\"font-family: 'Book Antiqua', Palatino;font-size: 14pt\">Aouissi Mokhtar<\/span><\/td>\n<td style=\"width: 387px;text-align: left\"><span style=\"font-family: 'Book Antiqua', Palatino;font-size: 14pt\">G\u00e9nie M\u00e9canique<\/span><\/td>\n<\/tr>\n<tr>\n<td style=\"width: 217px;text-align: left\"><span style=\"font-family: 'Book Antiqua', Palatino;font-size: 14pt\">Taouti Mohammed Benabdellah<\/span><\/td>\n<td style=\"width: 387px;text-align: left\"><span style=\"font-family: 'Book Antiqua', Palatino;font-size: 14pt\">G\u00e9nie Des proc\u00e8des<\/span><\/td>\n<\/tr>\n<tr>\n<td style=\"width: 217px;text-align: left\"><span style=\"font-family: 'Book Antiqua', Palatino;font-size: 14pt\"> Ben messouad attallah<\/span><\/td>\n<td style=\"width: 387px;text-align: left\"><span style=\"font-family: 'Book Antiqua', Palatino;font-size: 14pt\">tronc commun Sciences et Technologie\u00a0 <\/span><\/td>\n<\/tr>\n<tr>\n<td style=\"width: 217px;text-align: left\"><span style=\"font-family: 'Book Antiqua', Palatino;font-size: 14pt\">Kouidri Mohammed Ali<\/span><\/td>\n<td style=\"width: 387px;text-align: left\"><span style=\"font-family: 'Book Antiqua', Palatino;font-size: 14pt\">Electrotechnique<\/span><\/td>\n<\/tr>\n<tr>\n<td style=\"width: 217px;text-align: left\"><span style=\"font-family: 'Book Antiqua', Palatino;font-size: 14pt\">Merah Lahcen<\/span><\/td>\n<td style=\"width: 387px;text-align: left\"><span style=\"font-family: 'Book Antiqua', Palatino;font-size: 14pt\">Electronique<\/span><\/td>\n<\/tr>\n<tr style=\"background-color: #004080\">\n<td style=\"width: 610px;background-color: #f2c80c;text-align: left\" colspan=\"2\"><span style=\"color: #ffffff\"><strong><span style=\"font-family: 'Book Antiqua', Palatino;font-size: 14pt\">Pr\u00e9sidents de comit\u00e9s scientifiques de d\u00e9partement<\/span><\/strong><\/span><\/td>\n<\/tr>\n<tr>\n<td style=\"width: 217px;text-align: left\"><span style=\"font-family: 'Book Antiqua', Palatino;font-size: 14pt\">Yousfi Ahmed<\/span><\/td>\n<td style=\"width: 387px;text-align: left\"><span style=\"font-family: 'Book Antiqua', Palatino;font-size: 14pt\">G\u00e9nie M\u00e9canique<\/span><\/td>\n<\/tr>\n<tr>\n<td style=\"width: 217px;text-align: left\"><span style=\"font-family: 'Book Antiqua', Palatino;font-size: 14pt\">Zegnini Boubakeur<\/span><\/td>\n<td style=\"width: 387px;text-align: left\"><span style=\"font-family: 'Book Antiqua', Palatino;font-size: 14pt\">Electrotechnique<\/span><\/td>\n<\/tr>\n<tr>\n<td style=\"width: 217px;text-align: left\"><span style=\"font-family: 'Book Antiqua', Palatino;font-size: 14pt\">\u00a0 lidjissi hamza<\/span><\/td>\n<td style=\"width: 387px;text-align: left\"><span style=\"font-family: 'Book Antiqua', Palatino;font-size: 14pt\">Electronique<\/span><\/td>\n<\/tr>\n<tr>\n<td style=\"width: 217px;text-align: left\"><span style=\"font-family: 'Book Antiqua', Palatino;font-size: 14pt\">Djedid Mebrouk<\/span><\/td>\n<td style=\"width: 387px;text-align: left\"><span style=\"font-family: 'Book Antiqua', Palatino;font-size: 14pt\">G\u00e9nie Des proc\u00e8des<\/span><\/td>\n<\/tr>\n<tr style=\"background-color: #004080\">\n<td style=\"width: 610px;background-color: #f2c80c;text-align: left\" colspan=\"2\"><span style=\"color: #ffffff\"><strong><span style=\"font-family: 'Book Antiqua', Palatino;font-size: 14pt\">Repr\u00e9sentants des Enseignants de Rang Magistral (02 par d\u00e9partements<\/span><\/strong><\/span><\/td>\n<\/tr>\n<tr>\n<td style=\"width: 217px;text-align: left\"><span style=\"font-family: 'Book Antiqua', Palatino;font-size: 14pt\">Benhorma\u00a0Hadj aissa<\/span><\/td>\n<td style=\"width: 387px;text-align: left\" rowspan=\"2\"><span style=\"font-family: 'Book Antiqua', Palatino;font-size: 14pt\">G\u00e9nie M\u00e9canique<\/span><\/td>\n<\/tr>\n<tr>\n<td style=\"width: 217px;text-align: left\"><span style=\"font-family: 'Book Antiqua', Palatino;font-size: 14pt\">Bouabdellah said<\/span><\/td>\n<\/tr>\n<tr>\n<td style=\"width: 217px;text-align: left\"><span style=\"font-family: 'Book Antiqua', Palatino;font-size: 14pt\">Arif Salem<\/span><\/td>\n<td style=\"width: 387px;text-align: left\" rowspan=\"2\"><span style=\"font-family: 'Book Antiqua', Palatino;font-size: 14pt\">Electrotechnique<\/span><\/td>\n<\/tr>\n<tr>\n<td style=\"width: 217px;text-align: left\"><span style=\"font-family: 'Book Antiqua', Palatino;font-size: 14pt\">Rogti Fatiha<\/span><\/td>\n<\/tr>\n<tr>\n<td style=\"width: 217px;text-align: left\"><span style=\"font-family: 'Book Antiqua', Palatino;font-size: 14pt\">Bouzouad Mouloud<\/span><\/td>\n<td style=\"width: 387px;text-align: left\" rowspan=\"2\"><span style=\"font-family: 'Book Antiqua', Palatino;font-size: 14pt\">Electronique<\/span><\/td>\n<\/tr>\n<tr>\n<td style=\"width: 217px;text-align: left\"><span style=\"font-family: 'Book Antiqua', Palatino;font-size: 14pt\">Boubakeur hadj Aissa<\/span><\/td>\n<\/tr>\n<tr>\n<td style=\"width: 217px;text-align: left\"><span style=\"font-family: 'Book Antiqua', Palatino;font-size: 14pt\">Chabira Salem Fouad<\/span><\/td>\n<td style=\"width: 387px;text-align: left\" rowspan=\"2\"><span style=\"font-family: 'Book Antiqua', Palatino;font-size: 14pt\">G\u00e9nie Des proc\u00e8des<\/span><\/td>\n<\/tr>\n<tr>\n<td style=\"width: 217px;text-align: left\"><span style=\"font-family: 'Book Antiqua', Palatino;font-size: 14pt\">Benalia Mokhtar<\/span><\/td>\n<\/tr>\n<tr style=\"background-color: #004080\">\n<td style=\"width: 610px;background-color: #f2c80c;text-align: left\" colspan=\"2\"><span style=\"color: #ffffff\"><strong><span style=\"font-family: 'Book Antiqua', Palatino;font-size: 14pt\">Repr\u00e9sentants des Maitres Assistants<\/span><\/strong><\/span><\/td>\n<\/tr>\n<tr>\n<td style=\"width: 217px;text-align: left\"><span style=\"font-family: 'Book Antiqua', Palatino;font-size: 14pt\">Ameur Khaled<\/span><\/td>\n<td style=\"width: 387px;text-align: left\"><span style=\"font-family: 'Book Antiqua', Palatino;font-size: 14pt\">Electronique<\/span><\/td>\n<\/tr>\n<tr>\n<td style=\"width: 217px;text-align: left\"><span style=\"font-family: 'Book Antiqua', Palatino;font-size: 14pt\">Bendjdia Bachir<\/span><\/td>\n<td style=\"width: 387px;text-align: left\"><span style=\"font-family: 'Book Antiqua', Palatino;font-size: 14pt\">\u00c9lectrotechnique<\/span><\/td>\n<\/tr>\n<tr style=\"background-color: #004080\">\n<td style=\"width: 610px;background-color: #f2c80c;text-align: left\" colspan=\"2\"><span style=\"color: #ffffff\"><strong><span style=\"font-family: 'Book Antiqua', Palatino;font-size: 14pt\">Les directeurs de laboratoires de recherche<\/span><\/strong><\/span><\/td>\n<\/tr>\n<tr>\n<td style=\"width: 217px;text-align: left\"><span style=\"font-family: 'Book Antiqua', Palatino;font-size: 14pt\">Belkheiri Mohamed<\/span><\/td>\n<td style=\"width: 387px;text-align: left\"><span style=\"font-family: 'Book Antiqua', Palatino;font-size: 14pt\">T\u00e9l\u00e9communication,Signaux et Syst\u00e8mes<\/span><\/td>\n<\/tr>\n<tr>\n<td style=\"width: 217px;text-align: left\"><span style=\"font-family: 'Book Antiqua', Palatino;font-size: 14pt\">Segheir Taher<\/span><\/td>\n<td style=\"width: 387px;text-align: left\"><span style=\"font-family: 'Book Antiqua', Palatino;font-size: 14pt\">Etude et d\u00e9veloppement de mat\u00e9riaux semi-conducteurs et Di\u00e9lectriques<\/span><\/td>\n<\/tr>\n<tr>\n<td style=\"width: 217px;text-align: left\"><span style=\"font-family: 'Book Antiqua', Palatino;font-size: 14pt\">Hadjadj Abdelchafik<\/span><\/td>\n<td style=\"width: 387px;text-align: left\"><span style=\"font-family: 'Book Antiqua', Palatino;font-size: 14pt\">Analyse et Commande des Syst\u00e8mes d\u2019\u00e9nergie et R\u00e9seaux Electrique (LACORSERE)<\/span><\/td>\n<\/tr>\n<tr>\n<td style=\"width: 217px;text-align: left\"><span style=\"font-family: 'Book Antiqua', Palatino;font-size: 14pt\">Chettih Saliha<\/span><\/td>\n<td style=\"width: 387px;text-align: left\"><span style=\"font-family: 'Book Antiqua', Palatino;font-size: 14pt\">Semi-conducteurs et Mat\u00e9riaux Fonctionnels<\/span><\/td>\n<\/tr>\n<tr>\n<td style=\"width: 217px;text-align: left\"><span style=\"font-family: 'Book Antiqua', Palatino;font-size: 14pt\">Benchatti \u00a0Ahmed<\/span><\/td>\n<td style=\"width: 387px;text-align: left\"><span style=\"font-family: 'Book Antiqua', Palatino;font-size: 14pt\">G\u00e9nie M\u00e9canique<\/span><\/td>\n<\/tr>\n<tr>\n<td style=\"width: 217px;text-align: left\"><span style=\"font-family: 'Book Antiqua', Palatino;font-size: 14pt\">Allaoui Omar<\/span><\/td>\n<td style=\"width: 387px;text-align: left\"><span style=\"font-family: 'Book Antiqua', Palatino;font-size: 14pt\">G\u00e9nie des proc\u00e8des<\/span><\/td>\n<\/tr>\n<tr style=\"background-color: #004080\">\n<td style=\"width: 610px;background-color: #f2c80c;text-align: left\" colspan=\"2\"><span style=\"color: #ffffff\"><strong><span style=\"font-family: 'Book Antiqua', Palatino;font-size: 14pt\">Responsable de la biblioth\u00e8que de facult\u00e9<\/span><\/strong><\/span><\/td>\n<\/tr>\n<tr>\n<td style=\"width: 610px;text-align: left\" colspan=\"2\">\n<p style=\"text-align: left\"><span style=\"font-family: 'Book Antiqua', Palatino;font-size: 14pt\">Belmadani Abdelkader<\/span><\/p>\n<\/td>\n<\/tr>\n<\/tbody>\n<\/table>\n<p dir=\"ltr\" style=\"text-align: left\"><span style=\"font-family: 'Book Antiqua', Palatino;font-size: 14pt;color: #ff0000\">Fonctions du conseil scientifique:<\/span><\/p>\n<p dir=\"ltr\" style=\"text-align: left\"><span style=\"font-family: 'Book Antiqua', Palatino;font-size: 14pt\">Le Conseil scientifique est un organe consultatif cr\u00e9\u00e9 au niveau du d\u00e9canat du Coll\u00e8ge conform\u00e9ment au d\u00e9cret ex\u00e9cutif n \u00b0 03-279 du 29 Jumada II 1424, correspondant au 23 ao\u00fbt 2003, qui d\u00e9finit les fonctions de l&rsquo;Universit\u00e9 et les r\u00e8gles de son organisation et de son fonctionnement, qui inclut \u00e9galement la composition du Conseil scientifique du Coll\u00e8ge.<\/span><\/p>\n<p dir=\"ltr\" style=\"text-align: left\"><span style=\"font-family: 'Book Antiqua', Palatino;font-size: 14pt\">Le conseil scientifique exprime ses avis et recommandations comme suit:<\/span><\/p>\n<ul>\n<li style=\"text-align: left\"><span style=\"font-family: 'Book Antiqua', Palatino;font-size: 14pt\">Organisation et contenu de l&rsquo;\u00e9ducation<\/span><\/li>\n<li style=\"text-align: left\"><span style=\"font-family: 'Book Antiqua', Palatino;font-size: 14pt\">Organisation des travaux de recherche<\/span><\/li>\n<li style=\"text-align: left\"><span style=\"font-family: 'Book Antiqua', Palatino;font-size: 14pt\">Suggestions de programmes de recherche<\/span><\/li>\n<li style=\"text-align: left\"><span style=\"font-family: 'Book Antiqua', Palatino;font-size: 14pt\">Suggestions pour cr\u00e9er ou fermer des sections et \/ ou des divisions, des unit\u00e9s et des laboratoires<\/span><\/li>\n<li style=\"text-align: left\"><span style=\"font-family: 'Book Antiqua', Palatino;font-size: 14pt\">Sp\u00e9cifications et besoins des enseignants<\/span><br \/>\n<span style=\"font-family: 'Book Antiqua', Palatino;font-size: 14pt\">Cela co\u00fbte plus que \u00e7a<\/span><\/li>\n<li style=\"text-align: left\"><span style=\"font-family: 'Book Antiqua', Palatino;font-size: 14pt\">Adopter des sujets de recherche post-universitaires et proposer des comit\u00e9s pour en discuter<\/span><br \/>\n<span style=\"font-family: 'Book Antiqua', Palatino;font-size: 14pt\">Proposition de comit\u00e9s de r\u00e9habilitation<\/span><\/li>\n<li style=\"text-align: left\"><span style=\"font-family: 'Book Antiqua', Palatino;font-size: 14pt\">\u00c9tudier les r\u00e9sultats des activit\u00e9s \u00e9ducatives et scientifiques de la facult\u00e9 envoy\u00e9es par le doyen de la facult\u00e9 au pr\u00e9sident de l&rsquo;universit\u00e9, ainsi que les avis et recommandations du conseil.<\/span><\/li>\n<li style=\"text-align: left\"><span style=\"font-family: 'Book Antiqua', Palatino;font-size: 14pt\">Il peut \u00eatre avis\u00e9 de toute autre question li\u00e9e \u00e0 l&rsquo;aspect p\u00e9dagogique ou scientifique pr\u00e9sent\u00e9 par le doyen<\/span><\/li>\n<\/ul>\n","protected":false},"excerpt":{"rendered":"<p>. Pr\u00e9sident du Conseil Scientifique de la Facult\u00e9 Benhorma Hadj Aissa Pr\u00e9sident du Conseil Scientifique Doyen et Vices Doyen Cheknane Ali Doyen de la facult\u00e9 Zoukel Abdelhalim Vice doyen charg\u00e9 de la post graduation, relation ext\u00e9rieur et de la recherche scientifique Lahdeb Mohammed Vice doyen charg\u00e9 des Etudes et des questions li\u00e9es aux \u00e9tudiants Chefs [&hellip;]<\/p>\n","protected":false},"author":13,"featured_media":0,"parent":6784,"menu_order":0,"comment_status":"closed","ping_status":"closed","template":"elementor_header_footer","meta":{"_exactmetrics_skip_tracking":false,"_exactmetrics_sitenote_active":false,"_exactmetrics_sitenote_note":"","_exactmetrics_sitenote_category":0,"footnotes":""},"coauthors":[533],"class_list":["post-9215","page","type-page","status-publish","hentry"],"_links":{"self":[{"href":"http:\/\/lagh-univ.dz\/fr\/wp-json\/wp\/v2\/pages\/9215","targetHints":{"allow":["GET"]}}],"collection":[{"href":"http:\/\/lagh-univ.dz\/fr\/wp-json\/wp\/v2\/pages"}],"about":[{"href":"http:\/\/lagh-univ.dz\/fr\/wp-json\/wp\/v2\/types\/page"}],"author":[{"embeddable":true,"href":"http:\/\/lagh-univ.dz\/fr\/wp-json\/wp\/v2\/users\/13"}],"replies":[{"embeddable":true,"href":"http:\/\/lagh-univ.dz\/fr\/wp-json\/wp\/v2\/comments?post=9215"}],"version-history":[{"count":11,"href":"http:\/\/lagh-univ.dz\/fr\/wp-json\/wp\/v2\/pages\/9215\/revisions"}],"predecessor-version":[{"id":27275,"href":"http:\/\/lagh-univ.dz\/fr\/wp-json\/wp\/v2\/pages\/9215\/revisions\/27275"}],"up":[{"embeddable":true,"href":"http:\/\/lagh-univ.dz\/fr\/wp-json\/wp\/v2\/pages\/6784"}],"wp:attachment":[{"href":"http:\/\/lagh-univ.dz\/fr\/wp-json\/wp\/v2\/media?parent=9215"}],"wp:term":[{"taxonomy":"author","embeddable":true,"href":"http:\/\/lagh-univ.dz\/fr\/wp-json\/wp\/v2\/coauthors?post=9215"}],"curies":[{"name":"wp","href":"https:\/\/api.w.org\/{rel}","templated":true}]}}