{"id":9219,"date":"2018-07-21T11:15:36","date_gmt":"2018-07-21T11:15:36","guid":{"rendered":"http:\/\/lagh-univ.dz\/technologie-departement-sciences-techniques\/"},"modified":"2020-08-27T11:02:42","modified_gmt":"2020-08-27T13:02:42","slug":"technologie-departement-sciences-techniques","status":"publish","type":"page","link":"http:\/\/lagh-univ.dz\/fr\/technologie-departement-sciences-techniques\/","title":{"rendered":"Technologie-Departement- sciences techniques"},"content":{"rendered":"<p style=\"text-align: center\"><span style=\"font-family: Book Antiqua, Palatino\"><img fetchpriority=\"high\" decoding=\"async\" class=\"alignnone  wp-image-28882\" src=\"http:\/\/lagh-univ.dz\/wp-content\/uploads\/2020\/02\/st-300x139.jpg\" alt=\"\" width=\"473\" height=\"219\" srcset=\"http:\/\/lagh-univ.dz\/wp-content\/uploads\/2020\/02\/st-300x139.jpg 300w, http:\/\/lagh-univ.dz\/wp-content\/uploads\/2020\/02\/st.jpg 467w\" sizes=\"(max-width: 473px) 100vw, 473px\" \/><\/span><\/p>\n<p style=\"text-align: center\"><span style=\"color: #0000ff;font-family: Book Antiqua, Palatino;font-size: 24pt\">Le D\u00e9partement du tronc commun Sciences et Technologie<\/span><\/p>\n<p dir=\"ltr\" style=\"text-align: left\"><span style=\"font-family: 'Book Antiqua', Palatino;font-size: 14pt\">\u00a0<\/span><\/p>\n<hr \/>\n<p dir=\"ltr\" style=\"text-align: left\"><span style=\"font-family: 'Book Antiqua', Palatino;font-size: 14pt\"><span style=\"color: #000000\"> \u00a0 \u00a0 \u00a0 \u00a0 \u00a0 \u00a0 \u00a0 \u00a0 \u00a0 <strong>Le D\u00e9partement du tronc commun Sciences et Technologie<\/strong> s&rsquo;est engag\u00e9 depuis 2013, dans une d\u00e9marche d&rsquo;approche programme, visant \u00e0 constamment am\u00e9liorer son offre de formation, \u00e0 concevoir des programmes adapt\u00e9s \u00e0 la diversit\u00e9 des nouveaux Bacheliers et \u00e0 promouvoir l&rsquo;innovation p\u00e9dagogique pour de meilleurs apprentissages. Ce processus qui implique un travail collectif et coll\u00e9gial doit nous permettre de relever les d\u00e9fis majeurs de l&rsquo;enseignement sup\u00e9rieur, facteur de promotion sociale : une offre de formation centr\u00e9e sur l&rsquo;apprentissage, un d\u00e9veloppement de comp\u00e9tences transversales et g\u00e9n\u00e9riques, une pr\u00e9paration \u00e0 l&rsquo;insertion socioprofessionnelle, une nationalisation des formations et un apprentissage tout au long de la vie. Ces engagements signent une volont\u00e9 de construire votre avenir et notre avenir ensemble.<\/span><\/span><\/p>\n<p>&nbsp;<\/p>\n<p dir=\"ltr\"><span style=\"font-family: 'Book Antiqua', Palatino;font-size: 14pt;color: #000000\">\u00a0\u00a0\u00a0\u00a0\u00a0\u00a0\u00a0\u00a0\u00a0\u00a0\u00a0\u00a0 Notre volont\u00e9 est de former des jeunes futurs dipl\u00f4m\u00e9s qui auront acquis les connaissances et les comp\u00e9tences n\u00e9cessaires \u00e0 l&rsquo;exercice de professions scientifiques, que ce soit dans les domaines de la recherche, du d\u00e9veloppement, de la production ou de l&rsquo;enseignement. Pour faire face aux constantes \u00e9volutions du monde professionnel, nos futurs dipl\u00f4m\u00e9s, quel que soit le niveau de dipl\u00f4me atteint (licence, master ou doctorat), seront capables, \u00e0 :<\/span><\/p>\n<ul>\n<li style=\"text-align: left\"><span style=\"font-family: 'Book Antiqua', Palatino;font-size: 14pt;color: #000000\">Ma\u00eetriser des savoirs disciplinaires et interdisciplinaires.<\/span><\/li>\n<li style=\"text-align: left\"><span style=\"font-family: 'Book Antiqua', Palatino;font-size: 14pt;color: #000000\">Appliquer une d\u00e9marche scientifique, d\u00e9velopper des id\u00e9es novatrices.<\/span><\/li>\n<li style=\"text-align: left\"><span style=\"font-family: 'Book Antiqua', Palatino;font-size: 14pt;color: #000000\">Etre autonome dans l\u2019apprentissage, dans des contextes diversifi\u00e9s.<\/span><\/li>\n<li style=\"text-align: left\"><span style=\"font-family: 'Book Antiqua', Palatino;font-size: 14pt;color: #000000\">Communiquer de fa\u00e7on claire, pr\u00e9cise, ouverte et efficace.<\/span><\/li>\n<li style=\"text-align: left\"><span style=\"font-family: 'Book Antiqua', Palatino;font-size: 14pt;color: #000000\">Travailler en \u00e9quipe et entretenir des relations interpersonnelles durables.<\/span><\/li>\n<\/ul>\n<p dir=\"ltr\"><span style=\"font-family: 'Book Antiqua', Palatino;font-size: 14pt;color: #000000\">Etre actif face aux changements et agir en acteur socialement responsable<\/span><\/p>\n<p dir=\"ltr\">\n","protected":false},"excerpt":{"rendered":"<p>Le D\u00e9partement du tronc commun Sciences et Technologie \u00a0 \u00a0 \u00a0 \u00a0 \u00a0 \u00a0 \u00a0 \u00a0 \u00a0 \u00a0 Le D\u00e9partement du tronc commun Sciences et Technologie s&rsquo;est engag\u00e9 depuis 2013, dans une d\u00e9marche d&rsquo;approche programme, visant \u00e0 constamment am\u00e9liorer son offre de formation, \u00e0 concevoir des programmes adapt\u00e9s \u00e0 la diversit\u00e9 des nouveaux Bacheliers et [&hellip;]<\/p>\n","protected":false},"author":33,"featured_media":0,"parent":0,"menu_order":0,"comment_status":"closed","ping_status":"closed","template":"elementor_header_footer","meta":{"_exactmetrics_skip_tracking":false,"_exactmetrics_sitenote_active":false,"_exactmetrics_sitenote_note":"","_exactmetrics_sitenote_category":0,"footnotes":""},"coauthors":[533],"class_list":["post-9219","page","type-page","status-publish","hentry"],"_links":{"self":[{"href":"http:\/\/lagh-univ.dz\/fr\/wp-json\/wp\/v2\/pages\/9219","targetHints":{"allow":["GET"]}}],"collection":[{"href":"http:\/\/lagh-univ.dz\/fr\/wp-json\/wp\/v2\/pages"}],"about":[{"href":"http:\/\/lagh-univ.dz\/fr\/wp-json\/wp\/v2\/types\/page"}],"author":[{"embeddable":true,"href":"http:\/\/lagh-univ.dz\/fr\/wp-json\/wp\/v2\/users\/33"}],"replies":[{"embeddable":true,"href":"http:\/\/lagh-univ.dz\/fr\/wp-json\/wp\/v2\/comments?post=9219"}],"version-history":[{"count":14,"href":"http:\/\/lagh-univ.dz\/fr\/wp-json\/wp\/v2\/pages\/9219\/revisions"}],"predecessor-version":[{"id":28907,"href":"http:\/\/lagh-univ.dz\/fr\/wp-json\/wp\/v2\/pages\/9219\/revisions\/28907"}],"wp:attachment":[{"href":"http:\/\/lagh-univ.dz\/fr\/wp-json\/wp\/v2\/media?parent=9219"}],"wp:term":[{"taxonomy":"author","embeddable":true,"href":"http:\/\/lagh-univ.dz\/fr\/wp-json\/wp\/v2\/coauthors?post=9219"}],"curies":[{"name":"wp","href":"https:\/\/api.w.org\/{rel}","templated":true}]}}