{"id":9223,"date":"2018-07-21T11:16:06","date_gmt":"2018-07-21T11:16:06","guid":{"rendered":"http:\/\/lagh-univ.dz\/technologie-departement-electronique\/"},"modified":"2020-02-18T14:45:48","modified_gmt":"2020-02-18T16:45:48","slug":"technologie-departement-electronique","status":"publish","type":"page","link":"http:\/\/lagh-univ.dz\/fr\/technologie-departement-electronique\/","title":{"rendered":"Technologie-Departement- Electronique"},"content":{"rendered":"<p dir=\"ltr\" style=\"text-align: center\"><span style=\"font-size: 24pt;font-family: Book Antiqua, Palatino;color: #008000\"><img fetchpriority=\"high\" decoding=\"async\" class=\"wp-image-28913 aligncenter\" src=\"http:\/\/lagh-univ.dz\/wp-content\/uploads\/2020\/02\/elt-n-300x195.jpg\" alt=\"\" width=\"458\" height=\"298\" srcset=\"http:\/\/lagh-univ.dz\/wp-content\/uploads\/2020\/02\/elt-n-300x195.jpg 300w, http:\/\/lagh-univ.dz\/wp-content\/uploads\/2020\/02\/elt-n.jpg 332w\" sizes=\"(max-width: 458px) 100vw, 458px\" \/>\u00a0<\/span><\/p>\n<p dir=\"ltr\" style=\"text-align: center\"><span style=\"font-size: 24pt;font-family: Book Antiqua, Palatino;color: #008000\">D\u00e9partement d\u2019\u00e9lectronique <\/span><\/p>\n<hr \/>\n<p dir=\"ltr\" style=\"text-align: left\"><span style=\"font-family: Book Antiqua, Palatino;font-size: 14pt;color: #008000\"><span style=\"color: #000000\">\u00a0 Le d\u00e9partement d\u2019\u00e9lectronique a \u00e9t\u00e9 cr\u00e9\u00e9 en juillet 2011 suite \u00e0 l\u2019\u00e9clatement de l\u2019ex d\u00e9partement de \u00a0g\u00e9nie \u00e9lectrique en deux d\u00e9partements, \u00e0 savoir le d\u00e9partement d&rsquo;\u00e9lectronique et le d\u00e9partement d\u2019\u00e9lectrotechnique. Le d\u00e9partement ouvre \u00a0des formations compatibles avec les besoins futurs, que ce soit dans le domaine de la recherche scientifique ou dans le domaine appliqu\u00e9 orient\u00e9 vers le secteur industriel.<\/span><\/span><\/p>\n<p dir=\"ltr\" style=\"text-align: left\"><span style=\"font-family: Book Antiqua, Palatino;font-size: 14pt;color: #008000\">.<\/span><\/p>\n<p dir=\"ltr\" style=\"text-align: left\">\n","protected":false},"excerpt":{"rendered":"<p>\u00a0 D\u00e9partement d\u2019\u00e9lectronique \u00a0 Le d\u00e9partement d\u2019\u00e9lectronique a \u00e9t\u00e9 cr\u00e9\u00e9 en juillet 2011 suite \u00e0 l\u2019\u00e9clatement de l\u2019ex d\u00e9partement de \u00a0g\u00e9nie \u00e9lectrique en deux d\u00e9partements, \u00e0 savoir le d\u00e9partement d&rsquo;\u00e9lectronique et le d\u00e9partement d\u2019\u00e9lectrotechnique. Le d\u00e9partement ouvre \u00a0des formations compatibles avec les besoins futurs, que ce soit dans le domaine de la recherche scientifique ou [&hellip;]<\/p>\n","protected":false},"author":13,"featured_media":0,"parent":0,"menu_order":0,"comment_status":"closed","ping_status":"closed","template":"elementor_header_footer","meta":{"_exactmetrics_skip_tracking":false,"_exactmetrics_sitenote_active":false,"_exactmetrics_sitenote_note":"","_exactmetrics_sitenote_category":0,"footnotes":""},"coauthors":[533],"class_list":["post-9223","page","type-page","status-publish","hentry"],"_links":{"self":[{"href":"http:\/\/lagh-univ.dz\/fr\/wp-json\/wp\/v2\/pages\/9223","targetHints":{"allow":["GET"]}}],"collection":[{"href":"http:\/\/lagh-univ.dz\/fr\/wp-json\/wp\/v2\/pages"}],"about":[{"href":"http:\/\/lagh-univ.dz\/fr\/wp-json\/wp\/v2\/types\/page"}],"author":[{"embeddable":true,"href":"http:\/\/lagh-univ.dz\/fr\/wp-json\/wp\/v2\/users\/13"}],"replies":[{"embeddable":true,"href":"http:\/\/lagh-univ.dz\/fr\/wp-json\/wp\/v2\/comments?post=9223"}],"version-history":[{"count":10,"href":"http:\/\/lagh-univ.dz\/fr\/wp-json\/wp\/v2\/pages\/9223\/revisions"}],"predecessor-version":[{"id":28923,"href":"http:\/\/lagh-univ.dz\/fr\/wp-json\/wp\/v2\/pages\/9223\/revisions\/28923"}],"wp:attachment":[{"href":"http:\/\/lagh-univ.dz\/fr\/wp-json\/wp\/v2\/media?parent=9223"}],"wp:term":[{"taxonomy":"author","embeddable":true,"href":"http:\/\/lagh-univ.dz\/fr\/wp-json\/wp\/v2\/coauthors?post=9223"}],"curies":[{"name":"wp","href":"https:\/\/api.w.org\/{rel}","templated":true}]}}