{"id":9227,"date":"2018-07-21T11:15:52","date_gmt":"2018-07-21T11:15:52","guid":{"rendered":"http:\/\/lagh-univ.dz\/technologie-departement-genie-mecanique\/"},"modified":"2020-02-12T10:06:49","modified_gmt":"2020-02-12T12:06:49","slug":"technologie-departement-genie-mecanique","status":"publish","type":"page","link":"http:\/\/lagh-univ.dz\/fr\/technologie-departement-genie-mecanique\/","title":{"rendered":"Technologie-Departement- g\u00e9nie m\u00e9canique"},"content":{"rendered":"<p dir=\"ltr\"><span style=\"color: #008000\"><strong><span style=\"font-size: 18pt;font-family: 'Book Antiqua', 'serif'\"><img fetchpriority=\"high\" decoding=\"async\" class=\" wp-image-25754 alignleft\" src=\"http:\/\/lagh-univ.dz\/wp-content\/uploads\/2020\/02\/index.jpg\" alt=\"\" width=\"340\" height=\"226\" \/><\/span><\/strong><\/span><\/p>\n<p dir=\"ltr\">\n<p dir=\"ltr\">\n<p dir=\"ltr\" style=\"text-align: center\"><span style=\"color: #008000;font-size: 24pt\"><strong><span style=\"font-family: 'Book Antiqua', 'serif'\">Le d\u00e9partement de G\u00e9nie M\u00e9canique<\/span><\/strong><\/span><\/p>\n<p dir=\"ltr\">\n<p dir=\"ltr\">\n<hr \/>\n<p dir=\"ltr\" style=\"text-align: left\"><span style=\"font-size: 14.0pt;font-family: 'Book Antiqua','serif'\"><span style=\"color: #000000\">\u00a0<\/span><\/span><\/p>\n<p dir=\"ltr\" style=\"text-align: left\"><span style=\"font-size: 14.0pt;font-family: 'Book Antiqua','serif'\"><span style=\"color: #000000\">\u00a0<\/span><\/span><\/p>\n<p dir=\"ltr\">\n<p dir=\"ltr\" style=\"text-align: left\"><span style=\"font-size: 14.0pt;font-family: 'Book Antiqua','serif'\"><span style=\"color: #000000\">\u00a0 Le d\u00e9partement de G\u00e9nie M\u00e9canique a \u00e9t\u00e9 cr\u00e9\u00e9 en 1986 avec la\u00a0 c<\/span><\/span><span style=\"color: #000000\"><span style=\"font-size: 14.0pt;font-family: 'Book Antiqua','serif'\">r\u00e9ation de <\/span><span style=\"font-size: 14.0pt;font-family: 'Book Antiqua','serif'\">l\u2019E.N.S.E.T.<span style=\"color: #ff00ff\">(<span style=\"color: #000000\"> Ecole National Sup\u00e9rieur de l\u2019Enseignement Technique)<\/span><\/span> ayant pour but la formation des professeurs <\/span><span style=\"font-size: 14.0pt;font-family: 'Book Antiqua','serif'\">de l\u2019enseignement technique pour la r\u00e9gion centre du pays, mais avec l\u2019augmentation du nombre des \u00e9tudiants et la prise en charge de l\u2019universit\u00e9 alg\u00e9rienne la formation des \u00e9tudiants du cycle court, une option a \u00e9t\u00e9 ouverte<span style=\"color: #000000\"> ( dessin industriel et bureau d\u2019etudes\u00a0 ) <\/span>pour former des D.E.U.A.Encore une fois le d\u00e9partement soucieux de la formation continue des cadres techniques dont la r\u00e9gion a besoin\u00a0 <span style=\"color: #ff00ff\">(Zones industrielles de Laghouat, Hassi Rmel, Gharda\u00efa Ouargla, etc\u2026..)<\/span>. Quatre options en ing\u00e9niorat ont \u00e9t\u00e9 ouvertes \u00a0 \u00a0\u00a0<span style=\"color: #ff00ff\"> ( Energ\u00e9tique, Sciences des Mat\u00e9riaux, Construction M\u00e9canique et La Fabrication M\u00e9canique).<\/span><\/span><\/span><\/p>\n<p dir=\"ltr\" style=\"text-align: left\"><span style=\"font-size: 14.0pt;font-family: 'Book Antiqua','serif'\">\u00a0 \u00a0<span style=\"color: #000000\"> \u00a0 \u00a0Le d\u00e9partement suit l&rsquo;\u00e9volution ainsi que les reformes qui s\u2019en suivent et il \u00e9tait le pionnier au niveau national pour adopter le nouveau syst\u00e8me dit L.M.D <span style=\"color: #ff00ff\">( Licence Master, Doctorat)<\/span> avec l\u2019\u00e9laboration par ses \u00e9quipes P\u00e9dagogiques de Formation de nouveaux\u00a0 programmes pour les dipl\u00f4mes de LICENCE ainsi que pour le dipl\u00f4me de MASTER et ceci pour les trois options\u00a0 de LICENCE <span style=\"color: #ff00ff\">( \u00c9nerg\u00e9tique, Construction M\u00e9canique, G\u00e9nie des Mat\u00e9riaux) <\/span>aussi pour les MASTERS<\/span> <span style=\"color: #ff00ff\">(\u00c9nerg\u00e9tique, Construction M\u00e9canique, G\u00e9nie des Mat\u00e9riaux, Fabrication M\u00e9canique &amp; productique et La Maintenance Industrielle)<\/span><\/span><\/p>\n","protected":false},"excerpt":{"rendered":"<p>Le d\u00e9partement de G\u00e9nie M\u00e9canique \u00a0 \u00a0 \u00a0 Le d\u00e9partement de G\u00e9nie M\u00e9canique a \u00e9t\u00e9 cr\u00e9\u00e9 en 1986 avec la\u00a0 cr\u00e9ation de l\u2019E.N.S.E.T.( Ecole National Sup\u00e9rieur de l\u2019Enseignement Technique) ayant pour but la formation des professeurs de l\u2019enseignement technique pour la r\u00e9gion centre du pays, mais avec l\u2019augmentation du nombre des \u00e9tudiants et la prise [&hellip;]<\/p>\n","protected":false},"author":13,"featured_media":0,"parent":0,"menu_order":0,"comment_status":"closed","ping_status":"closed","template":"elementor_header_footer","meta":{"_exactmetrics_skip_tracking":false,"_exactmetrics_sitenote_active":false,"_exactmetrics_sitenote_note":"","_exactmetrics_sitenote_category":0,"footnotes":""},"coauthors":[533],"class_list":["post-9227","page","type-page","status-publish","hentry"],"_links":{"self":[{"href":"http:\/\/lagh-univ.dz\/fr\/wp-json\/wp\/v2\/pages\/9227","targetHints":{"allow":["GET"]}}],"collection":[{"href":"http:\/\/lagh-univ.dz\/fr\/wp-json\/wp\/v2\/pages"}],"about":[{"href":"http:\/\/lagh-univ.dz\/fr\/wp-json\/wp\/v2\/types\/page"}],"author":[{"embeddable":true,"href":"http:\/\/lagh-univ.dz\/fr\/wp-json\/wp\/v2\/users\/13"}],"replies":[{"embeddable":true,"href":"http:\/\/lagh-univ.dz\/fr\/wp-json\/wp\/v2\/comments?post=9227"}],"version-history":[{"count":25,"href":"http:\/\/lagh-univ.dz\/fr\/wp-json\/wp\/v2\/pages\/9227\/revisions"}],"predecessor-version":[{"id":20218,"href":"http:\/\/lagh-univ.dz\/fr\/wp-json\/wp\/v2\/pages\/9227\/revisions\/20218"}],"wp:attachment":[{"href":"http:\/\/lagh-univ.dz\/fr\/wp-json\/wp\/v2\/media?parent=9227"}],"wp:term":[{"taxonomy":"author","embeddable":true,"href":"http:\/\/lagh-univ.dz\/fr\/wp-json\/wp\/v2\/coauthors?post=9227"}],"curies":[{"name":"wp","href":"https:\/\/api.w.org\/{rel}","templated":true}]}}